{"id":47,"date":"2023-02-09T03:40:31","date_gmt":"2023-02-09T03:40:31","guid":{"rendered":"https:\/\/thailandesim.com\/?page_id=47"},"modified":"2024-09-19T03:57:35","modified_gmt":"2024-09-19T03:57:35","slug":"liste-compatible-esim","status":"publish","type":"page","link":"https:\/\/thailandesim.com\/fr\/liste-compatible-esim\/","title":{"rendered":"Liste des Appareils Compatibles avec Tha\u00eflande eSIM"},"content":{"rendered":"\n<p>La technologie eSIM a r\u00e9volutionn\u00e9 la fa\u00e7on dont nous utilisons nos appareils mobiles. Avec une eSIM, vous n&#8217;avez plus besoin d&#8217;une carte SIM physique pour activer votre service cellulaire. Au lieu de cela, la carte SIM est int\u00e9gr\u00e9e directement dans votre appareil, ce qui rend la gestion de vos services mobiles plus pratique et plus flexible. Dans cette liste, nous explorons certains des appareils compatibles eSIM les plus populaires du march\u00e9, notamment les smartphones, les tablettes et les montres intelligentes. Que vous soyez un voyageur fr\u00e9quent ou que vous recherchiez simplement un moyen plus simple de g\u00e9rer vos appareils mobiles en Tha\u00eflande, les appareils compatibles eSIM en Tha\u00eflande peuvent offrir de nombreux avantages. <\/p>\n\n\n\n<figure class=\"wp-block-image size-large\"><img decoding=\"async\" width=\"1024\" height=\"683\" src=\"https:\/\/thailandesim.com\/fr\/wp-content\/uploads\/2024\/03\/Listes-des-Appareils-compatibles-eSIM-1024x683.jpg\" alt=\"Listes des Appareils compatibles eSIM\" class=\"wp-image-15693\" srcset=\"https:\/\/thailandesim.com\/fr\/wp-content\/uploads\/2024\/03\/Listes-des-Appareils-compatibles-eSIM-1024x683.jpg 1024w, https:\/\/thailandesim.com\/fr\/wp-content\/uploads\/2024\/03\/Listes-des-Appareils-compatibles-eSIM-300x200.jpg 300w, https:\/\/thailandesim.com\/fr\/wp-content\/uploads\/2024\/03\/Listes-des-Appareils-compatibles-eSIM-768x512.jpg 768w, https:\/\/thailandesim.com\/fr\/wp-content\/uploads\/2024\/03\/Listes-des-Appareils-compatibles-eSIM-510x340.jpg 510w, https:\/\/thailandesim.com\/fr\/wp-content\/uploads\/2024\/03\/Listes-des-Appareils-compatibles-eSIM.jpg 1200w\" sizes=\"(max-width: 1024px) 100vw, 1024px\" \/><figcaption class=\"wp-element-caption\"> Appareils compatibles eSIM <\/figcaption><\/figure>\n\n\n\n<div class=\"wp-block-rank-math-toc-block\" id=\"rank-math-toc\"><h2>Table des Mati\u00e8res<\/h2><nav><div><div><a href=\"#1-liste-des-appareils-compatibles-avec-thailande-e-sim\">1. Liste des Appareils Compatibles avec Tha\u00eflande eSIM<\/a><\/div><div><a href=\"#2-comment-verifier-la-compatibilite-e-sim-et-le-statut-verrouille-par-l-operateur-sur-votre-appareil\">2. Comment V\u00e9rifier la Compatibilit\u00e9 eSIM et le Statut Verrouill\u00e9 par l&#8217;Op\u00e9rateur sur Votre Appareil<\/a><\/div><div><a href=\"#3-foire-aux-questions\">3. Foire aux Questions<\/a><\/div><\/div><\/nav><\/div>\n\n\n\n<h2 class=\"wp-block-heading\" id=\"1-liste-des-appareils-compatibles-avec-thailande-e-sim\">1. Liste des Appareils Compatibles avec Tha\u00eflande eSIM<\/h2>\n\n\n\n<p>Le nombre d&#8217; <strong>appareils compatibles eSIM<\/strong> ne cesse de cro\u00eetre. 80 mod\u00e8les de t\u00e9l\u00e9phones mobiles, portables, tablettes et ordinateurs portables sont actuellement disponibles.<\/p>\n\n\n\n<p>D\u00e9couvrez maintenant quelques appareils compatibles avec Tha\u00eflande eSIM.<\/p>\n\n\n\n<h3 class=\"wp-block-heading\" id=\"1-1-telephones-compatibles-e-sim\">1.1. T\u00e9l\u00e9phones compatibles eSIM<\/h3>\n\n\n\n<p>Nous avons les t\u00e9l\u00e9phones suivants avec Tha\u00eflande eSIM et de nombreux autres pays dans le monde:<\/p>\n\n\n\n<h4 class=\"wp-block-heading\" id=\"1-1-1-apple-e-sim-phones\">1.1.1. T\u00e9l\u00e9phones Apple eSIM:<\/h4>\n\n\n\n<div class=\"lazyblock-ggg-guide-esim-iphone-ZEwPro wp-block-lazyblock-ggg-guide-esim-iphone\"><ul><li>iPhone 17, iPhone Air, iPhone 17 Pro, iPhone 17 Pro Max<\/li><li>iPhone 16, iPhone 16e, iPhone 16 Plus, iPhone 16 Pro, iPhone 16 Pro Max*<\/li><li>iPhone 15, iPhone 15 Plus, iPhone 15 Pro, iPhone 15 Pro Max*<\/li><li>iPhone 14, iPhone 14 Plus, iPhone 14 Pro, iPhone 14 Pro Max*<\/li><li>iPhone 13, iPhone 13 Pro, iPhone 13 Pro Max, iPhone 13 Mini*<\/li><li>iPhone 12, iPhone 12 Mini, iPhone 12 Pro, iPhone 12 Pro Max*<\/li><li>iPhone 11, iPhone 11 Pro, iPhone 11 Pro Max<\/li><li>iPhone XS, iPhone XS Max, iPhone XR<\/li><li>iPhone SE (2020), iPhone SE (2022)<\/li><\/ul><\/div>\n\n\n\n<div class=\"wp-block-group gigago-block-background\"><div class=\"wp-block-group__inner-container is-layout-constrained wp-block-group-is-layout-constrained\">\n<p><i class=\"icon frame-33\" aria-hidden=\"true\"> <\/i><em>Remarques:<\/em><\/p>\n\n\n\n<ul>\n<li> <em>Les iPhones de Chine continentale NE prennent PAS en charge l&#8217;eSIM.<\/em><\/li>\n\n\n\n<li> <em>Les iPhones de Hong Kong et de Macao (\u00e0 l&#8217;exception de l&#8217;iPhone 13 mini, de l&#8217;iPhone 12 mini, de l&#8217;iPhone SE 2020 et de l&#8217;iPhone XS) NE prennent PAS en charge l&#8217;eSIM.<\/em><\/li>\n<\/ul>\n\n\n\n<p>En savoir plus sur <a href=\"https:\/\/support.apple.com\/en-us\/HT212780\" target=\"_blank\" rel=\"noopener\">l&#8217;eSIM sur iPhone<\/a>. <\/p>\n<\/div><\/div>\n\n\n\n<h4 class=\"wp-block-heading\" id=\"1-1-2-samsung-e-sim-phones\"> 1.1.2. T\u00e9l\u00e9phones Samsung eSIM:<\/h4>\n\n\n\n<div class=\"lazyblock-ggg-guide-esim-samsung-Mfi4H wp-block-lazyblock-ggg-guide-esim-samsung\"><ul><li>Samsung Galaxy S26 Ultra<\/li><li>Samsung Galaxy S26+<\/li><li>Samsung Galaxy S26<\/li><li>Samsung Galaxy S25 Ultra<\/li><li>Samsung Galaxy S25+<\/li><li>Samsung Galaxy S25<\/li><li>Samsung Galaxy S24 Ultra<\/li><li>Samsung Galaxy S24+<\/li><li>Samsung Galaxy S24<\/li><li>Samsung Galaxy S23 Ultra<\/li><li>Samsung Galaxy S23+<\/li><li>Samsung Galaxy S23*<\/li><li>Samsung Galaxy S22 Ultra 5G<\/li><li>Samsung Galaxy S22+ 5G<\/li><li>Samsung Galaxy S22 5G<\/li><li>Samsung Galaxy S21 Ultra 5G<\/li><li>Samsung Galaxy S21 5G<\/li><li>Samsung Galaxy S21+ 5G<\/li><li>Samsung Galaxy S20<\/li><li>Samsung Galaxy S20+<\/li><li>Samsung Galaxy Note 20+<\/li><li>Samsung Galaxy Note 20<\/li><li>Samsung Galaxy Note 20 Ultra<\/li><li style=\"font-weight: 400;\"><span style=\"font-weight: 400;\">Samsung Galaxy Z Flip<\/span><\/li><li style=\"font-weight: 400;\"><span style=\"font-weight: 400;\">Samsung Galaxy Z Flip3 5G<\/span><\/li><li style=\"font-weight: 400;\"><span style=\"font-weight: 400;\">Samsung Galaxy Z Flip4<\/span><span style=\"font-weight: 400; color: #ed1c24;\">*<\/span><\/li><li><span style=\"font-weight: 400;\">Samsung Galaxy Z Flip5<\/span><\/li><li><span style=\"font-weight: 400;\">Samsung Galaxy Z Flip6<\/span><\/li><li><span style=\"font-weight: 400;\">Samsung Galaxy Z Flip7<\/span><\/li><li><span style=\"font-weight: 400;\">Samsung Galaxy Z Flip7 FE<\/span><\/li><li style=\"font-weight: 400;\"><span style=\"font-weight: 400;\">Samsung Galaxy Z Fold<\/span><\/li><li style=\"font-weight: 400;\"><span style=\"font-weight: 400;\">Samsung Galaxy Z Fold2<\/span><\/li><li style=\"font-weight: 400;\"><span style=\"font-weight: 400;\">Samsung Galaxy Z Fold3<\/span><\/li><li style=\"font-weight: 400;\"><span style=\"font-weight: 400;\">Samsung Galaxy Z Fold4<\/span><span style=\"font-weight: 400; color: #ed1c24;\">*<\/span><\/li><li><span style=\"font-weight: 400;\">Samsung Galaxy Z Fold5<\/span><\/li><li><span style=\"font-weight: 400;\">Samsung Galaxy Z Fold6<\/span><\/li><li><span style=\"font-weight: 400;\">Samsung Galaxy Z Fold7<\/span><\/li><\/ul><\/div>\n\n\n\n<div class=\"wp-block-group gigago-block-background\"><div class=\"wp-block-group__inner-container is-layout-constrained wp-block-group-is-layout-constrained\">\n<p><i class=\"icon frame-33\" aria-hidden=\"true\"> <\/i><em>Remarques:<\/em><\/p>\n\n\n\n<ul>\n<li> <em>Les t\u00e9l\u00e9phones Samsung suivants NE prennent PAS en charge l&#8217;eSIM: Samsung S20\/S21 FE Series ; Le Samsung Note 20 Ultra et le Samsung Galaxy Z Fold 2 sont originaires de Hong Kong ; Appareils Samsung originaires des \u00c9tats-Unis et du Canada.<\/em><\/li>\n\n\n\n<li> <em>Pour la s\u00e9rie Samsung S21 (avec l&#8217;exemption des mod\u00e8les FE) pour le Canada et les \u00c9tats-Unis, si vous disposez d\u00e9j\u00e0 de One UI 4, cette mise \u00e0 jour peut ajouter la fonctionnalit\u00e9 eSIM \u00e0 votre appareil.<\/em> <\/li>\n<\/ul>\n<\/div><\/div>\n\n\n\n<h4 class=\"wp-block-heading\" id=\"1-1-3-google-pixel-e-sim-phones\"> 1.1.3. T\u00e9l\u00e9phones eSIM Google Pixel:<\/h4>\n\n\n\n<div class=\"lazyblock-ggg-guide-esim-google-pixel-QtmXq wp-block-lazyblock-ggg-guide-esim-google-pixel\"><ul><li>Google Pixel 10, Pixel 10 Pro Fold, Pixel 10 Pro, Pixel 10 Pro XL, Pixel 10a<\/li><li>Google Pixel 9 Pro Fold<\/li><li>Google Pixel 9, Pixel 9 Pro, Pixel 9 Pro XL<\/li><li>Google Pixel Fold<\/li><li>Google Pixel 8, 8 Pro<\/li><li>Google Pixel 7, 7 Pro<\/li><li>Google Pixel 6, 6a, 6 Pro<\/li><li>Google Pixel 5<\/li><li>Google Pixel 4, 4a, 4 XL<\/li><li>Google Pixel 3, 3 XL<\/li><li>Google Pixel 3, 3a XL<\/li><\/ul><\/div>\n\n\n\n<div class=\"wp-block-group gigago-block-background\"><div class=\"wp-block-group__inner-container is-layout-constrained wp-block-group-is-layout-constrained\">\n<p><i class=\"icon frame-33\" aria-hidden=\"true\"> <\/i><em>Remarques:<\/em><\/p>\n\n\n\n<p> <em>Les t\u00e9l\u00e9phones Pixel suivants NE prennent PAS en charge l&#8217;eSIM:<\/em><\/p>\n\n\n\n<ul>\n<li><em>T\u00e9l\u00e9phones Pixel 3 Fabriqu\u00e9s en Australie, \u00e0 Ta\u00efwan et au Japon;<\/em><\/li>\n\n\n\n<li><em>T\u00e9l\u00e9phones Pixel 3 achet\u00e9s avec le service aupr\u00e8s d&#8217;op\u00e9rateurs am\u00e9ricains ou canadiens autres que Sprint et Google Fi ;<\/em><\/li>\n\n\n\n<li><em>T\u00e9l\u00e9phones Pixel 3a achet\u00e9s en Asie du Sud-Est et avec le service Verizon.<\/em><\/li>\n\n\n\n<li><em>Pixel 3 d&#8217;Australie, de Ta\u00efwan et du Japon.<\/em> <\/li>\n<\/ul>\n<\/div><\/div>\n\n\n\n<h4 class=\"wp-block-heading\" id=\"1-1-4-other-phones-with-e-sim\"> 1.1.4. Autres t\u00e9l\u00e9phones avec eSIM<\/h4>\n\n\n\n<p>Outre les appareils populaires comme dans les listes ci-dessus, de nombreux autres t\u00e9l\u00e9phones d&#8217;autres fabricants prennent en charge l&#8217;eSIM Tha\u00eflande.<\/p>\n\n\n\n<div class=\"lazyblock-ggg-guide-esim-other-1BDuoT wp-block-lazyblock-ggg-guide-esim-other\"><p><strong>Xiaomi:<\/strong><\/p><ul><li>Xiaomi 15<\/li><li>Xiaomi 15 Ultra<\/li><li>Xiaomi 14 T\/14 T Pro<\/li><\/ul><p><strong>OPPO:<\/strong><\/p><ul><li>Find X8\/X8 Pro<\/li><li>Find N3\/N3 Flip<\/li><\/ul><p><strong>Huawei:<\/strong><\/p><ul><li>Pura 70 Pro<\/li><li>Mate 40 Pro<\/li><li>P40\/P40 Pro<\/li><li>P50 Pro<\/li><\/ul><p>Sony:<\/p><ul><li>Xperia 1 VI<\/li><li>Xperia 5 V<\/li><li>Xperia 10 VI<\/li><\/ul><p><strong>Motorola:<\/strong><\/p><ul><li>Razr 40\/40 Ultra\/2024<\/li><li>Edge 50\/60 series<\/li><li>Moto G54\/84\/35<\/li><\/ul><p><strong>Others:<\/strong><\/p><ul><li>Nothing Phone 3\/3a Pro<\/li><li>OnePlus 11-13 T<\/li><li>Sharp Aquos R8\/R8 Pro<\/li><li>Honor Magic V3\/200 Pro<\/li><li>Vivo X200 Pro\u2026<\/li><\/ul><\/div>\n\n\n\n<p class=\"gigago-block-background\"><em>Remarques: R\u00e9gions qui ne prennent pas en charge les doubles cartes SIM sur les t\u00e9l\u00e9phones Oppo: Australie (Telstra et Optus) et Japon (KDDI).<\/em><\/p>\n\n\n\n<h3 class=\"wp-block-heading\" id=\"1-2-montres-intelligentes-compatibles-e-sim\">1.2. Montres intelligentes compatibles eSIM<\/h3>\n\n\n\n<div class=\"lazyblock-ggg-guide-esim-other-1BDuoT wp-block-lazyblock-ggg-guide-esim-other\"><h4>1.2.1. Apple Watches:<\/h4><ul><li>Apple Watch S3, S4, S5, S6<\/li><li>Apple Watch Nike, Apple Watch Nike+<\/li><li>Apple Watch Hermes<\/li><li>Apple Watch Edition<\/li><\/ul><h4>1.2.2. Samsung Smartwatches:<\/h4><ul><li>Samsung Gear S2 Classic 3G<\/li><li>Samsung Gear S3 Frontier LTE<\/li><li>Samsung Galaxy Watch LTE<\/li><\/ul><\/div>\n\n\n\n<h3 class=\"wp-block-heading\" id=\"1-3-ordinateurs-portables-compatibles-e-sim\"> 1.3. Ordinateurs portables compatibles eSIM<\/h3>\n\n\n\n<p>Actuellement, seuls les ordinateurs portables Window eSIM sont disponibles, Apple n&#8217;a pas encore sorti de MacBook avec eSIM.<\/p>\n\n\n\n<p>D\u00e9couvrez la liste des ordinateurs portables dot\u00e9s d&#8217;une capacit\u00e9 eSIM.<\/p>\n\n\n\n<div class=\"lazyblock-ggg-guide-esim-other-1BDuoT wp-block-lazyblock-ggg-guide-esim-other\"><h4 id=\"1-3-1-acer-e-sim-laptops\">1.3.1. Acer eSIM Laptops<\/h4><ul><li>Acer Swift 3<\/li><li>Acer Swift 7<\/li><li>Acer Travel<\/li><li>Mate P2<\/li><li>Mate Spin P4<\/li><li>Mate P6<\/li><\/ul><h4 id=\"1-3-2-asus-e-sim-laptops\">1.3.2. ASUS eSIM Laptops<\/h4><ul><li>ASUS Mini Transformer T103HAF<\/li><li>ASUS NovaGo TP370QL<\/li><li>ASUS VivoBook Flip 14 TP401NA<\/li><\/ul><h4 id=\"1-3-3-dell-e-sim-laptops\">1.3.3. Dell eSIM Laptops<\/h4><ul><li>Dell Latitude 7210 2-in-1<\/li><li>Dell Latitude 9410<\/li><li>Dell Latitude 7310<\/li><li>Dell Latitude 7410<\/li><li>Dell Latitude 9510<\/li><li>Dell Latitude 5410<\/li><li>Dell Latitude 5411<\/li><li>Dell Latitude 5511<\/li><\/ul><h4 id=\"1-3-4-hp-e-sim-laptops\">1.3.4. HP eSIM Laptops<\/h4><ul><li>HP Elitebook G5<\/li><li>HP Probook G5<\/li><li>HP Zbook G5<\/li><li>HP Spectre Folio 13<\/li><\/ul><h4 id=\"1-3-5-lenovo-e-sim-laptops\">1.3.5. Lenovo eSIM Laptops<\/h4><ul><li>ThinkPad X1 Titanium Yoga 2 in 1<\/li><li>ThinkPad X1 Carbon Gen 9<\/li><li>ThinkPad X1 Fold<\/li><li>ThinkPad X1 Nano<\/li><li>ThinkPad X12 Detachable<\/li><li>Lenovo Flex 5G<\/li><li>Lenovo Yoga C630<\/li><li>Lenovo Miix 630<\/li><li>Lenovo Yoga 520<\/li><li>Lenovo Yoga 720 (2-in-1 models)<\/li><\/ul><\/div>\n\n\n\n<h3 class=\"wp-block-heading\" id=\"1-4-tablettes-compatibles-e-sim\"> 1.4. Tablettes compatibles eSIM<\/h3>\n\n\n\n<p>Les tablettes suivantes prennent en charge une eSIM:<\/p>\n\n\n\n<div class=\"lazyblock-ggg-guide-esim-other-1BDuoT wp-block-lazyblock-ggg-guide-esim-other\"><h4>1.4.1. Apple tablets:<\/h4><ul><li>iPad (7th gen > 11th gen 2025)<\/li><li>iPad Air 3 > Air 13 M3<\/li><li>iPad Pro 11-inch & 13-inch (M4) eSIM-only <\/li><li>iPad mini 5\/6<\/li><\/ul><h4>1.4.2. Samsung tablets:<\/h4><ul><li>Samsung Galaxy Tab S9<\/li><li>Samsung Galaxy Tab S9+<\/li><li>Samsung Galaxy Tab S9 Ultra<\/li><li>Samsung Galaxy Tab S9 FE<\/li><li>Samsung Galaxy Tab S9 FE+<\/li><\/ul><h4>1.4.3. Other tablets:<\/h4><ul><li>Microsoft Surface Pro (5th and 7th Gen onwards)<\/li><li>Microsoft Surface Pro X (5th Gen onwards)<\/li><\/ul><\/div>\n\n\n\n<p><em>Il existe \u00e9galement d&#8217;autres appareils prenant en charge l&#8217;eSIM, tels que les ordinateurs portables et certains autres mod\u00e8les de t\u00e9l\u00e9phones.<\/em> <\/p>\n\n\n\n<h2 class=\"wp-block-heading\" id=\"2-comment-verifier-la-compatibilite-e-sim-et-le-statut-verrouille-par-l-operateur-sur-votre-appareil\">2. Comment V\u00e9rifier la Compatibilit\u00e9 eSIM et le Statut Verrouill\u00e9 par l&#8217;Op\u00e9rateur sur Votre Appareil<\/h2>\n\n\n\n<p>Il est simple de d\u00e9terminer si votre t\u00e9l\u00e9phone est verrouill\u00e9 par l&#8217;op\u00e9rateur et s&#8217;il prend en charge l&#8217;eSIM, car toutes ces informations sont affich\u00e9es dans les param\u00e8tres de votre t\u00e9l\u00e9phone. Alors que la section Restriction SIM\/R\u00e9seau de votre t\u00e9l\u00e9phone indique l&#8217;\u00e9tat de d\u00e9verrouillage de votre t\u00e9l\u00e9phone, l&#8217;IMEI (International Mobile Equipment Identity) de votre t\u00e9l\u00e9phone indique la compatibilit\u00e9 eSIM de votre t\u00e9l\u00e9phone.<\/p>\n\n\n\n<p>Dans la section suivante, nous vous expliquerons comment v\u00e9rifier les capacit\u00e9s eSIM et l&#8217;\u00e9tat de d\u00e9verrouillage de vos t\u00e9l\u00e9phones iOS et Android.<\/p>\n\n\n\n<h3 class=\"wp-block-heading\" id=\"2-1-sur-les-appareils-i-os\">2.1. Sur les appareils iOS<\/h3>\n\n\n\n<p>Sur un appareil iOS, vous pouvez suivre ces \u00e9tapes ci-dessous pour v\u00e9rifier:<\/p>\n\n\n\n<p><strong>V\u00e9rifiez le verrouillage du support:<\/strong><\/p>\n\n\n\n<ul>\n<li>Acc\u00e9dez \u00e0 <strong>Param\u00e8tres<\/strong>&gt; <strong>G\u00e9n\u00e9ral<\/strong>&gt; <strong>\u00c0 propos<\/strong>.<\/li>\n\n\n\n<li>Faites d\u00e9filer vers le bas pour v\u00e9rifier la section <strong>&#8220;Verrouillage de l&#8217;op\u00e9rateur&#8221;<\/strong>.<\/li>\n\n\n\n<li>La mention &#8220;<strong>AUCUNE restriction SIM<\/strong>&#8221; devrait appara\u00eetre, ce qui signifie que l&#8217;appareil est d\u00e9verrouill\u00e9.<\/li>\n<\/ul>\n\n\n\n<p><strong>V\u00e9rifiez la compatibilit\u00e9 eSIM:<\/strong><\/p>\n\n\n\n<ul>\n<li>Acc\u00e9dez \u00e0 <strong>Param\u00e8tres<\/strong>&gt; <strong>G\u00e9n\u00e9ral<\/strong>&gt; <strong>\u00c0 propos<\/strong>.<\/li>\n\n\n\n<li>Faites d\u00e9filer vers le bas jusqu&#8217;\u00e0 <strong>SIM DISPONIBLE<\/strong>. Vous devriez trouver un IMEI sous SIM DISPONIBLE, ce qui signifie que l&#8217;appareil est compatible eSIM.<\/li>\n<\/ul>\n\n\n\n<p>Vous pouvez \u00e9galement aller dans <strong>Param\u00e8tres &gt; Cellulaire<\/strong> et v\u00e9rifier si vous avez le bouton &#8220;<strong>Ajouter eSIM<\/strong>&#8221; ou &#8220;<strong>Ajouter donn\u00e9es mobiles<\/strong>&#8221; ou non. Si vous avez ce bouton, votre appareil est compatible eSIM.<\/p>\n\n\n\n<figure class=\"wp-block-image size-large\"><img decoding=\"async\" src=\"https:\/\/thailandesim.com\/fr\/wp-content\/uploads\/2024\/02\/20240215103442-65cde8c252f5d-1.jpg\" alt=\"V\u00e9rifier la compatibilit\u00e9 eSIM sur iOS\" class=\"wp-image-603\" \/><figcaption class=\"wp-element-caption\"> V\u00e9rifier la compatibilit\u00e9 eSIM sur iOS<\/figcaption><\/figure>\n\n\n\n<p>Supposons que vous ayez plusieurs cartes SIM sur votre appareil. Dans ce cas, vous devrez peut-\u00eatre d\u00e9sactiver ou supprimer temporairement l&#8217;un d&#8217;entre eux avant de tenter de t\u00e9l\u00e9charger l&#8217;eSIM, en fonction des capacit\u00e9s de votre appareil.<\/p>\n\n\n\n<h3 class=\"wp-block-heading\" id=\"2-2-sur-les-appareils-android\"> 2.2. Sur les appareils Android<\/h3>\n\n\n\n<p>Pour confirmer que votre appareil Android est d\u00e9bloqu\u00e9 par l&#8217;op\u00e9rateur et prend en charge l&#8217;eSIM, vous devrez d&#8217;abord v\u00e9rifier son \u00e9tat de d\u00e9verrouillage, puis trouver le num\u00e9ro &#8220;eSIM IMEI&#8221;. Suivez ces \u00e9tapes ci-dessous:<\/p>\n\n\n\n<h4 class=\"wp-block-heading\" id=\"2-2-1-for-samsung-devices\"> 2.2.1. Pour les appareils Samsung:<\/h4>\n\n\n\n<p> <strong>V\u00e9rifiez son \u00e9tat de d\u00e9verrouillage en:<\/strong><\/p>\n\n\n\n<ul>\n<li>Acc\u00e9dez \u00e0 <strong>Param\u00e8tres<\/strong> &gt; <strong>Connexions<\/strong> \/ <strong>R\u00e9seau et Internet<\/strong> (autres variantes selon la marque et le mod\u00e8le).<\/li>\n\n\n\n<li>S\u00e9lectionnez <strong>R\u00e9seau mobile<\/strong> \/ <strong>R\u00e9seau cellulaire<\/strong> (autres variantes selon la marque et le mod\u00e8le).<\/li>\n\n\n\n<li>Appuyez sur Avanc\u00e9 (si n\u00e9cessaire) et s\u00e9lectionnez <strong>Choisir le r\u00e9seau<\/strong> \/ <strong>S\u00e9lectionner automatiquement le r\u00e9seau<\/strong> (ou d&#8217;autres variantes pour ouvrir la liste des op\u00e9rateurs).<\/li>\n\n\n\n<li>Si plusieurs op\u00e9rateurs apparaissent, il est probable que votre t\u00e9l\u00e9phone soit d\u00e9bloqu\u00e9 et ait besoin de la carte SIM appropri\u00e9e. Pour plus de confirmation, passez \u00e0 l&#8217;\u00e9tape ci-dessous.<\/li>\n\n\n\n<li>Retirez l&#8217;ancienne carte SIM de votre t\u00e9l\u00e9phone et ins\u00e9rez la nouvelle activ\u00e9e aupr\u00e8s de l&#8217;autre op\u00e9rateur. Essayez d&#8217;utiliser les donn\u00e9es mobiles pour naviguer sur Internet, mais assurez-vous que le Wi-Fi est d\u00e9sactiv\u00e9.<\/li>\n<\/ul>\n\n\n\n<p> &gt;&gt; Si vous avez navigu\u00e9 avec succ\u00e8s sur Internet, votre t\u00e9l\u00e9phone est d\u00e9bloqu\u00e9.<\/p>\n\n\n\n<p> <strong>V\u00e9rifiez la compatibilit\u00e9 eSIM de votre t\u00e9l\u00e9phone en:<\/strong><\/p>\n\n\n\n<ul>\n<li> Aller aux <strong>Param\u00e8tres<\/strong>.<\/li>\n\n\n\n<li> Si dans <strong>Param\u00e8tres<\/strong> vous voyez une barre de recherche, tapez &#8220;<strong>IMEI<\/strong>&#8221; et l&#8217;option &#8220;<strong>Informations IMEI<\/strong>&#8221; (ou similaire) devraient appara\u00eetre (sinon, vous devrez acc\u00e9der \u00e0 <strong>\u00c0 propos du t\u00e9l\u00e9phone<\/strong> &gt; <strong>Statut<\/strong> ).<\/li>\n\n\n\n<li> Appuyez sur &#8220;<strong>Informations IMEI<\/strong>&#8220;<\/li>\n\n\n\n<li> Si le &#8220;<strong>IMEI (eSIM)<\/strong>&#8221; est disponible, cela devrait signifier que votre appareil prend en charge l&#8217;eSIM. <\/li>\n<\/ul>\n\n\n\n<figure class=\"wp-block-image size-large\"><img decoding=\"async\" src=\"https:\/\/thailandesim.com\/fr\/wp-content\/uploads\/2024\/02\/20240215103442-65cde8c28cff1-1.jpg\" alt=\"V\u00e9rifier la compatibilit\u00e9 eSIM sur Android\" class=\"wp-image-606\" \/><figcaption class=\"wp-element-caption\"> V\u00e9rifier la compatibilit\u00e9 eSIM sur Android <\/figcaption><\/figure>\n\n\n\n<h4 class=\"wp-block-heading\" id=\"2-2-2-other-android-devices\"> 2.2.2. Autres appareils Android:<\/h4>\n\n\n\n<ul>\n<li> V\u00e9rifiez l&#8217;\u00e9tat de d\u00e9verrouillage de la m\u00eame mani\u00e8re que vous le faites avec les t\u00e9l\u00e9phones Samsung.<\/li>\n\n\n\n<li> Ensuite, composez le <strong>*#06#<\/strong> pour v\u00e9rifier la capacit\u00e9 de l&#8217;eSIM.<\/li>\n\n\n\n<li> Si votre appareil est compatible eSIM, vous devriez pouvoir voir le num\u00e9ro d&#8217;identification unique (EID) eSIM de votre appareil. <\/li>\n<\/ul>\n\n\n\n<figure class=\"wp-block-image size-large\"><img decoding=\"async\" src=\"https:\/\/thailandesim.com\/fr\/wp-content\/uploads\/2024\/02\/20240215103442-65cde8c2c9fe0-1.jpg\" alt=\"V\u00e9rifiez la compatibilit\u00e9 eSIM sur d'autres appareils Android\" class=\"wp-image-604\" \/><figcaption class=\"wp-element-caption\"> V\u00e9rifiez la compatibilit\u00e9 eSIM sur d&#8217;autres appareils Android<\/figcaption><\/figure>\n\n\n\n<p>Si vous recherchez plus d&#8217;informations sur les forfaits eSIM Tha\u00eflande, veuillez les consulter ici sur <a href=\"https:\/\/thailandesim.com\/fr\/\" data-type=\"page\" data-id=\"17\"><strong>Thailandesim.com<\/strong><\/a>.<\/p>\n\n\n\n<h2 class=\"wp-block-heading\" id=\"3-foire-aux-questions\">3. Foire aux Questions<\/h2>\n\n\n\n<p>Vous trouverez ci-dessous quelques questions fr\u00e9quemment pos\u00e9es sur les appareils compatibles eSIM en Tha\u00eflande qui pourraient vous concerner: <\/p>\n\n\n<div id=\"rank-math-faq\" class=\"rank-math-block\">\n<div class=\"rank-math-list \">\n<div id=\"faq-question-1676620517734\" class=\"rank-math-list-item\">\n<p class=\"rank-math-question \">Pourquoi mon appareil figure-t-il sur la liste mais ne peut-il pas utiliser l&#8217;eSIM?<\/p>\n<div class=\"rank-math-answer \">\n\n<p>Certaines notes dans la liste indiquent que certaines variantes des appareils ne sont pas compatibles avec l&#8217;eSIM. Vous devez \u00e9galement pr\u00eater attention \u00e0 ces notes.<br \/>En outre, si votre t\u00e9l\u00e9phone est verrouill\u00e9 par l&#8217;op\u00e9rateur, vous ne pouvez pas utiliser l&#8217;eSIM. Pour savoir comment v\u00e9rifier l&#8217;\u00e9tat du verrouillage de l&#8217;op\u00e9rateur, reportez-vous \u00e0 la partie pr\u00e9c\u00e9dente.<\/p>\n\n<\/div>\n<\/div>\n<div id=\"faq-question-1676621375300\" class=\"rank-math-list-item\">\n<p class=\"rank-math-question \">Que dois-je faire si mon appareil ne peut pas utiliser l&#8217;eSIM Tha\u00eflande?<\/p>\n<div class=\"rank-math-answer \">\n\n<p>Vous pouvez acheter une carte SIM pour utiliser les donn\u00e9es lorsque vous voyagez en Tha\u00eflande. Les cartes SIM sont disponibles \u00e0 l&#8217;a\u00e9roport ou dans tous les magasins de proximit\u00e9 en Tha\u00eflande.<\/p>\n\n<\/div>\n<\/div>\n<div id=\"faq-question-1676621515780\" class=\"rank-math-list-item\">\n<p class=\"rank-math-question \">Que puis-je faire si mon appareil est bloqu\u00e9 par l&#8217;op\u00e9rateur?<\/p>\n<div class=\"rank-math-answer \">\n\n<p>Vous pouvez contacter votre op\u00e9rateur t\u00e9l\u00e9phonique pour lui demander de d\u00e9bloquer votre appareil. Vous pourrez alors utiliser l&#8217;eSIM.<\/p>\n\n<\/div>\n<\/div>\n<div id=\"faq-question-1678157592065\" class=\"rank-math-list-item\">\n<p class=\"rank-math-question \">Que faire si j&#8217;ai d\u00e9j\u00e0 achet\u00e9 une eSIM, mais que mon appareil est incompatible?<\/p>\n<div class=\"rank-math-answer \">\n\n<p>Si vous n&#8217;avez pas activ\u00e9 l&#8217;eSIM et que l&#8217;appareil n&#8217;est pas compatible, vous pouvez contacter ThailandeSIM pour demander un remboursement. En savoir plus sur nos conditions d&#8217;<a href=\"https:\/\/thailandesim.com\/fr\/annulation-remboursement\/\" data-type=\"page\" data-id=\"773\">Annulation et le Remboursement<\/a>.<\/p>\n\n<\/div>\n<\/div>\n<\/div>\n<\/div>","protected":false},"excerpt":{"rendered":"<p>La technologie eSIM a r\u00e9volutionn\u00e9 la fa\u00e7on dont nous utilisons nos appareils mobiles. Avec une eSIM, vous n&#8217;avez plus besoin d&#8217;une carte SIM physique pour activer votre service cellulaire. Au lieu de cela, la carte SIM est int\u00e9gr\u00e9e directement dans votre appareil, ce qui rend la gestion de vos services mobiles plus pratique et plus [&#8230;]\n","protected":false},"author":1,"featured_media":15693,"parent":0,"menu_order":0,"comment_status":"closed","ping_status":"closed","template":"page-right-sidebar.php","meta":{"_acf_changed":false,"inline_featured_image":false,"footnotes":""},"acf":[],"_links":{"self":[{"href":"https:\/\/thailandesim.com\/fr\/wp-json\/wp\/v2\/pages\/47"}],"collection":[{"href":"https:\/\/thailandesim.com\/fr\/wp-json\/wp\/v2\/pages"}],"about":[{"href":"https:\/\/thailandesim.com\/fr\/wp-json\/wp\/v2\/types\/page"}],"author":[{"embeddable":true,"href":"https:\/\/thailandesim.com\/fr\/wp-json\/wp\/v2\/users\/1"}],"replies":[{"embeddable":true,"href":"https:\/\/thailandesim.com\/fr\/wp-json\/wp\/v2\/comments?post=47"}],"version-history":[{"count":0,"href":"https:\/\/thailandesim.com\/fr\/wp-json\/wp\/v2\/pages\/47\/revisions"}],"wp:featuredmedia":[{"embeddable":true,"href":"https:\/\/thailandesim.com\/fr\/wp-json\/wp\/v2\/media\/15693"}],"wp:attachment":[{"href":"https:\/\/thailandesim.com\/fr\/wp-json\/wp\/v2\/media?parent=47"}],"curies":[{"name":"wp","href":"https:\/\/api.w.org\/{rel}","templated":true}]}}