{"id":19723,"date":"2025-06-02T02:19:08","date_gmt":"2025-06-02T02:19:08","guid":{"rendered":"https:\/\/thailandesim.com\/?page_id=35972"},"modified":"2025-06-26T03:15:23","modified_gmt":"2025-06-26T03:15:23","slug":"phi-phi-island","status":"publish","type":"page","link":"https:\/\/thailandesim.com\/fr\/carte-sim\/phi-phi-island\/","title":{"rendered":"Comment acheter une carte SIM \u00e0 Phi Phi Island: Conseils des habitants"},"content":{"rendered":"\n<p>Pr\u00e9parer un voyage \u00e0 l&#8217;\u00eele de Phi Phi? Restez connect\u00e9 en achetant une carte SIM locale aupr\u00e8s de fournisseurs tels que AIS, TrueMove H ou dtac. Il est facile de les trouver dans les sup\u00e9rettes et les petits magasins de l&#8217;\u00eele N&#8217;oubliez pas de vous munir de votre passeport pour l&#8217;enregistrement!<\/p>\n\n\n\n<figure class=\"wp-block-image size-large\"><img decoding=\"async\" width=\"1024\" height=\"683\" src=\"https:\/\/thailandesim.com\/fr\/wp-content\/uploads\/2025\/06\/How-to-buy-a-SIM-Card-in-NYC-18-1024x683.jpg\" alt=\"une carte SIM \u00e0 phi phi island\" class=\"wp-image-19727\" srcset=\"https:\/\/thailandesim.com\/fr\/wp-content\/uploads\/2025\/06\/How-to-buy-a-SIM-Card-in-NYC-18-1024x683.jpg 1024w, https:\/\/thailandesim.com\/fr\/wp-content\/uploads\/2025\/06\/How-to-buy-a-SIM-Card-in-NYC-18-300x200.jpg 300w, https:\/\/thailandesim.com\/fr\/wp-content\/uploads\/2025\/06\/How-to-buy-a-SIM-Card-in-NYC-18-768x512.jpg 768w, https:\/\/thailandesim.com\/fr\/wp-content\/uploads\/2025\/06\/How-to-buy-a-SIM-Card-in-NYC-18-510x340.jpg 510w, https:\/\/thailandesim.com\/fr\/wp-content\/uploads\/2025\/06\/How-to-buy-a-SIM-Card-in-NYC-18.jpg 1200w\" sizes=\"(max-width: 1024px) 100vw, 1024px\" \/><figcaption class=\"wp-element-caption\">une carte SIM \u00e0 phi phi island<\/figcaption><\/figure>\n\n\n\n<div class=\"wp-block-rank-math-toc-block\" id=\"rank-math-toc\"><h2>Table des Mati\u00e8res<\/h2><nav><div><div><a href=\"#i-cartes-sim-de-lile-de-phi-phi-pour-les-touristes\">I. Cartes SIM de l&#8217;\u00eele de Phi Phi pour les touristes<\/a><\/div><div><a href=\"#ii-ou-acheter-une-carte-sim-e-sim-pour-phi-phi-island\">II. O\u00f9 acheter une carte SIM\/eSIM pour Phi Phi Island<\/a><\/div><div><a href=\"#iii-phi-phi-island-e-sim-pour-les-voyageurs-une-alternative-intelligente\">III. Phi Phi Island eSIM pour les voyageurs &#8211; une alternative intelligente<\/a><\/div><div><a href=\"#iv-conseils-et-recommandations-pour-acheter-une-carte-sim-pour-lile-de-phi-phi\">IV. Conseils et recommandations pour acheter une carte SIM pour l&#8217;\u00eele de Phi Phi<\/a><\/div><div><a href=\"#v-faq\">V. FAQ<\/a><\/div><div><a href=\"#vi-conclusion\">VI. Conclusion<\/a><\/div><\/div><\/nav><\/div>\n\n\n\n<h2 class=\"wp-block-heading\" id=\"i-cartes-sim-de-lile-de-phi-phi-pour-les-touristes\">I. Cartes SIM de l&#8217;\u00eele de Phi Phi pour les touristes<\/h2>\n\n\n\n<h3 class=\"wp-block-heading\" id=\"1-types-of-thailand-sim-cards-in-koh-samui\">1. Types de cartes SIM tha\u00eflandaises \u00e0 Phi Phi Island<\/h3>\n\n\n\n<p>Il existe plusieurs types de cartes SIM pour l&#8217;\u00eele de Phi Phi:<\/p>\n\n\n\n<ul>\n<li><strong>Carte SIM pr\u00e9pay\u00e9e locale<\/strong>&nbsp;\u2013 Parfaites pour les habitants locaux et les voyageurs de longue dur\u00e9e en Tha\u00eflande. Ces cartes SIM sont abordables et proposent des forfaits voix et donn\u00e9es des meilleurs fournisseurs tels que AIS, dtac et TrueMove.<\/li>\n\n\n\n<li><strong>Carte SIM pr\u00e9pay\u00e9e pour touristes<\/strong>&nbsp;\u2013 Con\u00e7ue sp\u00e9cialement pour les visiteurs en Tha\u00eflande, y compris ceux qui se rendent \u00e0 Ayutthaya, ces cartes SIM incluent g\u00e9n\u00e9ralement des donn\u00e9es illimit\u00e9es, des appels internationaux gratuits et d\u2019autres avantages pour r\u00e9pondre aux besoins des voyageurs.<\/li>\n\n\n\n<li><strong>Carte SIM uniquement pour les donn\u00e9es<\/strong>&nbsp;\u2013 Excellente option pour les touristes de courte dur\u00e9e qui ont uniquement besoin d\u2019un acc\u00e8s \u00e0 Internet, ces cartes SIM sont parfaites pour explorer Ayutthaya sans avoir \u00e0 passer d\u2019appels ni envoyer de messages.<\/li>\n<\/ul>\n\n\n\n<figure class=\"wp-block-image size-large\"><img decoding=\"async\" src=\"https:\/\/thailandesim.com\/wp-content\/uploads\/2025\/06\/2-1024x683.jpg\" alt=\"physical SIM card\" class=\"wp-image-35902\" \/><figcaption class=\"wp-element-caption\">Carte SIM physique<\/figcaption><\/figure>\n\n\n\n<h3 class=\"wp-block-heading\" id=\"2-which-i-need-to-buy-a-tourist-sim-card-in-koh-samui\">2. De quoi ai-je besoin pour acheter une carte SIM touristique \u00e0 Phi Phi Island ?<\/h3>\n\n\n\n<p>Pour acheter une carte SIM locale \u00e0 Phi Phi Island, les visiteurs doivent se munir:<\/p>\n\n\n\n<ul>\n<li>Assurez-vous que votre t\u00e9l\u00e9phone n&#8217;est pas d\u00e9bloqu\u00e9 et qu&#8217;il peut fonctionner librement en Tha\u00eflande.<\/li>\n\n\n\n<li>Preuve d&#8217;identit\u00e9 (carte d&#8217;identit\u00e9\/passeport)<\/li>\n\n\n\n<li>Esp\u00e8ces si disponibles.<\/li>\n<\/ul>\n\n\n\n<h3 class=\"wp-block-heading\" id=\"3-tourist-koh-samui-sim-card-prices-range\">3. Gamme de prix des cartes SIM pour les touristes de l&#8217;\u00eele de Phi Phi<\/h3>\n\n\n\n<p>Les principaux fournisseurs tha\u00eflandais proposent des cartes SIM touristiques pr\u00e9pay\u00e9es avec des donn\u00e9es 5G\/4G illimit\u00e9es, des appels locaux gratuits et certains appels internationaux, ainsi que des avantages suppl\u00e9mentaires comme l&#8217;acc\u00e8s Wi-Fi et du cr\u00e9dit bonus. La tarification (\u00e0 la mi-2025) est la suivante:<\/p>\n\n\n\n<figure class=\"wp-block-table\"><table><thead><tr><th><strong>Carte SIM<\/strong><\/th><th><strong>Donn\u00e9es &amp; Avantages<\/strong><\/th><th><strong>Validit\u00e9<\/strong><\/th><th><strong>Prix (USD)<\/strong><\/th><\/tr><\/thead><tbody><tr><td><strong>AIS Lucky Tourist SIM \u2013 5 jours<\/strong><\/td><td>Donn\u00e9es illimit\u00e9es 5G\/4G, appels AIS gratuits, cr\u00e9dit bonus de \u0e3f100, Wi-Fi AIS illimit\u00e9<\/td><td>5 jours<\/td><td>9,97 $ (ais.th)<\/td><\/tr><tr><td><strong>AIS Lucky Tourist SIM \u2013 8 jours<\/strong><\/td><td>Donn\u00e9es illimit\u00e9es 5G\/4G, appels AIS gratuits, cr\u00e9dit bonus de \u0e3f100, Wi-Fi AIS illimit\u00e9<\/td><td>8 jours<\/td><td>12,83 $<\/td><\/tr><tr><td><strong>AIS Lucky Tourist SIM \u2013 15 jours<\/strong><\/td><td>Donn\u00e9es illimit\u00e9es 5G\/4G, appels AIS gratuits, cr\u00e9dit bonus de \u0e3f100, Wi-Fi AIS illimit\u00e9<\/td><td>15 jours<\/td><td>19,97 $<\/td><\/tr><tr><td><strong>AIS Lucky Tourist SIM \u2013 30 jours<\/strong><\/td><td>Donn\u00e9es illimit\u00e9es 5G\/4G, appels AIS gratuits, cr\u00e9dit bonus de \u0e3f100, Wi-Fi AIS illimit\u00e9<\/td><td>30 jours<\/td><td>34,25 $<\/td><\/tr><tr><td><strong>True dtac Tourist Infinite SIM \u2013 8 jours<\/strong><\/td><td>Donn\u00e9es illimit\u00e9es 5G\/4G, Wi-Fi illimit\u00e9, appels locaux gratuits (jusqu\u2019\u00e0 15 min\/appel)<\/td><td>8 jours<\/td><td>12,83 $<\/td><\/tr><tr><td><strong>True dtac Tourist Infinite SIM \u2013 15 jours<\/strong><\/td><td>Donn\u00e9es illimit\u00e9es 5G\/4G, Wi-Fi illimit\u00e9, appels locaux gratuits (jusqu\u2019\u00e0 15 min\/appel)<\/td><td>15 jours<\/td><td>19,97 $<\/td><\/tr><tr><td><strong>True dtac Tourist Infinite SIM \u2013 30 jours<\/strong><\/td><td>Donn\u00e9es illimit\u00e9es 5G\/4G, Wi-Fi illimit\u00e9, appels locaux gratuits (jusqu\u2019\u00e0 15 min\/appel)<\/td><td>30 jours<\/td><td>34,25 $<\/td><\/tr><tr><td><strong>True \u201cThailand Tourist Infinite SIM\u201d \u2013 10 jours<\/strong><\/td><td>Donn\u00e9es illimit\u00e9es 5G\/4G, Wi-Fi illimit\u00e9, appels locaux gratuits (24h\/24 et 7j\/7)<\/td><td>10 jours<\/td><td>9,97 $<\/td><\/tr><\/tbody><\/table><\/figure>\n\n\n\n<h2 class=\"wp-block-heading\" id=\"ii-ou-acheter-une-carte-sim-e-sim-pour-phi-phi-island\">II. O\u00f9 acheter une carte SIM\/eSIM pour Phi Phi Island <\/h2>\n\n\n\n<p>Pour acheter une carte SIM \u00e0 Phi Phi Island, les visiteurs peuvent l&#8217;acheter dans les a\u00e9roports ou dans des magasins physiques. Prenez en compte nos recommandations ci-dessous :<\/p>\n\n\n\n<ul>\n<li><strong>A\u00e9roport international de Tha\u00eflande<\/strong>: Les boutiques de t\u00e9l\u00e9communications \u00e0 l\u2019a\u00e9roport proposent des cartes SIM pr\u00e9pay\u00e9es pour les touristes.<\/li>\n\n\n\n<li><strong>Magasins de proximit\u00e9<\/strong>: Les 7-Eleven, tr\u00e8s r\u00e9pandus en ville, vendent \u00e9galement des cartes SIM pour les voyageurs.<\/li>\n\n\n\n<li><strong>Boutiques officielles des op\u00e9rateurs mobiles<\/strong>: Vous pouvez vous rendre dans les magasins locaux des op\u00e9rateurs tels que&nbsp;<strong>AIS<\/strong>,&nbsp;<strong>True Move H<\/strong>&nbsp;et&nbsp;<strong>dtac<\/strong>&nbsp;pour acheter une carte SIM<\/li>\n<\/ul>\n\n\n\n<figure class=\"wp-block-image size-large\"><img decoding=\"async\" src=\"https:\/\/thailandesim.com\/wp-content\/uploads\/2024\/09\/Mobile-operators-kios-at-the-airport-1024x768.jpg\" alt=\"Vous pouvez acheter une carte SIM touristique dans les kiosques des op\u00e9rateurs de t\u00e9l\u00e9phonie mobile \u00e0 l'a\u00e9roport\" class=\"wp-image-25229\" \/><figcaption class=\"wp-element-caption\">Vous pouvez acheter une carte SIM touristique dans les kiosques des op\u00e9rateurs de t\u00e9l\u00e9phonie mobile \u00e0 l&#8217;a\u00e9roport<\/figcaption><\/figure>\n\n\n\n<h2 class=\"wp-block-heading\" id=\"iii-phi-phi-island-e-sim-pour-les-voyageurs-une-alternative-intelligente\">III. Phi Phi Island eSIM pour les voyageurs &#8211; une alternative intelligente<\/h2>\n\n\n\n<p>Les visiteurs de l&#8217;\u00eele de Phi Phi avaient l&#8217;habitude d&#8217;utiliser des cartes SIM physiques pour se connecter \u00e0 l&#8217;internet. Cependant, l&#8217;eSIM de Phi Phi Island a chang\u00e9 l&#8217;acc\u00e8s \u00e0 l&#8217;internet gr\u00e2ce \u00e0 sa commodit\u00e9, sa flexibilit\u00e9 et sa facilit\u00e9 d&#8217;utilisation. Pour une coop\u00e9ration rapide et fiable, les visiteurs devraient envisager d&#8217;utiliser Phi Phi Island eSIM afin de gagner du temps et d&#8217;\u00e9viter les d\u00e9sagr\u00e9ments.<\/p>\n\n\n\n<p><a href=\"https:\/\/thailandesim.com\/fr\/product-home-featured\/\">Thailandesim.com<\/a>&nbsp;propose une vari\u00e9t\u00e9 de forfaits eSIM pour Phi Phi island, qui pourraient constituer votre solution id\u00e9ale pour rester connect\u00e9.<\/p>\n\n\n\n<ul>\n<li>Elle peut \u00eatre achet\u00e9e en ligne et install\u00e9e avant l&#8217;arriv\u00e9e en Tha\u00eflande, ce qui \u00e9vite de faire la queue \u00e0 l&#8217;a\u00e9roport pour acheter une carte SIM.<\/li>\n\n\n\n<li>Aucun passeport n&#8217;est requis pour l&#8217;inscription.<\/li>\n\n\n\n<li>Il propose de nombreux plans aux visiteurs.<\/li>\n\n\n\n<li>Prise en charge du r\u00e9seau 5G.<\/li>\n<\/ul>\n\n\n\n<h2 class=\"wp-block-heading has-text-align-center\" id=\"plans-susceptibles-de-vous-interesser\">Plans susceptibles de vous int\u00e9resser<\/h2>\n\n\n\n<figure class=\"wp-block-image size-large\"><img decoding=\"async\" width=\"1024\" height=\"781\" src=\"https:\/\/thailandesim.com\/fr\/wp-content\/uploads\/2025\/06\/image-4-1024x781.jpg\" alt=\"Forfaits eSIM Tha\u00eflande\" class=\"wp-image-19716\" srcset=\"https:\/\/thailandesim.com\/fr\/wp-content\/uploads\/2025\/06\/image-4-1024x781.jpg 1024w, https:\/\/thailandesim.com\/fr\/wp-content\/uploads\/2025\/06\/image-4-300x229.jpg 300w, https:\/\/thailandesim.com\/fr\/wp-content\/uploads\/2025\/06\/image-4-768x586.jpg 768w, https:\/\/thailandesim.com\/fr\/wp-content\/uploads\/2025\/06\/image-4-510x389.jpg 510w, https:\/\/thailandesim.com\/fr\/wp-content\/uploads\/2025\/06\/image-4.jpg 1200w\" sizes=\"(max-width: 1024px) 100vw, 1024px\" \/><figcaption class=\"wp-element-caption\">Forfaits eSIM Tha\u00eflande<\/figcaption><\/figure>\n\n\n\n<h2 class=\"wp-block-heading\" id=\"iv-conseils-et-recommandations-pour-acheter-une-carte-sim-pour-lile-de-phi-phi\">IV. Conseils et recommandations pour acheter une carte SIM pour l&#8217;\u00eele de Phi Phi<\/h2>\n\n\n\n<p>Voici quelques conseils et recommandations utiles pour vous assurer de choisir la meilleure carte SIM ou eSIM pour votre s\u00e9jour \u00e0 Ayutthaya:<\/p>\n\n\n\n<h3 class=\"wp-block-heading\">O\u00f9 acheter:<\/h3>\n\n\n\n<ul>\n<li>Les magasins locaux et les sup\u00e9rettes (comme&nbsp;<strong>7-Eleven<\/strong>) proposent souvent des cartes SIM \u00e0 des prix abordables.<\/li>\n<\/ul>\n\n\n\n<ul>\n<li>Les&nbsp;<strong>boutiques des op\u00e9rateurs mobiles<\/strong>&nbsp;(AIS, TrueMove H, dtac, etc.) offrent une assistance compl\u00e8te et peuvent vous aider \u00e0 installer la carte SIM sur place.<\/li>\n<\/ul>\n\n\n\n<h3 class=\"wp-block-heading\">Apportez votre passeport:<\/h3>\n\n\n\n<ul>\n<li>Obligatoire pour l\u2019enregistrement de la carte SIM, conform\u00e9ment \u00e0 la loi tha\u00eflandaise.<\/li>\n<\/ul>\n\n\n\n<h3 class=\"wp-block-heading\">Pensez aux eSIMs:<\/h3>\n\n\n\n<ul>\n<li>Activation rapide et num\u00e9rique via un&nbsp;<strong>code QR<\/strong>, sans besoin de se rendre en boutique \u2014 id\u00e9al pour les voyageurs disposant d\u2019un t\u00e9l\u00e9phone compatible.<\/li>\n<\/ul>\n\n\n\n<h3 class=\"wp-block-heading\">V\u00e9rifiez votre appareil et vos besoins:<\/h3>\n\n\n\n<p>Assurez-vous que votre t\u00e9l\u00e9phone est&nbsp;<strong>d\u00e9bloqu\u00e9<\/strong>&nbsp;et compatible avec les r\u00e9seaux tha\u00eflandais ou la technologie eSIM, et choisissez le type de carte le mieux adapt\u00e9 \u00e0 votre fa\u00e7on de voyager.<\/p>\n\n\n\n<ul>\n<li>Assurez-vous que votre t\u00e9l\u00e9phone est d\u00e9bloqu\u00e9 et qu\u2019il prend en charge les cartes SIM\/eSIM tha\u00eflandaises.<\/li>\n\n\n\n<li>D\u00e9cidez si vous avez besoin d\u2019appels vocaux ou uniquement de donn\u00e9es \u2013 de nombreuses eSIM sont r\u00e9serv\u00e9es aux donn\u00e9es.<\/li>\n<\/ul>\n\n\n\n<h2 class=\"wp-block-heading\" id=\"v-faq\">V. FAQ<\/h2>\n\n\n<div id=\"rank-math-faq\" class=\"rank-math-block rank-math-question\">\n<div class=\"rank-math-list \">\n<div id=\"faq-question-1749209734265\" class=\"rank-math-list-item\">\n<h3 class=\"rank-math-question \">O\u00f9 acheter une carte SIM \u00e0 Phi Phi island?<\/h3>\n<div class=\"rank-math-answer \">\n\n<p>Local SIM cards can be found at these places:<br \/>Mobile shops: AIS, dtac, TrueMove,<br \/>Convenience stores: 7-Eleven, Family Mart<br \/>Airport kiosks<br \/>Buying eSIM via thailandesim.com instead of using physical SIMs<\/p>\n\n<\/div>\n<\/div>\n<div id=\"faq-question-1749209751411\" class=\"rank-math-list-item\">\n<h3 class=\"rank-math-question \">Quel op\u00e9rateur est le meilleur \u00e0 Phi Phi Island?<\/h3>\n<div class=\"rank-math-answer \">\n\n<p>Les trois principaux fournisseurs : AIS, TrueMove H et dtac, offrent une couverture fiable dans la plupart des zones touristiques. AIS est souvent lou\u00e9 pour son r\u00e9seau 4G\/5G \u00e9tendu sur l&#8217;\u00eele, mais TrueMove H et dtac disposent \u00e9galement d&#8217;une bonne couverture.<\/p>\n\n<\/div>\n<\/div>\n<div id=\"faq-question-1749209769068\" class=\"rank-math-list-item\">\n<h3 class=\"rank-math-question \">Dois-je pr\u00e9senter une pi\u00e8ce d&#8217;identit\u00e9 pour acheter une carte SIM ?<\/h3>\n<div class=\"rank-math-answer \">\n\n<p>Oui, la loi tha\u00eflandaise exige que vous enregistriez votre carte SIM \u00e0 l&#8217;aide d&#8217;un passeport valide. Be prepared to show it at the time of purchase<\/p>\n\n<\/div>\n<\/div>\n<div id=\"faq-question-1749209795309\" class=\"rank-math-list-item\">\n<h3 class=\"rank-math-question \">Mon t\u00e9l\u00e9phone fonctionnera-t-il avec les cartes SIM tha\u00eflandaises<\/h3>\n<div class=\"rank-math-answer \">\n\n<p>Votre t\u00e9l\u00e9phone doit \u00eatre d\u00e9bloqu\u00e9 pour pouvoir utiliser une carte SIM tha\u00eflandaise. La plupart des smartphones modernes sont compatibles avec les r\u00e9seaux tha\u00eflandais, qui utilisent la technologie GSM standard.<\/p>\n\n<\/div>\n<\/div>\n<div id=\"faq-question-1749209809236\" class=\"rank-math-list-item\">\n<h3 class=\"rank-math-question \">Puis-je utiliser une eSIM au lieu d&#8217;une carte SIM ?<\/h3>\n<div class=\"rank-math-answer \">\n\n<p>Oui, les visiteurs peuvent utiliser l\u2019eSIM pour rester connect\u00e9s \u00e0 Ayutthaya. Envisager d\u2019utiliser la carte eSIM de thailandesim.com pour un prix avantageux et divers plans eSIM.<\/p>\n\n<\/div>\n<\/div>\n<\/div>\n<\/div>\n\n\n<h2 class=\"wp-block-heading\" id=\"vi-conclusion\">VI. Conclusion<\/h2>\n\n\n\n<p>Acheter une carte SIM \u00e0 Phi Phi Island est simple quand on sait o\u00f9 chercher et \u00e0 quoi s&#8217;attendre. Les magasins locaux situ\u00e9s pr\u00e8s de l&#8217;embarcad\u00e8re ou dans les villages offrent les meilleurs prix et le meilleur service par rapport aux kiosques de l&#8217;a\u00e9roport. Apportez votre passeport pour l&#8217;enregistrement et choisissez un fournisseur fiable comme AIS, dtac ou TrueMove H pour une couverture solide. Que vous choisissiez une carte SIM physique ou une carte eSIM, il est facile de rester connect\u00e9 pour profiter de chaque instant de votre aventure sur l&#8217;\u00eele!<\/p>\n","protected":false},"excerpt":{"rendered":"<p>Pr\u00e9parer un voyage \u00e0 l&#8217;\u00eele de Phi Phi? Restez connect\u00e9 en achetant une carte SIM locale aupr\u00e8s de fournisseurs tels que AIS, TrueMove H ou dtac. Il est facile de les trouver dans les sup\u00e9rettes et les petits magasins de l&#8217;\u00eele N&#8217;oubliez pas de vous munir de votre passeport pour l&#8217;enregistrement! I. Cartes SIM de [&#8230;]\n","protected":false},"author":15,"featured_media":19594,"parent":1061,"menu_order":0,"comment_status":"closed","ping_status":"closed","template":"page-right-sidebar.php","meta":{"_acf_changed":false,"inline_featured_image":false,"footnotes":""},"acf":[],"_links":{"self":[{"href":"https:\/\/thailandesim.com\/fr\/wp-json\/wp\/v2\/pages\/19723"}],"collection":[{"href":"https:\/\/thailandesim.com\/fr\/wp-json\/wp\/v2\/pages"}],"about":[{"href":"https:\/\/thailandesim.com\/fr\/wp-json\/wp\/v2\/types\/page"}],"author":[{"embeddable":true,"href":"https:\/\/thailandesim.com\/fr\/wp-json\/wp\/v2\/users\/15"}],"replies":[{"embeddable":true,"href":"https:\/\/thailandesim.com\/fr\/wp-json\/wp\/v2\/comments?post=19723"}],"version-history":[{"count":0,"href":"https:\/\/thailandesim.com\/fr\/wp-json\/wp\/v2\/pages\/19723\/revisions"}],"up":[{"embeddable":true,"href":"https:\/\/thailandesim.com\/fr\/wp-json\/wp\/v2\/pages\/1061"}],"wp:featuredmedia":[{"embeddable":true,"href":"https:\/\/thailandesim.com\/fr\/wp-json\/wp\/v2\/media\/19594"}],"wp:attachment":[{"href":"https:\/\/thailandesim.com\/fr\/wp-json\/wp\/v2\/media?parent=19723"}],"curies":[{"name":"wp","href":"https:\/\/api.w.org\/{rel}","templated":true}]}}