{"id":19687,"date":"2025-06-04T11:47:20","date_gmt":"2025-06-04T11:47:20","guid":{"rendered":"https:\/\/thailandesim.com\/?page_id=35895"},"modified":"2025-06-26T07:02:58","modified_gmt":"2025-06-26T07:02:58","slug":"pattaya","status":"publish","type":"page","link":"https:\/\/thailandesim.com\/fr\/carte-sim\/pattaya\/","title":{"rendered":"Comment acheter une carte SIM \u00e0 Pattaya: Conseils de locaux"},"content":{"rendered":"\n<p>Vous pr\u00e9voyez de visiter Pattaya? L&#8217;utilisation d&#8217;une carte SIM locale est l&#8217;un des meilleurs moyens de rester connect\u00e9 \u00e0 Pattaya. Dans ce guide, nous allons explorer des conseils pratiques sur la fa\u00e7on d&#8217;obtenir une carte SIM pour rendre votre voyage plus facile et plus agr\u00e9able.<\/p>\n\n\n\n<figure class=\"wp-block-image size-large\"><img decoding=\"async\" width=\"1024\" height=\"683\" src=\"https:\/\/thailandesim.com\/fr\/wp-content\/uploads\/2025\/06\/How-to-buy-a-SIM-Card-in-NYC-17-1024x683.jpg\" alt=\"carte SIM \u00e0 Pattaya\" class=\"wp-image-19695\" srcset=\"https:\/\/thailandesim.com\/fr\/wp-content\/uploads\/2025\/06\/How-to-buy-a-SIM-Card-in-NYC-17-1024x683.jpg 1024w, https:\/\/thailandesim.com\/fr\/wp-content\/uploads\/2025\/06\/How-to-buy-a-SIM-Card-in-NYC-17-300x200.jpg 300w, https:\/\/thailandesim.com\/fr\/wp-content\/uploads\/2025\/06\/How-to-buy-a-SIM-Card-in-NYC-17-768x512.jpg 768w, https:\/\/thailandesim.com\/fr\/wp-content\/uploads\/2025\/06\/How-to-buy-a-SIM-Card-in-NYC-17-510x340.jpg 510w, https:\/\/thailandesim.com\/fr\/wp-content\/uploads\/2025\/06\/How-to-buy-a-SIM-Card-in-NYC-17.jpg 1200w\" sizes=\"(max-width: 1024px) 100vw, 1024px\" \/><figcaption class=\"wp-element-caption\">Comment acheter une carte SIM \u00e0 New York<\/figcaption><\/figure>\n\n\n\n<div class=\"wp-block-rank-math-toc-block\" id=\"rank-math-toc\"><h2>Table des Mati\u00e8res<\/h2><nav><div><div><a href=\"#i-cartes-sim-pour-touristes-a-pattaya\">I. Cartes SIM pour touristes \u00e0 Pattaya<\/a><\/div><div><a href=\"#ii-ou-acheter-une-carte-sim-thailandaise-e-sim-pour-pattaya\">II. O\u00f9 acheter une carte SIM tha\u00eflandaise\/eSIM pour Pattaya<\/a><\/div><div><a href=\"#iii-pattaya-e-sim-pour-les-voyageurs-une-alternative-intelligente\">III. Pattaya eSIM pour les voyageurs &#8211; une alternative intelligente<\/a><\/div><div><a href=\"#iv-conseils-et-recommandations-pour-acheter-une-carte-sim-a-pattaya\">IV. Conseils et recommandations pour acheter une carte SIM \u00e0 Pattaya<\/a><\/div><div><a href=\"#v-faq\">V. FAQ<\/a><\/div><div><a href=\"#vi-conclusion\">VI. Conclusion<\/a><\/div><\/div><\/nav><\/div>\n\n\n\n<h2 class=\"wp-block-heading\" id=\"i-cartes-sim-pour-touristes-a-pattaya\">I. Cartes SIM pour touristes \u00e0 Pattaya<\/h2>\n\n\n\n<h3 class=\"wp-block-heading\" id=\"1-types-of-pattaya-sim-cards\">1. Types de cartes SIM pour Pattaya <\/h3>\n\n\n\n<p>Il existe plusieurs types de cartes SIM pour Pattaya :<\/p>\n\n\n\n<ul>\n<li><strong>Carte SIM pr\u00e9pay\u00e9e locale<\/strong>&nbsp;\u2013 Parfaites pour les habitants locaux et les voyageurs de longue dur\u00e9e en Tha\u00eflande. Ces cartes SIM sont abordables et proposent des forfaits voix et donn\u00e9es des meilleurs fournisseurs tels que AIS, dtac et TrueMove.<\/li>\n\n\n\n<li><strong>Carte SIM pr\u00e9pay\u00e9e pour touristes<\/strong>&nbsp;\u2013 Con\u00e7ue sp\u00e9cialement pour les visiteurs en Tha\u00eflande, y compris ceux qui se rendent \u00e0 Ayutthaya, ces cartes SIM incluent g\u00e9n\u00e9ralement des donn\u00e9es illimit\u00e9es, des appels internationaux gratuits et d\u2019autres avantages pour r\u00e9pondre aux besoins des voyageurs.<\/li>\n\n\n\n<li><strong>Carte SIM uniquement pour les donn\u00e9es<\/strong>&nbsp;\u2013 Excellente option pour les touristes de courte dur\u00e9e qui ont uniquement besoin d\u2019un acc\u00e8s \u00e0 Internet, ces cartes SIM sont parfaites pour explorer Ayutthaya sans avoir \u00e0 passer d\u2019appels ni envoyer de messages.<\/li>\n<\/ul>\n\n\n\n<figure class=\"wp-block-image size-large\"><img decoding=\"async\" src=\"https:\/\/thailandesim.com\/wp-content\/uploads\/2025\/06\/2-1024x683.jpg\" alt=\"carte SIM physique\" class=\"wp-image-35902\" \/><figcaption class=\"wp-element-caption\">carte SIM physique<\/figcaption><\/figure>\n\n\n\n<h3 class=\"wp-block-heading\" id=\"2-which-i-need-to-buy-a-tourist-sim-card-in-pattaya\">2. De quoi ai-je besoin pour acheter une carte SIM touristique \u00e0 Pattaya ?<\/h3>\n\n\n\n<p>Pour acheter une carte SIM locale \u00e0 Pattaya, les visiteurs doivent se munir des documents suivants :<\/p>\n\n\n\n<ul>\n<li>Assurez-vous que votre t\u00e9l\u00e9phone n&#8217;est pas d\u00e9bloqu\u00e9 et qu&#8217;il peut fonctionner librement en Tha\u00eflande.<\/li>\n\n\n\n<li>Preuve d&#8217;identit\u00e9 (carte d&#8217;identit\u00e9\/passeport)<\/li>\n\n\n\n<li>Esp\u00e8ces si disponibles.<\/li>\n<\/ul>\n\n\n\n<h3 class=\"wp-block-heading\" id=\"3-tourist-pattaya-sim-card-prices-range\">3. Gamme de prix des cartes SIM pour les touristes \u00e0 Pattaya<\/h3>\n\n\n\n<p>Le prix des cartes SIM pour touristes \u00e0 Pattaya peut varier de 8 $ \u00e0 10 $.9 &#8211; 35. Le prix peut varier en fonction du fournisseur et de l&#8217;heure.<\/p>\n\n\n\n<h2 class=\"wp-block-heading\" id=\"ii-ou-acheter-une-carte-sim-thailandaise-e-sim-pour-pattaya\">II. O\u00f9 acheter une carte SIM tha\u00eflandaise\/eSIM pour Pattaya<\/h2>\n\n\n\n<p>Les cartes SIM tha\u00eflandaises se trouvent et s&#8217;ach\u00e8tent facilement en ligne, dans les a\u00e9roports ou dans les magasins. Prenez en compte nos recommandations ci-dessous :<\/p>\n\n\n\n<ul>\n<li>A\u00e9roport international de Tha\u00eflande : Les boutiques de t\u00e9l\u00e9communications de l&#8217;a\u00e9roport proposent des cartes SIM pr\u00e9pay\u00e9es aux touristes.<\/li>\n\n\n\n<li>Magasins de proximit\u00e9 : Le magasin 7-Eleven est largement r\u00e9pandu dans toute la ville et vend \u00e9galement des cartes SIM pour touristes.<\/li>\n\n\n\n<li>Magasins officiels des op\u00e9rateurs de r\u00e9seaux mobiles : Vous pouvez vous rendre dans les magasins locaux des op\u00e9rateurs de r\u00e9seaux mobiles tels que AIS, True Move H et dtac pour acheter une carte SIM.<\/li>\n<\/ul>\n\n\n\n<figure class=\"wp-block-image size-large\"><img decoding=\"async\" src=\"https:\/\/thailandesim.com\/wp-content\/uploads\/2024\/12\/true-5g-at-suvarnabhumi-1024x768.jpg\" alt=\"Buy True dtac SIM card at Suvarnabhumi airport\" class=\"wp-image-28984\" \/><figcaption class=\"wp-element-caption\">Acheter une carte SIM True dtac \u00e0 l&#8217;a\u00e9roport de Tha\u00eflande<\/figcaption><\/figure>\n\n\n\n<h2 class=\"wp-block-heading\" id=\"iii-pattaya-e-sim-pour-les-voyageurs-une-alternative-intelligente\">III. Pattaya eSIM pour les voyageurs &#8211; une alternative intelligente<\/h2>\n\n\n\n<p>Les visiteurs de Pattaya avaient l&#8217;habitude d&#8217;utiliser des cartes SIM physiques pour se connecter \u00e0 l&#8217;internet. Cependant, Pattaya eSIM a chang\u00e9 l&#8217;acc\u00e8s \u00e0 l&#8217;internet gr\u00e2ce \u00e0 sa commodit\u00e9, sa flexibilit\u00e9 et son installation conviviale. Pour une connexion rapide et fiable, les visiteurs devraient envisager d&#8217;utiliser Pattaya eSIM afin de gagner du temps et d&#8217;\u00e9viter les d\u00e9sagr\u00e9ments.<\/p>\n\n\n\n<p><a href=\"https:\/\/thailandesim.com\/fr\/product-home-featured\/\">Thailandesim.com<\/a>&nbsp;propose une vari\u00e9t\u00e9 de forfaits eSIM pour Ayutthaya, qui pourraient constituer votre solution id\u00e9ale pour rester connect\u00e9.<\/p>\n\n\n\n<ul>\n<li>Elle peut \u00eatre achet\u00e9e en ligne et install\u00e9e avant l&#8217;arriv\u00e9e en Tha\u00eflande, ce qui \u00e9vite de faire la queue \u00e0 l&#8217;a\u00e9roport pour acheter une carte SIM.<\/li>\n\n\n\n<li>Aucun passeport n&#8217;est requis pour l&#8217;inscription.<\/li>\n\n\n\n<li>Il propose de nombreux plans aux visiteurs.<\/li>\n\n\n\n<li>Prise en charge du r\u00e9seau 5G.<\/li>\n<\/ul>\n\n\n\n<h2 class=\"wp-block-heading has-text-align-center\" id=\"plans-susceptibles-de-vous-interesser\">Plans susceptibles de vous int\u00e9resser<\/h2>\n\n\n\n<figure class=\"wp-block-image size-large\"><img decoding=\"async\" width=\"1024\" height=\"781\" src=\"https:\/\/thailandesim.com\/fr\/wp-content\/uploads\/2025\/06\/image-4-1024x781.jpg\" alt=\"Forfaits eSIM Tha\u00eflande\" class=\"wp-image-19716\" srcset=\"https:\/\/thailandesim.com\/fr\/wp-content\/uploads\/2025\/06\/image-4-1024x781.jpg 1024w, https:\/\/thailandesim.com\/fr\/wp-content\/uploads\/2025\/06\/image-4-300x229.jpg 300w, https:\/\/thailandesim.com\/fr\/wp-content\/uploads\/2025\/06\/image-4-768x586.jpg 768w, https:\/\/thailandesim.com\/fr\/wp-content\/uploads\/2025\/06\/image-4-510x389.jpg 510w, https:\/\/thailandesim.com\/fr\/wp-content\/uploads\/2025\/06\/image-4.jpg 1200w\" sizes=\"(max-width: 1024px) 100vw, 1024px\" \/><figcaption class=\"wp-element-caption\">Forfaits eSIM Tha\u00eflande<\/figcaption><\/figure>\n\n\n\n<h2 class=\"wp-block-heading\" id=\"iv-conseils-et-recommandations-pour-acheter-une-carte-sim-a-pattaya\">IV. Conseils et recommandations pour acheter une carte SIM \u00e0 Pattaya<\/h2>\n\n\n\n<ul>\n<li>Visitez les boutiques officielles des transporteurs (AIS, DTAC, TRUE) dans les centres commerciaux Central Festival ou Terminal 21<\/li>\n\n\n\n<li>Les magasins 7-Eleven proposent des achats rapides de cartes SIM dans toute la ville de Pattaya<\/li>\n\n\n\n<li>Apportez votre passeport &#8211; obligatoire pour tous les enregistrements de cartes SIM<\/li>\n\n\n\n<li>Choisissez des forfaits touristiques (200-500 THB) avec une validit\u00e9 de 7 \u00e0 15 jours<\/li>\n\n\n\n<li>Envisagez le SIA pour obtenir la meilleure couverture globale dans la r\u00e9gion de Pattaya<\/li>\n\n\n\n<li>Optez pour des forfaits avec donn\u00e9es illimit\u00e9es plut\u00f4t que pour des forfaits avec donn\u00e9es limit\u00e9es<\/li>\n\n\n\n<li>V\u00e9rifiez si votre t\u00e9l\u00e9phone est d\u00e9verrouill\u00e9 avant votre voyage<\/li>\n\n\n\n<li>Pour les t\u00e9l\u00e9phones compatibles, pensez aux eSIM qui peuvent \u00eatre configur\u00e9es avant l&#8217;arriv\u00e9e<\/li>\n\n\n\n<li>Enregistrer les num\u00e9ros de service de l&#8217;op\u00e9rateur (g\u00e9n\u00e9ralement *123#) pour v\u00e9rifier les donn\u00e9es restantes\/le solde<\/li>\n<\/ul>\n\n\n\n<h2 class=\"wp-block-heading\" id=\"v-faq\">V. FAQ<\/h2>\n\n\n<div id=\"rank-math-faq\" class=\"rank-math-block rank-math-question\">\n<div class=\"rank-math-list \">\n<div id=\"faq-question-1749209734265\" class=\"rank-math-list-item\">\n<h3 class=\"rank-math-question \">O\u00f9 puis-je acheter une carte SIM \u00e0 Pattaya ?<\/h3>\n<div class=\"rank-math-answer \">\n\n<p>Vous pouvez acheter des cartes SIM \u00e0 l&#8217;a\u00e9roport Suvarnabhumi ou Don Mueang \u00e0 votre arriv\u00e9e, dans les boutiques officielles des op\u00e9rateurs (AIS, DTAC, TRUE) \u00e0 Pattaya, dans les magasins de proximit\u00e9 7-Eleven ou dans les centres commerciaux.<\/p>\n\n<\/div>\n<\/div>\n<div id=\"faq-question-1749209751411\" class=\"rank-math-list-item\">\n<h3 class=\"rank-math-question \">Quels sont les op\u00e9rateurs de t\u00e9l\u00e9phonie mobile disponibles en Tha\u00eflande ?<\/h3>\n<div class=\"rank-math-answer \">\n\n<p>Les trois principaux transporteurs sont AIS, DTAC et TRUE. Tous offrent une bonne couverture \u00e0 Pattaya et dans toute la Tha\u00eflande, avec des prix et des formules comparables.<\/p>\n\n<\/div>\n<\/div>\n<div id=\"faq-question-1749209769068\" class=\"rank-math-list-item\">\n<h3 class=\"rank-math-question \">Ai-je besoin d&#8217;une pi\u00e8ce d&#8217;identit\u00e9 pour acheter une carte SIM ?<\/h3>\n<div class=\"rank-math-answer \">\n\n<p>Oui, vous devez pr\u00e9senter votre passeport pour acheter et enregistrer une carte SIM en Tha\u00eflande, en raison de la r\u00e9glementation gouvernementale.<\/p>\n\n<\/div>\n<\/div>\n<div id=\"faq-question-1749209795309\" class=\"rank-math-list-item\">\n<h3 class=\"rank-math-question \">Mon t\u00e9l\u00e9phone fonctionnera-t-il avec les cartes SIM tha\u00eflandaises ?<\/h3>\n<div class=\"rank-math-answer \">\n\n<p>Votre t\u00e9l\u00e9phone doit \u00eatre d\u00e9bloqu\u00e9 pour pouvoir utiliser une carte SIM tha\u00eflandaise. La plupart des smartphones modernes sont compatibles avec les r\u00e9seaux tha\u00eflandais, qui utilisent la technologie GSM standard.<\/p>\n\n<\/div>\n<\/div>\n<div id=\"faq-question-1749209809236\" class=\"rank-math-list-item\">\n<h3 class=\"rank-math-question \">Quelle est la couverture mobile \u00e0 Pattaya ?<\/h3>\n<div class=\"rank-math-answer \">\n\n<p>La couverture mobile est excellente \u00e0 Pattaya. Tous les grands op\u00e9rateurs offrent une solide couverture 4G\/5G dans toute la ville et ses environs.<\/p>\n\n<\/div>\n<\/div>\n<\/div>\n<\/div>\n\n\n<h2 class=\"wp-block-heading\" id=\"vi-conclusion\">VI. Conclusion<\/h2>\n\n\n\n<p>Une carte SIM locale permet de b\u00e9n\u00e9ficier d&#8217;une coectivit\u00e9 essentielle \u00e0 Pattaya \u00e0 des prix abordables, offrant une couverture fiable pour la navigation, la communication et le partage d&#8217;exp\u00e9riences. Les cartes eSIM offrent une option num\u00e9rique pratique pour les appareils compatibles, ce qui permet d&#8217;organiser la connectivit\u00e9 avant l&#8217;arriv\u00e9e sans avoir besoin d&#8217;\u00e9changer une carte physique. Que vous choisissiez une carte SIM traditionnelle ou une carte eSIM, rester connect\u00e9 \u00e0 Pattaya est \u00e0 la fois abordable et simple, ce qui am\u00e9liore consid\u00e9rablement votre exp\u00e9rience de voyage.<\/p>\n","protected":false},"excerpt":{"rendered":"<p>Vous pr\u00e9voyez de visiter Pattaya? L&#8217;utilisation d&#8217;une carte SIM locale est l&#8217;un des meilleurs moyens de rester connect\u00e9 \u00e0 Pattaya. Dans ce guide, nous allons explorer des conseils pratiques sur la fa\u00e7on d&#8217;obtenir une carte SIM pour rendre votre voyage plus facile et plus agr\u00e9able. I. Cartes SIM pour touristes \u00e0 Pattaya 1. Types de [&#8230;]\n","protected":false},"author":15,"featured_media":19695,"parent":1061,"menu_order":0,"comment_status":"closed","ping_status":"closed","template":"page-right-sidebar.php","meta":{"_acf_changed":false,"inline_featured_image":false,"footnotes":""},"acf":[],"_links":{"self":[{"href":"https:\/\/thailandesim.com\/fr\/wp-json\/wp\/v2\/pages\/19687"}],"collection":[{"href":"https:\/\/thailandesim.com\/fr\/wp-json\/wp\/v2\/pages"}],"about":[{"href":"https:\/\/thailandesim.com\/fr\/wp-json\/wp\/v2\/types\/page"}],"author":[{"embeddable":true,"href":"https:\/\/thailandesim.com\/fr\/wp-json\/wp\/v2\/users\/15"}],"replies":[{"embeddable":true,"href":"https:\/\/thailandesim.com\/fr\/wp-json\/wp\/v2\/comments?post=19687"}],"version-history":[{"count":0,"href":"https:\/\/thailandesim.com\/fr\/wp-json\/wp\/v2\/pages\/19687\/revisions"}],"up":[{"embeddable":true,"href":"https:\/\/thailandesim.com\/fr\/wp-json\/wp\/v2\/pages\/1061"}],"wp:featuredmedia":[{"embeddable":true,"href":"https:\/\/thailandesim.com\/fr\/wp-json\/wp\/v2\/media\/19695"}],"wp:attachment":[{"href":"https:\/\/thailandesim.com\/fr\/wp-json\/wp\/v2\/media?parent=19687"}],"curies":[{"name":"wp","href":"https:\/\/api.w.org\/{rel}","templated":true}]}}