{"id":19660,"date":"2025-06-06T02:13:58","date_gmt":"2025-06-06T02:13:58","guid":{"rendered":"https:\/\/thailandesim.com\/?page_id=35959"},"modified":"2025-06-26T03:49:31","modified_gmt":"2025-06-26T03:49:31","slug":"koh-samui","status":"publish","type":"page","link":"https:\/\/thailandesim.com\/fr\/carte-sim\/koh-samui\/","title":{"rendered":"Comment acheter une carte SIM \u00e0 Koh Samui: Conseils des locaux"},"content":{"rendered":"\n<p>Rester connect\u00e9 \u00e0 Koh Samui avec une carte SIM locale est l&#8217;une des options les plus judicieuses pour les visiteurs de Koh Samui. Dans ce guide, nous vous donnons des conseils avis\u00e9s de locaux sur la fa\u00e7on d&#8217;acheter une carte SIM \u00e0 Koh Samui: o\u00f9 trouver les meilleurs prix, quels forfaits choisir, afin que vous puissiez profiter de l&#8217;\u00eele sans vous soucier de la coexistence!<\/p>\n\n\n\n<figure class=\"wp-block-image size-large\"><img decoding=\"async\" width=\"1024\" height=\"683\" src=\"https:\/\/thailandesim.com\/fr\/wp-content\/uploads\/2025\/06\/How-to-buy-a-SIM-Card-in-NYC-16-1024x683.jpg\" alt=\"carte SIM \u00e0 Koh Samui\" class=\"wp-image-19668\" srcset=\"https:\/\/thailandesim.com\/fr\/wp-content\/uploads\/2025\/06\/How-to-buy-a-SIM-Card-in-NYC-16-1024x683.jpg 1024w, https:\/\/thailandesim.com\/fr\/wp-content\/uploads\/2025\/06\/How-to-buy-a-SIM-Card-in-NYC-16-300x200.jpg 300w, https:\/\/thailandesim.com\/fr\/wp-content\/uploads\/2025\/06\/How-to-buy-a-SIM-Card-in-NYC-16-768x512.jpg 768w, https:\/\/thailandesim.com\/fr\/wp-content\/uploads\/2025\/06\/How-to-buy-a-SIM-Card-in-NYC-16-510x340.jpg 510w, https:\/\/thailandesim.com\/fr\/wp-content\/uploads\/2025\/06\/How-to-buy-a-SIM-Card-in-NYC-16.jpg 1200w\" sizes=\"(max-width: 1024px) 100vw, 1024px\" \/><\/figure>\n\n\n\n<div class=\"wp-block-rank-math-toc-block\" id=\"rank-math-toc\"><h2>Table des Mati\u00e8res<\/h2><nav><div><div><a href=\"#i-cartes-sim-pour-touristes-a-koh-samui\">I. Cartes SIM pour touristes \u00e0 Koh Samui<\/a><\/div><div><a href=\"#ii-ou-acheter-une-carte-sim-thailandaise-e-sim-pour-koh-samui\">II. O\u00f9 acheter une carte SIM tha\u00eflandaise\/eSIM pour Koh Samui<\/a><\/div><div><a href=\"#iii-koh-samui-e-sim-pour-les-voyageurs-une-alternative-intelligente\">III. Koh Samui eSIM pour les voyageurs &#8211; une alternative intelligente<\/a><\/div><div><a href=\"#iv-conseils-et-recommandations-pour-acheter-une-carte-sim-a-koh-samui\">IV. Conseils et recommandations pour acheter une carte SIM \u00e0 Koh Samui<\/a><\/div><div><a href=\"#v-faq\">V. FAQ<\/a><\/div><div><a href=\"#vi-conclusion\">VI. Conclusion<\/a><\/div><\/div><\/nav><\/div>\n\n\n\n<h2 class=\"wp-block-heading\" id=\"i-cartes-sim-pour-touristes-a-koh-samui\">I. Cartes SIM pour touristes \u00e0 Koh Samui<\/h2>\n\n\n\n<h3 class=\"wp-block-heading\" id=\"1-types-of-thailand-sim-cards-in-koh-samui\">1. Types de cartes SIM tha\u00eflandaises \u00e0 Koh Samui<\/h3>\n\n\n\n<p>Il existe plusieurs types de cartes SIM pour Koh Samui:<\/p>\n\n\n\n<ul>\n<li><strong>Carte SIM locale pr\u00e9pay\u00e9e <\/strong>&#8211; meilleures options pour les habitants locaux ou les visiteurs de longue dur\u00e9e en Tha\u00eflande. Ces cartes SIM sont assorties de forfaits voix et donn\u00e9es bon march\u00e9 propos\u00e9s par les op\u00e9rateurs de t\u00e9l\u00e9phonie mobile locaux les plus populaires &#8212; AIS, dtac et TrueMove H.<\/li>\n\n\n\n<li><strong>Carte SIM pr\u00e9pay\u00e9e pour touristes<\/strong> &#8211; sp\u00e9cialement con\u00e7ue pour les visiteurs de la Tha\u00eflande, comme les visiteurs de Koh Samui, ce type de SIM offre g\u00e9n\u00e9ralement des donn\u00e9es illimit\u00e9es, des appels internationaux gratuits, ou des avantages suppl\u00e9mentaires adapt\u00e9s pour r\u00e9pondre aux besoins de tout visiteur.<\/li>\n\n\n\n<li><strong>Carte SIM donn\u00e9es uniquement<\/strong> &#8211; Parfaite pour les voyageurs de courte dur\u00e9e qui n&#8217;ont besoin que d&#8217;un acc\u00e8s internet, ce type de SIM est id\u00e9al pour ceux qui explorent Koh Samui et n&#8217;ont pas besoin de services vocaux ou de messagerie.<\/li>\n<\/ul>\n\n\n\n<figure class=\"wp-block-image size-large\"><img decoding=\"async\" src=\"https:\/\/thailandesim.com\/wp-content\/uploads\/2025\/06\/2-1024x683.jpg\" alt=\"carte SIM physique\" class=\"wp-image-35902\" \/><figcaption class=\"wp-element-caption\">carte SIM physique<\/figcaption><\/figure>\n\n\n\n<h3 class=\"wp-block-heading\" id=\"2-which-i-need-to-buy-a-tourist-sim-card-in-koh-samui\">2. De quoi ai-je besoin pour acheter une carte SIM touristique \u00e0 Koh Samui?<\/h3>\n\n\n\n<p>Pour acheter une carte SIM locale \u00e0 Koh Samui, les visiteurs doivent se munir des documents suivants:<\/p>\n\n\n\n<ul>\n<li>Assurez-vous que votre t\u00e9l\u00e9phone n&#8217;est pas d\u00e9bloqu\u00e9 et qu&#8217;il peut fonctionner librement en Tha\u00eflande.<\/li>\n\n\n\n<li>Preuve d&#8217;identit\u00e9 (carte d&#8217;identit\u00e9\/passeport)<\/li>\n\n\n\n<li>Esp\u00e8ces si disponibles.<\/li>\n<\/ul>\n\n\n\n<h3 class=\"wp-block-heading\" id=\"3-tourist-koh-samui-sim-card-prices-range\">3. Gamme de prix des cartes SIM pour les touristes \u00e0 Koh Samui<\/h3>\n\n\n\n<p>In Koh Samui (and across Thailand), major providers offer prepaid <strong>tourist SIMs<\/strong> with <em>unlimited 5G\/4G data<\/em>, free local and some international calls, plus added perks like Wi\u2011Fi access and bonus credit. La tarification (\u00e0 la mi-2025) est la suivante:<\/p>\n\n\n\n<figure class=\"wp-block-table\"><table><thead><tr><th><strong>Carte SIM<\/strong><\/th><th><strong>Donn\u00e9es &amp; Avantages<\/strong><\/th><th><strong>Validit\u00e9<\/strong><\/th><th><strong>Prix (USD)<\/strong><\/th><\/tr><\/thead><tbody><tr><td><strong>AIS Lucky Tourist SIM \u2013 5 jours<\/strong><\/td><td>Donn\u00e9es illimit\u00e9es 5G\/4G, appels AIS gratuits, cr\u00e9dit bonus de \u0e3f100, Wi-Fi AIS illimit\u00e9<\/td><td>5 jours<\/td><td>9,97 $ (ais.th)<\/td><\/tr><tr><td><strong>AIS Lucky Tourist SIM \u2013 8 jours<\/strong><\/td><td>Donn\u00e9es illimit\u00e9es 5G\/4G, appels AIS gratuits, cr\u00e9dit bonus de \u0e3f100, Wi-Fi AIS illimit\u00e9<\/td><td>8 jours<\/td><td>12,83 $<\/td><\/tr><tr><td><strong>AIS Lucky Tourist SIM \u2013 15 jours<\/strong><\/td><td>Donn\u00e9es illimit\u00e9es 5G\/4G, appels AIS gratuits, cr\u00e9dit bonus de \u0e3f100, Wi-Fi AIS illimit\u00e9<\/td><td>15 jours<\/td><td>19,97 $<\/td><\/tr><tr><td><strong>AIS Lucky Tourist SIM \u2013 30 jours<\/strong><\/td><td>Donn\u00e9es illimit\u00e9es 5G\/4G, appels AIS gratuits, cr\u00e9dit bonus de \u0e3f100, Wi-Fi AIS illimit\u00e9<\/td><td>30 jours<\/td><td>34,25 $<\/td><\/tr><tr><td><strong>True dtac Tourist Infinite SIM \u2013 8 jours<\/strong><\/td><td>Donn\u00e9es illimit\u00e9es 5G\/4G, Wi-Fi illimit\u00e9, appels locaux gratuits (jusqu\u2019\u00e0 15 min\/appel)<\/td><td>8 jours<\/td><td>12,83 $<\/td><\/tr><tr><td><strong>True dtac Tourist Infinite SIM \u2013 15 jours<\/strong><\/td><td>Donn\u00e9es illimit\u00e9es 5G\/4G, Wi-Fi illimit\u00e9, appels locaux gratuits (jusqu\u2019\u00e0 15 min\/appel)<\/td><td>15 jours<\/td><td>19,97 $<\/td><\/tr><tr><td><strong>True dtac Tourist Infinite SIM \u2013 30 jours<\/strong><\/td><td>Donn\u00e9es illimit\u00e9es 5G\/4G, Wi-Fi illimit\u00e9, appels locaux gratuits (jusqu\u2019\u00e0 15 min\/appel)<\/td><td>30 jours<\/td><td>34,25 $<\/td><\/tr><tr><td><strong>True \u201cThailand Tourist Infinite SIM\u201d \u2013 10 jours<\/strong><\/td><td>Donn\u00e9es illimit\u00e9es 5G\/4G, Wi-Fi illimit\u00e9, appels locaux gratuits (24h\/24 et 7j\/7)<\/td><td>10 jours<\/td><td>9,97 $<\/td><\/tr><\/tbody><\/table><\/figure>\n\n\n\n<h2 class=\"wp-block-heading\" id=\"ii-ou-acheter-une-carte-sim-thailandaise-e-sim-pour-koh-samui\">II. O\u00f9 acheter une carte SIM tha\u00eflandaise\/eSIM pour Koh Samui<\/h2>\n\n\n\n<p>Les cartes SIM tha\u00eflandaises se trouvent et s&#8217;ach\u00e8tent facilement en ligne, dans les a\u00e9roports ou dans les magasins. Prenez en compte nos recommandations ci-dessous:<\/p>\n\n\n\n<ul>\n<li><strong>A\u00e9roport international de Tha\u00eflande<\/strong>: Les boutiques de t\u00e9l\u00e9communications de l&#8217;a\u00e9roport proposent des cartes SIM pr\u00e9pay\u00e9es aux touristes.<\/li>\n\n\n\n<li><strong>Magasins de proximit\u00e9<\/strong>: Le magasin 7-Eleven est largement r\u00e9pandu dans toute la ville et vend \u00e9galement des cartes SIM pour touristes.<\/li>\n\n\n\n<li><strong>Magasins officiels des op\u00e9rateurs de r\u00e9seaux mobiles<\/strong>: Vous pouvez vous rendre dans les magasins locaux des op\u00e9rateurs de r\u00e9seaux mobiles tels que AIS, True Move H et dtac pour acheter une carte SIM.<\/li>\n<\/ul>\n\n\n\n<figure class=\"wp-block-image size-large\"><img decoding=\"async\" src=\"https:\/\/thailandesim.com\/wp-content\/uploads\/2024\/09\/Mobile-operators-kios-at-the-airport-1024x768.jpg\" alt=\"Vous pouvez acheter une carte SIM touristique dans les kiosques des op\u00e9rateurs de t\u00e9l\u00e9phonie mobile \u00e0 l'a\u00e9roport\" class=\"wp-image-25229\" \/><figcaption class=\"wp-element-caption\">Vous pouvez acheter une carte SIM touristique dans les kiosques des op\u00e9rateurs de t\u00e9l\u00e9phonie mobile \u00e0 l&#8217;a\u00e9roport<\/figcaption><\/figure>\n\n\n\n<h2 class=\"wp-block-heading\" id=\"iii-koh-samui-e-sim-pour-les-voyageurs-une-alternative-intelligente\">III. Koh Samui eSIM pour les voyageurs &#8211; une alternative intelligente<\/h2>\n\n\n\n<p>Les visiteurs de Koh Samui avaient l&#8217;habitude d&#8217;utiliser des cartes SIM physiques pour se connecter \u00e0 l&#8217;internet. Cependant, Koh Samui eSIM a chang\u00e9 l&#8217;acc\u00e8s \u00e0 l&#8217;internet gr\u00e2ce \u00e0 sa commodit\u00e9, sa flexibilit\u00e9 et sa facilit\u00e9 d&#8217;utilisation. Pour une coop\u00e9ration rapide et fiable, les visiteurs devraient envisager d&#8217;utiliser Koh Samui eSIM afin de gagner du temps et d&#8217;\u00e9viter les d\u00e9sagr\u00e9ments.<\/p>\n\n\n\n<p><a href=\"https:\/\/thailandesim.com\/fr\/product-home-featured\/\">Thailandesim.com<\/a>&nbsp;propose une vari\u00e9t\u00e9 de forfaits eSIM pour Ayutthaya, qui pourraient constituer votre solution id\u00e9ale pour rester connect\u00e9.<\/p>\n\n\n\n<ul>\n<li>Elle peut \u00eatre achet\u00e9e en ligne et install\u00e9e avant l&#8217;arriv\u00e9e en Tha\u00eflande, ce qui \u00e9vite de faire la queue \u00e0 l&#8217;a\u00e9roport pour acheter une carte SIM.<\/li>\n\n\n\n<li>Aucun passeport n&#8217;est requis pour l&#8217;inscription.<\/li>\n\n\n\n<li>Il propose de nombreux plans aux visiteurs.<\/li>\n\n\n\n<li>Prise en charge du r\u00e9seau 5G.<\/li>\n<\/ul>\n\n\n\n<h2 class=\"wp-block-heading has-text-align-center\" id=\"plans-susceptibles-de-vous-interesser\">Plans susceptibles de vous int\u00e9resser<\/h2>\n\n\n<div class=\"lazyblock-cta-show-product-2nL7Av wp-block-lazyblock-cta-show-product\"><div class=\"cta-show-products mb-6\">\n    <div class=\"row vnb-esim-rows\" data-elementor-columns=\"3\" data-elementor-columns-tablet=\"2\" data-elementor-columns-mobile=\"1\">\n                                                <div class=\"column-item\">\n                    <div class=\"vnb-cta-show-product-item\">\n                        <div class=\"product-info\">\n                            <div class=\"product-transition\">\n                                                                <img decoding=\"async\" src=\"https:\/\/thailandesim.com\/vnb-data\/media\/flag\/th.png\" alt=\"Plan eSIM Koh Samui 8 jours\">\n                            <\/div>\n                            <div class=\"product-caption\">\n                                <div class=\"country\">Plan eSIM Koh Samui 8 jours<\/div>\n                                <div class=\"from-price\">\n                                    <span class=\"title-price\" style=\"text-transform: capitalize;\">\n                                                                            <\/span>\n                                    <span class=\"text-price\">\n                                        &#36;15.90                                    <\/span>\n                                <\/div>\n                            <\/div>\n                        <\/div>\n                        <div class=\"icon\">\n                            <svg width=\"40\" height=\"40\" viewBox=\"0 0 40 40\" fill=\"none\" xmlns=\"http:\/\/www.w3.org\/2000\/svg\">\n                                <path d=\"M31.25 21.25L6.25 21.25C5.91848 21.25 5.60054 21.1183 5.36612 20.8839C5.1317 20.6495 5 20.3315 5 20C5 19.6685 5.1317 19.3505 5.36612 19.1161C5.60054 18.8817 5.91848 18.75 6.25 18.75L31.25 18.75C31.5815 18.75 31.8995 18.8817 32.1339 19.1161C32.3683 19.3505 32.5 19.6685 32.5 20C32.5 20.3315 32.3683 20.6495 32.1339 20.8839C31.8995 21.1183 31.5815 21.25 31.25 21.25Z\" fill=\"black\" \/>\n                                <path d=\"M30.7303 19.9984L20.3628 9.63342C20.128 9.3987 19.9962 9.08036 19.9962 8.74842C19.9962 8.41648 20.128 8.09813 20.3628 7.86342C20.5975 7.6287 20.9158 7.49684 21.2478 7.49684C21.5797 7.49684 21.898 7.6287 22.1328 7.86342L33.3828 19.1134C33.4992 19.2295 33.5915 19.3675 33.6545 19.5193C33.7176 19.6712 33.75 19.834 33.75 19.9984C33.75 20.1628 33.7176 20.3256 33.6545 20.4775C33.5915 20.6294 33.4992 20.7673 33.3828 20.8834L22.1328 32.1334C21.8981 32.3681 21.5797 32.5 21.2478 32.5C20.9158 32.5 20.5975 32.3681 20.3628 32.1334C20.1281 31.8987 19.9962 31.5804 19.9962 31.2484C19.9962 30.9165 20.1281 30.5981 20.3628 30.3634L30.7303 19.9984Z\" fill=\"black\" \/>\n                            <\/svg>\n                        <\/div>\n                        <a href=\"https:\/\/thailandesim.com\/fr\/esim\/koh-samui\/?attribute_pa_data-plan=dtac&#038;attribute_pa_validity=8-days\"><\/a>\n                    <\/div>\n                <\/div>\n                                                            <div class=\"column-item\">\n                    <div class=\"vnb-cta-show-product-item\">\n                        <div class=\"product-info\">\n                            <div class=\"product-transition\">\n                                                                <img decoding=\"async\" src=\"https:\/\/thailandesim.com\/vnb-data\/media\/flag\/th.png\" alt=\"Plan eSIM Koh Samui 10 jours\">\n                            <\/div>\n                            <div class=\"product-caption\">\n                                <div class=\"country\">Plan eSIM Koh Samui 10 jours<\/div>\n                                <div class=\"from-price\">\n                                    <span class=\"title-price\" style=\"text-transform: capitalize;\">\n                                                                            <\/span>\n                                    <span class=\"text-price\">\n                                        &#36;44.90                                    <\/span>\n                                <\/div>\n                            <\/div>\n                        <\/div>\n                        <div class=\"icon\">\n                            <svg width=\"40\" height=\"40\" viewBox=\"0 0 40 40\" fill=\"none\" xmlns=\"http:\/\/www.w3.org\/2000\/svg\">\n                                <path d=\"M31.25 21.25L6.25 21.25C5.91848 21.25 5.60054 21.1183 5.36612 20.8839C5.1317 20.6495 5 20.3315 5 20C5 19.6685 5.1317 19.3505 5.36612 19.1161C5.60054 18.8817 5.91848 18.75 6.25 18.75L31.25 18.75C31.5815 18.75 31.8995 18.8817 32.1339 19.1161C32.3683 19.3505 32.5 19.6685 32.5 20C32.5 20.3315 32.3683 20.6495 32.1339 20.8839C31.8995 21.1183 31.5815 21.25 31.25 21.25Z\" fill=\"black\" \/>\n                                <path d=\"M30.7303 19.9984L20.3628 9.63342C20.128 9.3987 19.9962 9.08036 19.9962 8.74842C19.9962 8.41648 20.128 8.09813 20.3628 7.86342C20.5975 7.6287 20.9158 7.49684 21.2478 7.49684C21.5797 7.49684 21.898 7.6287 22.1328 7.86342L33.3828 19.1134C33.4992 19.2295 33.5915 19.3675 33.6545 19.5193C33.7176 19.6712 33.75 19.834 33.75 19.9984C33.75 20.1628 33.7176 20.3256 33.6545 20.4775C33.5915 20.6294 33.4992 20.7673 33.3828 20.8834L22.1328 32.1334C21.8981 32.3681 21.5797 32.5 21.2478 32.5C20.9158 32.5 20.5975 32.3681 20.3628 32.1334C20.1281 31.8987 19.9962 31.5804 19.9962 31.2484C19.9962 30.9165 20.1281 30.5981 20.3628 30.3634L30.7303 19.9984Z\" fill=\"black\" \/>\n                            <\/svg>\n                        <\/div>\n                        <a href=\"https:\/\/thailandesim.com\/fr\/esim\/koh-samui\/?attribute_pa_data-plan=dtac&#038;attribute_pa_validity=30-days\"><\/a>\n                    <\/div>\n                <\/div>\n                                                            <div class=\"column-item\">\n                    <div class=\"vnb-cta-show-product-item\">\n                        <div class=\"product-info\">\n                            <div class=\"product-transition\">\n                                                                <img decoding=\"async\" src=\"https:\/\/thailandesim.com\/vnb-data\/media\/flag\/th.png\" alt=\"Plan eSIM Koh Samui 15 jours\">\n                            <\/div>\n                            <div class=\"product-caption\">\n                                <div class=\"country\">Plan eSIM Koh Samui 15 jours<\/div>\n                                <div class=\"from-price\">\n                                    <span class=\"title-price\" style=\"text-transform: capitalize;\">\n                                                                            <\/span>\n                                    <span class=\"text-price\">\n                                        &#36;14.90                                    <\/span>\n                                <\/div>\n                            <\/div>\n                        <\/div>\n                        <div class=\"icon\">\n                            <svg width=\"40\" height=\"40\" viewBox=\"0 0 40 40\" fill=\"none\" xmlns=\"http:\/\/www.w3.org\/2000\/svg\">\n                                <path d=\"M31.25 21.25L6.25 21.25C5.91848 21.25 5.60054 21.1183 5.36612 20.8839C5.1317 20.6495 5 20.3315 5 20C5 19.6685 5.1317 19.3505 5.36612 19.1161C5.60054 18.8817 5.91848 18.75 6.25 18.75L31.25 18.75C31.5815 18.75 31.8995 18.8817 32.1339 19.1161C32.3683 19.3505 32.5 19.6685 32.5 20C32.5 20.3315 32.3683 20.6495 32.1339 20.8839C31.8995 21.1183 31.5815 21.25 31.25 21.25Z\" fill=\"black\" \/>\n                                <path d=\"M30.7303 19.9984L20.3628 9.63342C20.128 9.3987 19.9962 9.08036 19.9962 8.74842C19.9962 8.41648 20.128 8.09813 20.3628 7.86342C20.5975 7.6287 20.9158 7.49684 21.2478 7.49684C21.5797 7.49684 21.898 7.6287 22.1328 7.86342L33.3828 19.1134C33.4992 19.2295 33.5915 19.3675 33.6545 19.5193C33.7176 19.6712 33.75 19.834 33.75 19.9984C33.75 20.1628 33.7176 20.3256 33.6545 20.4775C33.5915 20.6294 33.4992 20.7673 33.3828 20.8834L22.1328 32.1334C21.8981 32.3681 21.5797 32.5 21.2478 32.5C20.9158 32.5 20.5975 32.3681 20.3628 32.1334C20.1281 31.8987 19.9962 31.5804 19.9962 31.2484C19.9962 30.9165 20.1281 30.5981 20.3628 30.3634L30.7303 19.9984Z\" fill=\"black\" \/>\n                            <\/svg>\n                        <\/div>\n                        <a href=\"https:\/\/thailandesim.com\/fr\/esim\/koh-samui\/?attribute_pa_data-plan=ais&#038;attribute_pa_validity=10-days\"><\/a>\n                    <\/div>\n                <\/div>\n                        <\/div>\n\n<\/div><\/div>\n\n\n<h2 class=\"wp-block-heading\" id=\"iv-conseils-et-recommandations-pour-acheter-une-carte-sim-a-koh-samui\">IV. Conseils et recommandations pour acheter une carte SIM \u00e0 Koh Samui<\/h2>\n\n\n\n<p>Voici quelques conseils et recommandations utiles pour vous assurer de choisir la meilleure carte SIM ou eSIM pour votre s\u00e9jour:<\/p>\n\n\n\n<ul>\n<li>Comparer les op\u00e9rateurs et les forfaits: AIS, TrueMove H et dtac offrent tous des forfaits SIM touristiques fiables avec des donn\u00e9es illimit\u00e9es et des fonctionnalit\u00e9s bonus. Consultez leurs sites web ou visitez les magasins locaux pour comparer les offres avant d&#8217;acheter.<\/li>\n\n\n\n<li>Passeport requis: La Tha\u00eflande exige l&#8217;enregistrement du passeport pour tous les achats de SIM, alors ayez votre pi\u00e8ce d&#8217;identit\u00e9 \u00e0 port\u00e9e de main.<\/li>\n\n\n\n<li>Consid\u00e9rez les options eSIM: Si votre t\u00e9l\u00e9phone prend en charge l&#8217;eSIM, c&#8217;est un choix pratique et sans papier. Des fournisseurs comme AIS et dtac proposent d\u00e9sormais des eSIM touristiques qui peuvent \u00eatre activ\u00e9es instantan\u00e9ment.<\/li>\n\n\n\n<li>Recherchez les forfaits de donn\u00e9es illimit\u00e9es: La plupart des SIM touristiques incluent des donn\u00e9es 4G\/5G illimit\u00e9es, parfaites pour la navigation, les m\u00e9dias sociaux et rester en contact.<\/li>\n\n\n\n<li>V\u00e9rifiez les p\u00e9riodes de validit\u00e9: Adaptez le forfait \u00e0 la dur\u00e9e de votre s\u00e9jour &#8212; 5-8 jours, 15 jours ou 30 jours &#8212; pour obtenir le meilleur rapport qualit\u00e9-prix.<\/li>\n\n\n\n<li>Renseignez-vous sur les options de recharge: Pour les s\u00e9jours plus longs, assurez-vous que votre forfait peut \u00eatre facilement recharg\u00e9 dans les 7-Eleven ou FamilyMart.<\/li>\n\n\n\n<li>Achetez aupr\u00e8s de vendeurs r\u00e9put\u00e9s: Tenez-vous-en aux boutiques officielles des op\u00e9rateurs, aux grandes cha\u00eenes de convenience stores ou aux magasins agr\u00e9\u00e9s pour \u00e9viter les SIM contrefaites ou expir\u00e9es.<\/li>\n\n\n\n<li>Restez en s\u00e9curit\u00e9 avec une sauvegarde: Conservez une copie num\u00e9rique des d\u00e9tails de votre SIM\/eSIM et des contacts du service client \u00e0 port\u00e9e de main en cas de perte ou de probl\u00e8mes d&#8217;activation.<\/li>\n<\/ul>\n\n\n\n<ul>\n<li><\/li>\n<\/ul>\n\n\n\n<h2 class=\"wp-block-heading\" id=\"v-faq\">V. FAQ<\/h2>\n\n\n<div id=\"rank-math-faq\" class=\"rank-math-block rank-math-question\">\n<div class=\"rank-math-list \">\n<div id=\"faq-question-1749209734265\" class=\"rank-math-list-item\">\n<h3 class=\"rank-math-question \">O\u00f9 puis-je acheter une carte SIM \u00e0 Koh Samui ?<\/h3>\n<div class=\"rank-math-answer \">\n\n<p>Les cartes SIM locales peuvent \u00eatre trouv\u00e9es dans ces lieux:<br \/>Boutiques de t\u00e9l\u00e9phonie mobile: AIS, dtac, TrueMove<br \/>Convenience stores: 7-Eleven, Family Mart<br \/>Kiosques d&#8217;a\u00e9roport<br \/>Acheter une eSIM via thailandesim.com au lieu d&#8217;utiliser des SIM physiques<\/p>\n\n<\/div>\n<\/div>\n<div id=\"faq-question-1749209751411\" class=\"rank-math-list-item\">\n<h3 class=\"rank-math-question \">Quel op\u00e9rateur est le meilleur \u00e0 Koh Samui?<\/h3>\n<div class=\"rank-math-answer \">\n\n<p>Les trois principaux fournisseurs &#8211; AIS, TrueMove H et dtac &#8211; offrent une couverture fiable dans la plupart des zones touristiques. AIS est souvent lou\u00e9 pour son r\u00e9seau 4G\/5G \u00e9tendu sur l&#8217;\u00eele, mais TrueMove H et dtac disposent \u00e9galement d&#8217;une bonne couverture.<\/p>\n\n<\/div>\n<\/div>\n<div id=\"faq-question-1749209769068\" class=\"rank-math-list-item\">\n<h3 class=\"rank-math-question \">Dois-je pr\u00e9senter une pi\u00e8ce d&#8217;identit\u00e9 pour acheter une carte SIM?<\/h3>\n<div class=\"rank-math-answer \">\n\n<p>Oui, la loi tha\u00eflandaise exige que vous enregistriez votre carte SIM \u00e0 l&#8217;aide d&#8217;un passeport valide. Be prepared to show it at the time of purchase<\/p>\n\n<\/div>\n<\/div>\n<div id=\"faq-question-1749209795309\" class=\"rank-math-list-item\">\n<h3 class=\"rank-math-question \">Est-ce que mon t\u00e9l\u00e9phone fonctionnera avec les cartes SIM tha\u00eflandaises?<\/h3>\n<div class=\"rank-math-answer \">\n\n<p>Votre t\u00e9l\u00e9phone doit \u00eatre d\u00e9bloqu\u00e9 pour pouvoir utiliser une carte SIM tha\u00eflandaise. La plupart des smartphones modernes sont compatibles avec les r\u00e9seaux tha\u00eflandais, qui utilisent la technologie GSM standard.<\/p>\n\n<\/div>\n<\/div>\n<div id=\"faq-question-1749209809236\" class=\"rank-math-list-item\">\n<h3 class=\"rank-math-question \">Puis-je utiliser une eSIM au lieu d\u2019une carte SIM?<\/h3>\n<div class=\"rank-math-answer \">\n\n<p>Oui, les visiteurs peuvent utiliser l\u2019eSIM pour rester connect\u00e9s \u00e0 Koh Samui. Envisager d\u2019utiliser la carte eSIM de thailandesim.com pour un prix avantageux et divers plans eSIM.<\/p>\n\n<\/div>\n<\/div>\n<\/div>\n<\/div>\n\n\n<h2 class=\"wp-block-heading\" id=\"vi-conclusion\">VI. Conclusion<\/h2>\n\n\n\n<p>L&#8217;achat d&#8217;une carte SIM \u00e0 Koh Samui est facile et abordable Les cartes SIM pour touristes co\u00fbtent entre 10 et 34 USD pour des donn\u00e9es illimit\u00e9es, en fonction de la dur\u00e9e de votre s\u00e9jour. AIS, TrueMove H et dtac offrent une couverture fiable. N&#8217;oubliez pas d&#8217;acheter dans des magasins r\u00e9put\u00e9s, de vous munir de votre passeport pour l&#8217;enregistrement et d&#8217;opter pour une carte eSIM si votre t\u00e9l\u00e9phone la prend en charge. B\u00e9n\u00e9ficiez d&#8217;une coactivit\u00e9 sans faille lors de vos aventures sur l&#8217;\u00eele!<\/p>\n","protected":false},"excerpt":{"rendered":"<p>Rester connect\u00e9 \u00e0 Koh Samui avec une carte SIM locale est l&#8217;une des options les plus judicieuses pour les visiteurs de Koh Samui. Dans ce guide, nous vous donnons des conseils avis\u00e9s de locaux sur la fa\u00e7on d&#8217;acheter une carte SIM \u00e0 Koh Samui: o\u00f9 trouver les meilleurs prix, quels forfaits choisir, afin que vous [&#8230;]\n","protected":false},"author":15,"featured_media":19668,"parent":1061,"menu_order":0,"comment_status":"closed","ping_status":"closed","template":"page-right-sidebar.php","meta":{"_acf_changed":false,"inline_featured_image":false,"footnotes":""},"acf":[],"_links":{"self":[{"href":"https:\/\/thailandesim.com\/fr\/wp-json\/wp\/v2\/pages\/19660"}],"collection":[{"href":"https:\/\/thailandesim.com\/fr\/wp-json\/wp\/v2\/pages"}],"about":[{"href":"https:\/\/thailandesim.com\/fr\/wp-json\/wp\/v2\/types\/page"}],"author":[{"embeddable":true,"href":"https:\/\/thailandesim.com\/fr\/wp-json\/wp\/v2\/users\/15"}],"replies":[{"embeddable":true,"href":"https:\/\/thailandesim.com\/fr\/wp-json\/wp\/v2\/comments?post=19660"}],"version-history":[{"count":0,"href":"https:\/\/thailandesim.com\/fr\/wp-json\/wp\/v2\/pages\/19660\/revisions"}],"up":[{"embeddable":true,"href":"https:\/\/thailandesim.com\/fr\/wp-json\/wp\/v2\/pages\/1061"}],"wp:featuredmedia":[{"embeddable":true,"href":"https:\/\/thailandesim.com\/fr\/wp-json\/wp\/v2\/media\/19668"}],"wp:attachment":[{"href":"https:\/\/thailandesim.com\/fr\/wp-json\/wp\/v2\/media?parent=19660"}],"curies":[{"name":"wp","href":"https:\/\/api.w.org\/{rel}","templated":true}]}}