{"id":19632,"date":"2025-06-08T02:45:09","date_gmt":"2025-06-08T02:45:09","guid":{"rendered":"https:\/\/thailandesim.com\/?page_id=35987"},"modified":"2025-08-01T03:40:32","modified_gmt":"2025-08-01T03:40:32","slug":"ayutthaya","status":"publish","type":"page","link":"https:\/\/thailandesim.com\/fr\/carte-sim\/ayutthaya\/","title":{"rendered":"Comment acheter une carte SIM \u00e0 Ayutthaya: Conseils de locaux"},"content":{"rendered":"\n<p>Visiter Ayutthaya et vouloir rester au frais? Il est facile d&#8217;acheter une carte SIM \u00e0 Ayutthaya, avec de nombreuses options propos\u00e9es par les principaux fournisseurs tha\u00eflandais. Que vous partiez \u00e0 la d\u00e9couverte des temples anciens ou des march\u00e9s locaux, une carte SIM avec un forfait de donn\u00e9es vous permet de naviguer, de partager et de rester en contact. Voici comment acheter une carte SIM \u00e0 Ayutthaya et des conseils d&#8217;habitants pour vous aider \u00e0 trouver les meilleures offres.<\/p>\n\n\n\n<figure class=\"wp-block-image size-large\"><img decoding=\"async\" width=\"1024\" height=\"683\" src=\"https:\/\/thailandesim.com\/fr\/wp-content\/uploads\/2025\/06\/How-to-buy-a-SIM-Card-in-NYC-3-1024x683.jpg\" alt=\"\" class=\"wp-image-19596\" srcset=\"https:\/\/thailandesim.com\/fr\/wp-content\/uploads\/2025\/06\/How-to-buy-a-SIM-Card-in-NYC-3-1024x683.jpg 1024w, https:\/\/thailandesim.com\/fr\/wp-content\/uploads\/2025\/06\/How-to-buy-a-SIM-Card-in-NYC-3-300x200.jpg 300w, https:\/\/thailandesim.com\/fr\/wp-content\/uploads\/2025\/06\/How-to-buy-a-SIM-Card-in-NYC-3-768x512.jpg 768w, https:\/\/thailandesim.com\/fr\/wp-content\/uploads\/2025\/06\/How-to-buy-a-SIM-Card-in-NYC-3-510x340.jpg 510w, https:\/\/thailandesim.com\/fr\/wp-content\/uploads\/2025\/06\/How-to-buy-a-SIM-Card-in-NYC-3.jpg 1200w\" sizes=\"(max-width: 1024px) 100vw, 1024px\" \/><\/figure>\n\n\n\n<div class=\"wp-block-rank-math-toc-block\" id=\"rank-math-toc\"><h2>Table des Mati\u00e8res<\/h2><nav><div><div><a href=\"#i-cartes-sim-pour-touristes-a-ayutthaya\">I. Cartes SIM pour touristes \u00e0 Ayutthaya<\/a><\/div><div><a href=\"#ii-ou-acheter-une-carte-sim-e-sim-pour-la-thailande-ayutthaya\">II. O\u00f9 acheter une carte SIM\/eSIM pour la Tha\u00eflande (Ayutthaya)<\/a><\/div><div><a href=\"#iii-ayutthaya-e-sim-pour-les-voyageurs-une-alternative-intelligente\">III. Ayutthaya eSIM pour les voyageurs &#8211; une alternative intelligente<\/a><\/div><div><a href=\"#iv-conseils-et-recommandations-pour-acheter-une-carte-sim-ayutthaya\">IV. Conseils et recommandations pour acheter une carte SIM Ayutthaya<\/a><\/div><div><a href=\"#v-faq\">V. FAQ<\/a><\/div><div><a href=\"#vi-conclusion\">VI. Conclusion<\/a><\/div><\/div><\/nav><\/div>\n\n\n\n<h2 class=\"wp-block-heading\" id=\"i-cartes-sim-pour-touristes-a-ayutthaya\">I. Cartes SIM pour touristes \u00e0 Ayutthaya<\/h2>\n\n\n\n<h3 class=\"wp-block-heading\" id=\"1-types-of-thailand-sim-cards-in-koh-samui\">1. Types de cartes SIM tha\u00eflandaises \u00e0 Ayutthaya<\/h3>\n\n\n\n<p>Il existe plusieurs types de cartes SIM pour Ayutthaya :<\/p>\n\n\n\n<ul>\n<li><strong>Carte SIM pr\u00e9pay\u00e9e locale<\/strong> &#8211; Parfaites pour les habitants locaux et les voyageurs de longue dur\u00e9e en Tha\u00eflande. Ces cartes SIM sont abordables et proposent des forfaits voix et donn\u00e9es des meilleurs fournisseurs tels que AIS, dtac et TrueMove.<\/li>\n\n\n\n<li><strong>Carte SIM pr\u00e9pay\u00e9e pour touristes<\/strong> \u2013 Con\u00e7ue sp\u00e9cialement pour les visiteurs en Tha\u00eflande, y compris ceux qui se rendent \u00e0 Ayutthaya, ces cartes SIM incluent g\u00e9n\u00e9ralement des donn\u00e9es illimit\u00e9es, des appels internationaux gratuits et d&#8217;autres avantages pour r\u00e9pondre aux besoins des voyageurs.<\/li>\n\n\n\n<li><strong>Carte SIM uniquement pour les donn\u00e9es<\/strong> \u2013 Excellente option pour les touristes de courte dur\u00e9e qui ont uniquement besoin d\u2019un acc\u00e8s \u00e0 Internet, ces cartes SIM sont parfaites pour explorer Ayutthaya sans avoir \u00e0 passer d&#8217;appels ni envoyer de messages.<\/li>\n<\/ul>\n\n\n\n<figure class=\"wp-block-image size-large\"><img decoding=\"async\" src=\"https:\/\/thailandesim.com\/wp-content\/uploads\/2025\/06\/2-1024x683.jpg\" alt=\"physical SIM card\" class=\"wp-image-35902\" \/><figcaption class=\"wp-element-caption\">Carte SIM physique<\/figcaption><\/figure>\n\n\n\n<h3 class=\"wp-block-heading\" id=\"2-which-i-need-to-buy-a-tourist-sim-card-in-koh-samui\">2. De quoi ai-je besoin pour acheter une carte SIM touristique \u00e0 Ayutthaya?<\/h3>\n\n\n\n<p>Pour acheter une carte SIM locale \u00e0 Ayutthaya, les visiteurs doivent se munir des documents suivants:<\/p>\n\n\n\n<ul>\n<li>Assurez-vous que votre t\u00e9l\u00e9phone n&#8217;est pas d\u00e9bloqu\u00e9 et qu&#8217;il peut fonctionner librement en Tha\u00eflande.<\/li>\n\n\n\n<li>Preuve d&#8217;identit\u00e9 (carte d&#8217;identit\u00e9\/passeport)<\/li>\n\n\n\n<li>Esp\u00e8ces si disponibles.<\/li>\n<\/ul>\n\n\n\n<h3 class=\"wp-block-heading\" id=\"tourist-ayutthaya-sim-card-prices-range\">3. Les prix des cartes SIM pour les touristes d&#8217;Ayutthaya varient<\/h3>\n\n\n\n<p>Les principaux op\u00e9rateurs de t\u00e9l\u00e9phonie mobile tha\u00eflandais proposent des cartes SIM pr\u00e9pay\u00e9es pour les touristes, avec des donn\u00e9es 5G\/4G illimit\u00e9es, des appels locaux gratuits et certains appels internationaux, ainsi que des avantages suppl\u00e9mentaires tels que le Wi-Fi et des cr\u00e9dits bonus. \u00c0 partir de la mi-2025, la fourchette de prix ci-dessous est envisageable:<\/p>\n\n\n\n<figure class=\"wp-block-table\"><table><thead><tr><th><strong>Carte SIM<\/strong><\/th><th><strong>Donn\u00e9es &amp; Avantages<\/strong><\/th><th><strong>Validit\u00e9<\/strong><\/th><th><strong>Prix (USD)<\/strong><\/th><\/tr><\/thead><tbody><tr><td><strong>AIS Lucky Tourist SIM \u2013 5 jours<\/strong><\/td><td>Donn\u00e9es illimit\u00e9es 5G\/4G, appels AIS gratuits, cr\u00e9dit bonus de \u0e3f100, Wi-Fi AIS illimit\u00e9<\/td><td>5 jours<\/td><td>9,97 $ (ais.th)<\/td><\/tr><tr><td><strong>AIS Lucky Tourist SIM \u2013 8 jours<\/strong><\/td><td>Donn\u00e9es illimit\u00e9es 5G\/4G, appels AIS gratuits, cr\u00e9dit bonus de \u0e3f100, Wi-Fi AIS illimit\u00e9<\/td><td>8 jours<\/td><td>12,83 $<\/td><\/tr><tr><td><strong>AIS Lucky Tourist SIM \u2013 15 jours<\/strong><\/td><td>Donn\u00e9es illimit\u00e9es 5G\/4G, appels AIS gratuits, cr\u00e9dit bonus de \u0e3f100, Wi-Fi AIS illimit\u00e9<\/td><td>15 jours<\/td><td>19,97 $<\/td><\/tr><tr><td><strong>AIS Lucky Tourist SIM \u2013 30 jours<\/strong><\/td><td>Donn\u00e9es illimit\u00e9es 5G\/4G, appels AIS gratuits, cr\u00e9dit bonus de \u0e3f100, Wi-Fi AIS illimit\u00e9<\/td><td>30 jours<\/td><td>34,25 $<\/td><\/tr><tr><td><strong>True dtac Tourist Infinite SIM \u2013 8 jours<\/strong><\/td><td>Donn\u00e9es illimit\u00e9es 5G\/4G, Wi-Fi illimit\u00e9, appels locaux gratuits (jusqu\u2019\u00e0 15 min\/appel)<\/td><td>8 jours<\/td><td>12,83 $<\/td><\/tr><tr><td><strong>True dtac Tourist Infinite SIM \u2013 15 jours<\/strong><\/td><td>Donn\u00e9es illimit\u00e9es 5G\/4G, Wi-Fi illimit\u00e9, appels locaux gratuits (jusqu\u2019\u00e0 15 min\/appel)<\/td><td>15 jours<\/td><td>19,97 $<\/td><\/tr><tr><td><strong>True dtac Tourist Infinite SIM \u2013 30 jours<\/strong><\/td><td>Donn\u00e9es illimit\u00e9es 5G\/4G, Wi-Fi illimit\u00e9, appels locaux gratuits (jusqu\u2019\u00e0 15 min\/appel)<\/td><td>30 jours<\/td><td>34,25 $<\/td><\/tr><tr><td><strong>True \u201cThailand Tourist Infinite SIM\u201d \u2013 10 jours<\/strong><\/td><td>Donn\u00e9es illimit\u00e9es 5G\/4G, Wi-Fi illimit\u00e9, appels locaux gratuits (24h\/24 et 7j\/7)<\/td><td>10 jours<\/td><td>9,97 $<\/td><\/tr><\/tbody><\/table><\/figure>\n\n\n\n<h2 class=\"wp-block-heading\" id=\"ii-ou-acheter-une-carte-sim-e-sim-pour-la-thailande-ayutthaya\">II. O\u00f9 acheter une carte SIM\/eSIM pour la Tha\u00eflande (Ayutthaya)<\/h2>\n\n\n\n<p>Pour acheter une carte SIM \u00e0 Ayutthaya, les visiteurs peuvent s&#8217;en procurer dans les a\u00e9roports ou dans des magasins physiques. Prenez en compte nos recommandations ci-dessous :<\/p>\n\n\n\n<ul>\n<li><strong>A\u00e9roport international de Tha\u00eflande<\/strong>: Les boutiques de t\u00e9l\u00e9communications \u00e0 l\u2019a\u00e9roport proposent des cartes SIM pr\u00e9pay\u00e9es pour les touristes.<\/li>\n\n\n\n<li><strong>Magasins de proximit\u00e9<\/strong>: Les 7-Eleven, tr\u00e8s r\u00e9pandus en ville, vendent \u00e9galement des cartes SIM pour les voyageurs.<\/li>\n\n\n\n<li><strong>Boutiques officielles des op\u00e9rateurs mobiles<\/strong>: Vous pouvez vous rendre dans les magasins locaux des op\u00e9rateurs tels que <strong>AIS<\/strong>, <strong>True Move H<\/strong> et <strong>dtac<\/strong> pour acheter une carte SIM<\/li>\n<\/ul>\n\n\n\n<figure class=\"wp-block-image size-large\"><img decoding=\"async\" src=\"https:\/\/thailandesim.com\/wp-content\/uploads\/2024\/09\/Mobile-operators-kios-at-the-airport-1024x768.jpg\" alt=\"Vous pouvez acheter une carte SIM touristique dans les kiosques des op\u00e9rateurs de t\u00e9l\u00e9phonie mobile \u00e0 l'a\u00e9roport\" class=\"wp-image-25229\" \/><figcaption class=\"wp-element-caption\">Vous pouvez acheter une carte SIM touristique dans les kiosques des op\u00e9rateurs de t\u00e9l\u00e9phonie mobile \u00e0 l&#8217;a\u00e9roport<\/figcaption><\/figure>\n\n\n\n<h2 class=\"wp-block-heading\" id=\"iii-ayutthaya-e-sim-pour-les-voyageurs-une-alternative-intelligente\">III. Ayutthaya eSIM pour les voyageurs &#8211; une alternative intelligente<\/h2>\n\n\n\n<p>Les visiteurs d&#8217;Ayutthaya avaient l&#8217;habitude d&#8217;utiliser des cartes SIM physiques pour se connecter \u00e0 l&#8217;internet. Cependant, Ayutthaya eSIM a chang\u00e9 l&#8217;acc\u00e8s \u00e0 l&#8217;internet gr\u00e2ce \u00e0 sa commodit\u00e9, sa flexibilit\u00e9 et sa facilit\u00e9 d&#8217;utilisation. Pour une coop\u00e9ration rapide et fiable, les visiteurs devraient envisager d&#8217;utiliser Ayutthaya eSIM afin d&#8217;\u00e9conomiser du temps et de l&#8217;argent.<\/p>\n\n\n\n<p><a href=\"https:\/\/thailandesim.com\/fr\/product-home-featured\/\" data-type=\"page\" data-id=\"19447\">Thailandesim.com<\/a> propose une vari\u00e9t\u00e9 de forfaits eSIM pour Ayutthaya, qui pourraient constituer votre solution id\u00e9ale pour rester connect\u00e9.<\/p>\n\n\n\n<ul>\n<li>Elle peut \u00eatre achet\u00e9e en ligne et install\u00e9e avant l&#8217;arriv\u00e9e en Tha\u00eflande, ce qui \u00e9vite de faire la queue \u00e0 l&#8217;a\u00e9roport pour acheter une carte SIM.<\/li>\n\n\n\n<li>Aucun passeport n&#8217;est requis pour l&#8217;inscription.<\/li>\n\n\n\n<li>Il propose de nombreux plans aux visiteurs.<\/li>\n\n\n\n<li>Prise en charge du r\u00e9seau 5G.<\/li>\n<\/ul>\n\n\n\n<h2 class=\"wp-block-heading has-text-align-center\" id=\"plans-susceptibles-de-vous-interesser\">Plans susceptibles de vous int\u00e9resser<\/h2>\n\n\n<div class=\"lazyblock-cta-show-product-2nL7Av wp-block-lazyblock-cta-show-product\"><div class=\"cta-show-products mb-6\">\n    <div class=\"row vnb-esim-rows\" data-elementor-columns=\"3\" data-elementor-columns-tablet=\"2\" data-elementor-columns-mobile=\"1\">\n                                                <div class=\"column-item\">\n                    <div class=\"vnb-cta-show-product-item\">\n                        <div class=\"product-info\">\n                            <div class=\"product-transition\">\n                                                                <img decoding=\"async\" src=\"https:\/\/thailandesim.com\/vnb-data\/media\/flag\/th.png\" alt=\"Forfait eSIM Ayutthaya \u2013 8 jours\">\n                            <\/div>\n                            <div class=\"product-caption\">\n                                <div class=\"country\">Forfait eSIM Ayutthaya \u2013 8 jours<\/div>\n                                <div class=\"from-price\">\n                                    <span class=\"title-price\" style=\"text-transform: capitalize;\">\n                                                                            <\/span>\n                                    <span class=\"text-price\">\n                                        &#36;15.90                                    <\/span>\n                                <\/div>\n                            <\/div>\n                        <\/div>\n                        <div class=\"icon\">\n                            <svg width=\"40\" height=\"40\" viewBox=\"0 0 40 40\" fill=\"none\" xmlns=\"http:\/\/www.w3.org\/2000\/svg\">\n                                <path d=\"M31.25 21.25L6.25 21.25C5.91848 21.25 5.60054 21.1183 5.36612 20.8839C5.1317 20.6495 5 20.3315 5 20C5 19.6685 5.1317 19.3505 5.36612 19.1161C5.60054 18.8817 5.91848 18.75 6.25 18.75L31.25 18.75C31.5815 18.75 31.8995 18.8817 32.1339 19.1161C32.3683 19.3505 32.5 19.6685 32.5 20C32.5 20.3315 32.3683 20.6495 32.1339 20.8839C31.8995 21.1183 31.5815 21.25 31.25 21.25Z\" fill=\"black\" \/>\n                                <path d=\"M30.7303 19.9984L20.3628 9.63342C20.128 9.3987 19.9962 9.08036 19.9962 8.74842C19.9962 8.41648 20.128 8.09813 20.3628 7.86342C20.5975 7.6287 20.9158 7.49684 21.2478 7.49684C21.5797 7.49684 21.898 7.6287 22.1328 7.86342L33.3828 19.1134C33.4992 19.2295 33.5915 19.3675 33.6545 19.5193C33.7176 19.6712 33.75 19.834 33.75 19.9984C33.75 20.1628 33.7176 20.3256 33.6545 20.4775C33.5915 20.6294 33.4992 20.7673 33.3828 20.8834L22.1328 32.1334C21.8981 32.3681 21.5797 32.5 21.2478 32.5C20.9158 32.5 20.5975 32.3681 20.3628 32.1334C20.1281 31.8987 19.9962 31.5804 19.9962 31.2484C19.9962 30.9165 20.1281 30.5981 20.3628 30.3634L30.7303 19.9984Z\" fill=\"black\" \/>\n                            <\/svg>\n                        <\/div>\n                        <a href=\"https:\/\/thailandesim.com\/fr\/esim\/ayutthaya\/?attribute_pa_data-plan=dtac&#038;attribute_pa_validity=8-days\"><\/a>\n                    <\/div>\n                <\/div>\n                                                            <div class=\"column-item\">\n                    <div class=\"vnb-cta-show-product-item\">\n                        <div class=\"product-info\">\n                            <div class=\"product-transition\">\n                                                                <img decoding=\"async\" src=\"https:\/\/thailandesim.com\/vnb-data\/media\/flag\/th.png\" alt=\"Forfait eSIM Ayutthaya \u2013 10 jours\">\n                            <\/div>\n                            <div class=\"product-caption\">\n                                <div class=\"country\">Forfait eSIM Ayutthaya \u2013 10 jours<\/div>\n                                <div class=\"from-price\">\n                                    <span class=\"title-price\" style=\"text-transform: capitalize;\">\n                                                                            <\/span>\n                                    <span class=\"text-price\">\n                                        &#36;15.90                                    <\/span>\n                                <\/div>\n                            <\/div>\n                        <\/div>\n                        <div class=\"icon\">\n                            <svg width=\"40\" height=\"40\" viewBox=\"0 0 40 40\" fill=\"none\" xmlns=\"http:\/\/www.w3.org\/2000\/svg\">\n                                <path d=\"M31.25 21.25L6.25 21.25C5.91848 21.25 5.60054 21.1183 5.36612 20.8839C5.1317 20.6495 5 20.3315 5 20C5 19.6685 5.1317 19.3505 5.36612 19.1161C5.60054 18.8817 5.91848 18.75 6.25 18.75L31.25 18.75C31.5815 18.75 31.8995 18.8817 32.1339 19.1161C32.3683 19.3505 32.5 19.6685 32.5 20C32.5 20.3315 32.3683 20.6495 32.1339 20.8839C31.8995 21.1183 31.5815 21.25 31.25 21.25Z\" fill=\"black\" \/>\n                                <path d=\"M30.7303 19.9984L20.3628 9.63342C20.128 9.3987 19.9962 9.08036 19.9962 8.74842C19.9962 8.41648 20.128 8.09813 20.3628 7.86342C20.5975 7.6287 20.9158 7.49684 21.2478 7.49684C21.5797 7.49684 21.898 7.6287 22.1328 7.86342L33.3828 19.1134C33.4992 19.2295 33.5915 19.3675 33.6545 19.5193C33.7176 19.6712 33.75 19.834 33.75 19.9984C33.75 20.1628 33.7176 20.3256 33.6545 20.4775C33.5915 20.6294 33.4992 20.7673 33.3828 20.8834L22.1328 32.1334C21.8981 32.3681 21.5797 32.5 21.2478 32.5C20.9158 32.5 20.5975 32.3681 20.3628 32.1334C20.1281 31.8987 19.9962 31.5804 19.9962 31.2484C19.9962 30.9165 20.1281 30.5981 20.3628 30.3634L30.7303 19.9984Z\" fill=\"black\" \/>\n                            <\/svg>\n                        <\/div>\n                        <a href=\"https:\/\/thailandesim.com\/fr\/esim\/ayutthaya\/?attribute_pa_data-plan=50gb-true&#038;attribute_pa_validity=10-days\"><\/a>\n                    <\/div>\n                <\/div>\n                                                            <div class=\"column-item\">\n                    <div class=\"vnb-cta-show-product-item\">\n                        <div class=\"product-info\">\n                            <div class=\"product-transition\">\n                                                                <img decoding=\"async\" src=\"https:\/\/thailandesim.com\/vnb-data\/media\/flag\/th.png\" alt=\"Forfait eSIM Ayutthaya \u2013 15 jours\">\n                            <\/div>\n                            <div class=\"product-caption\">\n                                <div class=\"country\">Forfait eSIM Ayutthaya \u2013 15 jours<\/div>\n                                <div class=\"from-price\">\n                                    <span class=\"title-price\" style=\"text-transform: capitalize;\">\n                                                                            <\/span>\n                                    <span class=\"text-price\">\n                                        &#36;9.90                                    <\/span>\n                                <\/div>\n                            <\/div>\n                        <\/div>\n                        <div class=\"icon\">\n                            <svg width=\"40\" height=\"40\" viewBox=\"0 0 40 40\" fill=\"none\" xmlns=\"http:\/\/www.w3.org\/2000\/svg\">\n                                <path d=\"M31.25 21.25L6.25 21.25C5.91848 21.25 5.60054 21.1183 5.36612 20.8839C5.1317 20.6495 5 20.3315 5 20C5 19.6685 5.1317 19.3505 5.36612 19.1161C5.60054 18.8817 5.91848 18.75 6.25 18.75L31.25 18.75C31.5815 18.75 31.8995 18.8817 32.1339 19.1161C32.3683 19.3505 32.5 19.6685 32.5 20C32.5 20.3315 32.3683 20.6495 32.1339 20.8839C31.8995 21.1183 31.5815 21.25 31.25 21.25Z\" fill=\"black\" \/>\n                                <path d=\"M30.7303 19.9984L20.3628 9.63342C20.128 9.3987 19.9962 9.08036 19.9962 8.74842C19.9962 8.41648 20.128 8.09813 20.3628 7.86342C20.5975 7.6287 20.9158 7.49684 21.2478 7.49684C21.5797 7.49684 21.898 7.6287 22.1328 7.86342L33.3828 19.1134C33.4992 19.2295 33.5915 19.3675 33.6545 19.5193C33.7176 19.6712 33.75 19.834 33.75 19.9984C33.75 20.1628 33.7176 20.3256 33.6545 20.4775C33.5915 20.6294 33.4992 20.7673 33.3828 20.8834L22.1328 32.1334C21.8981 32.3681 21.5797 32.5 21.2478 32.5C20.9158 32.5 20.5975 32.3681 20.3628 32.1334C20.1281 31.8987 19.9962 31.5804 19.9962 31.2484C19.9962 30.9165 20.1281 30.5981 20.3628 30.3634L30.7303 19.9984Z\" fill=\"black\" \/>\n                            <\/svg>\n                        <\/div>\n                        <a href=\"https:\/\/thailandesim.com\/fr\/esim\/ayutthaya\/?attribute_pa_data-plan=ais&#038;attribute_pa_validity=8-days\"><\/a>\n                    <\/div>\n                <\/div>\n                        <\/div>\n\n<\/div><\/div>\n\n\n<h2 class=\"wp-block-heading\" id=\"iv-conseils-et-recommandations-pour-acheter-une-carte-sim-ayutthaya\">IV. Conseils et recommandations pour acheter une carte SIM Ayutthaya<\/h2>\n\n\n\n<p>Voici quelques conseils et recommandations utiles pour vous assurer de choisir la meilleure carte SIM ou eSIM pour votre s\u00e9jour \u00e0 Ayutthaya:<\/p>\n\n\n\n<h3 class=\"wp-block-heading\">O\u00f9 acheter:<\/h3>\n\n\n\n<p>Les magasins locaux et les sup\u00e9rettes (comme <strong>7-Eleven<\/strong>) proposent souvent des cartes SIM \u00e0 des prix abordables.<\/p>\n\n\n\n<p>Les <strong>boutiques des op\u00e9rateurs mobiles<\/strong> (AIS, TrueMove H, dtac, etc.) offrent une assistance compl\u00e8te et peuvent vous aider \u00e0 installer la carte SIM sur place.<\/p>\n\n\n\n<h3 class=\"wp-block-heading\">Apportez votre passeport:<\/h3>\n\n\n\n<p>Obligatoire pour l\u2019enregistrement de la carte SIM, conform\u00e9ment \u00e0 la loi tha\u00eflandaise.<\/p>\n\n\n\n<h3 class=\"wp-block-heading\">Pensez aux eSIMs:<\/h3>\n\n\n\n<p>Activation rapide et num\u00e9rique via un <strong>code QR<\/strong>, sans besoin de se rendre en boutique \u2014 id\u00e9al pour les voyageurs disposant d\u2019un t\u00e9l\u00e9phone compatible.<\/p>\n\n\n\n<h3 class=\"wp-block-heading\">V\u00e9rifiez votre appareil et vos besoins:<\/h3>\n\n\n\n<p>Assurez-vous que votre t\u00e9l\u00e9phone est <strong>d\u00e9bloqu\u00e9<\/strong> et compatible avec les r\u00e9seaux tha\u00eflandais ou la technologie eSIM, et choisissez le type de carte le mieux adapt\u00e9 \u00e0 votre fa\u00e7on de voyager.<\/p>\n\n\n\n<ul>\n<li>Assurez-vous que votre t\u00e9l\u00e9phone est d\u00e9bloqu\u00e9 et qu&#8217;il prend en charge les cartes SIM\/eSIM tha\u00eflandaises. <\/li>\n\n\n\n<li>D\u00e9cidez si vous avez besoin d&#8217;appels vocaux ou uniquement de donn\u00e9es &#8211; de nombreuses eSIM sont r\u00e9serv\u00e9es aux donn\u00e9es.<\/li>\n<\/ul>\n\n\n\n<h2 class=\"wp-block-heading\" id=\"v-faq\">V. FAQ<\/h2>\n\n\n<div id=\"rank-math-faq\" class=\"rank-math-block rank-math-question\">\n<div class=\"rank-math-list \">\n<div id=\"faq-question-1749209734265\" class=\"rank-math-list-item\">\n<h3 class=\"rank-math-question \">O\u00f9 acheter une carte SIM \u00e0 Ayutthaya<\/h3>\n<div class=\"rank-math-answer \">\n\n<p>Local SIM cards can be found at these places:<br \/>Mobile shops: AIS, dtac, TrueMove,<br \/>Convenience stores: 7-Eleven, Family Mart<br \/>Airport kiosks<br \/>Buying eSIM via thailandesim.com instead of using physical SIMs<\/p>\n\n<\/div>\n<\/div>\n<div id=\"faq-question-1749209751411\" class=\"rank-math-list-item\">\n<h3 class=\"rank-math-question \">Quel op\u00e9rateur est le meilleur \u00e0 Ayutthaya<\/h3>\n<div class=\"rank-math-answer \">\n\n<p>Les trois principaux fournisseurs : AIS, TrueMove H et dtac, offrent une couverture fiable dans la plupart des zones touristiques. AIS est souvent lou\u00e9 pour son r\u00e9seau 4G\/5G \u00e9tendu sur l&#8217;\u00eele, mais TrueMove H et dtac disposent \u00e9galement d&#8217;une bonne couverture.<\/p>\n\n<\/div>\n<\/div>\n<div id=\"faq-question-1749209769068\" class=\"rank-math-list-item\">\n<h3 class=\"rank-math-question \">Dois-je pr\u00e9senter une pi\u00e8ce d&#8217;identit\u00e9 pour acheter une carte SIM ?<\/h3>\n<div class=\"rank-math-answer \">\n\n<p>Oui, la loi tha\u00eflandaise exige que vous enregistriez votre carte SIM \u00e0 l&#8217;aide d&#8217;un passeport valide. Be prepared to show it at the time of purchase<\/p>\n\n<\/div>\n<\/div>\n<div id=\"faq-question-1749209795309\" class=\"rank-math-list-item\">\n<h3 class=\"rank-math-question \">Mon t\u00e9l\u00e9phone fonctionnera-t-il avec les cartes SIM tha\u00eflandaises<\/h3>\n<div class=\"rank-math-answer \">\n\n<p>Votre t\u00e9l\u00e9phone doit \u00eatre d\u00e9bloqu\u00e9 pour pouvoir utiliser une carte SIM tha\u00eflandaise. La plupart des smartphones modernes sont compatibles avec les r\u00e9seaux tha\u00eflandais, qui utilisent la technologie GSM standard.<\/p>\n\n<\/div>\n<\/div>\n<div id=\"faq-question-1749209809236\" class=\"rank-math-list-item\">\n<h3 class=\"rank-math-question \">Puis-je utiliser une eSIM au lieu d&#8217;une carte SIM ?<\/h3>\n<div class=\"rank-math-answer \">\n\n<p>Oui, les visiteurs peuvent utiliser l&#8217;eSIM pour rester connect\u00e9s \u00e0 Ayutthaya. Envisager d&#8217;utiliser la carte eSIM de thailandesim.com pour un prix avantageux et divers plans eSIM.<\/p>\n\n<\/div>\n<\/div>\n<\/div>\n<\/div>\n\n\n<h2 class=\"wp-block-heading\" id=\"vi-conclusion\">VI. Conclusion<\/h2>\n\n\n\n<p>Obtenir une carte SIM \u00e0 Ayutthaya est facile et abordable, que vous choisissiez une carte SIM physique dans un magasin local ou une carte eSIM pratique. Les principaux fournisseurs tels que AIS, TrueMove H et dtac offrent une couverture solide, diff\u00e9rents forfaits de donn\u00e9es et des options de recharge faciles. N&#8217;oubliez pas de pr\u00e9parer votre passeport pour l&#8217;enregistrement. For a quick and hassle-free setup, consider purchasing an eSIM from <strong>thailandesim.com<\/strong>, which provides flexible plans and instant activation. S\u00e9journer \u00e0 Ayutthaya n&#8217;a jamais \u00e9t\u00e9 aussi simple!<\/p>\n","protected":false},"excerpt":{"rendered":"<p>Visiter Ayutthaya et vouloir rester au frais? Il est facile d&#8217;acheter une carte SIM \u00e0 Ayutthaya, avec de nombreuses options propos\u00e9es par les principaux fournisseurs tha\u00eflandais. Que vous partiez \u00e0 la d\u00e9couverte des temples anciens ou des march\u00e9s locaux, une carte SIM avec un forfait de donn\u00e9es vous permet de naviguer, de partager et de [&#8230;]\n","protected":false},"author":15,"featured_media":19594,"parent":1061,"menu_order":0,"comment_status":"closed","ping_status":"closed","template":"page-right-sidebar.php","meta":{"_acf_changed":false,"inline_featured_image":false,"footnotes":""},"acf":[],"_links":{"self":[{"href":"https:\/\/thailandesim.com\/fr\/wp-json\/wp\/v2\/pages\/19632"}],"collection":[{"href":"https:\/\/thailandesim.com\/fr\/wp-json\/wp\/v2\/pages"}],"about":[{"href":"https:\/\/thailandesim.com\/fr\/wp-json\/wp\/v2\/types\/page"}],"author":[{"embeddable":true,"href":"https:\/\/thailandesim.com\/fr\/wp-json\/wp\/v2\/users\/15"}],"replies":[{"embeddable":true,"href":"https:\/\/thailandesim.com\/fr\/wp-json\/wp\/v2\/comments?post=19632"}],"version-history":[{"count":0,"href":"https:\/\/thailandesim.com\/fr\/wp-json\/wp\/v2\/pages\/19632\/revisions"}],"up":[{"embeddable":true,"href":"https:\/\/thailandesim.com\/fr\/wp-json\/wp\/v2\/pages\/1061"}],"wp:featuredmedia":[{"embeddable":true,"href":"https:\/\/thailandesim.com\/fr\/wp-json\/wp\/v2\/media\/19594"}],"wp:attachment":[{"href":"https:\/\/thailandesim.com\/fr\/wp-json\/wp\/v2\/media?parent=19632"}],"curies":[{"name":"wp","href":"https:\/\/api.w.org\/{rel}","templated":true}]}}