{"id":19447,"date":"2025-05-24T05:07:06","date_gmt":"2025-05-24T05:07:06","guid":{"rendered":"https:\/\/thailandesim.com\/fr\/?page_id=19447"},"modified":"2026-02-12T09:27:32","modified_gmt":"2026-02-12T09:27:32","slug":"product-home-featured","status":"publish","type":"page","link":"https:\/\/thailandesim.com\/fr\/product-home-featured\/","title":{"rendered":"Product home featured"},"content":{"rendered":"<div class=\"lazyblock-ggg-feature-products-rmzPR wp-block-lazyblock-ggg-feature-products\"><div class=\"product-home ggg-container\">\n    <div class=\"container\">\n        <div class=\"row\">\n            <div class=\"col-md-12\">\n                <div class=\"content-text\">\n                                                        <\/div>\n                <div class=\"gigago-content product-list-explore-limit gigago-block-version03 \">\n                                            <div class=\"vnb-esim-rows owl-carousel owl-theme slide-gigago-block-version03\">\n                                                                                                                                <div class=\"column-item\">\n                                        <div class=\"box-image-list\">\n                                            <img decoding=\"async\" src=\"https:\/\/thailandesim.com\/fr\/wp-content\/uploads\/2025\/05\/thailand-unlimited-data-f.webp\" alt=\"eSIM Tha\u00eflande donn\u00e9es illimit\u00e9es\">\n                                            <div class=\"ggg-box-text\">\n                                                <h3 class=\"data\">\n                                                    eSIM Tha\u00eflande - Donn\u00e9es illimit\u00e9es                                                <\/h3>\n                                                <div class=\"list-infor-sold\">\n                                                    <div class=\"start-sold\">\n                                                        <div class=\"vote-start\">\n                                                                                                                            <img decoding=\"async\" src=\"https:\/\/thailandesim.com\/fr\/wp-content\/plugins\/gigago-shortcode\/assets\/images\/start.png\">\n                                                                <div class=\"start\">\n                                                                    4.7 (80+)                                                                <\/div>\n                                                                                                                    <\/div>\n                                                        <div class=\"sold\">\n                                                            589+ ventes                                                        <\/div>\n                                                    <\/div>\n                                                    <div class=\"card-data_sim\">\n                                                        <img decoding=\"async\" src=\"https:\/\/thailandesim.com\/fr\/wp-content\/plugins\/gigago-shortcode\/assets\/images\/data-sim.png\">\n                                                    <\/div>\n                                                <\/div>\n\n                                            <\/div>\n                                        <\/div>\n                                        <div class=\"box-esim-content\">\n\n                                            <div class=\"list-data-price\">\n                                                <div class=\"date_data\">\n                                                    Illimit\u00e9 \u00e0 vitesse MAX                                                <\/div>\n                                                <div class=\"price-list\">\n                                                    <span>\n                                                        de                                                    <\/span>\n                                                    <div class=\"price h1\">\n                                                        &#36;15.90                                                    <\/div>\n                                                <\/div>\n                                            <\/div>\n                                            <button>\n                                                Acheter maintenant                                            <\/button>\n                                        <\/div>\n                                        <a href=\"https:\/\/thailandesim.com\/fr\/esim\/donnees-illimitees\/\"><\/a>\n                                    <\/div>\n                                                                                                                                                                <div class=\"column-item\">\n                                        <div class=\"box-image-list\">\n                                            <img decoding=\"async\" src=\"https:\/\/thailandesim.com\/fr\/wp-content\/uploads\/2025\/05\/thailand-dtac-f.webp\" alt=\"eSIM dtac Tha\u00eflande - Donn\u00e9es 5G Illimit\u00e9es\">\n                                            <div class=\"ggg-box-text\">\n                                                <h3 class=\"data\">\n                                                    dtac eSIM Tha\u00eflande - 5G Illimit\u00e9e                                                <\/h3>\n                                                <div class=\"list-infor-sold\">\n                                                    <div class=\"start-sold\">\n                                                        <div class=\"vote-start\">\n                                                                                                                            <img decoding=\"async\" src=\"https:\/\/thailandesim.com\/fr\/wp-content\/plugins\/gigago-shortcode\/assets\/images\/start.png\">\n                                                                <div class=\"start\">\n                                                                    4.9 (45)                                                                <\/div>\n                                                                                                                    <\/div>\n                                                        <div class=\"sold\">\n                                                            800+ ventes                                                        <\/div>\n                                                    <\/div>\n                                                    <div class=\"card-data_sim\">\n                                                        <img decoding=\"async\" src=\"https:\/\/thailandesim.com\/fr\/wp-content\/plugins\/gigago-shortcode\/assets\/images\/data-sim.png\">\n                                                    <\/div>\n                                                <\/div>\n\n                                            <\/div>\n                                        <\/div>\n                                        <div class=\"box-esim-content\">\n\n                                            <div class=\"list-data-price\">\n                                                <div class=\"date_data\">\n                                                    Valable 7 \u00e0 30 jours                                                <\/div>\n                                                <div class=\"price-list\">\n                                                    <span>\n                                                        de                                                    <\/span>\n                                                    <div class=\"price h1\">\n                                                        &#36;6.90                                                    <\/div>\n                                                <\/div>\n                                            <\/div>\n                                            <button>\n                                                Acheter maintenant                                            <\/button>\n                                        <\/div>\n                                        <a href=\"https:\/\/thailandesim.com\/fr\/esim\/dtac\/\"><\/a>\n                                    <\/div>\n                                                                                                                                                                <div class=\"column-item\">\n                                        <div class=\"box-image-list\">\n                                            <img decoding=\"async\" src=\"https:\/\/thailandesim.com\/fr\/wp-content\/uploads\/2025\/05\/thailand-true-f.webp\" alt=\"TRUE eSIM Tha\u00eflande - Donn\u00e9es 5G Illimit\u00e9es\">\n                                            <div class=\"ggg-box-text\">\n                                                <h3 class=\"data\">\n                                                    TRUE eSIM Tha\u00eflande - 5G Illimit\u00e9e                                                <\/h3>\n                                                <div class=\"list-infor-sold\">\n                                                    <div class=\"start-sold\">\n                                                        <div class=\"vote-start\">\n                                                                                                                            <img decoding=\"async\" src=\"https:\/\/thailandesim.com\/fr\/wp-content\/plugins\/gigago-shortcode\/assets\/images\/start.png\">\n                                                                <div class=\"start\">\n                                                                    4.9 (59)                                                                <\/div>\n                                                                                                                    <\/div>\n                                                        <div class=\"sold\">\n                                                            562+ ventes                                                        <\/div>\n                                                    <\/div>\n                                                    <div class=\"card-data_sim\">\n                                                        <img decoding=\"async\" src=\"https:\/\/thailandesim.com\/fr\/wp-content\/plugins\/gigago-shortcode\/assets\/images\/data-sim.png\">\n                                                    <\/div>\n                                                <\/div>\n\n                                            <\/div>\n                                        <\/div>\n                                        <div class=\"box-esim-content\">\n\n                                            <div class=\"list-data-price\">\n                                                <div class=\"date_data\">\n                                                    Valable 7\/10 jours                                                <\/div>\n                                                <div class=\"price-list\">\n                                                    <span>\n                                                        de                                                    <\/span>\n                                                    <div class=\"price h1\">\n                                                        &#36;8.90                                                    <\/div>\n                                                <\/div>\n                                            <\/div>\n                                            <button>\n                                                Acheter maintenant                                            <\/button>\n                                        <\/div>\n                                        <a href=\"https:\/\/thailandesim.com\/fr\/esim\/true\/\"><\/a>\n                                    <\/div>\n                                                                                    <\/div>\n                                    <\/div>\n            <\/div>\n        <\/div>\n    <\/div>\n<\/div><\/div>","protected":false},"excerpt":{"rendered":"","protected":false},"author":1,"featured_media":0,"parent":0,"menu_order":0,"comment_status":"closed","ping_status":"closed","template":"","meta":{"_acf_changed":false,"inline_featured_image":false,"footnotes":""},"acf":[],"_links":{"self":[{"href":"https:\/\/thailandesim.com\/fr\/wp-json\/wp\/v2\/pages\/19447"}],"collection":[{"href":"https:\/\/thailandesim.com\/fr\/wp-json\/wp\/v2\/pages"}],"about":[{"href":"https:\/\/thailandesim.com\/fr\/wp-json\/wp\/v2\/types\/page"}],"author":[{"embeddable":true,"href":"https:\/\/thailandesim.com\/fr\/wp-json\/wp\/v2\/users\/1"}],"replies":[{"embeddable":true,"href":"https:\/\/thailandesim.com\/fr\/wp-json\/wp\/v2\/comments?post=19447"}],"version-history":[{"count":0,"href":"https:\/\/thailandesim.com\/fr\/wp-json\/wp\/v2\/pages\/19447\/revisions"}],"wp:attachment":[{"href":"https:\/\/thailandesim.com\/fr\/wp-json\/wp\/v2\/media?parent=19447"}],"curies":[{"name":"wp","href":"https:\/\/api.w.org\/{rel}","templated":true}]}}