{"id":16096,"date":"2024-06-13T09:02:20","date_gmt":"2024-06-13T09:02:20","guid":{"rendered":"https:\/\/thailandesim.com\/fr\/?page_id=16096"},"modified":"2025-05-26T10:42:36","modified_gmt":"2025-05-26T10:42:36","slug":"utiliser-telephone","status":"publish","type":"page","link":"https:\/\/thailandesim.com\/fr\/utiliser-telephone\/","title":{"rendered":"Utiliser le T\u00e9l\u00e9phone en Tha\u00eflande &#8211; Comment Faire?"},"content":{"rendered":"\n<p>Vous ne savez pas comment rester connect\u00e9 en Tha\u00eflande? Ne laissez pas les frais d&#8217;itin\u00e9rance g\u00e2cher votre voyage! Ce guide aborde les probl\u00e8mes technologiques auxquels les voyageurs sont confront\u00e9s en Tha\u00eflande et compare les meilleures options pour rester connect\u00e9 dans ce pays, ce qui aide les visiteurs \u00e0 choisir la meilleure option pour leur prochain voyage en Tha\u00eflande!<\/p>\n\n\n<div class=\"wp-block-image\">\n<figure class=\"aligncenter size-large\"><img decoding=\"async\" width=\"1024\" height=\"683\" src=\"https:\/\/thailandesim.com\/fr\/wp-content\/uploads\/2024\/06\/Telephone-Portable-en-Thailande-1024x683.jpg\" alt=\"T\u00e9l\u00e9phone Portable en Tha\u00eflande\" class=\"wp-image-16102\" srcset=\"https:\/\/thailandesim.com\/fr\/wp-content\/uploads\/2024\/06\/Telephone-Portable-en-Thailande-1024x683.jpg 1024w, https:\/\/thailandesim.com\/fr\/wp-content\/uploads\/2024\/06\/Telephone-Portable-en-Thailande-300x200.jpg 300w, https:\/\/thailandesim.com\/fr\/wp-content\/uploads\/2024\/06\/Telephone-Portable-en-Thailande-768x512.jpg 768w, https:\/\/thailandesim.com\/fr\/wp-content\/uploads\/2024\/06\/Telephone-Portable-en-Thailande-510x340.jpg 510w, https:\/\/thailandesim.com\/fr\/wp-content\/uploads\/2024\/06\/Telephone-Portable-en-Thailande.jpg 1200w\" sizes=\"(max-width: 1024px) 100vw, 1024px\" \/><\/figure><\/div>\n\n\n<div class=\"wp-block-rank-math-toc-block\" id=\"rank-math-toc\"><h2>Table des Mati\u00e8res<\/h2><nav><div><div><a href=\"#i-puis-je-utiliser-mon-telephone-en-thailande\">I. Puis-je Utiliser mon T\u00e9l\u00e9phone en Tha\u00eflande?<\/a><\/div><div><a href=\"#ii-comment-garder-mon-telephone-portable-connecte-en-thailande\">II. Comment Garder mon T\u00e9l\u00e9phone Portable Connect\u00e9 en Tha\u00eflande?<\/a><\/div><div><a href=\"#iii-optimiser-l-utilisation-de-mon-telephone-portable-en-voyage\">III. Optimiser l&#8217;Utilisation de mon T\u00e9l\u00e9phone Portable en Voyage<\/a><\/div><div><a href=\"#iv-foire-aux-questions\">IV. Foire Aux Questions<\/a><\/div><div><a href=\"#v-comment-connecter-mon-telephone-le-plus-efficacement-possible-en-thailande\">V. Comment Connecter mon T\u00e9l\u00e9phone le Plus Efficacement Possible en Tha\u00eflande?<\/a><\/div><\/div><\/nav><\/div>\n\n\n\n<h2 class=\"wp-block-heading\" id=\"i-puis-je-utiliser-mon-telephone-en-thailande\">I. Puis-je Utiliser mon T\u00e9l\u00e9phone en Tha\u00eflande?<\/h2>\n\n\n\n<p>Oui, vous pouvez utiliser votre t\u00e9l\u00e9phone en Tha\u00eflande, mais voici quelques points \u00e0 consid\u00e9rer:<\/p>\n\n\n\n<ul>\n<li><strong>T\u00e9l\u00e9phone d\u00e9verrouill\u00e9:<\/strong>&nbsp;assurez-vous que votre t\u00e9l\u00e9phone est d\u00e9verrouill\u00e9, car certains types de t\u00e9l\u00e9phones peuvent ne pas s&#8217;activer globalement.<\/li>\n\n\n\n<li><strong>Bandes:<\/strong>&nbsp;Il est n\u00e9cessaire de v\u00e9rifier si les bandes r\u00e9seau de votre t\u00e9l\u00e9phone sont compatibles avec les fr\u00e9quences utilis\u00e9es en tha\u00ef.<\/li>\n\n\n\n<li><strong>Itin\u00e9rance:<\/strong>&nbsp;Votre op\u00e9rateur mobile dans votre pays d&#8217;origine peut proposer un service d&#8217;itin\u00e9rance en Tha\u00ef. Cependant, les frais de roaming peuvent entra\u00eener des co\u00fbts extr\u00eames si vous ne savez pas comment g\u00e9rer l&#8217;utilisation des donn\u00e9es.<\/li>\n\n\n\n<li><strong>Carte SIM locale:<\/strong>&nbsp;envisagez de vous procurer une carte SIM pour rester connect\u00e9 en Tha\u00eflande, car les services d&#8217;itin\u00e9rance ne constituent peut-\u00eatre pas un choix rentable pour les visiteurs. Vous pouvez choisir une carte SIM locale aupr\u00e8s de nombreux op\u00e9rateurs de r\u00e9seau Tha\u00eflandais comme Dtac ou AIS.<\/li>\n<\/ul>\n\n\n\n<p><em><a href=\"https:\/\/thailandesim.com\/fr\/operateurs\/dtac\/\" data-type=\"page\" data-id=\"1104\">D\u00e9couvrez plus d\u2019informations sur les cartes SIM dtac!<\/a><\/em><\/p>\n\n\n<div class=\"wp-block-image\">\n<figure class=\"aligncenter size-full\"><img decoding=\"async\" width=\"937\" height=\"489\" src=\"https:\/\/thailandesim.com\/fr\/wp-content\/uploads\/2024\/06\/Utiliser-mon-Telephone-en-Thailande-Bandes.png\" alt=\"Utiliser mon T\u00e9l\u00e9phone en Tha\u00eflande - Bandes\" class=\"wp-image-16104\" srcset=\"https:\/\/thailandesim.com\/fr\/wp-content\/uploads\/2024\/06\/Utiliser-mon-Telephone-en-Thailande-Bandes.png 937w, https:\/\/thailandesim.com\/fr\/wp-content\/uploads\/2024\/06\/Utiliser-mon-Telephone-en-Thailande-Bandes-300x157.png 300w, https:\/\/thailandesim.com\/fr\/wp-content\/uploads\/2024\/06\/Utiliser-mon-Telephone-en-Thailande-Bandes-768x401.png 768w, https:\/\/thailandesim.com\/fr\/wp-content\/uploads\/2024\/06\/Utiliser-mon-Telephone-en-Thailande-Bandes-510x266.png 510w\" sizes=\"(max-width: 937px) 100vw, 937px\" \/><figcaption class=\"wp-element-caption\">Fr\u00e9quences support\u00e9es en Tha\u00eflande. Source: <a href=\"https:\/\/www.kimovil.com\/en\/frequency-checker\/TH\" data-type=\"link\" data-id=\"https:\/\/www.kimovil.com\/en\/frequency-checker\/TH\" target=\"_blank\" rel=\"noopener\">kimovil<\/a><\/figcaption><\/figure><\/div>\n\n\n<h2 class=\"wp-block-heading\" id=\"ii-comment-garder-mon-telephone-portable-connecte-en-thailande\">II. Comment Garder mon T\u00e9l\u00e9phone Portable Connect\u00e9 en Tha\u00eflande?<\/h2>\n\n\n\n<p>Voici un tableau comparant les meilleures options pour garder votre t\u00e9l\u00e9phone connect\u00e9 en Tha\u00eflande: WiFi gratuit, WiFi de poche, carte SIM locale, itin\u00e9rance et eSIM.<\/p>\n\n\n\n<figure class=\"wp-block-table\"><table><tbody><tr><td><strong>Option de connectivit\u00e9<\/strong><\/td><td><strong>Avantages<\/strong><\/td><td><strong>Inconv\u00e9nients<\/strong><\/td><td><strong>\u00c9chelle des prix<\/strong><\/td><\/tr><tr><td><strong>Wi-Fi local gratuit<\/strong><\/td><td>Pratique<br>Gratuit<\/td><td>Vitesses peu fiables; Disponibilit\u00e9 limit\u00e9e; <br>Exposition aux risques de s\u00e9curit\u00e9<\/td><td>Gratuit<\/td><\/tr><tr><td><strong>Itin\u00e9rance<\/strong><\/td><td>Num\u00e9ro et appareil familiers<\/td><td>Tr\u00e8s cher par Mo de donn\u00e9es; Mauvaises performances sur les r\u00e9seaux \u00e9trangers<\/td><td>5-15$\/Go de donn\u00e9es<\/td><\/tr><tr><td><strong>Carte SIM locale<\/strong><\/td><td>Appels\/donn\u00e9es bon march\u00e9; <br>Vitesses rapides; <br>Un acc\u00e8s facile<\/td><td>N\u00e9cessite l&#8217;achat d&#8217;une carte SIM physique<\/td><td>6$ pour le pack de d\u00e9marrage; <br>3-30$ pour les forfaits de donn\u00e9es<\/td><\/tr><tr><td><strong>eSIM<\/strong><\/td><td>Activation pratique; Changement de profil \u00e0 distance<\/td><td>Compatibilit\u00e9 limit\u00e9e entre les appareils et les op\u00e9rateurs; <br>Co\u00fbts d\u2019acquisition SIM similaires \u00e0 la SIM physique<\/td><td>5-10$ pour l&#8217;activation; <br>Forfaits identiques \u00e0 la SIM locale<\/td><\/tr><\/tbody><\/table><figcaption class=\"wp-element-caption\"><em>(ces tarifs peuvent changer \u00e0 tout moment)<\/em><\/figcaption><\/figure>\n\n\n\n<p><strong>Quelques points cl\u00e9s<\/strong><\/p>\n\n\n\n<p>L&#8217;achat d&#8217;une carte SIM locale lors d&#8217;un voyage en Tha\u00eflande est g\u00e9n\u00e9ralement la meilleure option pour les visiteurs. Voici pourquoi:<\/p>\n\n\n\n<ul>\n<li><strong>Rentabilit\u00e9<\/strong>: les cartes SIM locales sont g\u00e9n\u00e9ralement les donn\u00e9es, les appels et les SMS les plus \u00e9conomiques parmi les forfaits Tha\u00eflandais entre les tarifs d&#8217;itin\u00e9rance et les tarifs internationaux.<\/li>\n\n\n\n<li><strong>Flexibilit\u00e9<\/strong>: le principal avantage d&#8217;obtenir une carte SIM locale est que les visiteurs peuvent choisir librement les forfaits qui r\u00e9pondent \u00e0 leurs besoins \u00e0 un prix avantageux.&nbsp;<\/li>\n<\/ul>\n\n\n\n<p><em>Lire la suite:&nbsp;<a href=\"https:\/\/thailandesim.com\/fr\/carte-sim\/\" data-type=\"page\" data-id=\"1061\">Guide des cartes SIM en Tha\u00eflande pour les touristes<\/a><\/em><\/p>\n\n\n\n<p>Non seulement en utilisant des cartes SIM physiques aupr\u00e8s d&#8217;op\u00e9rateurs mobiles locaux en Tha\u00eflande, les touristes devraient envisager d&#8217;acheter un forfait eSIM pour plus de commodit\u00e9 et r\u00e9duire les co\u00fbts de t\u00e9l\u00e9phonie mobile.<\/p>\n\n\n\n<p>En Tha\u00eflande, il existe de nombreux fournisseurs eSIM r\u00e9put\u00e9s, parmi lesquels,&nbsp;<strong>thailandesim.com<\/strong>&nbsp;a plusieurs bonnes critiques et est populaire aupr\u00e8s des touristes. Voici ce qui distingue thailandesim.com:&nbsp;<\/p>\n\n\n\n<ul>\n<li><strong>Vari\u00e9t\u00e9 &amp; flexibilit\u00e9:<\/strong> Choisissez parmi une large gamme de forfaits de donn\u00e9es les mieux adapt\u00e9s \u00e0 vos besoins (voyage, travail)<\/li>\n\n\n\n<li><strong>Couverture r\u00e9seau multiple:<\/strong>&nbsp;Ils s&#8217;occupent des aspects techniques en collaborant avec les principaux op\u00e9rateurs mobiles Tha\u00eflandais afin que les visiteurs puissent b\u00e9n\u00e9ficier d&#8217;une connexion rapide et fiable pendant leur voyage.<\/li>\n\n\n\n<li><strong>Service client de premier ordre:<\/strong>&nbsp;Ils offrent une assistance client 24\/7 afin que vous puissiez obtenir de l&#8217;aide en cas de besoin.<\/li>\n\n\n\n<li><strong>Prix \u200b\u200b\u200b\u200babordable:<\/strong>&nbsp;Leurs eSIM sont propos\u00e9es \u00e0 un prix comp\u00e9titif, aidant les visiteurs \u00e0 \u00e9conomiser leur budget.<\/li>\n<\/ul>\n\n\n<div class=\"lazyblock-cta01-highlight-Df3Hg wp-block-lazyblock-cta01-highlight\">\n<div class=\"cta01-highlight mb-6\">\n    <div class=\"cta01-content\">\n        <p style=\"text-align: center\"><strong>Obtenez une Tha\u00eflande eSIM - \u00c9liminez les frais d'itin\u00e9rance et \u00e9vitez les boutiques de cartes SIM dans les a\u00e9roports.<\/strong><\/p>    <\/div>\n    <div class=\"cta01-button\">\n        <a href=\"https:\/\/thailandesim.com\/fr\/\">\n            Achetez!        <\/a>\n    <\/div>\n<\/div><\/div>\n\n\n<h2 class=\"wp-block-heading\" id=\"iii-optimiser-l-utilisation-de-mon-telephone-portable-en-voyage\">III. Optimiser l&#8217;Utilisation de mon T\u00e9l\u00e9phone Portable en Voyage<\/h2>\n\n\n\n<p>Voici quelques conseils pour les voyageurs utilisant un t\u00e9l\u00e9phone portable en Tha\u00eflande:<\/p>\n\n\n\n<ul>\n<li><strong>D\u00e9sactivez les donn\u00e9es cellulaires<\/strong>: D\u00e9finissez une limite de donn\u00e9es sur votre appareil et optez uniquement pour l&#8217;option Wi-Fi gratuite, afin d&#8217;\u00e9liminer les frais surprises.&nbsp;<\/li>\n\n\n\n<li><strong>Optimisez le Wi-Fi gratuit<\/strong>: Les visiteurs peuvent profiter du Wi-Fi gratuit dans les h\u00f4tels, les caf\u00e9s et les espaces publics, ce qui constituerait un moyen intelligent de maintenir une faible consommation de donn\u00e9es.<\/li>\n\n\n\n<li><strong>Utilisez des applications plut\u00f4t que des forfaits de donn\u00e9es<\/strong>: Communiquez via des applications similaires \u00e0 WhatsApp ou Viber, sans d\u00e9pendre enti\u00e8rement des forfaits t\u00e9l\u00e9phoniques.&nbsp;<\/li>\n\n\n\n<li><strong>Compatibilit\u00e9 du chargeur de t\u00e9l\u00e9phone<\/strong>: Assurez-vous que votre chargeur de t\u00e9l\u00e9phone portable est d&#8217;une configuration de prise adapt\u00e9e \u00e0 une utilisation en Tha\u00eflande (Type C ou E) et qu&#8217;il est accessible car il vous servira \u00e0 maintenir votre appareil charg\u00e9.<\/li>\n<\/ul>\n\n\n\n<p>En appliquant ces principes de base, vous pouvez r\u00e9duire le t\u00e9l\u00e9phone portable en Tha\u00eflande \u00e0 un simple outil de soutien pour pimenter votre exp\u00e9rience de voyage tout en \u00e9tant branch\u00e9, inform\u00e9 et s\u00e9curis\u00e9 \u00e0 tout moment en cas d&#8217;urgence pouvant survenir. <\/p>\n\n\n\n<h2 class=\"wp-block-heading\" id=\"iv-foire-aux-questions\">IV. Foire Aux Questions<\/h2>\n\n\n<div id=\"rank-math-faq\" class=\"rank-math-block\">\n<div class=\"rank-math-list \">\n<div id=\"faq-question-1718265367553\" class=\"rank-math-list-item\">\n<h3 class=\"rank-math-question \">Quels r\u00e9seaux sont disponibles?\u00a0<\/h3>\n<div class=\"rank-math-answer \">\n\n<p>Les principaux r\u00e9seaux sont TrueMove, AIS et DTAC, qui offrent une couverture \u00e9tendue \u00e0 l&#8217;\u00e9chelle nationale.<\/p>\n\n<\/div>\n<\/div>\n<div id=\"faq-question-1718265412678\" class=\"rank-math-list-item\">\n<h3 class=\"rank-math-question \">Quels types de r\u00e9seaux t\u00e9l\u00e9phoniques sont utilis\u00e9s?<\/h3>\n<div class=\"rank-math-answer \">\n\n<p>La Tha\u00eflande utilise les r\u00e9seaux 3G et 4G. La 5G est d\u00e9ploy\u00e9e dans les grandes villes. V\u00e9rifiez les cartes de couverture du r\u00e9seau.<\/p>\n\n<\/div>\n<\/div>\n<div id=\"faq-question-1718265437238\" class=\"rank-math-list-item\">\n<h3 class=\"rank-math-question \">Puis-je utiliser mon t\u00e9l\u00e9phone personnel en Tha\u00eflande?<\/h3>\n<div class=\"rank-math-answer \">\n\n<p>Vous pouvez l\u2019utiliser avec le roaming international mais les tarifs seront tr\u00e8s chers. Il est pr\u00e9f\u00e9rable de se procurer une carte SIM pr\u00e9pay\u00e9e locale.<\/p>\n\n<\/div>\n<\/div>\n<div id=\"faq-question-1718265476238\" class=\"rank-math-list-item\">\n<h3 class=\"rank-math-question \">Comment obtenir une carte SIM pr\u00e9pay\u00e9e locale?\u00a0<\/h3>\n<div class=\"rank-math-answer \">\n\n<p>Vous pouvez acheter des cartes SIM dans les a\u00e9roports, les d\u00e9panneurs et les magasins des op\u00e9rateurs. Fournissez votre passeport pour l&#8217;inscription.<\/p>\n\n<\/div>\n<\/div>\n<div id=\"faq-question-1718265493177\" class=\"rank-math-list-item\">\n<h3 class=\"rank-math-question \">Comment puis-je v\u00e9rifier le solde d&#8217;appels\/donn\u00e9es?<\/h3>\n<div class=\"rank-math-answer \">\n\n<p>Composez *121# pour AIS, *101# pour DTAC, *111# pour TRUE. Des applications\/sites Web sont \u00e9galement disponibles pour v\u00e9rifier les soldes en direct.\u00a0<\/p>\n\n<\/div>\n<\/div>\n<div id=\"faq-question-1732763404100\" class=\"rank-math-list-item\">\n<h3 class=\"rank-math-question \">Le wifi est-il disponible en Tha\u00eflande?<\/h3>\n<div class=\"rank-math-answer \">\n\n<p>Oui, le Wi-Fi est largement disponible en Tha\u00eflande. Il est disponible dans les a\u00e9roports, centres commerciaux, caf\u00e9s, restaurants et certains lieux publics comme les parcs.<\/p>\n\n<\/div>\n<\/div>\n<div id=\"faq-question-1732763628609\" class=\"rank-math-list-item\">\n<h3 class=\"rank-math-question \">Comment avoir Internet sur son t\u00e9l\u00e9phone en Tha\u00eflande?<\/h3>\n<div class=\"rank-math-answer \">\n\n<p>Pour avoir Internet sur votre t\u00e9l\u00e9phone en Tha\u00eflande, vous pouvez opter pour une <strong>eSIM<\/strong> (activation rapide sans carte physique) ou acheter une <strong>carte SIM locale<\/strong> aupr\u00e8s d&#8217;op\u00e9rateurs comme AIS, DTAC ou TrueMove dans les a\u00e9roports ou magasins. Les forfaits data sont abordables et offrent une bonne couverture. Sinon, vous pouvez utiliser le <strong>roaming international<\/strong> (plus cher) ou vous connecter aux nombreux r\u00e9seaux <strong>Wi-Fi publics<\/strong> disponibles dans les caf\u00e9s, h\u00f4tels et lieux touristiques. L\u2019eSIM reste la solution la plus pratique pour les voyageurs.<\/p>\n\n<\/div>\n<\/div>\n<\/div>\n<\/div>\n\n\n<h2 class=\"wp-block-heading\" id=\"v-comment-connecter-mon-telephone-le-plus-efficacement-possible-en-thailande\">V. Comment Connecter mon T\u00e9l\u00e9phone le Plus Efficacement Possible en Tha\u00eflande?<\/h2>\n\n\n\n<p>Conqu\u00e9rir la connectivit\u00e9 en Tha\u00eflande! Oubliez le stress des frais d&#8217;itin\u00e9rance et du Wi-Fi peu fiable. Les cartes SIM locales ou eSIM sont vos champions \u00e9conomiques, offrant flexibilit\u00e9 et commodit\u00e9. Assurez-vous que votre t\u00e9l\u00e9phone est d\u00e9verrouill\u00e9 et compatible r\u00e9seau, puis explorez en toute simplicit\u00e9! <strong>Thailandesim.com<\/strong> propose une vari\u00e9t\u00e9 d&#8217;options de cartes SIM locales. Restez connect\u00e9 et explorez davantage: La Tha\u00eflande vous attend!<\/p>\n","protected":false},"excerpt":{"rendered":"<p>Vous ne savez pas comment rester connect\u00e9 en Tha\u00eflande? Ne laissez pas les frais d&#8217;itin\u00e9rance g\u00e2cher votre voyage! Ce guide aborde les probl\u00e8mes technologiques auxquels les voyageurs sont confront\u00e9s en Tha\u00eflande et compare les meilleures options pour rester connect\u00e9 dans ce pays, ce qui aide les visiteurs \u00e0 choisir la meilleure option pour leur prochain [&#8230;]\n","protected":false},"author":10,"featured_media":16102,"parent":0,"menu_order":0,"comment_status":"closed","ping_status":"closed","template":"page-right-sidebar.php","meta":{"_acf_changed":false,"inline_featured_image":false,"footnotes":""},"acf":[],"_links":{"self":[{"href":"https:\/\/thailandesim.com\/fr\/wp-json\/wp\/v2\/pages\/16096"}],"collection":[{"href":"https:\/\/thailandesim.com\/fr\/wp-json\/wp\/v2\/pages"}],"about":[{"href":"https:\/\/thailandesim.com\/fr\/wp-json\/wp\/v2\/types\/page"}],"author":[{"embeddable":true,"href":"https:\/\/thailandesim.com\/fr\/wp-json\/wp\/v2\/users\/10"}],"replies":[{"embeddable":true,"href":"https:\/\/thailandesim.com\/fr\/wp-json\/wp\/v2\/comments?post=16096"}],"version-history":[{"count":0,"href":"https:\/\/thailandesim.com\/fr\/wp-json\/wp\/v2\/pages\/16096\/revisions"}],"wp:featuredmedia":[{"embeddable":true,"href":"https:\/\/thailandesim.com\/fr\/wp-json\/wp\/v2\/media\/16102"}],"wp:attachment":[{"href":"https:\/\/thailandesim.com\/fr\/wp-json\/wp\/v2\/media?parent=16096"}],"curies":[{"name":"wp","href":"https:\/\/api.w.org\/{rel}","templated":true}]}}