{"id":1388,"date":"2023-03-08T06:50:47","date_gmt":"2023-03-07T23:50:47","guid":{"rendered":"https:\/\/thailandesim.com\/?page_id=1388"},"modified":"2025-05-27T04:30:35","modified_gmt":"2025-05-27T04:30:35","slug":"chiang-mai","status":"publish","type":"page","link":"https:\/\/thailandesim.com\/fr\/carte-sim-aeroports\/chiang-mai\/","title":{"rendered":"Obtenir une Carte SIM et eSIM \u00e0 l&#8217;A\u00e9roport de Chiang Mai (CNX)"},"content":{"rendered":"\n<p><em><strong>Obtenir une carte SIM et eSIM \u00e0 l&#8217;a\u00e9roport de Chiang Mai (CNX) est facile et pratique pour les voyageurs gr\u00e2ce \u00e0 la pr\u00e9sence de divers magasins de fournisseurs de cartes SIM comme AIS, DTAC et TrueMove H \u00e0 l&#8217;a\u00e9roport.<\/strong><\/em> <em><strong>Mais existe-t-il une autre meilleure option pour rester connect\u00e9 lors d&#8217;un voyage en Tha\u00eflande? Bien s\u00fbr, consultez ci-dessous!<\/strong><\/em><\/p>\n\n\n\n<p>Obtenir une carte SIM pour les touristes \u00e0 l&#8217;a\u00e9roport de Chiang Mai est un processus simple.<\/p>\n\n\n\n<p>Vous pouvez facilement obtenir une carte SIM \u00e0 l&#8217;a\u00e9roport international de Chiang Mai, qui constitue la principale porte d&#8217;entr\u00e9e de la ville pour la plupart des touristes.<\/p>\n\n\n\n<p>Plusieurs options s&#8217;offrent aux voyageurs, comme les guichets des op\u00e9rateurs de r\u00e9seaux mobiles DTAC, TrueMove H et AIS.<\/p>\n\n\n\n<p>Dans cet article, nous vous guiderons \u00e9tape par \u00e9tape pour obtenir une carte SIM \u00e0 l&#8217;a\u00e9roport de Chiang Mai pour les touristes et vous sugg\u00e9rerons \u00e9galement une autre meilleure alternative aux cartes SIM de voyage physiques. Vous d\u00e9couvrirez:<\/p>\n\n\n\n<ul>\n<li> O\u00f9 acheter une carte SIM pour les voyageurs \u00e0 l&#8217;a\u00e9roport de Chiang Mai?<\/li>\n\n\n\n<li> Combien co\u00fbte une carte SIM \u00e0 l&#8217;a\u00e9roport CNX?<\/li>\n\n\n\n<li> Quel type de SIM choisir pour rester connect\u00e9 en Tha\u00eflande apr\u00e8s son arriv\u00e9e \u00e0 l&#8217;a\u00e9roport CNX?<\/li>\n\n\n\n<li> O\u00f9 \u00e9changer de l&#8217;argent si vous achetez des cartes SIM en esp\u00e8ces?<\/li>\n<\/ul>\n\n\n\n<p> Tout d&#8217;abord, vous devez conna\u00eetre quelques faits: <\/p>\n\n\n\n<div class=\"wp-block-group gigago-block-background\"><div class=\"wp-block-group__inner-container is-layout-constrained wp-block-group-is-layout-constrained\">\n<p><i class=\"icon frame-34\" aria-hidden=\"true\"> <\/i><strong><em> <\/em><\/strong><strong><em>Notes de l&#8217;\u00e9diteur:<\/em><\/strong><\/p>\n\n\n\n<ul>\n<li><em>Pour utiliser une carte SIM pr\u00e9pay\u00e9e (carte SIM internationale et esim) couvrant la Tha\u00eflande, votre t\u00e9l\u00e9phone doit \u00eatre d\u00e9verrouill\u00e9. Les t\u00e9l\u00e9phones achet\u00e9s en Europe, en Asie et en Australie sont g\u00e9n\u00e9ralement d\u00e9verrouill\u00e9s, tandis que les t\u00e9l\u00e9phones provenant des \u00c9tats-Unis peuvent l&#8217;\u00eatre.<\/em><\/li>\n\n\n\n<li><em>La plupart des forfaits de donn\u00e9es des op\u00e9rateurs de r\u00e9seaux mobiles tha\u00eflandais sont relativement les m\u00eames en termes de volume et de validit\u00e9 des donn\u00e9es. Cependant, vous devriez opter pour le forfait offrant une vitesse de donn\u00e9es maximale.<\/em><\/li>\n\n\n\n<li><em>Nous recommandons la carte SIM DTAC pour Chiang Mai en raison de son prix abordable, de sa vitesse rapide et de ses diverses fonctionnalit\u00e9s.<\/em><\/li>\n\n\n\n<li><em>Si Chiang Mai est l&#8217;une des \u00e9tapes de votre voyage dans plusieurs pays, vous devez alors choisir une carte SIM de voyage internationale, qui vous permet de rester connect\u00e9 dans de nombreux pays couverts par le forfait.<\/em><\/li>\n<\/ul>\n<\/div><\/div>\n\n\n\n<div class=\"wp-block-rank-math-toc-block\" id=\"rank-math-toc\"><h2>Table des Mati\u00e8res<\/h2><nav><div><div><a href=\"#i-ou-acheter-une-carte-sim-a-l-aeroport-de-chiang-mai-apres-l-arrivee\">I. O\u00f9 Acheter une Carte SIM \u00e0 l&#8217;A\u00e9roport de Chiang Mai Apr\u00e8s l&#8217;Arriv\u00e9e?<\/a><\/div><div><a href=\"#iii-combien-coute-une-carte-sim-a-l-aeroport-de-chiang-mai\">III. Combien Co\u00fbte une Carte SIM \u00e0 l&#8217;A\u00e9roport de Chiang Mai?<\/a><\/div><div><a href=\"#iv-comment-enregistrer-une-carte-sim-a-l-aeroport-de-chiang-mai\">IV. Comment enregistrer une carte SIM \u00e0 l&#8217;a\u00e9roport de Chiang Mai?<\/a><\/div><div><a href=\"#v-change-de-devises-especes-uniquement\">V. Change de devises \u2013 esp\u00e8ces uniquement<\/a><\/div><div><a href=\"#vi-wi-fi-gratuit\">VI. Wi-Fi gratuit<\/a><\/div><\/div><\/nav><\/div>\n\n\n\n<h2 class=\"wp-block-heading\" id=\"i-ou-acheter-une-carte-sim-a-l-aeroport-de-chiang-mai-apres-l-arrivee\">I. O\u00f9 Acheter une Carte SIM \u00e0 l&#8217;A\u00e9roport de Chiang Mai Apr\u00e8s l&#8217;Arriv\u00e9e?<\/h2>\n\n\n\n<p>Le comptoir <strong>des cartes SIM de l&#8217;a\u00e9roport de Chiang Mai<\/strong> est situ\u00e9 pr\u00e8s du hall des arriv\u00e9es internationales.<\/p>\n\n\n\n<p>Apr\u00e8s avoir atterri et quitt\u00e9 la douane, rendez-vous dans le hall des arriv\u00e9es internationales et vous verrez les stands de TrueMove H, AIS et DTAC, True Shop \u00e9tant sur votre droite et AIS en face de vous.<\/p>\n\n\n\n<p><strong><em>Voir la carte de l&#8217;a\u00e9roport de Chiang Mai ci-dessous:<\/em><\/strong> <\/p>\n\n\n<div class=\"wp-block-image\">\n<figure class=\"aligncenter size-full\"><img decoding=\"async\" src=\"https:\/\/thailandesim.com\/fr\/wp-content\/uploads\/2024\/02\/20240215103600-65cde91012b86-1.jpg\" alt=\"Plan de l'a\u00e9roport de Chiang Mai\" class=\"wp-image-1398\" \/><figcaption class=\"wp-element-caption\"> Plan de l&#8217;a\u00e9roport de Chiang Mai<\/figcaption><\/figure><\/div>\n\n\n<p>Il existe de nombreux plans \u00e0 l&#8217;a\u00e9roport de Chiang Mai parmi lesquels choisir. Maintenant, entrons dans les d\u00e9tails:<\/p>\n\n\n\n<h3 class=\"wp-block-heading\" id=\"1-ou-acheter-une-carte-sim-ais-a-laeroport-de-chiang-mai\">1. O\u00f9 acheter une carte SIM AIS \u00e0 l&#8217;a\u00e9roport de Chiang Mai?<\/h3>\n\n\n\n<p><strong>Localisation<\/strong>: Hall des D\u00e9parts<\/p>\n\n\n\n<p><strong>Horaires d&#8217;ouverture:<\/strong> de 08h00 \u00e0 20h00 tous les jours <\/p>\n\n\n\n<figure class=\"wp-block-image size-full\"><img decoding=\"async\" src=\"https:\/\/thailandesim.com\/fr\/wp-content\/uploads\/2024\/02\/20240215103600-65cde9104baab-1.jpg\" alt=\"Emplacement du stand AIS carte SIM \u00e0 l'a\u00e9roport de Chiang Mai CNX\" class=\"wp-image-1397\" \/><\/figure>\n\n\n\n<p><strong>Forfaits AIS populaires pour les voyageurs \u00e0 l&#8217;a\u00e9roport CNX:<\/strong><\/p>\n\n\n\n<p> <strong>Forfait 219 Baht pour 5 jours<\/strong><\/p>\n\n\n\n<ul>\n<li>Utilisation 2,5Go (vitesse maximale 4 Mbps)<\/li>\n\n\n\n<li>Vitesse nette non-stop de 128 Kbps apr\u00e8s avoir utilis\u00e9 2,5Go<\/li>\n<\/ul>\n\n\n\n<p> <strong>Forfait 599 Baht pour 15 jours<\/strong><\/p>\n\n\n\n<ul>\n<li>Utilisation 32Go (vitesse maximale 4 Mbps)<\/li>\n\n\n\n<li>Vitesse r\u00e9seau non-stop de 128 Kbps apr\u00e8s utilisation de 32Go<\/li>\n\n\n\n<li> Cr\u00e9dit gratuit de 50 bahts (t\u00e9l\u00e9phone\/SMS\/MMS)<\/li>\n<\/ul>\n\n\n\n<p> <strong>Forfait 299 Baht pour 8 jours<\/strong><\/p>\n\n\n\n<ul>\n<li>Utilisation 8Go (vitesse maximale 4 Go)<\/li>\n\n\n\n<li>Vitesse nette non-stop de 128 Kbps apr\u00e8s utilisation de 8Go<\/li>\n\n\n\n<li> Cr\u00e9dit gratuit de 30 bahts (t\u00e9l\u00e9phone\/SMS\/MMS)<\/li>\n<\/ul>\n\n\n\n<p> <strong>Forfait 30 jours \u00e0 899 Baht<\/strong><\/p>\n\n\n\n<ul>\n<li>Utilisation de 110Go (vitesse maximale de 4 Mbps)<\/li>\n\n\n\n<li>Vitesse nette non-stop de 128 Kbps apr\u00e8s utilisation de 110Go<\/li>\n\n\n\n<li> Cr\u00e9dit gratuit de 50 bahts (t\u00e9l\u00e9phone\/SMS\/MMS) <\/li>\n<\/ul>\n\n\n\n<figure class=\"wp-block-image size-full\"><img decoding=\"async\" src=\"https:\/\/thailandesim.com\/fr\/wp-content\/uploads\/2024\/02\/20240215103600-65cde91099c53-1.jpg\" alt=\"Acheter une carte SIM \u00e0 l'a\u00e9roport de Chiang Mai\" class=\"wp-image-1778\" \/><\/figure>\n\n\n\n<h3 class=\"wp-block-heading\" id=\"2-ou-acheter-une-carte-sim-true-move-h-a-laeroport-cnx\">2. O\u00f9 acheter une carte SIM TrueMove H \u00e0 l&#8217;a\u00e9roport CNX?<\/h3>\n\n\n\n<p><strong>Emplacement:<\/strong> Hall International, sortie 2, pr\u00e8s du comptoir d&#8217;enregistrement<\/p>\n\n\n\n<p><strong>Horaires d&#8217;ouverture:<\/strong> de 8h00 \u00e0 20h00 tous les jours <\/p>\n\n\n\n<figure class=\"wp-block-image size-large\"><img decoding=\"async\" src=\"https:\/\/thailandesim.com\/fr\/wp-content\/uploads\/2024\/02\/20240215103600-65cde910d579b-1.png\" alt=\"Emplacement de True Shop \u00e0 l'a\u00e9roport CNX\" class=\"wp-image-1400\" \/><\/figure>\n\n\n\n<p> <strong>Forfaits TrueMove populaires parmi lesquels les voyageurs peuvent choisir \u00e0 l&#8217;a\u00e9roport CNX:<\/strong><\/p>\n\n\n\n<p> <strong>Forfait 200 Baht pour 3 jours<\/strong><\/p>\n\n\n\n<ul>\n<li>Utilisation 1Go (vitesse maximale 4 Mbps)<\/li>\n\n\n\n<li>Internet 4G non-stop<\/li>\n\n\n\n<li> Cr\u00e9dit t\u00e9l\u00e9phonique de 50 bahts<\/li>\n<\/ul>\n\n\n\n<p> <strong>Plan de 600 Baht pour 15 jours<\/strong><\/p>\n\n\n\n<ul>\n<li>Utilisation 8Go<\/li>\n\n\n\n<li>Internet 4G non-stop<\/li>\n\n\n\n<li> Cr\u00e9dit t\u00e9l\u00e9phonique de 50 bahts<\/li>\n<\/ul>\n\n\n\n<p> <strong>Plan de 300 Baht pour 8 jours<\/strong><\/p>\n\n\n\n<ul>\n<li>Utilisation 3Go<\/li>\n\n\n\n<li>Internet 4G non-stop<\/li>\n\n\n\n<li> Cr\u00e9dit t\u00e9l\u00e9phonique de 100 bahts<\/li>\n<\/ul>\n\n\n\n<p> <strong>Forfait 30 jours \u00e0 700 Baht<\/strong><\/p>\n\n\n\n<ul>\n<li>Utilisation 16Go<\/li>\n\n\n\n<li>Internet 4G non-stop<\/li>\n\n\n\n<li> Cr\u00e9dit t\u00e9l\u00e9phonique de 50 bahts<\/li>\n<\/ul>\n\n\n\n<p> <strong>Forfait 30 jours \u00e0 1650 bahts<\/strong><\/p>\n\n\n\n<ul>\n<li> Utilisation 8 Go<\/li>\n\n\n\n<li> Internet illimit\u00e9<\/li>\n\n\n\n<li> Cr\u00e9dit t\u00e9l\u00e9phonique de 45 bahts <\/li>\n<\/ul>\n\n\n\n<figure class=\"wp-block-image size-full\"><img decoding=\"async\" src=\"https:\/\/thailandesim.com\/fr\/wp-content\/uploads\/2024\/02\/20240215103601-65cde9111b457-1.jpg\" alt=\"Forfaits TrueMove populaires pour les voyageurs \u00e0 l\u2019a\u00e9roport CNX\" class=\"wp-image-1840\" \/><\/figure>\n\n\n\n<h3 class=\"wp-block-heading\" id=\"3-ou-acheter-une-carte-sim-dtac-pour-les-touristes-a-laeroport-cnx\">3. O\u00f9 acheter une carte SIM DTAC pour les touristes \u00e0 l&#8217;a\u00e9roport CNX?<\/h3>\n\n\n\n<p><strong>Emplacement:<\/strong> Hall des arriv\u00e9es internationales, 2\u00e8me \u00e9tage<\/p>\n\n\n\n<p><strong>Horaires d&#8217;ouverture:<\/strong> 7h00 &#8211; 22h00<\/p>\n\n\n\n<p><strong>Plans DTAC populaires pour les touristes \u00e0 l&#8217;a\u00e9roport CNX:<\/strong><\/p>\n\n\n\n<p> <strong>299 Baht pour 8 jours, 15 Go de donn\u00e9es \u00e0 vitesse maximale<\/strong><\/p>\n\n\n\n<ul>\n<li> Cr\u00e9dit d&#8217;appel gratuit de 15 bahts<\/li>\n\n\n\n<li> Appels illimit\u00e9s sur le r\u00e9seau DTAC<\/li>\n\n\n\n<li> Tarif sp\u00e9cial pour les appels internationaux via 00400<\/li>\n\n\n\n<li> Utilisation gratuite de 5 applications de chat pendant 8 jours<\/li>\n<\/ul>\n\n\n\n<p> <strong>599 Baht pour 15 jours, 30 Go de donn\u00e9es \u00e0 vitesse maximale<\/strong><\/p>\n\n\n\n<ul>\n<li> Cr\u00e9dit d&#8217;appel gratuit de 15 bahts<\/li>\n\n\n\n<li> Appels illimit\u00e9s sur le r\u00e9seau DTAC<\/li>\n\n\n\n<li> Tarif sp\u00e9cial pour les appels internationaux via 00400<\/li>\n\n\n\n<li> Utilisation gratuite de 5 applications de chat pendant 15 jours<\/li>\n<\/ul>\n\n\n\n<p> <strong>149 Baht pour 4 jours, 5 Go de donn\u00e9es \u00e0 vitesse maximale<\/strong><\/p>\n\n\n\n<ul>\n<li> Cr\u00e9dit d&#8217;appel gratuit de 15 bahts<\/li>\n\n\n\n<li> Appels illimit\u00e9s sur le r\u00e9seau DTAC<\/li>\n\n\n\n<li> Tarif sp\u00e9cial pour les appels internationaux via 00400<\/li>\n\n\n\n<li> Utilisation gratuite de 5 applications de chat pendant 4 jours <\/li>\n<\/ul>\n\n\n\n<figure class=\"wp-block-image size-large\"><img decoding=\"async\" src=\"https:\/\/thailandesim.com\/fr\/wp-content\/uploads\/2024\/02\/20240215103601-65cde91155751-1.jpg\" alt=\"Plans de simulation DTAC pour les touristes - carte sim \u00e0 l'a\u00e9roport de Chiang Mai\" class=\"wp-image-1782\" \/><\/figure>\n\n\n\n<h2 class=\"wp-block-heading\" id=\"iii-combien-coute-une-carte-sim-a-l-aeroport-de-chiang-mai\">III. Combien Co\u00fbte une Carte SIM \u00e0 l&#8217;A\u00e9roport de Chiang Mai?<\/h2>\n\n\n\n<p>Une carte SIM pr\u00e9pay\u00e9e \u00e0 l&#8217;a\u00e9roport de Chiang Mai co\u00fbte g\u00e9n\u00e9ralement environ 200 bahts. Cela comprend une carte SIM et du cr\u00e9dit.<\/p>\n\n\n\n<p>Le co\u00fbt peut \u00e9galement d\u00e9pendre de la quantit\u00e9 de donn\u00e9es, du temps de conversation et de la p\u00e9riode de validit\u00e9 incluse dans le forfait.<\/p>\n\n\n\n<p>Du cr\u00e9dit peut \u00eatre achet\u00e9 au comptoir ou suppl\u00e9mentaire dans les d\u00e9panneurs. <\/p>\n\n\n\n<div class=\"wp-block-group\"><div class=\"wp-block-group__inner-container is-layout-constrained wp-block-group-is-layout-constrained\">\n<div class=\"wp-block-group\"><div class=\"wp-block-group__inner-container is-layout-constrained wp-block-group-is-layout-constrained\">\n<p><strong><em>Remarque:<\/em><\/strong> <em>Les prix peuvent diff\u00e9rer selon les fournisseurs de r\u00e9seaux mobiles et certains fournisseurs peuvent proposer des forfaits promotionnels avec des avantages suppl\u00e9mentaires, tels que des donn\u00e9es illimit\u00e9es ou des appels gratuits, pour une dur\u00e9e limit\u00e9e.<\/em><\/p>\n<\/div><\/div>\n<\/div><\/div>\n\n\n\n<h2 class=\"wp-block-heading\" id=\"iv-comment-enregistrer-une-carte-sim-a-l-aeroport-de-chiang-mai\">IV. Comment Enregistrer une Carte SIM \u00e0 l&#8217;A\u00e9roport de Chiang Mai?<\/h2>\n\n\n\n<p>Pour enregistrer une carte SIM pour touristes \u00e0 l&#8217;a\u00e9roport de Chiang Mai, vous devez pr\u00e9parer:<\/p>\n\n\n\n<ul>\n<li> <strong>Votre passeport:<\/strong> Ceci est \u00e0 des fins d&#8217;enregistrement, une copie de votre passeport peut \u00eatre prise.<\/li>\n\n\n\n<li> <strong>Envoi d&#8217;un SMS ou appel \u00e0 une hotline d&#8217;inscription<\/strong> pour terminer le processus d&#8217;inscription (le personnel au comptoir peut le faire pour vous)<\/li>\n\n\n\n<li><strong>Un t\u00e9l\u00e9phone d\u00e9verrouill\u00e9:<\/strong> Votre t\u00e9l\u00e9phone doit \u00eatre d\u00e9verrouill\u00e9 pour pouvoir utiliser le r\u00e9seau mobile tha\u00eflandais.<\/li>\n<\/ul>\n\n\n\n<p>Il convient de noter que le processus d&#8217;enregistrement peut \u00eatre diff\u00e9rent selon <strong>les fournisseurs de r\u00e9seaux mobiles en Tha\u00eflande<\/strong>, certains peuvent exiger des informations suppl\u00e9mentaires comme une adresse locale ou m\u00eame un permis de travail.<\/p>\n\n\n\n<div class=\"wp-block-group gigago-block-border\"><div class=\"wp-block-group__inner-container is-layout-constrained wp-block-group-is-layout-constrained\">\n<p><strong><em>Conseil:<\/em><\/strong><em> <\/em><\/p>\n\n\n\n<ul>\n<li><em>Suivez les directives du fournisseur de r\u00e9seau mobile que vous choisissez et conservez une trace des d\u00e9tails d&#8217;enregistrement de votre carte SIM pour r\u00e9f\u00e9rence future.<\/em><\/li>\n\n\n\n<li><strong><em>Meilleure option:<\/em><\/strong> <em>si vous souhaitez \u00e9viter ce syst\u00e8me d&#8217;enregistrement, envisagez d&#8217;acheter une carte SIM internationale en ligne et de la r\u00e9cup\u00e9rer \u00e0 l&#8217;a\u00e9roport CNX et d&#8217;acheter une <strong>eSIM Tha\u00eflande<\/strong> pour les touristes.<\/em><\/li>\n<\/ul>\n<\/div><\/div>\n\n\n\n<p>Voici quelques forfaits de donn\u00e9es populaires pour les touristes en Tha\u00eflande<\/p>\n\n\n<div class=\"lazyblock-cta-show-product-1AX7lz wp-block-lazyblock-cta-show-product\"><div class=\"cta-show-products mb-6\">\n    <div class=\"row vnb-esim-rows\" data-elementor-columns=\"2\" data-elementor-columns-tablet=\"2\" data-elementor-columns-mobile=\"1\">\n                                                <div class=\"column-item\">\n                    <div class=\"vnb-cta-show-product-item\">\n                        <div class=\"product-info\">\n                            <div class=\"product-transition\">\n                                                                <img decoding=\"async\" src=\"https:\/\/thailandesim.com\/vnb-data\/media\/flag\/th.png\" alt=\"eSIM Tha\u00eflande 1 jour \u2013 Meilleur pour le transit\">\n                            <\/div>\n                            <div class=\"product-caption\">\n                                <div class=\"country\">eSIM Tha\u00eflande 1 jour \u2013 Meilleur pour le transit<\/div>\n                                <div class=\"from-price\">\n                                    <span class=\"title-price\" style=\"text-transform: capitalize;\">\n                                                                            <\/span>\n                                    <span class=\"text-price\">\n                                        &#36;1.50                                    <\/span>\n                                <\/div>\n                            <\/div>\n                        <\/div>\n                        <div class=\"icon\">\n                            <svg width=\"40\" height=\"40\" viewBox=\"0 0 40 40\" fill=\"none\" xmlns=\"http:\/\/www.w3.org\/2000\/svg\">\n                                <path d=\"M31.25 21.25L6.25 21.25C5.91848 21.25 5.60054 21.1183 5.36612 20.8839C5.1317 20.6495 5 20.3315 5 20C5 19.6685 5.1317 19.3505 5.36612 19.1161C5.60054 18.8817 5.91848 18.75 6.25 18.75L31.25 18.75C31.5815 18.75 31.8995 18.8817 32.1339 19.1161C32.3683 19.3505 32.5 19.6685 32.5 20C32.5 20.3315 32.3683 20.6495 32.1339 20.8839C31.8995 21.1183 31.5815 21.25 31.25 21.25Z\" fill=\"black\" \/>\n                                <path d=\"M30.7303 19.9984L20.3628 9.63342C20.128 9.3987 19.9962 9.08036 19.9962 8.74842C19.9962 8.41648 20.128 8.09813 20.3628 7.86342C20.5975 7.6287 20.9158 7.49684 21.2478 7.49684C21.5797 7.49684 21.898 7.6287 22.1328 7.86342L33.3828 19.1134C33.4992 19.2295 33.5915 19.3675 33.6545 19.5193C33.7176 19.6712 33.75 19.834 33.75 19.9984C33.75 20.1628 33.7176 20.3256 33.6545 20.4775C33.5915 20.6294 33.4992 20.7673 33.3828 20.8834L22.1328 32.1334C21.8981 32.3681 21.5797 32.5 21.2478 32.5C20.9158 32.5 20.5975 32.3681 20.3628 32.1334C20.1281 31.8987 19.9962 31.5804 19.9962 31.2484C19.9962 30.9165 20.1281 30.5981 20.3628 30.3634L30.7303 19.9984Z\" fill=\"black\" \/>\n                            <\/svg>\n                        <\/div>\n                        <a href=\"https:\/\/thailandesim.com\/fr\/esim\/thailande-1-jour\/\"><\/a>\n                    <\/div>\n                <\/div>\n                                                            <div class=\"column-item\">\n                    <div class=\"vnb-cta-show-product-item\">\n                        <div class=\"product-info\">\n                            <div class=\"product-transition\">\n                                                                <img decoding=\"async\" src=\"https:\/\/thailandesim.com\/vnb-data\/media\/flag\/th.png\" alt=\"eSIM Chiang Mai\">\n                            <\/div>\n                            <div class=\"product-caption\">\n                                <div class=\"country\">eSIM Chiang Mai<\/div>\n                                <div class=\"from-price\">\n                                    <span class=\"title-price\" style=\"text-transform: capitalize;\">\n                                                                            <\/span>\n                                    <span class=\"text-price\">\n                                        &#36;7.90                                    <\/span>\n                                <\/div>\n                            <\/div>\n                        <\/div>\n                        <div class=\"icon\">\n                            <svg width=\"40\" height=\"40\" viewBox=\"0 0 40 40\" fill=\"none\" xmlns=\"http:\/\/www.w3.org\/2000\/svg\">\n                                <path d=\"M31.25 21.25L6.25 21.25C5.91848 21.25 5.60054 21.1183 5.36612 20.8839C5.1317 20.6495 5 20.3315 5 20C5 19.6685 5.1317 19.3505 5.36612 19.1161C5.60054 18.8817 5.91848 18.75 6.25 18.75L31.25 18.75C31.5815 18.75 31.8995 18.8817 32.1339 19.1161C32.3683 19.3505 32.5 19.6685 32.5 20C32.5 20.3315 32.3683 20.6495 32.1339 20.8839C31.8995 21.1183 31.5815 21.25 31.25 21.25Z\" fill=\"black\" \/>\n                                <path d=\"M30.7303 19.9984L20.3628 9.63342C20.128 9.3987 19.9962 9.08036 19.9962 8.74842C19.9962 8.41648 20.128 8.09813 20.3628 7.86342C20.5975 7.6287 20.9158 7.49684 21.2478 7.49684C21.5797 7.49684 21.898 7.6287 22.1328 7.86342L33.3828 19.1134C33.4992 19.2295 33.5915 19.3675 33.6545 19.5193C33.7176 19.6712 33.75 19.834 33.75 19.9984C33.75 20.1628 33.7176 20.3256 33.6545 20.4775C33.5915 20.6294 33.4992 20.7673 33.3828 20.8834L22.1328 32.1334C21.8981 32.3681 21.5797 32.5 21.2478 32.5C20.9158 32.5 20.5975 32.3681 20.3628 32.1334C20.1281 31.8987 19.9962 31.5804 19.9962 31.2484C19.9962 30.9165 20.1281 30.5981 20.3628 30.3634L30.7303 19.9984Z\" fill=\"black\" \/>\n                            <\/svg>\n                        <\/div>\n                        <a href=\"https:\/\/thailandesim.com\/fr\/esim\/chiang-mai\/\"><\/a>\n                    <\/div>\n                <\/div>\n                        <\/div>\n\n<\/div><\/div>\n\n\n<h2 class=\"wp-block-heading\" id=\"v-change-de-devises-especes-uniquement\"> V. Change de Devises \u2013 Esp\u00e8ces Uniquement<\/h2>\n\n\n\n<p>Les voyageurs qui ach\u00e8tent des cartes SIM touristiques pour la Tha\u00eflande en esp\u00e8ces auront de nombreuses options pour \u00e9changer de l&#8217;argent. Vous pouvez \u00e9changer de l&#8217;argent apr\u00e8s avoir pass\u00e9 la douane. Cependant, de nombreux magasins de cartes SIM n&#8217;acceptent que les esp\u00e8ces lors de la r\u00e9cup\u00e9ration des bagages et avant la douane, ce qui peut \u00eatre g\u00eanant si vous n&#8217;avez pas encore de baht tha\u00eflandais.<\/p>\n\n\n\n<p>Il y a des bureaux de change \u00e0 l&#8217;a\u00e9roport de Chiang Mai, situ\u00e9s aux d\u00e9parts nationaux, aux d\u00e9parts internationaux et aux arriv\u00e9es internationales. Certaines des options incluent:<\/p>\n\n\n\n<ul>\n<li><strong>Bureaux de change:<\/strong> plusieurs bureaux de change sont disponibles sur place. y compris dans le hall d&#8217;arriv\u00e9e et le hall de d\u00e9part. Ils proposent des tarifs comp\u00e9titifs, mais peuvent facturer des frais de commission.<\/li>\n\n\n\n<li><strong>Automatiques de billets:<\/strong> disponibles dans les terminaux nationaux et internationaux. Veuillez noter que les guichets automatiques de Chiang Mai peuvent facturer des frais minimes par transaction. Assurez-vous de v\u00e9rifier la grille tarifaire de votre banque et la limitation de votre retrait quotidiennement si vous envisagez de voyager \u00e0 l&#8217;\u00e9tranger.<\/li>\n<\/ul>\n\n\n\n<p>Les endroits sp\u00e9cifiques sont Super Rich, Siam Exchange, Vasu Exchange et les guichets automatiques de diverses banques comme Bangkok Bank, Siam Commercial Bank et Kasikorn Bank.<\/p>\n\n\n\n<p>Pour payer par carte, vous devez attendre d&#8217;arriver dans le hall des arriv\u00e9es, o\u00f9 tous les magasins mobiles acceptent les paiements par carte de cr\u00e9dit.<\/p>\n\n\n\n<h2 class=\"wp-block-heading\" id=\"vi-wi-fi-gratuit\">VI. Wi-Fi Gratuit<\/h2>\n\n\n\n<p>\u00c0 l&#8217;a\u00e9roport de Chiang Mai, les voyageurs peuvent profiter d&#8217;une connexion Wi-Fi gratuite pendant une dur\u00e9e de 2 heures.<\/p>\n\n\n\n<p>Pour se connecter au r\u00e9seau, les passagers doivent simplement s\u00e9lectionner le r\u00e9seau &#8220;@AirportTrueFreeWiFi&#8221;.<\/p>\n\n\n\n<div class=\"wp-block-group gigago-block-border\"><div class=\"wp-block-group__inner-container is-layout-constrained wp-block-group-is-layout-constrained\">\n<p><strong><em>Conseil:<\/em><\/strong><\/p>\n\n\n\n<p><em>Pour prolonger l&#8217;acc\u00e8s Wi-Fi gratuit au-del\u00e0 de la p\u00e9riode initiale de deux heures, les voyageurs peuvent se r\u00e9inscrire avec de nouvelles informations toutes les 2 heures. Cela leur permet de continuer \u00e0 profiter de la commodit\u00e9 du r\u00e9seau WiFi de l&#8217;a\u00e9roport tout au long de leur s\u00e9jour \u00e0 l&#8217;a\u00e9roport sans encourir de frais suppl\u00e9mentaires.<\/em><\/p>\n<\/div><\/div>\n\n\n\n<p> <em>\u25ba Si vous atterrissez dans d&#8217;autres a\u00e9roports tha\u00eflandais, nous avons \u00e9galement une liste de <a href=\"https:\/\/thailandesim.com\/fr\/carte-sim-aeroports\/\" data-type=\"page\" data-id=\"1138\">guides d&#8217;achat de cartes SIM dans d&#8217;autres a\u00e9roports de Tha\u00eflande<\/a><\/em>.<\/p>\n","protected":false},"excerpt":{"rendered":"<p>Obtenir une carte SIM et eSIM \u00e0 l&#8217;a\u00e9roport de Chiang Mai (CNX) est facile et pratique pour les voyageurs gr\u00e2ce \u00e0 la pr\u00e9sence de divers magasins de fournisseurs de cartes SIM comme AIS, DTAC et TrueMove H \u00e0 l&#8217;a\u00e9roport. Mais existe-t-il une autre meilleure option pour rester connect\u00e9 lors d&#8217;un voyage en Tha\u00eflande? Bien s\u00fbr, [&#8230;]\n","protected":false},"author":1,"featured_media":15666,"parent":1138,"menu_order":0,"comment_status":"closed","ping_status":"closed","template":"page-right-sidebar.php","meta":{"_acf_changed":false,"inline_featured_image":false,"footnotes":""},"acf":[],"_links":{"self":[{"href":"https:\/\/thailandesim.com\/fr\/wp-json\/wp\/v2\/pages\/1388"}],"collection":[{"href":"https:\/\/thailandesim.com\/fr\/wp-json\/wp\/v2\/pages"}],"about":[{"href":"https:\/\/thailandesim.com\/fr\/wp-json\/wp\/v2\/types\/page"}],"author":[{"embeddable":true,"href":"https:\/\/thailandesim.com\/fr\/wp-json\/wp\/v2\/users\/1"}],"replies":[{"embeddable":true,"href":"https:\/\/thailandesim.com\/fr\/wp-json\/wp\/v2\/comments?post=1388"}],"version-history":[{"count":0,"href":"https:\/\/thailandesim.com\/fr\/wp-json\/wp\/v2\/pages\/1388\/revisions"}],"up":[{"embeddable":true,"href":"https:\/\/thailandesim.com\/fr\/wp-json\/wp\/v2\/pages\/1138"}],"wp:featuredmedia":[{"embeddable":true,"href":"https:\/\/thailandesim.com\/fr\/wp-json\/wp\/v2\/media\/15666"}],"wp:attachment":[{"href":"https:\/\/thailandesim.com\/fr\/wp-json\/wp\/v2\/media?parent=1388"}],"curies":[{"name":"wp","href":"https:\/\/api.w.org\/{rel}","templated":true}]}}