{"id":105,"date":"2023-02-14T13:28:16","date_gmt":"2023-02-14T06:28:16","guid":{"rendered":"https:\/\/thailandesim.com\/?page_id=105"},"modified":"2024-05-24T03:10:45","modified_gmt":"2024-05-24T03:10:45","slug":"comment-installer","status":"publish","type":"page","link":"https:\/\/thailandesim.com\/fr\/comment-installer\/","title":{"rendered":"Comment Installer Tha\u00eflande eSIM: Guide Complet"},"content":{"rendered":"\n<div class=\"row\"  id=\"row-1152040037\">\n\n\n\t<div id=\"col-1474355075\" class=\"col small-12 large-12\"  >\n\t\t\t\t<div class=\"col-inner\"  >\n\t\t\t\n\t\t\t\n\n<div class=\"row\"  id=\"row-442741456\">\n\n\n\t<div id=\"col-1641395961\" class=\"col small-12 large-12\"  >\n\t\t\t\t<div class=\"col-inner\"  >\n\t\t\t\n\t\t\t\n\n<div class=\"row\"  id=\"row-596761191\">\n\n\n\t<div id=\"col-72798294\" class=\"col small-12 large-12\"  >\n\t\t\t\t<div class=\"col-inner\"  >\n\t\t\t\n\t\t\t\n\n<p>Veuillez v\u00e9rifier les points suivants pour vous assurer que vous \u00eates en mesure d&#8217;installer et d&#8217;activer avec succ\u00e8s votre eSIM Tha\u00eflande:<\/p>\n<ul>\n<li>Votre appareil est compatible eSIM et d\u00e9bloqu\u00e9 par l&#8217;op\u00e9rateur.<\/li>\n<li>Vous disposez d&#8217;une connexion Internet stable, de pr\u00e9f\u00e9rence WiFi. Pour utiliser l&#8217;eSIM, vous devez t\u00e9l\u00e9charger le profil\/plan de donn\u00e9es eSIM sur votre appareil, une connexion Internet stable est donc indispensable).<\/li>\n<\/ul>\n\n\t\t<\/div>\n\t\t\t\t\t<\/div>\n\n\t\n\n<\/div>\n<div class=\"row\"  id=\"row-2018890961\">\n\n\n\t<div id=\"col-1013399198\" class=\"col small-12 large-12\"  >\n\t\t\t\t<div class=\"col-inner\"  >\n\t\t\t\n\t\t\t\n\n<\/p>\n<p>Maintenant, apr\u00e8s avoir v\u00e9rifi\u00e9 si votre t\u00e9l\u00e9phone peut utiliser l&#8217;eSIM ou non, vous pouvez \u00eatre s\u00fbr que vous pouvez l&#8217;utiliser. Il est temps de prendre des mesures pour commencer \u00e0 installer une eSIM pour votre voyage en Tha\u00eflande.<\/p>\n<p>\n\n\t\t<\/div>\n\t\t\t\t\t<\/div>\n\n\t\n\n<\/div>\n<div class=\"row\"  id=\"row-429091632\">\n\n\n\t<div id=\"col-314831209\" class=\"col small-12 large-12\"  >\n\t\t\t\t<div class=\"col-inner\" style=\"background-color:rgb(242, 246, 255);\" >\n\t\t\t\n\t<div class=\"is-border\"\n\t\tstyle=\"border-width:0px 0px 0px 0px;\">\n\t<\/div>\n\t\t\t\n\n\t<div id=\"text-2632819858\" class=\"text\">\n\t\t\n\n<p><strong>\u00c9tapes \u00e0 suivre<\/strong>:<\/p>\n<ol>\n<li><strong>Installez<\/strong> votre eSIM la veille de votre d\u00e9part et <strong>activez-la<\/strong> pendant votre vol ou \u00e0 votre arriv\u00e9e \u00e0 destination. Parce qu&#8217;un forfait eSIM a un nombre limit\u00e9 de jours d&#8217;utilisation, donc si vous le configurez trop t\u00f4t, le forfait ne durera pas pendant tout votre voyage.<\/li>\n<li>S\u00e9lectionnez <strong>le type d&#8217;apparei<\/strong>l sur lequel vous allez installer une eSIM (iPhone, Samsung, Google Pixel)<\/li>\n<\/ol>\n<p>\u00a0<\/p>\n\t\t\n<style type=\"text\/css\">\n#text-2632819858 {\n  margin: 30px 30px 30px 30px;\n}\n<\/style>\n\t<\/div>\n\t\n\n\t\t<\/div>\n\t\t\t\t\n<style type=\"text\/css\">\n#col-314831209 > .col-inner {\n  padding: 20px 0px 20px 0px;\n  border-radius: 20px;\n}\n<\/style>\n\t<\/div>\n\n\t\n\n\n<style type=\"text\/css\">\n#row-429091632 > .col {\n  padding: 0px 20px 20px 20px;\n}\n#row-429091632 > .col > .col-inner {\n  border-radius: 20px;\n}\n<\/style>\n<\/div>\n\n\t\t<\/div>\n\t\t\t\t\t<\/div>\n\n\t\n\n<\/div>\n<div class=\"row\"  id=\"row-1777272172\">\n\n\n\t<div id=\"col-50204272\" class=\"col small-12 large-12\"  >\n\t\t\t\t<div class=\"col-inner\"  >\n\t\t\t\n\t\t\t\n\n\t<div id=\"text-1458509183\" class=\"text\">\n\t\t\n\n<h2><span style=\"font-size: 80%\">Comment Installer Tha\u00eflande eSIM sur Diff\u00e9rents Appareils?<\/span><\/h2>\n\t\t\n<style type=\"text\/css\">\n#text-1458509183 {\n  font-size: 1.5rem;\n  line-height: 0.75;\n}\n<\/style>\n\t<\/div>\n\t\n\t<div id=\"text-419181618\" class=\"text\">\n\t\t\n\n<p>Chaque appareil aura des \u00e9tapes l\u00e9g\u00e8rement diff\u00e9rentes pour installer et activer l&#8217;eSIM. Ci-dessous, s\u00e9lectionnez l&#8217;appareil sur lequel vous allez installer une eSIM Tha\u00eflande pour voir des instructions \u00e9tape par \u00e9tape et un guide vid\u00e9o utile:<\/p>\n\t\t\n<style type=\"text\/css\">\n#text-419181618 {\n  margin: 10px 0px 0px 0px;\n}\n<\/style>\n\t<\/div>\n\t\n\n\t\t<\/div>\n\t\t\t\t\t<\/div>\n\n\t\n\n<\/div>\n<div class=\"row\"  id=\"row-1468334747\">\n\n\n\t<div id=\"col-1182413503\" class=\"col small-12 large-12\"  >\n\t\t\t\t<div class=\"col-inner\"  >\n\t\t\t\n\t\t\t\n\n\t<div id=\"text-1367391815\" class=\"text\">\n\t\t\n\n<\/p><h3 style=\"text-align: center\"><span style=\"font-size: 80%\">S\u00e9lectionnez l&#8217;appareil sur lequel vous allez installer une eSIM<\/span><\/h3><p>\n\t\t\n<style type=\"text\/css\">\n#text-1367391815 {\n  font-size: 1.125rem;\n  margin: 0px 0px 0px 0px;\n}\n@media (min-width:550px) {\n  #text-1367391815 {\n    margin: 10px 0px 10px 0px;\n  }\n}\n<\/style>\n\t<\/div>\n\t\n<div class=\"row\"  id=\"row-617300226\">\n\n\n\t<div id=\"col-412233610\" class=\"col small-12 large-12\"  >\n\t\t\t\t<div class=\"col-inner text-center\"  >\n\t\t\t\n\t\t\t\n\n<a href=\"https:\/\/thailandesim.com\/fr\/comment-installer\/iphone\/\" target=\"_self\" class=\"button primary is-outline lowercase\"  style=\"border-radius:99px;\">\n    <span>iPhone<\/span>\n  <\/a>\n\n\n<a href=\"https:\/\/thailandesim.com\/fr\/comment-installer\/samsung\/\" target=\"_self\" class=\"button primary is-outline lowercase\"  style=\"border-radius:99px;\">\n    <span>Samsung<\/span>\n  <\/a>\n\n\n<a href=\"https:\/\/thailandesim.com\/fr\/comment-installer\/google-pixel\/\" target=\"_self\" class=\"button primary is-outline lowercase\"  style=\"border-radius:99px;\">\n    <span>Google Pixel<\/span>\n  <\/a>\n\n\n\n\t\t<\/div>\n\t\t\t\t\n<style type=\"text\/css\">\n#col-412233610 > .col-inner {\n  margin: 10px 0px 0px 0px;\n}\n<\/style>\n\t<\/div>\n\n\t\n\n<\/div>\n<div class=\"row\"  id=\"row-819770378\">\n\n\n\t<div id=\"col-202367799\" class=\"col small-12 large-12\"  >\n\t\t\t\t<div class=\"col-inner\"  >\n\t\t\t\n\t\t\t\n\n<div class=\"row\"  id=\"row-590188780\">\n\n\n\t<div id=\"col-403114697\" class=\"col small-12 large-12\"  >\n\t\t\t\t<div class=\"col-inner\"  >\n\t\t\t\n\t\t\t\n\n\t<div id=\"text-4227556477\" class=\"text\">\n\t\t\n\n<\/p><h2><span style=\"font-size: 80%\">Ce que vous devez savoir sur l&#8217;installation d&#8217;une eSIM?<\/span><\/h2><p>\n\t\t\n<style type=\"text\/css\">\n#text-4227556477 {\n  font-size: 1.5rem;\n  margin: 0px 0px 10px 0px;\n}\n<\/style>\n\t<\/div>\n\t\n<\/p>\n<ul>\n<li>Il existe deux mani\u00e8res d&#8217;installer une eSIM sur votre appareil:<\/li>\n<li style=\"list-style-type: none\">\n<ul>\n<li>M\u00e9thode du code QR<\/li>\n<li>M\u00e9thode manuelle<\/li>\n<\/ul>\n<\/li>\n<li>Bien que nous vous guidions dans les deux cas, la m\u00e9thode du code QR est fortement recommand\u00e9e.<\/li>\n<li>La configuration ne devrait prendre que 2 \u00e0 3 minutes environ.<\/li>\n<\/ul>\n<p>\n\n\t\t<\/div>\n\t\t\t\t\t<\/div>\n\n\t\n\n<\/div>\n\n\t\t<\/div>\n\t\t\t\t\t<\/div>\n\n\t\n\n<\/div>\n<div class=\"row\"  id=\"row-131010275\">\n\n\n\t<div id=\"col-1262398971\" class=\"col small-12 large-12\"  >\n\t\t\t\t<div class=\"col-inner\"  >\n\t\t\t\n\t\t\t\n\n<div class=\"row\"  id=\"row-1100570798\">\n\n\n\t<div id=\"col-9942642\" class=\"col small-12 large-12\"  >\n\t\t\t\t<div class=\"col-inner\"  >\n\t\t\t\n\t\t\t\n\n\t<div id=\"text-3729263867\" class=\"text\">\n\t\t\n\n<h2><span style=\"font-size: 80%\">FAQ<\/span><\/h2>\n\t\t\n<style type=\"text\/css\">\n#text-3729263867 {\n  font-size: 1.5rem;\n  margin: 0px 0px 10px 0px;\n}\n<\/style>\n\t<\/div>\n\t\n<div class=\"accordion\">\n\n<div id=\"accordion-892110339\" class=\"accordion-item\"><a id=\"accordion-892110339-label\" href=\"#\" class=\"accordion-title plain\" aria-expanded=\"false\" aria-controls=\"accordion-892110339-content\"><button class=\"toggle\" aria-label=\"Toggle\"><i class=\"icon-angle-down\"><\/i><\/button><span>Quand dois-je installer Tha\u00eflande eSIM<\/span><\/a><div id=\"accordion-892110339-content\" class=\"accordion-inner\" aria-labelledby=\"accordion-892110339-label\">\n\n<\/p>\n<p>La validit\u00e9 commencera juste apr\u00e8s l&#8217;installation, il est donc recommand\u00e9 d&#8217;installer l&#8217;eSIM un jour avant le d\u00e9part.<\/p>\n<p>\n\n<\/div><\/div>\n<div id=\"accordion-75038871\" class=\"accordion-item\"><a id=\"accordion-75038871-label\" href=\"#\" class=\"accordion-title plain\" aria-expanded=\"false\" aria-controls=\"accordion-75038871-content\"><button class=\"toggle\" aria-label=\"Toggle\"><i class=\"icon-angle-down\"><\/i><\/button><span>Que pr\u00e9parer lors de l'installation de l'eSIM en Tha\u00eflande<\/span><\/a><div id=\"accordion-75038871-content\" class=\"accordion-inner\" aria-labelledby=\"accordion-75038871-label\">\n\n\t<div id=\"text-1204408764\" class=\"text\">\n\t\t\n\n<p>Pour bien installer l&#8217;eSIM, vous devez disposer :<\/p>\n<ul>\n<li>Un appareil compatible avec l&#8217;eSIM et d\u00e9bloqu\u00e9<\/li>\n<li>Une connexion de donn\u00e9es<\/li>\n<li>Un code d&#8217;activation eSIM envoy\u00e9 par votre fournisseur d&#8217;eSIM.<\/li>\n<\/ul>\n\t\t\n<style type=\"text\/css\">\n#text-1204408764 {\n  line-height: 2.25;\n}\n<\/style>\n\t<\/div>\n\t\n\n<\/div><\/div>\n<div id=\"accordion-2136260684\" class=\"accordion-item\"><a id=\"accordion-2136260684-label\" href=\"#\" class=\"accordion-title plain\" aria-expanded=\"false\" aria-controls=\"accordion-2136260684-content\"><button class=\"toggle\" aria-label=\"Toggle\"><i class=\"icon-angle-down\"><\/i><\/button><span>Que puis-je faire si je ne parviens pas \u00e0 installer l'eSIM m\u00eame en suivant les instructions<\/span><\/a><div id=\"accordion-2136260684-content\" class=\"accordion-inner\" aria-labelledby=\"accordion-2136260684-label\">\n\n<p>Ne t&#8217;inqui\u00e8te pas. ThailandeSIM offre une assistance 24\/7. Vous pouvez contacter Tha\u00eflande eSIM pour obtenir une assistance instantan\u00e9e.<\/p>\n<p>\u00a0<\/p>\n\n<\/div><\/div>\n\n<\/div>\n\n\t\t<\/div>\n\t\t\t\t\t<\/div>\n\n\t\n\n<\/div>\n\n\t\t<\/div>\n\t\t\t\t\t<\/div>\n\n\t\n\n<\/div>\n\n\t\t<\/div>\n\t\t\t\t\t<\/div>\n\n\t\n\n<\/div>\n\n\t\t<\/div>\n\t\t\t\t\t<\/div>\n\n\t\n\n<\/div>\n\n","protected":false},"excerpt":{"rendered":"","protected":false},"author":1,"featured_media":106,"parent":0,"menu_order":0,"comment_status":"closed","ping_status":"closed","template":"","meta":{"_acf_changed":false,"inline_featured_image":false,"footnotes":""},"acf":[],"_links":{"self":[{"href":"https:\/\/thailandesim.com\/fr\/wp-json\/wp\/v2\/pages\/105"}],"collection":[{"href":"https:\/\/thailandesim.com\/fr\/wp-json\/wp\/v2\/pages"}],"about":[{"href":"https:\/\/thailandesim.com\/fr\/wp-json\/wp\/v2\/types\/page"}],"author":[{"embeddable":true,"href":"https:\/\/thailandesim.com\/fr\/wp-json\/wp\/v2\/users\/1"}],"replies":[{"embeddable":true,"href":"https:\/\/thailandesim.com\/fr\/wp-json\/wp\/v2\/comments?post=105"}],"version-history":[{"count":0,"href":"https:\/\/thailandesim.com\/fr\/wp-json\/wp\/v2\/pages\/105\/revisions"}],"wp:featuredmedia":[{"embeddable":true,"href":"https:\/\/thailandesim.com\/fr\/wp-json\/wp\/v2\/media\/106"}],"wp:attachment":[{"href":"https:\/\/thailandesim.com\/fr\/wp-json\/wp\/v2\/media?parent=105"}],"curies":[{"name":"wp","href":"https:\/\/api.w.org\/{rel}","templated":true}]}}