{"id":270,"date":"2023-02-23T11:41:40","date_gmt":"2023-02-23T04:41:40","guid":{"rendered":"https:\/\/thailandesim.com\/?page_id=773"},"modified":"2026-03-05T04:07:26","modified_gmt":"2026-03-05T04:07:26","slug":"cancellation-refund","status":"publish","type":"page","link":"https:\/\/thailandesim.com\/de\/cancellation-refund\/","title":{"rendered":"Stornierung und R\u00fcckerstattung"},"content":{"rendered":"\n<p>1. Falls Sie Ihre Bestellung stornieren m\u00f6chten, k\u00f6nnen Sie dies ohne Strafgeb\u00fchr tun, bevor Ihr eSIM-QR-Code an Ihre E-Mail-Adresse gesendet wurde. Nachdem Ihr eSIM-QR-Code gesendet wurde, k\u00f6nnen Sie Ihre Zahlung nicht mehr stornieren oder erhalten nur dann eine R\u00fcckerstattung, wenn ein Fehler im Zusammenhang mit unserer eSIM vorliegt, der unserem Support-Team gemeldet wurde, aber nicht behoben werden kann.<\/p>\n\n\n\n<p>2. Wenn Sie die eSIM-E-Mail nicht in Ihrem prim\u00e4ren Posteingang finden k\u00f6nnen, sollten Sie zun\u00e4chst Ihren Spam-Ordner oder Werbeordner \u00fcberpr\u00fcfen. Danach k\u00f6nnen Sie sich f\u00fcr weitere Unterst\u00fctzung an uns wenden. Wenn Sie dies nicht tun, erfolgt keine R\u00fcckerstattung.<\/p>\n\n\n\n<p>3. Die R\u00fcckerstattung kann auf die gleiche Weise erfolgen wie die Zahlungsmethode (z. B. Paypal), die Sie f\u00fcr die Bestellung verwendet haben. Der R\u00fcckerstattungsprozess kann bis zu 10 Werktage dauern.<\/p>\n\n\n\n<p>4. Sollten Sie Probleme mit unseren Diensten haben, gew\u00e4hren wir eine R\u00fcckerstattung oder tauschen eine neue eSIM nur dann aus, wenn das Problem gemeldet, \u00fcberpr\u00fcft und von unserem Support-Team nicht behoben wurde, w\u00e4hrend Sie sich in dem abgedeckten Land aufhalten. Unser Support-Team wird das Problem untersuchen, um festzustellen, ob es in unseren Verantwortungsbereich f\u00e4llt, und gegebenenfalls die R\u00fcckerstattung vornehmen.<\/p>\n\n\n\n<p>Bitte beachten Sie, dass eine R\u00fcckerstattung nach Ihrer R\u00fcckkehr in Ihr Heimatland ohne vorherige Best\u00e4tigung nicht m\u00f6glich ist.<\/p>\n\n\n\n<p>Und bitte denken Sie daran, dass <a href=\"https:\/\/thailandesim.com\/de\">Thailandesim<\/a> Ihnen in jedem Fall so schnell wie m\u00f6glich helfen wird!<\/p>\n","protected":false},"excerpt":{"rendered":"<p>1. Falls Sie Ihre Bestellung stornieren m\u00f6chten, k\u00f6nnen Sie dies ohne Strafgeb\u00fchr tun, bevor Ihr eSIM-QR-Code an Ihre E-Mail-Adresse gesendet wurde. Nachdem Ihr eSIM-QR-Code gesendet wurde, k\u00f6nnen Sie Ihre Zahlung nicht mehr stornieren oder erhalten nur dann eine R\u00fcckerstattung, wenn ein Fehler im Zusammenhang mit unserer eSIM vorliegt, der unserem Support-Team gemeldet wurde, aber nicht [&#8230;]\n","protected":false},"author":1,"featured_media":0,"parent":0,"menu_order":0,"comment_status":"closed","ping_status":"closed","template":"page-right-sidebar.php","meta":{"_acf_changed":false,"inline_featured_image":false,"footnotes":""},"acf":[],"_links":{"self":[{"href":"https:\/\/thailandesim.com\/de\/wp-json\/wp\/v2\/pages\/270"}],"collection":[{"href":"https:\/\/thailandesim.com\/de\/wp-json\/wp\/v2\/pages"}],"about":[{"href":"https:\/\/thailandesim.com\/de\/wp-json\/wp\/v2\/types\/page"}],"author":[{"embeddable":true,"href":"https:\/\/thailandesim.com\/de\/wp-json\/wp\/v2\/users\/1"}],"replies":[{"embeddable":true,"href":"https:\/\/thailandesim.com\/de\/wp-json\/wp\/v2\/comments?post=270"}],"version-history":[{"count":2,"href":"https:\/\/thailandesim.com\/de\/wp-json\/wp\/v2\/pages\/270\/revisions"}],"predecessor-version":[{"id":273,"href":"https:\/\/thailandesim.com\/de\/wp-json\/wp\/v2\/pages\/270\/revisions\/273"}],"wp:attachment":[{"href":"https:\/\/thailandesim.com\/de\/wp-json\/wp\/v2\/media?parent=270"}],"curies":[{"name":"wp","href":"https:\/\/api.w.org\/{rel}","templated":true}]}}