{"id":266,"date":"2023-02-23T14:58:44","date_gmt":"2023-02-23T07:58:44","guid":{"rendered":"https:\/\/thailandesim.com\/?page_id=786"},"modified":"2026-03-04T11:00:46","modified_gmt":"2026-03-04T11:00:46","slug":"privacy-policy","status":"publish","type":"page","link":"https:\/\/thailandesim.com\/de\/privacy-policy\/","title":{"rendered":"Datenschutzerkl\u00e4rung"},"content":{"rendered":"\n<p><em>Diese Datenschutzerkl\u00e4rung wurde vom <\/em><a href=\"https:\/\/thailandesim.com\/de\"><em>Thailandesim.com<\/em><\/a><em> Team entwickelt, um Ihnen zu helfen, zu verstehen, wie wir die pers\u00f6nlichen Daten unserer Kunden sammeln, verwenden, weitergeben, offenlegen und nutzen. Mit der Bestellung einer eSIM bei Thailandesim.com erkl\u00e4ren Sie sich mit den folgenden Informationen unserer <\/em><a href=\"https:\/\/thailandesim.com\/privacy-policy\/\"><em>Datenschutzerkl\u00e4rung<\/em><\/a><em> einverstanden.<\/em><\/p>\n\n\n\n<h2 class=\"wp-block-heading\">1. Gesammelte Informationen<\/h2>\n\n\n\n<p>Wir ergreifen alle Ma\u00dfnahmen, um sicherzustellen, dass die von Ihnen angegebenen Informationen genau und vollst\u00e4ndig erfasst werden. Wir helfen Ihnen, die uns von Ihnen zur Verf\u00fcgung gestellten Daten gegebenenfalls zu \u00e4ndern oder zu korrigieren.<\/p>\n\n\n\n<h3 class=\"wp-block-heading\"><em>1.1 Von uns erfasste personenbezogene Daten<\/em><\/h3>\n\n\n\n<p>Wir verwenden personenbezogene Daten f\u00fcr verschiedene gesch\u00e4ftliche Zwecke, darunter beispielsweise, um auf Ihre Anfragen nach Dienstleistungen oder Unterst\u00fctzung zu reagieren, um Transaktionen abzuschlie\u00dfen und Dienstleistungen oder Produkte in Rechnung zu stellen, um tats\u00e4chliche und potenzielle Probleme mit unseren Dienstleistungen und Produkten vorherzusagen und zu l\u00f6sen, um die Qualit\u00e4t unserer Dienstleistungen und Produkte zu verbessern, um zus\u00e4tzliche oder andere Dienstleistungen und Produkte vorzuschlagen; um interne Gesch\u00e4ftsentscheidungen \u00fcber aktuelle und zuk\u00fcnftige Angebote zu treffen; um personalisierte\/ma\u00dfgeschneiderte Dienstleistungen sowie Benutzererfahrungen anzubieten; um unser Eigentum und unsere Rechte zu sch\u00fctzen; und um Sie \u00fcber andere Produkte\/Dienstleistungen von Thailandesim.com zu informieren.<\/p>\n\n\n\n<p>Alle Informationen, die Sie uns zur Verf\u00fcgung stellen, werden streng vertraulich behandelt und vor unbefugter Nutzung gesch\u00fctzt. Sie werden niemals an Dritte weitergegeben, es sei denn, wir erhalten Ihre Zustimmung dazu.<\/p>\n\n\n\n<h3 class=\"wp-block-heading\">1.2 Erfasste nicht personenbezogene Daten<\/h3>\n\n\n\n<p>Wir erfassen und speichern in unseren Server-Protokollen nicht personenbezogene Daten, darunter unter anderem IP-Adresse, Browsertyp, Betriebssystem sowie Uhrzeit und Datum der Besuche, die besuchten Seiten, die auf der Website verbrachte Zeit und wiederholte Besuche der Website.<\/p>\n\n\n\n<p>Dar\u00fcber hinaus k\u00f6nnen wir Google Analytics nutzen, das nicht personenbezogene Daten wie Browsertyp, Uhrzeit und Datum eines Besuchs, Betriebssystem, Herkunft der Besucher, auf der Website besuchte Seiten, Verweildauer auf der Website, Ziel der Besucher beim Verlassen der Website und wiederholte Besuche auf der Website erfasst.<\/p>\n\n\n\n<p>Diese nicht personenbezogenen Daten werden gesammelt, um besser zu verstehen, wie unsere Besucher die Website nutzen, und um die Verwaltung, Pflege, Verbesserung und Berichterstattung \u00fcber die Nutzung unserer Website zu unterst\u00fctzen.<\/p>\n\n\n\n<p>Diese Art von Daten kann an Dritte weitergegeben werden, jedoch ausschlie\u00dflich zum Zweck der Berichterstattung \u00fcber die Nutzung unserer Website oder zur Einhaltung geltender Gesetze.<\/p>\n\n\n\n<p>Wir versprechen, die auf dieser Website gesammelten nicht personenbezogenen Daten nicht an Dritte, einschlie\u00dflich Google, f\u00fcr Marketingzwecke wie Remarketing zu vermieten, zu verkaufen oder weiterzugeben.<\/p>\n\n\n\n<h3 class=\"wp-block-heading\">1.3 Finanztransaktionen<\/h3>\n\n\n\n<p>Kreditkartentransaktionen werden \u00fcber eines der renommierten externen Kreditkartenunternehmen abgewickelt. Ihre Daten werden verschl\u00fcsselt und ausschlie\u00dflich zur Abwicklung der entsprechenden Transaktionen verwendet. In unserer Datenbank werden nur die letzten 4 Ziffern Ihrer Kreditkarte gespeichert, um den Verifizierungs- und Genehmigungsprozess zu unterst\u00fctzen.<\/p>\n\n\n\n<h3 class=\"wp-block-heading\">1.4 Cookies<\/h3>\n\n\n\n<p>Thailandesim.com verwendet Cookies, um unsere Kunden beim Besuch unserer Website zu identifizieren und wiederzuerkennen. Dadurch k\u00f6nnen wir ihr Erlebnis auf unserer Website individuell anpassen. M\u00f6glicherweise m\u00fcssen Sie Cookies aktivieren oder in Ihrem Browser zulassen, um sich registrieren zu k\u00f6nnen.<\/p>\n\n\n\n<p>Wenn Sie sich daf\u00fcr entscheiden, Cookies zu deaktivieren, k\u00f6nnen Sie die Website weiterhin nutzen. Cookies speichern keine pers\u00f6nlichen Daten. Alle Informationen sind streng vertraulich und werden niemals verkauft oder au\u00dferhalb des Unternehmens weitergegeben.<\/p>\n\n\n\n<h3 class=\"wp-block-heading\">1.5 Systeminformationen<\/h3>\n\n\n\n<p>Wir behalten uns das Recht vor, Informationen wie IP-Adresse, Betriebssystemtyp oder Browsertyp zu erfassen und zu speichern. Alle Informationen sind vertraulich und werden ausschlie\u00dflich f\u00fcr Zwecke der Systemadministration verwendet. Diese Informationen helfen bei der Diagnose von Problemen, der Kontrolle der Website-Nutzung und des Datenverkehrs.<\/p>\n\n\n\n<h3 class=\"wp-block-heading\">1.6 E-Mail<\/h3>\n\n\n\n<p>Thailandesim.com verwendet E-Mails, um unseren Kunden und Mitgliedern Benachrichtigungen \u00fcber den eSIM-QR-Code und die Installations- und Aktivierungsanleitung oder hinzugef\u00fcgte Funktionen zu senden. Die E-Mail-Liste ist vertraulich und wird niemals verkauft oder an Dritte weitergegeben.<\/p>\n\n\n\n<h2 class=\"wp-block-heading\">2. Sonstige geltende Bestimmungen<\/h2>\n\n\n\n<p>Diese Datenschutzerkl\u00e4rung \u00e4ndert oder modifiziert keine Vereinbarung zwischen Thailandesim.com und Ihnen.<\/p>\n\n\n\n<p>Wenn Sie unsere Produkte und Dienstleistungen abonnieren oder nutzen, gelten f\u00fcr Ihren Kauf, Ihre Nutzung und Ihr Abonnement gegebenenfalls unsere Allgemeinen Gesch\u00e4ftsbedingungen und bestimmte andere Bedingungen. Wenn diese Richtlinie im Widerspruch zu einem Teil dieser Bedingungen und Vereinbarungen steht, gelten diese Bedingungen und Vereinbarungen im Umfang der Unvereinbarkeit.<\/p>\n\n\n\n<h2 class=\"wp-block-heading\">3. \u00c4nderungen dieser Datenschutzrichtlinie<\/h2>\n\n\n\n<p>Wir k\u00f6nnen diese Datenschutzrichtlinie automatisch aktualisieren, wenn wir unsere Praktiken wesentlich \u00e4ndern oder wenn gesetzliche oder beh\u00f6rdliche \u00c4nderungen dies erfordern. Sollten wir personenbezogene Daten in einer Weise verwenden oder offenlegen, die sich wesentlich von der in dieser Richtlinie zum Zeitpunkt der Erfassung der personenbezogenen Daten genannten Weise unterscheidet, werden wir Sie entweder durch eine Mitteilung an die von Ihnen angegebene E-Mail-Adresse oder durch einen gut sichtbaren Hinweis auf unseren Websites dar\u00fcber informieren. Sie sollten diese Richtlinie regelm\u00e4\u00dfig aufrufen, um sich \u00fcber die neuesten Informationen zu informieren.<\/p>\n\n\n\n<h2 class=\"wp-block-heading\">4. Haftungsausschluss<\/h2>\n\n\n\n<p>Die Kommunikation \u00fcber das Internet und Transaktionen \u00fcber das Internet unterliegen verschiedenen Sicherheitsrisiken. Wir \u00fcbernehmen in keinem Fall die Verantwortung f\u00fcr Verluste oder Sch\u00e4den jeglicher Art, seien sie direkt oder indirekt, Folge- oder Zufallssch\u00e4den, Sonder- oder Strafsch\u00e4den, die sich aus oder im Zusammenhang mit der unbefugten Nutzung, \u00c4nderung, Offenlegung oder L\u00f6schung von Informationen, ob vertraulich oder nicht, aufgrund eines unbefugten Eindringens in das System oder einer anderen Verletzung der Sicherheit von Informationen oder einem Systemausfall ergeben.<\/p>\n\n\n\n<p>Thailandesim.com lehnt hiermit alle Gew\u00e4hrleistungen in Bezug auf die Hardware und Software ab, die zur Gew\u00e4hrleistung der Sicherheit und zum Betrieb dieser Website verwendet werden, einschlie\u00dflich aller stillschweigenden Gew\u00e4hrleistungen, der Eignung f\u00fcr einen bestimmten Zweck und zuf\u00e4lliger, besonderer, direkter oder Folgesch\u00e4den.<\/p>\n\n\n\n<p>Dementsprechend haften die F\u00fchrungskr\u00e4fte und Mitarbeiter, verbundenen Unternehmen, Partner, Tochtergesellschaften, Rechtsnachfolger und Abtretungsempf\u00e4nger von Thailandesim.com sowie seine Drittvertreter weder direkt noch indirekt in irgendeiner Weise Ihnen oder anderen Personen gegen\u00fcber f\u00fcr Missbrauch, Ungenauigkeiten, Fehler, Abfangen durch Dritte, Hackerangriffe, Viren, die zu Daten-\/Dienstverlusten f\u00fchren, einschlie\u00dflich, aber nicht beschr\u00e4nkt auf Fehler oder Unterbrechungen bei der Bereitstellung oder \u00dcbertragung von Diensten.<\/p>\n\n\n\n<p>Thailandesim.com enth\u00e4lt bestimmte Links zu anderen Websites. Diese Links dienen ausschlie\u00dflich zu Informationszwecken und sollen Ihnen helfen, andere Internetressourcen zu finden. Daher sind wir nicht f\u00fcr die Datenschutzpraktiken oder den Inhalt dieser Websites verantwortlich.<\/p>\n\n\n\n<h2 class=\"wp-block-heading\">5. Zusammenfassung<\/h2>\n\n\n\n<p>Mit dem Zugriff auf die Website und der Nutzung ihrer Produkte und Dienstleistungen erkl\u00e4ren Sie sich vorbehaltlos mit den Aussagen in dieser Datenschutzerkl\u00e4rung und unseren <a href=\"https:\/\/thailandesim.com\/terms-conditions\/\">Allgemeinen Gesch\u00e4ftsbedingungen<\/a> einverstanden. Sie erkl\u00e4ren sich mit den Bedingungen f\u00fcr die Nutzung dieser Website und ihrer Produkte und Dienstleistungen sowie f\u00fcr alle von Ihnen und anderen Personen auf Thailandesim.com bereitgestellten Informationen einverstanden und halten diese ein. Wenn Sie mit einer oder allen Bedingungen dieser Richtlinie nicht einverstanden sind, nutzen Sie die Website bitte nicht.<\/p>\n\n\n\n<p>Thailandesim.com beh\u00e4lt sich das Recht vor, diese Erkl\u00e4rung jederzeit ohne vorherige Ank\u00fcndigung anzupassen. Wir empfehlen unseren Nutzern und Kunden daher, diese Erkl\u00e4rung zu lesen, bevor sie auf andere Seiten der Website zugreifen.<\/p>\n\n\n\n<p>Wenn Sie Fragen zu dieser Datenschutzerkl\u00e4rung haben, wenden Sie sich bitte unter <a href=\"mailto:hello@thailandesim.com\">th@gigago.com<\/a> an <a href=\"https:\/\/thailandesim.com\/contact-us\/\">uns<\/a>.<\/p>\n","protected":false},"excerpt":{"rendered":"<p>Diese Datenschutzerkl\u00e4rung wurde vom Thailandesim.com Team entwickelt, um Ihnen zu helfen, zu verstehen, wie wir die pers\u00f6nlichen Daten unserer Kunden sammeln, verwenden, weitergeben, offenlegen und nutzen. Mit der Bestellung einer eSIM bei Thailandesim.com erkl\u00e4ren Sie sich mit den folgenden Informationen unserer Datenschutzerkl\u00e4rung einverstanden. 1. Gesammelte Informationen Wir ergreifen alle Ma\u00dfnahmen, um sicherzustellen, dass die von [&#8230;]\n","protected":false},"author":1,"featured_media":0,"parent":0,"menu_order":0,"comment_status":"closed","ping_status":"closed","template":"page-right-sidebar.php","meta":{"_acf_changed":false,"inline_featured_image":false,"footnotes":""},"acf":[],"_links":{"self":[{"href":"https:\/\/thailandesim.com\/de\/wp-json\/wp\/v2\/pages\/266"}],"collection":[{"href":"https:\/\/thailandesim.com\/de\/wp-json\/wp\/v2\/pages"}],"about":[{"href":"https:\/\/thailandesim.com\/de\/wp-json\/wp\/v2\/types\/page"}],"author":[{"embeddable":true,"href":"https:\/\/thailandesim.com\/de\/wp-json\/wp\/v2\/users\/1"}],"replies":[{"embeddable":true,"href":"https:\/\/thailandesim.com\/de\/wp-json\/wp\/v2\/comments?post=266"}],"version-history":[{"count":2,"href":"https:\/\/thailandesim.com\/de\/wp-json\/wp\/v2\/pages\/266\/revisions"}],"predecessor-version":[{"id":269,"href":"https:\/\/thailandesim.com\/de\/wp-json\/wp\/v2\/pages\/266\/revisions\/269"}],"wp:attachment":[{"href":"https:\/\/thailandesim.com\/de\/wp-json\/wp\/v2\/media?parent=266"}],"curies":[{"name":"wp","href":"https:\/\/api.w.org\/{rel}","templated":true}]}}