{"id":262,"date":"2023-02-23T11:11:37","date_gmt":"2023-02-23T04:11:37","guid":{"rendered":"https:\/\/thailandesim.com\/?page_id=769"},"modified":"2026-03-04T10:55:58","modified_gmt":"2026-03-04T10:55:58","slug":"terms-conditions","status":"publish","type":"page","link":"https:\/\/thailandesim.com\/de\/terms-conditions\/","title":{"rendered":"Allgemeine Gesch\u00e4ftsbedingungen"},"content":{"rendered":"\n<p>Diese Allgemeinen Gesch\u00e4ftsbedingungen legen die Bedingungen fest, unter denen Thailand eSIM seinen Kunden angeboten wird. Mit dem Kauf einer eSIM von Thailandesim.com by Gigago erkl\u00e4ren Sie sich damit einverstanden, dass diese Allgemeinen Gesch\u00e4ftsbedingungen einen Vertrag zwischen Ihnen \u2013 unserem Kunden \u2013 und Thailandesim (im Folgenden als \u201ewir\u201c, \u201euns\u201c oder \u201eUnternehmen\u201c bezeichnet) bilden.<\/p>\n\n\n\n<p>BEVOR SIE AUF DIE SCHALTFL\u00c4CHE \u201eZUR KASSE\u201c ODER \u201ePayPal\u201c KLICKEN, LESEN SIE BITTE DIE FOLGENDEN ALLGEMEINEN GESCH\u00c4FTSBEDINGUNGEN SORGF\u00c4LTIG DURCH.<\/p>\n\n\n\n<h2 class=\"wp-block-heading\">1. Art der Dienstleistung<\/h2>\n\n\n\n<p><a href=\"https:\/\/thailandesim.com\/de\">Thailandesim.com<\/a> bietet Reisenden, die Thailand und andere L\u00e4nder besuchen m\u00f6chten und vor Ort in Verbindung bleiben m\u00f6chten, eSIM-Profile f\u00fcr Thailand und die Region (die \u201eeSIM\u201c) an.<\/p>\n\n\n\n<p>Die eSIM wird in Form eines QR-Codes bereitgestellt, nicht als physische SIM-Karte, und funktioniert nur auf eSIM-f\u00e4higen Mobilger\u00e4ten, die hier eindeutig aufgef\u00fchrt sind.<\/p>\n\n\n\n<p>Der eSIM-QR-Code wird unmittelbar nach Abschluss der Zahlung per E-Mail versandt. Daher fallen f\u00fcr Sie keine Versandkosten und keine Lieferzeit an.<\/p>\n\n\n\n<h2 class=\"wp-block-heading\">2. Preise<\/h2>\n\n\n\n<p>Wir bieten 13 thail\u00e4ndische Mobilfunk-Datentarife (sowohl lokal als auch regional) in Form von eSIM an. Diese Tarife finden Sie in unserem <a href=\"https:\/\/thailandesim.com\/de\/buy-esim\/\">eSIM-Shop<\/a>.<\/p>\n\n\n\n<p>Die Preise f\u00fcr Produkte und Dienstleistungen auf unserer Website k\u00f6nnen von Zeit zu Zeit ge\u00e4ndert werden.<\/p>\n\n\n\n<p>Mit unseren Tarifen k\u00f6nnen Sie eine bestimmte Datenmenge in einem bestimmten Zeitraum nutzen. Dar\u00fcber hinaus enthalten einige unserer Tarife lokale Telefonnummern, mit denen Sie Anrufe und SMS empfangen oder t\u00e4tigen k\u00f6nnen, wobei die Bedingungen des jeweiligen Tarifs gelten. Das bedeutet, dass Ihnen niemals zus\u00e4tzliche Kosten f\u00fcr Daten in Rechnung gestellt werden.<\/p>\n\n\n\n<h2 class=\"wp-block-heading\">3. Zahlung<\/h2>\n\n\n\n<p>Wir akzeptieren Zahlungen per Paypal und \u00fcbernehmen keine Verantwortung f\u00fcr etwaige Bankgeb\u00fchren, die bei der Bezahlung unserer Produkte anfallen.<\/p>\n\n\n\n<p>Im Falle einer Rechnungsstreitigkeit muss der Kunde sp\u00e4testens 7 Tage vor dem F\u00e4lligkeitsdatum der strittigen Rechnung eine schriftliche Erkl\u00e4rung an Thailandesim.com senden, in der alle strittigen Posten aufgef\u00fchrt sind und eine angemessen detaillierte Beschreibung jedes strittigen Postens enthalten ist.<\/p>\n\n\n\n<p>Der Betrag, der nicht beanstandet oder durch ein rechtskr\u00e4ftiges Gerichtsurteil best\u00e4tigt wurde, gilt ungeachtet von Streitigkeiten \u00fcber andere Posten innerhalb von 7 Tagen als akzeptiert und bezahlt. Wir werden uns bem\u00fchen, alle Streitigkeiten z\u00fcgig und in gutem Glauben beizulegen.<\/p>\n\n\n\n<h2 class=\"wp-block-heading\">4. Stornierung<\/h2>\n\n\n\n<p>Falls Sie die Zahlung f\u00fcr Ihre Bestellung stornieren m\u00fcssen, k\u00f6nnen Sie dies ohne Strafgeb\u00fchr tun, bevor Ihr eSIM-QR-Code an Ihre E-Mail-Adresse gesendet wurde. Nachdem Ihr eSIM-QR-Code gesendet wurde, k\u00f6nnen Sie Ihre Zahlung nicht mehr stornieren oder erhalten nur dann eine R\u00fcckerstattung, wenn ein Fehler im Zusammenhang mit unserer eSIM vorliegt, der unserem Support-Team gemeldet wurde, aber nicht behoben werden kann.<\/p>\n\n\n\n<p>\u25ba Weitere Informationen finden Sie auf unserer Hauptseite <a href=\"https:\/\/thailandesim.com\/de\/cancellation-refund\/\">Stornierung und R\u00fcckerstattung<\/a>.<\/p>\n\n\n\n<h2 class=\"wp-block-heading\">5. Richtlinie zur fairen Nutzung der Datenkommunikation<\/h2>\n\n\n\n<p>Wenn der lokale Netzbetreiber in dem Land, in dem Sie sich w\u00e4hrend Ihrer Reise aufhalten, einen massiven Datenverbrauch feststellt, kann das Kommunikationsvolumen f\u00fcr die genutzte Leitung ohne Vorank\u00fcndigung begrenzt werden, um die Qualit\u00e4t des Netzes und die faire Nutzung der Funkwellen aufrechtzuerhalten. Aus diesem Grund kann die Internetverbindung instabil sein, unterbrochen werden oder die Geschwindigkeit kann sich verringern.<\/p>\n","protected":false},"excerpt":{"rendered":"<p>Diese Allgemeinen Gesch\u00e4ftsbedingungen legen die Bedingungen fest, unter denen Thailand eSIM seinen Kunden angeboten wird. Mit dem Kauf einer eSIM von Thailandesim.com by Gigago erkl\u00e4ren Sie sich damit einverstanden, dass diese Allgemeinen Gesch\u00e4ftsbedingungen einen Vertrag zwischen Ihnen \u2013 unserem Kunden \u2013 und Thailandesim (im Folgenden als \u201ewir\u201c, \u201euns\u201c oder \u201eUnternehmen\u201c bezeichnet) bilden. BEVOR SIE AUF [&#8230;]\n","protected":false},"author":1,"featured_media":0,"parent":0,"menu_order":0,"comment_status":"closed","ping_status":"closed","template":"page-right-sidebar.php","meta":{"_acf_changed":false,"inline_featured_image":false,"footnotes":""},"acf":[],"_links":{"self":[{"href":"https:\/\/thailandesim.com\/de\/wp-json\/wp\/v2\/pages\/262"}],"collection":[{"href":"https:\/\/thailandesim.com\/de\/wp-json\/wp\/v2\/pages"}],"about":[{"href":"https:\/\/thailandesim.com\/de\/wp-json\/wp\/v2\/types\/page"}],"author":[{"embeddable":true,"href":"https:\/\/thailandesim.com\/de\/wp-json\/wp\/v2\/users\/1"}],"replies":[{"embeddable":true,"href":"https:\/\/thailandesim.com\/de\/wp-json\/wp\/v2\/comments?post=262"}],"version-history":[{"count":2,"href":"https:\/\/thailandesim.com\/de\/wp-json\/wp\/v2\/pages\/262\/revisions"}],"predecessor-version":[{"id":265,"href":"https:\/\/thailandesim.com\/de\/wp-json\/wp\/v2\/pages\/262\/revisions\/265"}],"wp:attachment":[{"href":"https:\/\/thailandesim.com\/de\/wp-json\/wp\/v2\/media?parent=262"}],"curies":[{"name":"wp","href":"https:\/\/api.w.org\/{rel}","templated":true}]}}