{"id":258,"date":"2023-02-09T03:41:21","date_gmt":"2023-02-08T20:41:21","guid":{"rendered":"https:\/\/thailandesim.com\/?page_id=49"},"modified":"2026-03-04T10:46:44","modified_gmt":"2026-03-04T10:46:44","slug":"faqs","status":"publish","type":"page","link":"https:\/\/thailandesim.com\/de\/faqs\/","title":{"rendered":"H\u00e4ufig gestellte Fragen zu eSIM in Thailand"},"content":{"rendered":"\n<p>Hier finden Sie einige h\u00e4ufig gestellte Fragen zu eSIM in Thailand. F\u00fcr detaillierte Informationen k\u00f6nnen Sie sich f\u00fcr direkten Support an uns wenden:<\/p>\n\n\n\n<ul>\n<li>WhatsApp: <a href=\"https:\/\/wa.me\/message\/YZ6OJTLZXI6MJ1\" target=\"_blank\" rel=\"noopener\">+1 585-888-5488<\/a><\/li>\n\n\n\n<li>E-Mail: th@gigago.com<\/li>\n<\/ul>\n\n\n\n<h2 class=\"wp-block-heading\">Erste Schritte<\/h2>\n\n\n<div id=\"rank-math-faq\" class=\"rank-math-block mb\">\n<div class=\"rank-math-list \">\n<div id=\"faq-question-1676864738572\" class=\"rank-math-list-item\">\n<h3 class=\"rank-math-question \"><strong>Was ist eine eSIM?<\/strong><\/h3>\n<div class=\"rank-math-answer \">\n\n<p><strong>eSIM steht f\u00fcr Embedded SIM.<\/strong> Es handelt sich um eine digitale Version der herk\u00f6mmlichen physischen SIM-Karte, die Sie in Ihr Telefon einlegen. Anstatt eine separate physische Komponente zu sein, ist eine eSIM direkt in die Hardware Ihres Ger\u00e4ts integriert. Eine eSIM bietet eine bequemere und flexiblere M\u00f6glichkeit, sich mit Mobilfunknetzen zu verbinden.<\/p>\n\n<\/div>\n<\/div>\n<div id=\"faq-question-1676864752968\" class=\"rank-math-list-item\">\n<h3 class=\"rank-math-question \"><strong>Was ist thailandesim.com?<\/strong><\/h3>\n<div class=\"rank-math-answer \">\n\n<p>thailandesim.com ist der lokale Anbieter von Thailand-eSIMs f\u00fcr ausl\u00e4ndische Touristen, die Thailand besuchen! Hier finden Sie verschiedene Thailand-eSIM-Tarife mit unterschiedlichen Datenvolumen und G\u00fcltigkeitsoptionen.<\/p>\n\n<\/div>\n<\/div>\n<div id=\"faq-question-1676864784048\" class=\"rank-math-list-item\">\n<h3 class=\"rank-math-question \"><strong>Welche Ger\u00e4te unterst\u00fctzen Thailand eSIM?<\/strong><\/h3>\n<div class=\"rank-math-answer \">\n\n<p>Fast alle neuen Ger\u00e4temodelle aus dem Jahr 2019 unterst\u00fctzen eSIM. Die vollst\u00e4ndige Liste der eSIM-kompatiblen Ger\u00e4te finden Sie <a href=\"https:\/\/thailandesim.com\/de\/esim-compatible-list\/\">HIER<\/a>.<\/p>\n\n<\/div>\n<\/div>\n<div id=\"faq-question-1676864874871\" class=\"rank-math-list-item\">\n<h3 class=\"rank-math-question \"><strong>Wie kaufe ich eine Thailand-eSIM?<\/strong><\/h3>\n<div class=\"rank-math-answer \">\n\n<p>Kaufen Sie eine Thailand-eSIM f\u00fcr Ihre Reise mit nur wenigen einfachen Schritten:<br \/>&#8211; <strong>Schritt 1:<\/strong> Gehen Sie zu <a href=\"https:\/\/thailandesim.com\/de\">thailandesim.com<\/a>.<br \/>&#8211; <strong>Schritt 2:<\/strong> W\u00e4hlen Sie den Datentarif aus. W\u00e4hlen Sie die Nummer der eSIM und klicken Sie auf <strong>IN DEN WARENKORB<\/strong>.<br \/>&#8211; <strong>Schritt 3:<\/strong> \u00dcberpr\u00fcfen Sie den Warenkorb und klicken Sie auf <strong>ZUR KASSE<\/strong>.<br \/>&#8211; <strong>Schritt 4:<\/strong> F\u00fcllen Sie das Formular aus, w\u00e4hlen Sie die Zahlungsmethode und f\u00fchren Sie die Zahlung durch.<br \/>&#8211; <strong>Schritt 5:<\/strong> \u00dcberpr\u00fcfen Sie Ihre E-Mails auf den QR-Code und die Installationsanleitungen.<\/p>\n\n<\/div>\n<\/div>\n<div id=\"faq-question-1676865001879\" class=\"rank-math-list-item\">\n<h3 class=\"rank-math-question \"><strong>Kann ich thail\u00e4ndische eSIMs f\u00fcr Anrufe oder Textnachrichten (SMS) verwenden?<\/strong><\/h3>\n<div class=\"rank-math-answer \">\n\n<p>Ja. Einige thail\u00e4ndische eSIM-Tarife auf thailandesim.com bieten eine thail\u00e4ndische Ortsnummer, kostenlose Anrufe und SMS. Informieren Sie sich vor dem Kauf in der Produktbeschreibung \u00fcber die Details.<\/p>\n\n<\/div>\n<\/div>\n<div id=\"faq-question-1676865011242\" class=\"rank-math-list-item\">\n<h3 class=\"rank-math-question \"><strong>Muss ich beim Kauf einer thail\u00e4ndischen eSIM Dokumente zur Identifizierung vorlegen?<\/strong><\/h3>\n<div class=\"rank-math-answer \">\n\n<p>Nein. Sie k\u00f6nnen eine eSIM ganz einfach direkt auf thailandesim.com kaufen. Sie m\u00fcssen nur den eSIM-Datentarif ausw\u00e4hlen und Ihre Bestellung aufgeben. Anschlie\u00dfend erhalten Sie einen QR-Code per E-Mail.<\/p>\n\n<\/div>\n<\/div>\n<div id=\"faq-question-1725417635689\" class=\"rank-math-list-item\">\n<h3 class=\"rank-math-question \">Wie kann ich \u00fcberpr\u00fcfen, ob mein iPhone eSIM unterst\u00fctzt?<\/h3>\n<div class=\"rank-math-answer \">\n\n<p>Sie k\u00f6nnen dies direkt in den Mobilfunk-Einstellungen \u00fcberpr\u00fcfen:<br \/>&#8211; Schritt 1: Gehen Sie zu <strong>Einstellungen<\/strong> &gt; <strong>Mobilfunk<\/strong><br \/>&#8211; Schritt 2: \u00dcberpr\u00fcfen Sie, ob Sie die Schaltfl\u00e4che <strong>eSIM hinzuf\u00fcgen<\/strong> haben. Wenn ja, unterst\u00fctzt Ihr iPhone eSIM.<\/p>\n\n<\/div>\n<\/div>\n<div id=\"faq-question-1676865187586\" class=\"rank-math-list-item\">\n<h3 class=\"rank-math-question \">Wie kann ich \u00fcberpr\u00fcfen, ob mein Android-Ger\u00e4t eSIM unterst\u00fctzt?<\/h3>\n<div class=\"rank-math-answer \">\n\n<p>Sie k\u00f6nnen dies direkt in den SIM-Einstellungen \u00fcberpr\u00fcfen:<br \/>&#8211; Schritt 1: Gehen Sie zu <strong>Einstellungen <\/strong>&gt; Suchen Sie <strong>SIM-Karten-Manager\/SIM-Einstellungen<\/strong><br \/>&#8211; Schritt 2: \u00dcberpr\u00fcfen Sie, ob Sie die Schaltfl\u00e4che <strong>eSIM hinzuf\u00fcgen<\/strong> haben. Wenn ja, ist Ihr Android-Ger\u00e4t mit eSIM kompatibel.<\/p>\n\n<\/div>\n<\/div>\n<div id=\"faq-question-1676865022268\" class=\"rank-math-list-item\">\n<h3 class=\"rank-math-question \">Wie kann ich \u00fcberpr\u00fcfen, ob mein iOS-Ger\u00e4t vom Netzbetreiber entsperrt ist?<\/h3>\n<div class=\"rank-math-answer \">\n\n<p>&#8211; Schritt 1: Gehen Sie zu <strong>Einstellungen<\/strong> &gt; <strong>Allgemein<\/strong> &gt; <strong>Info<\/strong>.<br \/>&#8211; Schritt 2: Scrollen Sie nach unten, um den Abschnitt \u201e<strong>Carrier-Sperre<\/strong>\u201d anzuzeigen.<br \/>Dort sollte \u201e<strong>KEINE SIM-Einschr\u00e4nkungen<\/strong>\u201d stehen, was bedeutet, dass das Ger\u00e4t entsperrt ist.<br \/>&#8211; Schritt 3: Scrollen Sie nach unten, um den Abschnitt \u201e<strong>DIGITAL SIM<\/strong>\u201d anzuzeigen. Dort sollte eine \u201e<strong>DIGITAL SIM\u201d-IMEI<\/strong> stehen, was bedeutet, dass das Ger\u00e4t eSIM-kompatibel ist.<\/p>\n\n<\/div>\n<\/div>\n<\/div>\n<\/div>\n\n\n<h2 class=\"wp-block-heading\">Fragen zu Bestellung\/Zahlung<\/h2>\n\n\n<div id=\"rank-math-faq\" class=\"rank-math-block mb\">\n<div class=\"rank-math-list \">\n<div id=\"faq-question-1677136085843\" class=\"rank-math-list-item\">\n<h3 class=\"rank-math-question \"><strong>Wann sollte ich die Thailand eSIM kaufen?<\/strong><\/h3>\n<div class=\"rank-math-answer \">\n\n<p>Sie sollten die Thailand eSIM 15 Tage vor Ihrer Abreise kaufen und in Ihrer E-Mail speichern. Die G\u00fcltigkeit beginnt erst, wenn Sie die eSIM auf Ihrem Ger\u00e4t installieren.<\/p>\n\n<\/div>\n<\/div>\n<div id=\"faq-question-1677137984016\" class=\"rank-math-list-item\">\n<h3 class=\"rank-math-question \"><strong>Ich habe beim Kauf eine falsche E-Mail-Adresse angegeben. Wie kann ich meine E-Mail-Adresse aktualisieren, um meine eSIM zu erhalten?<\/strong><\/h3>\n<div class=\"rank-math-answer \">\n\n<p>Bitte wenden Sie sich mit Ihrer Bestellnummer an das ThailandeSIM-Supportteam unter th@gigago.com, um Hilfe zu erhalten. F\u00fcr mehr Komfort k\u00f6nnen Sie Thailand eSIM \u00fcber WhatsApp oben auf der Webseite kontaktieren.<\/p>\n\n<\/div>\n<\/div>\n<\/div>\n<\/div>\n\n\n<h2 class=\"wp-block-heading mb\">H\u00e4ufig gestellte Fragen zur Einrichtung einer eSIM f\u00fcr Thailand<\/h2>\n\n\n<div id=\"rank-math-faq\" class=\"rank-math-block mb\">\n<div class=\"rank-math-list \">\n<div id=\"faq-question-1676865370932\" class=\"rank-math-list-item\">\n<h3 class=\"rank-math-question \"><strong>Wann sollte ich meine Thailand-eSIM aktivieren?<\/strong><\/h3>\n<div class=\"rank-math-answer \">\n\n<p>Sie sollten die eSIM einen Tag vor Ihrer Abreise installieren und aktivieren, da die G\u00fcltigkeit der eSIM beginnt, sobald Sie die eSIM auf Ihr Ger\u00e4t heruntergeladen und installiert haben.<\/p>\n\n<\/div>\n<\/div>\n<div id=\"faq-question-1676865384459\" class=\"rank-math-list-item\">\n<h3 class=\"rank-math-question \">Wie installiere ich die Thailand-eSIM?<\/h3>\n<div class=\"rank-math-answer \">\n\n<p>Die Schritte zur Installation der eSIM unterscheiden sich je nach Ger\u00e4t geringf\u00fcgig. Die vollst\u00e4ndige Installation f\u00fcr Thailand finden Sie unter <a href=\"https:\/\/thailandesim.com\/de\/installation-guide\/\">Vollst\u00e4ndige Installation f\u00fcr Thailand<\/a>.<\/p>\n\n<\/div>\n<\/div>\n<div id=\"faq-question-1677137586539\" class=\"rank-math-list-item\">\n<h3 class=\"rank-math-question \">Wie stelle ich den APN f\u00fcr meine eSIM ein?<\/h3>\n<div class=\"rank-math-answer \">\n\n<p>Sie k\u00f6nnen APN mit den folgenden Schritten einrichten:<br \/>&#8211; F\u00fcr iOS-Ger\u00e4te: Gehen Sie zu <strong>Einstellungen <\/strong>&gt; <strong>Mobilfunk\/Mobile Daten<\/strong> &gt; Ihre eSIM &gt;<strong> Mobilfunkdatennetz<\/strong> und geben Sie dann alle APNs ein.<br \/>&#8211; F\u00fcr Samsung-Handys: Gehen Sie zu <strong>Einstellungen <\/strong>&gt; <strong>Verbindungen <\/strong>&gt; <strong>Mobilfunknetze<\/strong> &gt; <strong>Zugangspunktname<\/strong> &gt; Registerkarte <strong>Hinzuf\u00fcgen<\/strong> in der oberen Leiste &gt; APN benennen.<br \/>&#8211; F\u00fcr Google Pixel-Handys: Gehen Sie zu <strong>Einstellungen <\/strong>&gt; <strong>Netzwerk &amp; Internet<\/strong> &gt; <strong>SIM-Karten<\/strong> &gt; w\u00e4hlen Sie Ihre eSIM aus &gt; <strong>Zugangspunktnamen<\/strong> &gt; Registerkarte <strong>+<\/strong> in der oberen Leiste &gt; APN benennen.<\/p>\n\n<\/div>\n<\/div>\n<\/div>\n<\/div>\n\n\n<h2 class=\"wp-block-heading\">eSIM-Fehlerbehebung<\/h2>\n\n\n<div id=\"rank-math-faq\" class=\"rank-math-block mb\">\n<div class=\"rank-math-list \">\n<div id=\"faq-question-1677140986271\" class=\"rank-math-list-item\">\n<h3 class=\"rank-math-question \">Was bedeutet \u201eUng\u00fcltiger Aktivierungscode\u201c?<\/h3>\n<div class=\"rank-math-answer \">\n\n<p>Dieser Fehler kann in einigen der folgenden F\u00e4lle auftreten:<br \/>&#8211; Der vom Bef\u00f6rderer bereitgestellte QR-Code ist unklar\/unscharf\/durch Objekte verdeckt\/verschwommen\/\u2026<br \/>&#8211; Fehler der Kamera des Ger\u00e4ts, der dazu f\u00fchrt, dass der QR-Code nicht gescannt werden kann.<br \/>Versuchen Sie Folgendes:<br \/>&#8211; \u00dcberpr\u00fcfen Sie die Kamera Ihres Ger\u00e4ts. Wenn dies nicht funktioniert, versuchen Sie, sie manuell zu installieren.<br \/>&#8211; Wenn dies immer noch nicht funktioniert, kontaktieren Sie uns f\u00fcr weitere Unterst\u00fctzung.<\/p>\n\n<\/div>\n<\/div>\n<div id=\"faq-question-1677141054040\" class=\"rank-math-list-item\">\n<h3 class=\"rank-math-question \">Was bedeutet \u201eDatenplan kann nicht hinzugef\u00fcgt werden\u201c?<\/h3>\n<div class=\"rank-math-answer \">\n\n<p>Dieser Fehler weist h\u00e4ufig darauf hin, dass der eindeutige Aktivierungscode des QR-Codes bereits verwendet wurde. Dies bedeutet, dass das eSIM-Profil bereits von Ihnen, einer anderen Person oder beiden hinzugef\u00fcgt wurde. Sie m\u00fcssen \u00fcberpr\u00fcfen, ob Ihre eSIM bereits verwendet wurde oder nicht.<\/p>\n<p>\u00dcberpr\u00fcfen Sie, ob die SIM-Karte noch nicht hinzugef\u00fcgt wurde:<br \/>&#8211; Auf Ihrem iPhone: <strong>Einstellungen<\/strong> &gt; <strong>Mobilfunk<\/strong> &gt; <strong>Mobilfunkvertr\u00e4ge<\/strong>.<br \/>&#8211; Auf Ihrem Android-Ger\u00e4t: <strong>Einstellungen <\/strong>&gt; <strong>Verbindungen <\/strong>&gt; <strong>SIM-Karten-Manager<\/strong>.<\/p>\n<p>Sie k\u00f6nnen sich auch \u00fcber die unten angegebenen Kontaktdaten an ThailandeSIM wenden, um weitere Unterst\u00fctzung zu erhalten.<\/p>\n\n<\/div>\n<\/div>\n<div id=\"faq-question-1677141098046\" class=\"rank-math-list-item\">\n<h3 class=\"rank-math-question \">Was bedeutet \u201eMobilfunkvertr\u00e4ge dieses Anbieters k\u00f6nnen nicht hinzugef\u00fcgt werden\u201c?<\/h3>\n<div class=\"rank-math-answer \">\n\n<p>Dieses Problem deutet h\u00f6chstwahrscheinlich darauf hin, dass es sich bei Ihrem Telefon um ein CDMA-Ger\u00e4t handelt oder dass es vom urspr\u00fcnglichen Kaufanbieter gesperrt wurde.<\/p>\n<p>Beim Kauf eines Ger\u00e4ts sollten Sie dessen Netzwerktyp und die Frage ber\u00fccksichtigen, ob es an einen Anbieter gebunden ist. Die IMEI Ihres Ger\u00e4ts k\u00f6nnen Sie auf den folgenden Websites \u00fcberpr\u00fcfen:<br \/>imeipro.info<br \/>imeicheck.com<br \/>imei.info<\/p>\n<p>Wenn Sie herausfinden m\u00f6chten, ob die IMEI Ihres Ger\u00e4ts gesperrt ist, w\u00e4hlen Sie <strong>*#06#<\/strong>, um die 15-stellige IMEI-Nummer anzuzeigen, und \u00fcberpr\u00fcfen Sie diese auf den oben genannten Websites.<\/p>\n<p>Sie m\u00fcssen sich an Ihren Mobilfunkanbieter wenden, um Ihr Telefon zu entsperren. Andernfalls ben\u00f6tigen Sie m\u00f6glicherweise ein anderes Ger\u00e4t, um eSIM zu verwenden, da eSIM nur auf entsperrten Mobilfunkger\u00e4ten aktiviert werden kann.<\/p>\n\n<\/div>\n<\/div>\n<div id=\"faq-question-1677141142782\" class=\"rank-math-list-item\">\n<h3 class=\"rank-math-question \">Was bedeutet \u201e\u00c4nderung des Mobilfunkvertrags nicht m\u00f6glich\u201c?<\/h3>\n<div class=\"rank-math-answer \">\n\n<p>Dieser Fehler kann in einigen der folgenden F\u00e4lle auftreten:<br \/>&#8211; Auf dem Ger\u00e4t sind zu viele eSIMs installiert.<br \/>&#8211; Dieses eSIM-Profil wurde bereits auf Ihrem Ger\u00e4t eingerichtet oder auf einem anderen Ger\u00e4t installiert.<br \/>&#8211; Sie installieren die eSIM mit einer schlechten Internetverbindung (WLAN\/andere Mobilfunkdaten).<\/p>\n<p>Versuchen Sie Folgendes:<br \/>&#8211; \u00dcberpr\u00fcfen Sie die maximale Anzahl Ihrer eSIMs. Wenn Sie den gesamten eSIM-Speicherplatz belegt haben, k\u00f6nnen Sie die bisherigen eSIMs entfernen. Weitere Schritte zum Entfernen einer eSIM auf einem <a href=\"https:\/\/thailandesim.com\/de\/installation-guide\/iphone\/\">iPhone<\/a>, <a href=\"https:\/\/thailandesim.com\/de\/installation-guide\/samsung\/\">Samsung<\/a> oder <a href=\"https:\/\/thailandesim.com\/de\/installation-guide\/google-pixel\/\">Google Pixel<\/a> finden Sie hier.<br \/>&#8211; \u00dcberpr\u00fcfen Sie, ob Ihr eSIM-Profil bereits auf Ihrem Ger\u00e4t vorhanden ist. Unter iOS k\u00f6nnen Sie dies unter \u201eMobilfunkvertr\u00e4ge\u201d \u00fcberpr\u00fcfen. Unter Android k\u00f6nnen Sie dies im SIM-Karten-Manager \u00fcberpr\u00fcfen.<br \/>&#8211; \u00dcberpr\u00fcfen Sie Ihre Internetverbindung und versuchen Sie erneut, die eSIM zu installieren.<\/p>\n\n<\/div>\n<\/div>\n<\/div>\n<\/div>","protected":false},"excerpt":{"rendered":"<p>Hier finden Sie einige h\u00e4ufig gestellte Fragen zu eSIM in Thailand. F\u00fcr detaillierte Informationen k\u00f6nnen Sie sich f\u00fcr direkten Support an uns wenden: Erste Schritte Fragen zu Bestellung\/Zahlung H\u00e4ufig gestellte Fragen zur Einrichtung einer eSIM f\u00fcr Thailand eSIM-Fehlerbehebung<\/p>\n","protected":false},"author":1,"featured_media":0,"parent":0,"menu_order":0,"comment_status":"closed","ping_status":"closed","template":"page-right-sidebar.php","meta":{"_acf_changed":false,"inline_featured_image":false,"footnotes":""},"acf":[],"_links":{"self":[{"href":"https:\/\/thailandesim.com\/de\/wp-json\/wp\/v2\/pages\/258"}],"collection":[{"href":"https:\/\/thailandesim.com\/de\/wp-json\/wp\/v2\/pages"}],"about":[{"href":"https:\/\/thailandesim.com\/de\/wp-json\/wp\/v2\/types\/page"}],"author":[{"embeddable":true,"href":"https:\/\/thailandesim.com\/de\/wp-json\/wp\/v2\/users\/1"}],"replies":[{"embeddable":true,"href":"https:\/\/thailandesim.com\/de\/wp-json\/wp\/v2\/comments?post=258"}],"version-history":[{"count":2,"href":"https:\/\/thailandesim.com\/de\/wp-json\/wp\/v2\/pages\/258\/revisions"}],"predecessor-version":[{"id":261,"href":"https:\/\/thailandesim.com\/de\/wp-json\/wp\/v2\/pages\/258\/revisions\/261"}],"wp:attachment":[{"href":"https:\/\/thailandesim.com\/de\/wp-json\/wp\/v2\/media?parent=258"}],"curies":[{"name":"wp","href":"https:\/\/api.w.org\/{rel}","templated":true}]}}