{"id":253,"date":"2023-02-09T03:40:31","date_gmt":"2023-02-09T03:40:31","guid":{"rendered":"https:\/\/thailandesim.com\/?page_id=47"},"modified":"2026-03-04T10:15:53","modified_gmt":"2026-03-04T10:15:53","slug":"esim-compatible-list","status":"publish","type":"page","link":"https:\/\/thailandesim.com\/de\/esim-compatible-list\/","title":{"rendered":"Liste der mit eSIM kompatiblen Ger\u00e4te in Thailand"},"content":{"rendered":"\n<p>Die eSIM-Technologie hat die Art und Weise, wie wir unsere Mobilger\u00e4te nutzen, revolutioniert. Mit einer eSIM ben\u00f6tigen Sie keine physische SIM-Karte mehr, um Ihren Mobilfunkdienst zu aktivieren. Stattdessen ist die SIM-Karte direkt in Ihr Ger\u00e4t eingebettet, wodurch die Verwaltung Ihrer Mobilfunkdienste bequemer und flexibler wird. In dieser Liste stellen wir Ihnen einige der beliebtesten eSIM-kompatiblen Ger\u00e4te auf dem Markt vor, darunter Smartphones, Tablets und Smartwatches. Egal, ob Sie viel reisen oder einfach nur nach einer optimierten M\u00f6glichkeit suchen, Ihre Mobilger\u00e4te in Thailand zu verwalten, eSIM-kompatible Ger\u00e4te in Thailand bieten Ihnen viele Vorteile.<\/p>\n\n\n\n<figure class=\"wp-block-image size-large\"><img decoding=\"async\" src=\"https:\/\/thailandesim.com\/wp-content\/uploads\/2024\/02\/20240215103442-65cde8c225474.jpg\" alt=\"eSIM compatible devices\" class=\"wp-image-99\"\/><figcaption class=\"wp-element-caption\">eSIM compatible devices<\/figcaption><\/figure>\n\n\n\n<div class=\"wp-block-rank-math-toc-block\" id=\"rank-math-toc\"><h2>Table of Contents<\/h2><nav><ul><li><a href=\"#1-liste-der-mit-e-sim-kompatiblen-gerate-in-thailand\">1. Liste der mit eSIM kompatiblen Ger\u00e4te in Thailand<\/a><ul><li><a href=\"#1-1-mit-e-sim-kompatible-telefone\">1.1. Mit eSIM kompatible Telefone<\/a><\/li><li><a href=\"#1-2-e-sim-kompatible-smartwatches\">1.2. eSIM-kompatible Smartwatches<\/a><\/li><li><a href=\"#1-3-e-sim-kompatible-laptops\">1.3. eSIM-kompatible Laptops<\/a><\/li><li><a href=\"#1-4-e-sim-kompatible-tablets\">1.4. eSIM-kompatible Tablets<\/a><\/li><\/ul><\/li><li><a href=\"#2-so-uberprufen-sie-die-e-sim-kompatibilitat-und-den-status-der-netzbetreiberbindung-ihres-gerats\">2. So \u00fcberpr\u00fcfen Sie die eSIM-Kompatibilit\u00e4t und den Status der Netzbetreiberbindung Ihres Ger\u00e4ts<\/a><ul><li><a href=\"#2-1-auf-i-os-geraten\">2.1. Auf iOS-Ger\u00e4ten<\/a><\/li><li><a href=\"#2-2-auf-android-geraten\">2.2. Auf Android-Ger\u00e4ten<\/a><\/li><\/ul><\/li><li><a href=\"#3-haufig-gestellte-fragen\">3. H\u00e4ufig gestellte Fragen<\/a><\/li><\/ul><\/nav><\/div>\n\n\n\n<h2 class=\"wp-block-heading\" id=\"1-liste-der-mit-e-sim-kompatiblen-gerate-in-thailand\">1. Liste der mit eSIM kompatiblen Ger\u00e4te in Thailand<\/h2>\n\n\n\n<p>Die Anzahl der <strong>eSIM-kompatiblen Ger\u00e4te<\/strong> w\u00e4chst kontinuierlich. Derzeit sind 80 Modelle von Mobiltelefonen, Wearables, Tablets und Laptops verf\u00fcgbar.<\/p>\n\n\n\n<p>Sehen wir uns nun einige mit eSIM kompatible Ger\u00e4te f\u00fcr Thailand an.<\/p>\n\n\n\n<h3 class=\"wp-block-heading\" id=\"1-1-mit-e-sim-kompatible-telefone\">1.1. Mit eSIM kompatible Telefone<\/h3>\n\n\n\n<p>Wir bieten die folgenden Telefone mit eSIM f\u00fcr Thailand und viele andere L\u00e4nder weltweit an:<\/p>\n\n\n\n<h4 class=\"wp-block-heading\">1.1.1. Apple-Telefone mit eSIM:<\/h4>\n\n\n\n<div class=\"lazyblock-ggg-guide-esim-iphone-ZEwPro wp-block-lazyblock-ggg-guide-esim-iphone\"><ul><li>iPhone 17, iPhone Air, iPhone 17 Pro, iPhone 17 Pro Max<\/li><li>iPhone 16, iPhone 16e, iPhone 16 Plus, iPhone 16 Pro, iPhone 16 Pro Max*<\/li><li>iPhone 15, iPhone 15 Plus, iPhone 15 Pro, iPhone 15 Pro Max*<\/li><li>iPhone 14, iPhone 14 Plus, iPhone 14 Pro, iPhone 14 Pro Max*<\/li><li>iPhone 13, iPhone 13 Pro, iPhone 13 Pro Max, iPhone 13 Mini*<\/li><li>iPhone 12, iPhone 12 Mini, iPhone 12 Pro, iPhone 12 Pro Max*<\/li><li>iPhone 11, iPhone 11 Pro, iPhone 11 Pro Max<\/li><li>iPhone XS, iPhone XS Max, iPhone XR<\/li><li>iPhone SE (2020), iPhone SE (2022)<\/li><\/ul><\/div>\n\n\n\n<p><em>Hinweise:<\/em><\/p>\n\n\n\n<ul>\n<li><em>iPhones aus Festlandchina unterst\u00fctzen eSIM NICHT.<\/em><\/li>\n\n\n\n<li><em>iPhones aus Hongkong und Macao (mit Ausnahme von iPhone 13 mini, iPhone 12 mini, iPhone SE 2020 und iPhone XS) unterst\u00fctzen eSIM NICHT.<\/em><\/li>\n<\/ul>\n\n\n\n<p>Erfahren Sie mehr \u00fcber <a href=\"https:\/\/support.apple.com\/en-us\/HT212780\" target=\"_blank\" rel=\"noopener\">eSIM auf dem iPhone<\/a>.<\/p>\n\n\n\n<h4 class=\"wp-block-heading\">1.1.2. Samsung eSIM-Telefone:<\/h4>\n\n\n\n<div class=\"lazyblock-ggg-guide-esim-samsung-Mfi4H wp-block-lazyblock-ggg-guide-esim-samsung\"><ul><li>Samsung Galaxy S26 Ultra<\/li><li>Samsung Galaxy S26+<\/li><li>Samsung Galaxy S26<\/li><li>Samsung Galaxy S25 Ultra<\/li><li>Samsung Galaxy S25+<\/li><li>Samsung Galaxy S25<\/li><li>Samsung Galaxy S24 Ultra<\/li><li>Samsung Galaxy S24+<\/li><li>Samsung Galaxy S24<\/li><li>Samsung Galaxy S23 Ultra<\/li><li>Samsung Galaxy S23+<\/li><li>Samsung Galaxy S23*<\/li><li>Samsung Galaxy S22 Ultra 5G<\/li><li>Samsung Galaxy S22+ 5G<\/li><li>Samsung Galaxy S22 5G<\/li><li>Samsung Galaxy S21 Ultra 5G<\/li><li>Samsung Galaxy S21 5G<\/li><li>Samsung Galaxy S21+ 5G<\/li><li>Samsung Galaxy S20<\/li><li>Samsung Galaxy S20+<\/li><li>Samsung Galaxy Note 20+<\/li><li>Samsung Galaxy Note 20<\/li><li>Samsung Galaxy Note 20 Ultra<\/li><li style=\"font-weight: 400;\"><span style=\"font-weight: 400;\">Samsung Galaxy Z Flip<\/span><\/li><li style=\"font-weight: 400;\"><span style=\"font-weight: 400;\">Samsung Galaxy Z Flip3 5G<\/span><\/li><li style=\"font-weight: 400;\"><span style=\"font-weight: 400;\">Samsung Galaxy Z Flip4<\/span><span style=\"font-weight: 400; color: #ed1c24;\">*<\/span><\/li><li><span style=\"font-weight: 400;\">Samsung Galaxy Z Flip5<\/span><\/li><li><span style=\"font-weight: 400;\">Samsung Galaxy Z Flip6<\/span><\/li><li><span style=\"font-weight: 400;\">Samsung Galaxy Z Flip7<\/span><\/li><li><span style=\"font-weight: 400;\">Samsung Galaxy Z Flip7 FE<\/span><\/li><li style=\"font-weight: 400;\"><span style=\"font-weight: 400;\">Samsung Galaxy Z Fold<\/span><\/li><li style=\"font-weight: 400;\"><span style=\"font-weight: 400;\">Samsung Galaxy Z Fold2<\/span><\/li><li style=\"font-weight: 400;\"><span style=\"font-weight: 400;\">Samsung Galaxy Z Fold3<\/span><\/li><li style=\"font-weight: 400;\"><span style=\"font-weight: 400;\">Samsung Galaxy Z Fold4<\/span><span style=\"font-weight: 400; color: #ed1c24;\">*<\/span><\/li><li><span style=\"font-weight: 400;\">Samsung Galaxy Z Fold5<\/span><\/li><li><span style=\"font-weight: 400;\">Samsung Galaxy Z Fold6<\/span><\/li><li><span style=\"font-weight: 400;\">Samsung Galaxy Z Fold7<\/span><\/li><\/ul><\/div>\n\n\n\n<p><em>Hinweise:<\/em><\/p>\n\n\n\n<ul>\n<li><em>Die folgenden Samsung-Handys unterst\u00fctzen eSIM NICHT: Samsung S20\/S21 FE-Serie; Samsung Note 20 Ultra und Samsung Galaxy Z Fold 2 aus Hongkong; Samsung-Ger\u00e4te aus den USA und Kanada.<\/em><\/li>\n\n\n\n<li><em>Bei der Samsung S21-Serie (mit Ausnahme der FE-Modelle) f\u00fcr Kanada und die USA kann dieses Update Ihrem Ger\u00e4t die eSIM-F\u00e4higkeit hinzuf\u00fcgen, wenn Sie bereits \u00fcber One UI 4 verf\u00fcgen.<\/em><\/li>\n<\/ul>\n\n\n\n<h4 class=\"wp-block-heading\">1.1.3. Google Pixel eSIM-Handys:<\/h4>\n\n\n\n<div class=\"lazyblock-ggg-guide-esim-google-pixel-QtmXq wp-block-lazyblock-ggg-guide-esim-google-pixel\"><ul><li>Google Pixel 10, Pixel 10 Pro Fold, Pixel 10 Pro, Pixel 10 Pro XL, Pixel 10a<\/li><li>Google Pixel 9 Pro Fold<\/li><li>Google Pixel 9, Pixel 9 Pro, Pixel 9 Pro XL<\/li><li>Google Pixel Fold<\/li><li>Google Pixel 8, 8 Pro<\/li><li>Google Pixel 7, 7 Pro<\/li><li>Google Pixel 6, 6a, 6 Pro<\/li><li>Google Pixel 5<\/li><li>Google Pixel 4, 4a, 4 XL<\/li><li>Google Pixel 3, 3 XL<\/li><li>Google Pixel 3, 3a XL<\/li><\/ul><\/div>\n\n\n\n<p><em>Hinweise:<\/em><\/p>\n\n\n\n<p><em>Die folgenden Pixel-Smartphones unterst\u00fctzen eSIM NICHT:<\/em><\/p>\n\n\n\n<ul>\n<li><em>Pixel 3-Smartphones, die in Australien, Taiwan und Japan hergestellt wurden;<\/em><\/li>\n\n\n\n<li><em>Pixel 3-Smartphones, die mit einem Vertrag von US-amerikanischen oder kanadischen Mobilfunkanbietern au\u00dfer Sprint und Google Fi gekauft wurden;<\/em><\/li>\n\n\n\n<li><em>Pixel 3a-Smartphones, die in S\u00fcdostasien gekauft wurden und mit einem Vertrag von Verizon genutzt werden.<\/em><\/li>\n\n\n\n<li><em>Pixel 3 aus Australien, Taiwan und Japan.<\/em><\/li>\n<\/ul>\n\n\n\n<h4 class=\"wp-block-heading\">1.1.4. Andere Smartphones mit eSIM<\/h4>\n\n\n\n<p>Neben den beliebten Ger\u00e4ten aus den obigen Listen gibt es viele andere Smartphones anderer Hersteller, die Thailand eSIM unterst\u00fctzen.<\/p>\n\n\n\n<div class=\"lazyblock-ggg-guide-esim-other-1BDuoT wp-block-lazyblock-ggg-guide-esim-other\"><p><strong>Xiaomi:<\/strong><\/p><ul><li>Xiaomi 15<\/li><li>Xiaomi 15 Ultra<\/li><li>Xiaomi 14 T\/14 T Pro<\/li><\/ul><p><strong>OPPO:<\/strong><\/p><ul><li>Find X8\/X8 Pro<\/li><li>Find N3\/N3 Flip<\/li><\/ul><p><strong>Huawei:<\/strong><\/p><ul><li>Pura 70 Pro<\/li><li>Mate 40 Pro<\/li><li>P40\/P40 Pro<\/li><li>P50 Pro<\/li><\/ul><p>Sony:<\/p><ul><li>Xperia 1 VI<\/li><li>Xperia 5 V<\/li><li>Xperia 10 VI<\/li><\/ul><p><strong>Motorola:<\/strong><\/p><ul><li>Razr 40\/40 Ultra\/2024<\/li><li>Edge 50\/60 series<\/li><li>Moto G54\/84\/35<\/li><\/ul><p><strong>Others:<\/strong><\/p><ul><li>Nothing Phone 3\/3a Pro<\/li><li>OnePlus 11-13 T<\/li><li>Sharp Aquos R8\/R8 Pro<\/li><li>Honor Magic V3\/200 Pro<\/li><li>Vivo X200 Pro\u2026<\/li><\/ul><\/div>\n\n\n\n<p><em>Hinweise: Regionen, in denen Dual-SIM-Karten auf Oppo-Handys nicht unterst\u00fctzt werden: Australien (Telstra und Optus) und Japan (KDDI).<\/em><\/p>\n\n\n\n<h3 class=\"wp-block-heading\" id=\"1-2-e-sim-kompatible-smartwatches\">1.2. eSIM-kompatible Smartwatches<\/h3>\n\n\n\n<div class=\"lazyblock-ggg-guide-esim-other-1BDuoT wp-block-lazyblock-ggg-guide-esim-other\"><h4>1.2.1. Apple Watches:<\/h4><ul><li>Apple Watch S3, S4, S5, S6<\/li><li>Apple Watch Nike, Apple Watch Nike+<\/li><li>Apple Watch Hermes<\/li><li>Apple Watch Edition<\/li><\/ul><h4>1.2.2. Samsung Smartwatches:<\/h4><ul><li>Samsung Gear S2 Classic 3G<\/li><li>Samsung Gear S3 Frontier LTE<\/li><li>Samsung Galaxy Watch LTE<\/li><\/ul><\/div>\n\n\n\n<h3 class=\"wp-block-heading\" id=\"1-3-e-sim-kompatible-laptops\">1.3. eSIM-kompatible Laptops<\/h3>\n\n\n\n<p>Derzeit sind nur Windows-Laptops mit eSIM verf\u00fcgbar, Apple hat noch kein MacBook mit eSIM auf den Markt gebracht.<\/p>\n\n\n\n<p>Werfen Sie einen Blick auf die Liste der Laptops mit eSIM-F\u00e4higkeit.<\/p>\n\n\n\n<div class=\"lazyblock-ggg-guide-esim-other-1BDuoT wp-block-lazyblock-ggg-guide-esim-other\"><h4 id=\"1-3-1-acer-e-sim-laptops\">1.3.1. Acer eSIM Laptops<\/h4><ul><li>Acer Swift 3<\/li><li>Acer Swift 7<\/li><li>Acer Travel<\/li><li>Mate P2<\/li><li>Mate Spin P4<\/li><li>Mate P6<\/li><\/ul><h4 id=\"1-3-2-asus-e-sim-laptops\">1.3.2. ASUS eSIM Laptops<\/h4><ul><li>ASUS Mini Transformer T103HAF<\/li><li>ASUS NovaGo TP370QL<\/li><li>ASUS VivoBook Flip 14 TP401NA<\/li><\/ul><h4 id=\"1-3-3-dell-e-sim-laptops\">1.3.3. Dell eSIM Laptops<\/h4><ul><li>Dell Latitude 7210 2-in-1<\/li><li>Dell Latitude 9410<\/li><li>Dell Latitude 7310<\/li><li>Dell Latitude 7410<\/li><li>Dell Latitude 9510<\/li><li>Dell Latitude 5410<\/li><li>Dell Latitude 5411<\/li><li>Dell Latitude 5511<\/li><\/ul><h4 id=\"1-3-4-hp-e-sim-laptops\">1.3.4. HP eSIM Laptops<\/h4><ul><li>HP Elitebook G5<\/li><li>HP Probook G5<\/li><li>HP Zbook G5<\/li><li>HP Spectre Folio 13<\/li><\/ul><h4 id=\"1-3-5-lenovo-e-sim-laptops\">1.3.5. Lenovo eSIM Laptops<\/h4><ul><li>ThinkPad X1 Titanium Yoga 2 in 1<\/li><li>ThinkPad X1 Carbon Gen 9<\/li><li>ThinkPad X1 Fold<\/li><li>ThinkPad X1 Nano<\/li><li>ThinkPad X12 Detachable<\/li><li>Lenovo Flex 5G<\/li><li>Lenovo Yoga C630<\/li><li>Lenovo Miix 630<\/li><li>Lenovo Yoga 520<\/li><li>Lenovo Yoga 720 (2-in-1 models)<\/li><\/ul><\/div>\n\n\n\n<h3 class=\"wp-block-heading\" id=\"1-4-e-sim-kompatible-tablets\">1.4. eSIM-kompatible Tablets<\/h3>\n\n\n\n<p>Die folgenden Tablets unterst\u00fctzen eine eSIM:<\/p>\n\n\n\n<div class=\"lazyblock-ggg-guide-esim-other-1BDuoT wp-block-lazyblock-ggg-guide-esim-other\"><h4>1.4.1. Apple tablets:<\/h4><ul><li>iPad (7th gen > 11th gen 2025)<\/li><li>iPad Air 3 > Air 13 M3<\/li><li>iPad Pro 11-inch & 13-inch (M4) eSIM-only <\/li><li>iPad mini 5\/6<\/li><\/ul><h4>1.4.2. Samsung tablets:<\/h4><ul><li>Samsung Galaxy Tab S9<\/li><li>Samsung Galaxy Tab S9+<\/li><li>Samsung Galaxy Tab S9 Ultra<\/li><li>Samsung Galaxy Tab S9 FE<\/li><li>Samsung Galaxy Tab S9 FE+<\/li><\/ul><h4>1.4.3. Other tablets:<\/h4><ul><li>Microsoft Surface Pro (5th and 7th Gen onwards)<\/li><li>Microsoft Surface Pro X (5th Gen onwards)<\/li><\/ul><\/div>\n\n\n\n<p><em>Es gibt auch andere Ger\u00e4te, die eSIM unterst\u00fctzen, wie Laptops und einige andere Telefonmodelle.<\/em><\/p>\n\n\n\n<h2 class=\"wp-block-heading\" id=\"2-so-uberprufen-sie-die-e-sim-kompatibilitat-und-den-status-der-netzbetreiberbindung-ihres-gerats\">2. So \u00fcberpr\u00fcfen Sie die eSIM-Kompatibilit\u00e4t und den Status der Netzbetreiberbindung Ihres Ger\u00e4ts<\/h2>\n\n\n\n<p>Es ist ganz einfach festzustellen, ob Ihr Telefon an einen Netzbetreiber gebunden ist und ob es eSIM unterst\u00fctzt, da alle diese Informationen in den Einstellungen Ihres Telefons angezeigt werden. W\u00e4hrend der Abschnitt \u201eSIM-Beschr\u00e4nkung\/Netzwerk\u201d Ihres Telefons den Entsperrstatus Ihres Telefons anzeigt, gibt die IMEI (International Mobile Equipment Identity) Ihres Telefons Auskunft \u00fcber die eSIM-Kompatibilit\u00e4t Ihres Telefons.<\/p>\n\n\n\n<p>Im folgenden Abschnitt zeigen wir Ihnen, wie Sie die eSIM-F\u00e4higkeiten und den Entsperrstatus Ihrer iOS- und Android-Telefone \u00fcberpr\u00fcfen k\u00f6nnen.<\/p>\n\n\n\n<h3 class=\"wp-block-heading\" id=\"2-1-auf-i-os-geraten\">2.1. Auf iOS-Ger\u00e4ten<\/h3>\n\n\n\n<p>Auf einem iOS-Ger\u00e4t k\u00f6nnen Sie die folgenden Schritte ausf\u00fchren, um dies zu \u00fcberpr\u00fcfen:<\/p>\n\n\n\n<p><strong>\u00dcberpr\u00fcfen Sie die Netzbetreiber-Sperre:<\/strong><\/p>\n\n\n\n<ul>\n<li>Gehen Sie zu <strong>Einstellungen<\/strong> > <strong>Allgemein<\/strong> > <strong>Info<\/strong>.<\/li>\n\n\n\n<li>Scrollen Sie nach unten, um den Abschnitt \u201e<strong>Netzbetreiber-Sperre<\/strong>\u201d zu \u00fcberpr\u00fcfen.<\/li>\n\n\n\n<li>Dort sollte \u201e<strong>KEINE SIM-Einschr\u00e4nkungen<\/strong>\u201d stehen, was bedeutet, dass das Ger\u00e4t entsperrt ist.<\/li>\n<\/ul>\n\n\n\n<p><strong>\u00dcberpr\u00fcfen Sie die eSIM-Kompatibilit\u00e4t:<\/strong><\/p>\n\n\n\n<ul>\n<li>Gehen Sie zu <strong>Einstellungen<\/strong> > <strong>Allgemein<\/strong> > <strong>Info<\/strong>.<\/li>\n\n\n\n<li>Scrollen Sie nach unten zu <strong>VERF\u00dcGBARE SIM<\/strong>. Unter VERF\u00dcGBARE SIM sollte eine IMEI stehen, was bedeutet, dass das Ger\u00e4t eSIM-kompatibel ist.<\/li>\n<\/ul>\n\n\n\n<p>Sie k\u00f6nnen auch zu <strong>Einstellungen<\/strong> &gt; <strong>Mobilfunk<\/strong> gehen und \u00fcberpr\u00fcfen, ob Sie die Schaltfl\u00e4che \u201e<strong>eSIM hinzuf\u00fcgen<\/strong>\u201d haben.<\/p>\n\n\n\n<figure class=\"wp-block-image size-large\"><img decoding=\"async\" src=\"https:\/\/thailandesim.com\/wp-content\/uploads\/2024\/02\/20240215103442-65cde8c252f5d.jpg\" alt=\"Check eSIM compatibility on iOS\" class=\"wp-image-603\"\/><figcaption class=\"wp-element-caption\">\u00dcberpr\u00fcfen Sie die eSIM-Kompatibilit\u00e4t unter iOS<\/figcaption><\/figure>\n\n\n\n<p>Angenommen, Sie haben mehr als eine SIM-Karte in Ihrem Ger\u00e4t. In diesem Fall m\u00fcssen Sie m\u00f6glicherweise eine davon vor\u00fcbergehend deaktivieren oder entfernen, bevor Sie versuchen, die eSIM herunterzuladen, je nach den Funktionen Ihres Ger\u00e4ts.<\/p>\n\n\n\n<h3 class=\"wp-block-heading\" id=\"2-2-auf-android-geraten\">2.2. Auf Android-Ger\u00e4ten<\/h3>\n\n\n\n<p>Um zu \u00fcberpr\u00fcfen, ob Ihr Android-Ger\u00e4t f\u00fcr alle Netzbetreiber freigeschaltet ist und eSIM unterst\u00fctzt, m\u00fcssen Sie zun\u00e4chst den Freischaltstatus \u00fcberpr\u00fcfen und dann die \u201eeSIM-IMEI\u201d-Nummer suchen. Befolgen Sie dazu die folgenden Schritte:<\/p>\n\n\n\n<h4 class=\"wp-block-heading\">2.2.1. F\u00fcr Samsung-Ger\u00e4te:<\/h4>\n\n\n\n<p><strong>\u00dcberpr\u00fcfen Sie den Freischaltstatus wie folgt:<\/strong><\/p>\n\n\n\n<ul>\n<li>Gehen Sie zu <strong>Einstellungen <\/strong>> <strong>Verbindungen<\/strong>\/ <strong>Netzwerk &amp; Internet <\/strong>(andere Varianten je nach Marke und Modell).<\/li>\n\n\n\n<li>W\u00e4hlen Sie \u201eMobilfunknetz\u201d\/\u201eMobilfunknetz\u201d (je nach Marke und Modell k\u00f6nnen andere Bezeichnungen verwendet werden).<\/li>\n\n\n\n<li>Tippen Sie auf \u201eErweitert\u201d (falls erforderlich) und w\u00e4hlen Sie \u201eNetzwerk ausw\u00e4hlen\u201d\/\u201eNetzwerk automatisch ausw\u00e4hlen\u201d (oder andere Varianten, um die Liste der Netzbetreiber zu \u00f6ffnen).<\/li>\n\n\n\n<li>Wenn mehrere Netzbetreiber angezeigt werden, ist Ihr Telefon wahrscheinlich entsperrt und ben\u00f6tigt die entsprechende SIM-Karte. Fahren Sie zur weiteren Best\u00e4tigung mit dem folgenden Schritt fort.<\/li>\n\n\n\n<li>Entfernen Sie die alte SIM-Karte aus Ihrem Telefon und legen Sie die neu aktivierte Karte des anderen Netzbetreibers ein. Versuchen Sie, mit mobilen Daten im Internet zu surfen, aber stellen Sie sicher, dass Wi-Fi deaktiviert ist.<\/li>\n<\/ul>\n\n\n\n<p>&gt;&gt; Wenn Sie erfolgreich im Internet gesurft sind, ist Ihr Telefon entsperrt.<\/p>\n\n\n\n<p><strong>\u00dcberpr\u00fcfen Sie die eSIM-Kompatibilit\u00e4t Ihres Telefons wie folgt:<\/strong><\/p>\n\n\n\n<ul>\n<li>Gehen Sie zu <strong>Einstellungen<\/strong>.<\/li>\n\n\n\n<li>Wenn Sie in den <strong>Einstellungen<\/strong> eine Suchleiste sehen, geben Sie \u201e<strong>IMEI<\/strong>\u201c ein, und die Option \u201e<strong>IMEI-Informationen<\/strong>\u201c (oder \u00e4hnlich) sollte angezeigt werden (andernfalls m\u00fcssen Sie zu <strong>\u00dcber das Telefon<\/strong> > <strong>Status<\/strong> gehen).<\/li>\n\n\n\n<li>Tippen Sie auf \u201e<strong>IMEI-Informationen<\/strong>\u201c.<\/li>\n\n\n\n<li>Wenn \u201e<strong>IMEI (eSIM)<\/strong>\u201c verf\u00fcgbar ist, bedeutet dies, dass Ihr Ger\u00e4t eSIM unterst\u00fctzt.<\/li>\n<\/ul>\n\n\n\n<figure class=\"wp-block-image size-large\"><img decoding=\"async\" src=\"https:\/\/thailandesim.com\/wp-content\/uploads\/2024\/02\/20240215103442-65cde8c28cff1.jpg\" alt=\"Check eSIM compatibility on Android\" class=\"wp-image-606\"\/><figcaption class=\"wp-element-caption\">\u00dcberpr\u00fcfen Sie die eSIM-Kompatibilit\u00e4t auf Android<\/figcaption><\/figure>\n\n\n\n<h4 class=\"wp-block-heading\">2.2.2. Andere Android-Ger\u00e4te:<\/h4>\n\n\n\n<ul>\n<li>\u00dcberpr\u00fcfen Sie den Entsperrstatus auf die gleiche Weise wie bei Samsung-Handys.<\/li>\n\n\n\n<li>W\u00e4hlen Sie dann <strong>*#06#<\/strong>, um die eSIM-Kapazit\u00e4t zu \u00fcberpr\u00fcfen.<\/li>\n\n\n\n<li>Wenn Ihr Ger\u00e4t eSIM-kompatibel ist, sollten Sie die eindeutige Identifikationsnummer (EID) der eSIM Ihres Ger\u00e4ts sehen k\u00f6nnen.<\/li>\n<\/ul>\n\n\n\n<figure class=\"wp-block-image size-large\"><img decoding=\"async\" src=\"https:\/\/thailandesim.com\/wp-content\/uploads\/2024\/02\/20240215103442-65cde8c2c9fe0.jpg\" alt=\"Check eSIM compatibility on other Android devices\" class=\"wp-image-604\"\/><figcaption class=\"wp-element-caption\">\u00dcberpr\u00fcfen Sie die eSIM-Kompatibilit\u00e4t auf anderen Android-Ger\u00e4ten.<\/figcaption><\/figure>\n\n\n\n<p>Wenn Sie weitere Informationen zu eSIM-Tarifen f\u00fcr Thailand suchen, finden Sie diese hier unter <a href=\"https:\/\/thailandesim.com\/de\"><strong>Thailandesim.com<\/strong><\/a>.<\/p>\n\n\n\n<h2 class=\"wp-block-heading\" id=\"3-haufig-gestellte-fragen\">3. H\u00e4ufig gestellte Fragen<\/h2>\n\n\n\n<p>Im Folgenden finden Sie einige h\u00e4ufig gestellte Fragen zu eSIM-kompatiblen Ger\u00e4ten in Thailand, die f\u00fcr Sie von Interesse sein k\u00f6nnten:<\/p>\n\n\n<div id=\"rank-math-faq\" class=\"rank-math-block\">\n<div class=\"rank-math-list \">\n<div id=\"faq-question-1676620517734\" class=\"rank-math-list-item\">\n<p class=\"rank-math-question \">Warum ist mein Ger\u00e4t auf der Liste, kann aber keine eSIM verwenden?<\/p>\n<div class=\"rank-math-answer \">\n\n<p>Einige Hinweise in der Liste zeigen, dass es einige Varianten der Ger\u00e4te gibt, die nicht mit eSIM kompatibel sind. Sie sollten auch die Hinweise beachten.<br \/>Au\u00dferdem k\u00f6nnen Sie eSIM nicht verwenden, wenn Ihr Telefon durch einen Netzbetreiber gesperrt ist. Informationen dazu, wie Sie den Status der Netzbetreibersperre \u00fcberpr\u00fcfen k\u00f6nnen, finden Sie im vorherigen Abschnitt.<\/p>\n\n<\/div>\n<\/div>\n<div id=\"faq-question-1676621375300\" class=\"rank-math-list-item\">\n<p class=\"rank-math-question \">Was soll ich tun, wenn mein Ger\u00e4t die thail\u00e4ndische eSIM nicht verwenden kann?<\/p>\n<div class=\"rank-math-answer \">\n\n<p>Sie k\u00f6nnen eine SIM-Karte kaufen, um w\u00e4hrend Ihrer Reise in Thailand Daten zu nutzen. SIM-Karten sind am Flughafen oder in jedem Convenience-Store in Thailand erh\u00e4ltlich.<\/p>\n\n<\/div>\n<\/div>\n<div id=\"faq-question-1676621515780\" class=\"rank-math-list-item\">\n<p class=\"rank-math-question \">Was kann ich tun, wenn mein Ger\u00e4t vom Netzbetreiber gesperrt ist?<\/p>\n<div class=\"rank-math-answer \">\n\n<p>Sie k\u00f6nnen sich an Ihren Netzbetreiber wenden und um die Entsperrung Ihres Ger\u00e4ts bitten. Anschlie\u00dfend k\u00f6nnen Sie die eSIM verwenden.<\/p>\n\n<\/div>\n<\/div>\n<div id=\"faq-question-1678157592065\" class=\"rank-math-list-item\">\n<p class=\"rank-math-question \">Was kann ich tun, wenn ich bereits eine eSIM gekauft habe, mein Ger\u00e4t jedoch nicht kompatibel ist?<\/p>\n<div class=\"rank-math-answer \">\n\n<p>Wenn Sie die eSIM nicht aktiviert haben und das Ger\u00e4t nicht unterst\u00fctzt wird, k\u00f6nnen Sie sich an ThailandeSIM wenden, um eine R\u00fcckerstattung zu beantragen. Weitere Informationen finden Sie unter <a href=\"https:\/\/thailandesim.com\/de\/cancellation-refund\/\">Stornierung und R\u00fcckerstattung<\/a>.<\/p>\n\n<\/div>\n<\/div>\n<\/div>\n<\/div>\n\n\n<p><\/p>\n","protected":false},"excerpt":{"rendered":"<p>Die eSIM-Technologie hat die Art und Weise, wie wir unsere Mobilger\u00e4te nutzen, revolutioniert. Mit einer eSIM ben\u00f6tigen Sie keine physische SIM-Karte mehr, um Ihren Mobilfunkdienst zu aktivieren. Stattdessen ist die SIM-Karte direkt in Ihr Ger\u00e4t eingebettet, wodurch die Verwaltung Ihrer Mobilfunkdienste bequemer und flexibler wird. In dieser Liste stellen wir Ihnen einige der beliebtesten eSIM-kompatiblen [&#8230;]\n","protected":false},"author":1,"featured_media":255,"parent":0,"menu_order":0,"comment_status":"closed","ping_status":"closed","template":"page-right-sidebar.php","meta":{"_acf_changed":false,"inline_featured_image":false,"footnotes":""},"acf":[],"_links":{"self":[{"href":"https:\/\/thailandesim.com\/de\/wp-json\/wp\/v2\/pages\/253"}],"collection":[{"href":"https:\/\/thailandesim.com\/de\/wp-json\/wp\/v2\/pages"}],"about":[{"href":"https:\/\/thailandesim.com\/de\/wp-json\/wp\/v2\/types\/page"}],"author":[{"embeddable":true,"href":"https:\/\/thailandesim.com\/de\/wp-json\/wp\/v2\/users\/1"}],"replies":[{"embeddable":true,"href":"https:\/\/thailandesim.com\/de\/wp-json\/wp\/v2\/comments?post=253"}],"version-history":[{"count":2,"href":"https:\/\/thailandesim.com\/de\/wp-json\/wp\/v2\/pages\/253\/revisions"}],"predecessor-version":[{"id":257,"href":"https:\/\/thailandesim.com\/de\/wp-json\/wp\/v2\/pages\/253\/revisions\/257"}],"wp:featuredmedia":[{"embeddable":true,"href":"https:\/\/thailandesim.com\/de\/wp-json\/wp\/v2\/media\/255"}],"wp:attachment":[{"href":"https:\/\/thailandesim.com\/de\/wp-json\/wp\/v2\/media?parent=253"}],"curies":[{"name":"wp","href":"https:\/\/api.w.org\/{rel}","templated":true}]}}