{"id":1260,"date":"2024-05-29T10:33:04","date_gmt":"2024-05-29T10:33:04","guid":{"rendered":"https:\/\/thailandesim.com\/?page_id=20426"},"modified":"2026-03-25T03:50:42","modified_gmt":"2026-03-25T03:50:42","slug":"roaming","status":"publish","type":"page","link":"https:\/\/thailandesim.com\/de\/roaming\/","title":{"rendered":"Datenroaming in Thailand: Der ultimative Ratgeber f\u00fcr Reisende"},"content":{"rendered":"\n<figure class=\"wp-block-image size-large\"><img decoding=\"async\" src=\"https:\/\/thailandesim.com\/wp-content\/uploads\/2024\/05\/Roaming-in-Thailand-1024x683.jpg\" alt=\"Data roaming in Thailand\" class=\"wp-image-20436\"\/><figcaption class=\"wp-element-caption\">Datenroaming in Thailand<\/figcaption><\/figure>\n\n\n\n<p>Die Kontrolle Ihrer Mobilfunkkosten ist unerl\u00e4sslich, damit Sie Ihre Reise ins Ausland in vollen Z\u00fcgen genie\u00dfen k\u00f6nnen. Wenn Sie das atemberaubende Thailand besuchen, ist es wichtig, sich mit dem lokalen Roaming in Thailand vertraut zu machen.<\/p>\n\n\n\n<p>Dieser Leitfaden befasst sich eingehend mit den Einzelheiten des Roamings in Thailand, vergleicht die Tarife der Mobilfunkanbieter mit anderen Optionen und gibt Tipps zur Kontrolle Ihrer Mobilfunkkosten unterwegs, damit Sie die Sch\u00f6nheit Thailands bequem und unbeschwert erkunden k\u00f6nnen.<\/p>\n\n\n\n<div class=\"wp-block-rank-math-toc-block\" id=\"rank-math-toc\"><h2>Table of Contents<\/h2><nav><div><div><a href=\"#i-datenroaming-in-thailand-verstehen\">I. Datenroaming in Thailand verstehen<\/a><\/div><div><a href=\"#ii-roaming-gebuhren-in-thailand\">II. Roaming-Geb\u00fchren in Thailand<\/a><div><div><a href=\"#1-so-uberprufen-sie-die-roaming-gebuhren-vor-ihrer-reise-nach-thailand\">1. So \u00fcberpr\u00fcfen Sie die Roaming-Geb\u00fchren vor Ihrer Reise nach Thailand<\/a><\/div><div><a href=\"#2-roaming-gebuhren-in-thailand-bei-gangigen-mobilfunkanbietern\">2. Roaming-Geb\u00fchren in Thailand bei g\u00e4ngigen Mobilfunkanbietern<\/a><\/div><\/div><\/div><div><a href=\"#iii-die-besten-moglichkeiten-roaming-gebuhren-in-thailand-zu-vermeiden\">III. Die besten M\u00f6glichkeiten, Roaming-Geb\u00fchren in Thailand zu vermeiden<\/a><div><div><a href=\"#1-kaufen-sie-eine-e-sim-bei-thailandesim-com\">1. Kaufen Sie eine eSIM bei Thailandesim.com<\/a><\/div><div><a href=\"#2-kaufen-sie-eine-lokale-sim-karte\">2. Kaufen Sie eine lokale SIM-Karte<\/a><\/div><div><a href=\"#3-wlan-telefonie-aktivieren\">3. WLAN-Telefonie aktivieren<\/a><\/div><\/div><\/div><div><a href=\"#iv-haufig-gestellte-fragen\">IV. H\u00e4ufig gestellte Fragen<\/a><div><\/div><\/div><div><a href=\"#v-fazit\">V. Fazit<\/a><\/div><\/div><\/nav><\/div>\n\n\n\n<h2 class=\"wp-block-heading\" id=\"i-datenroaming-in-thailand-verstehen\">I. Datenroaming in Thailand verstehen<\/h2>\n\n\n\n<p>Roaming ist eine der wichtigsten Optionen, an die die meisten Besucher denken, wenn sie w\u00e4hrend ihrer Reise in Thailand in Verbindung bleiben m\u00f6chten. Bevor sie sich auf eine Thailandreise begeben, sollten Besucher verstehen, wie Roaming in diesem wundersch\u00f6nen Land funktioniert.<\/p>\n\n\n\n<p>Roaming erm\u00f6glicht es Ihnen, Ihren heimischen Mobilfunkanbieter zu nutzen, um im Ausland zu telefonieren, SMS zu versenden oder sogar Daten zu nutzen.<\/p>\n\n\n\n<p>Allerdings fallen beim Roaming nach wie vor hohe Kosten an. Hier sind drei Arten von Roaming-Geb\u00fchren, die Sie beachten sollten, wenn Sie Ihr Handy in Thailand nutzen:<\/p>\n\n\n\n<ul>\n<li><strong>Sprachverbindungen: <\/strong>Die meisten gro\u00dfen Anbieter berechnen 0,50\u20131 $ pro Minute f\u00fcr Inlandsgespr\u00e4che in Thailand. Wenn Sie Anrufe zu Nummern in Ihrem Heimatland t\u00e4tigen m\u00f6chten, k\u00f6nnen die Tarife zwischen 1 und 2 $ pro Minute variieren. Anrufe zu Nummern au\u00dferhalb Ihres Heimatlandes sind deutlich teurer.<\/li>\n\n\n\n<li><strong>SMS:<\/strong> Die Tarife f\u00fcr das Versenden von SMS ins Heimatland k\u00f6nnen zwischen 0,15 und 0,30 $ pro Nachricht variieren, w\u00e4hrend die Tarife f\u00fcr das Versenden von SMS an Nummern in Thailand zwischen 0,10 und 0,20 $ pro Nachricht liegen<\/li>\n\n\n\n<li><strong>Daten: <\/strong>Datenroaming-Tarife in Thailand ohne Paket: 0,50\u20131 $ pro MB; f\u00fcr Tagesdatenpakete bieten Mobilfunkanbieter 200 MB pro Tag an, die Kosten variieren zwischen 10 und 25 $; f\u00fcr Wochen-Datenpakete bieten sie 1 GB f\u00fcr 25\u201330 $ an.<\/li>\n<\/ul>\n\n\n\n<h2 class=\"wp-block-heading\" id=\"ii-roaming-gebuhren-in-thailand\">II. Roaming-Geb\u00fchren in Thailand<\/h2>\n\n\n\n<h3 class=\"wp-block-heading\" id=\"1-so-uberprufen-sie-die-roaming-gebuhren-vor-ihrer-reise-nach-thailand\">1. So \u00fcberpr\u00fcfen Sie die Roaming-Geb\u00fchren vor Ihrer Reise nach Thailand<\/h3>\n\n\n\n<p>Bevor Sie Ihre Reise nach Thailand antreten, sollten Sie unbedingt Ihren Mobilfunkanbieter kontaktieren und sich nach den Roaming-Geb\u00fchren und verf\u00fcgbaren Roaming-Paketen erkundigen. Dabei sind einige Dinge zu beachten:<\/p>\n\n\n\n<ul>\n<li><strong>Kontaktieren Sie Ihren Mobilfunkanbieter<\/strong><\/li>\n<\/ul>\n\n\n\n<p>Touristen sollten sich mindestens zwei Wochen vor ihrer Reise an ihren Mobilfunkanbieter wenden, um die aktuellsten Informationen zur Aktivierung des Roamings in Thailand zu erhalten. Teilen Sie ihm Ihre bevorstehende Thailandreise mit, um m\u00f6glichst genaue Details zu erhalten.<\/p>\n\n\n\n<p><em>Quelle: <\/em><a href=\"https:\/\/www.verizon.com\/support\/international-services-pricing\/#thailand\" target=\"_blank\" rel=\"noopener\"><em>Verizon Roaming-Geb\u00fchren-Checker<\/em><\/a><\/p>\n\n\n\n<figure class=\"wp-block-image size-large\"><img decoding=\"async\" src=\"https:\/\/thailandesim.com\/wp-content\/uploads\/2024\/05\/Verizon-Roaming-Charge-Checker-1024x668.jpg\" alt=\"Verizon Roaming Charges Checker. Source\" class=\"wp-image-20438\"\/><figcaption class=\"wp-element-caption\">Verizon-Roaminggeb\u00fchren-Checker. Quelle<\/figcaption><\/figure>\n\n\n\n<ul>\n<li><strong>Informieren Sie sich \u00fcber die geltenden Roaming-Geb\u00fchren<\/strong><\/li>\n<\/ul>\n\n\n\n<p>Informieren Sie sich \u00fcber die Roaming-Geb\u00fchren, um Ihr Budget zu planen, und ber\u00fccksichtigen Sie Ihre Datenutzungsgewohnheiten, um den besten Datentarif auszuw\u00e4hlen und eine \u00dcberschreitung des Datenvolumens zu vermeiden.<\/p>\n\n\n\n<ul>\n<li><strong>Rufen Sie den Kundenservice an<\/strong><\/li>\n<\/ul>\n\n\n\n<p>Wenn Sie sich direkt an den Kundenservice wenden, erhalten Sie detaillierte Informationen zu den Roaming-Geb\u00fchren und Empfehlungen f\u00fcr geeignete Roaming-Pakete oder L\u00f6sungen, die auf Ihre Reiseziele zugeschnitten sind.<\/p>\n\n\n\n<h3 class=\"wp-block-heading\" id=\"2-roaming-gebuhren-in-thailand-bei-gangigen-mobilfunkanbietern\">2. Roaming-Geb\u00fchren in Thailand bei g\u00e4ngigen Mobilfunkanbietern<\/h3>\n\n\n\n<p>Die folgende Tabelle zeigt die ungef\u00e4hren Roaming-Tarife f\u00fcr Telefonie, SMS und Daten in Thailand bei Mobilfunkanbietern aus den USA, Gro\u00dfbritannien und Australien (Stand: Mai 2024).<\/p>\n\n\n\n<figure class=\"wp-block-table\"><table><thead><tr><td><strong>Land <\/strong><\/td><td><strong>Mobilfunkanbieter <\/strong><\/td><td><strong>Travel Pass <\/strong><\/td><td><strong>Monatlicher Tarif <\/strong><\/td><td><strong>Anrufe <\/strong><\/td><td><strong>Text \/ SMS <\/strong><\/td><td><strong>Daten<\/strong><\/td><\/tr><\/thead><tbody><tr><td><strong>USA<\/strong><\/td><td><strong>AT&amp;T<\/strong><\/td><td>&#8211;<\/td><td>&#8211;<\/td><td>Unbegrenzt<\/td><td>Unbegrenzt<\/td><td>Unbegrenzt<\/td><\/tr><tr><td><strong>USA<\/strong><\/td><td><strong>T-Mobile<\/strong><\/td><td>90\u2013180 $<\/td><td>0,25 $\/Min.<\/td><td>Unbegrenzt<\/td><td>Unbegrenzt<\/td><td>Unbegrenzt (5G-Tempo variiert)<\/td><\/tr><tr><td><strong>USA<\/strong><\/td><td><strong>Verizon<\/strong><\/td><td>10 $pro Tag<\/td><td>100$<\/td><td>250 Min.<\/td><td>Unbegrenzt<\/td><td>Unbegrenzt<\/td><\/tr><tr><td><strong>UK<\/strong><\/td><td><strong>Three<\/strong><\/td><td>&#8211;<\/td><td>&#8211;<\/td><td>2,55 $\/Min.<\/td><td>0,45 $\/SMS<\/td><td>3,82 $\/MB<\/td><\/tr><tr><td><strong>UK<\/strong><\/td><td><strong>Vodafone UK<\/strong><\/td><td>9,42 $ pro Tag<\/td><td>&#8211;<\/td><td>0,76 $\/Min (abgehend) \/ 0,46 $\/Min (ankommend)<\/td><td>0,1 $\/SMS<\/td><td>0,15 $\/MB<\/td><\/tr><tr><td><strong>UK<\/strong><\/td><td><strong>EE<\/strong><\/td><td>&#8211;<\/td><td>2,29 $\/Min.<\/td><td>0,76 $\/SMS<\/td><td>&#8211;<\/td><td>5,97 $ (500 MB), danach 3,63 $\/100 MB<\/td><\/tr><tr><td><strong>Australien<\/strong><\/td><td><strong>Optus<\/strong><\/td><td>10 $ pro Tag<\/td><td>&#8211;<\/td><td>&#8211;<\/td><td>&#8211;<\/td><td>5 GB<\/td><\/tr><tr><td><strong>Australien<\/strong><\/td><td><strong>Telstra<\/strong><\/td><td>10 $ pro Tag<\/td><td>&#8211;<\/td><td>Unbegrenzt<\/td><td>Unbegrenzt<\/td><td>1 GB<\/td><\/tr><tr><td><strong>Australien<\/strong><\/td><td><strong>Vodafone<\/strong><\/td><td>5 $ pro Tag<\/td><td>1 $\/Min.<\/td><td>0,75 $\/SMS<\/td><td>1 $\/MB<\/td><td>&#8211;<\/td><\/tr><\/tbody><\/table><\/figure>\n\n\n\n<p><em>(Hinweis: Diese Tarife k\u00f6nnen sich jederzeit \u00e4ndern; bitte erkundigen Sie sich vor Ihrer Reise bei Ihrem Mobilfunkanbieter.)<\/em><\/p>\n\n\n\n<p>Um teure Roaming-Geb\u00fchren zu vermeiden, sollten Reisende ihre Datenutzungsgewohnheiten ber\u00fccksichtigen, um bei ihrem Mobilfunkanbieter das f\u00fcr ihre Reise am besten geeignete Datenpaket zu finden. Ziehen Sie auch andere M\u00f6glichkeiten in Betracht, um in Verbindung zu bleiben und dabei Geld zu sparen.<\/p>\n\n\n\n<h2 class=\"wp-block-heading\" id=\"iii-die-besten-moglichkeiten-roaming-gebuhren-in-thailand-zu-vermeiden\">III. Die besten M\u00f6glichkeiten, Roaming-Geb\u00fchren in Thailand zu vermeiden<\/h2>\n\n\n\n<p>Lassen Sie sich Ihren Thailand-Urlaub nicht durch diese Roaming-Geb\u00fchren verderben. Es gibt mehrere M\u00f6glichkeiten, in Verbindung zu bleiben, ohne zu viel Geld auszugeben. Im Folgenden finden Sie drei M\u00f6glichkeiten, Roaming-Geb\u00fchren zu vermeiden und w\u00e4hrend Ihrer Reise in Thailand eine reibungslose Internetverbindung aufrechtzuerhalten:<\/p>\n\n\n\n<h3 class=\"wp-block-heading\" id=\"1-kaufen-sie-eine-e-sim-bei-thailandesim-com\">1. Kaufen Sie eine eSIM bei Thailandesim.com<\/h3>\n\n\n\n<p>Neben Roaming ist der Kauf einer eSIM ebenfalls eine kluge Option, um in Thailand in Verbindung zu bleiben. Diese digitale SIM-Karte verbindet Sie mit lokalen thail\u00e4ndischen Netzwerken, ohne dass ein physischer SIM-Kartenwechsel erforderlich ist.<\/p>\n\n\n\n<p>Als <strong>f\u00fchrender eSIM-Anbieter in Thailand \u2013 thailandesim.com<\/strong> \u2013 bietet thailandesim.com Besuchern vielf\u00e4ltige eSIM-Tarife f\u00fcr jedes Reiseziel. Hier sind die Gr\u00fcnde, warum thailandesim.com herausragt:<\/p>\n\n\n\n<ul>\n<li><strong>Vielfalt &amp; Flexibilit\u00e4t<\/strong>: W\u00e4hlen Sie aus einer gro\u00dfen Auswahl an Datenpaketen dasjenige aus, das am besten zu Ihren Bed\u00fcrfnissen passt.<\/li>\n\n\n\n<li><strong>Abdeckung durch mehrere Netzwerke<\/strong>: Durch die Zusammenarbeit mit den gro\u00dfen thail\u00e4ndischen Mobilfunkanbietern k\u00fcmmern sie sich um die technischen Aspekte, sodass Sie w\u00e4hrend Ihrer Reise eine schnelle und zuverl\u00e4ssige Verbindung genie\u00dfen k\u00f6nnen \u2013 reibungslos und ohne Unterbrechungen.<\/li>\n\n\n\n<li><strong>Erstklassiger Kundenservice:<\/strong> Sie bieten einen 24\/7-Kundensupport, sodass Sie bei Bedarf Hilfe erhalten.<\/li>\n\n\n\n<li><strong>Erschwingliche Preise:<\/strong> Ihre eSIMs sind preisg\u00fcnstig und bieten ein hervorragendes Preis-Leistungs-Verh\u00e4ltnis<\/li>\n<\/ul>\n\n\n\n<p>W\u00e4hlen Sie unten die besten Optionen f\u00fcr Ihre bevorstehende Reise aus:<\/p>\n\n\n<div class=\"lazyblock-cta-show-product-TP6TJ wp-block-lazyblock-cta-show-product\"><div class=\"cta-show-products mb-6\">\n    <div class=\"row vnb-esim-rows\" data-elementor-columns=\"1\" data-elementor-columns-tablet=\"2\" data-elementor-columns-mobile=\"1\">\n                                                <div class=\"column-item\">\n                    <div class=\"vnb-cta-show-product-item\">\n                        <div class=\"product-info\">\n                            <div class=\"product-transition\">\n                                                                <img decoding=\"async\" src=\"https:\/\/thailandesim.com\/vnb-data\/media\/flag\/th.png\" alt=\"AIS eSIM \u2013 unbegrenztes 5G-Datenvolumen &amp; Telefonnummer\">\n                            <\/div>\n                            <div class=\"product-caption\">\n                                <div class=\"country\">AIS eSIM \u2013 unbegrenztes 5G-Datenvolumen & Telefonnummer<\/div>\n                                <div class=\"from-price\">\n                                    <span class=\"title-price\" style=\"text-transform: capitalize;\">\n                                                                            <\/span>\n                                    <span class=\"text-price\">\n                                        &#36;9.90                                    <\/span>\n                                <\/div>\n                            <\/div>\n                        <\/div>\n                        <div class=\"icon\">\n                            <svg width=\"40\" height=\"40\" viewBox=\"0 0 40 40\" fill=\"none\" xmlns=\"http:\/\/www.w3.org\/2000\/svg\">\n                                <path d=\"M31.25 21.25L6.25 21.25C5.91848 21.25 5.60054 21.1183 5.36612 20.8839C5.1317 20.6495 5 20.3315 5 20C5 19.6685 5.1317 19.3505 5.36612 19.1161C5.60054 18.8817 5.91848 18.75 6.25 18.75L31.25 18.75C31.5815 18.75 31.8995 18.8817 32.1339 19.1161C32.3683 19.3505 32.5 19.6685 32.5 20C32.5 20.3315 32.3683 20.6495 32.1339 20.8839C31.8995 21.1183 31.5815 21.25 31.25 21.25Z\" fill=\"black\" \/>\n                                <path d=\"M30.7303 19.9984L20.3628 9.63342C20.128 9.3987 19.9962 9.08036 19.9962 8.74842C19.9962 8.41648 20.128 8.09813 20.3628 7.86342C20.5975 7.6287 20.9158 7.49684 21.2478 7.49684C21.5797 7.49684 21.898 7.6287 22.1328 7.86342L33.3828 19.1134C33.4992 19.2295 33.5915 19.3675 33.6545 19.5193C33.7176 19.6712 33.75 19.834 33.75 19.9984C33.75 20.1628 33.7176 20.3256 33.6545 20.4775C33.5915 20.6294 33.4992 20.7673 33.3828 20.8834L22.1328 32.1334C21.8981 32.3681 21.5797 32.5 21.2478 32.5C20.9158 32.5 20.5975 32.3681 20.3628 32.1334C20.1281 31.8987 19.9962 31.5804 19.9962 31.2484C19.9962 30.9165 20.1281 30.5981 20.3628 30.3634L30.7303 19.9984Z\" fill=\"black\" \/>\n                            <\/svg>\n                        <\/div>\n                        <a href=\"https:\/\/thailandesim.com\/de\/esim\/ais\/\"><\/a>\n                    <\/div>\n                <\/div>\n                                                            <div class=\"column-item\">\n                    <div class=\"vnb-cta-show-product-item\">\n                        <div class=\"product-info\">\n                            <div class=\"product-transition\">\n                                                                <img decoding=\"async\" src=\"https:\/\/thailandesim.com\/vnb-data\/media\/flag\/th.png\" alt=\"dtac eSIM \u2013 unbegrenztes 5G &amp; Telefonnummer\">\n                            <\/div>\n                            <div class=\"product-caption\">\n                                <div class=\"country\">dtac eSIM \u2013 unbegrenztes 5G & Telefonnummer<\/div>\n                                <div class=\"from-price\">\n                                    <span class=\"title-price\" style=\"text-transform: capitalize;\">\n                                                                            <\/span>\n                                    <span class=\"text-price\">\n                                        &#36;8.90                                    <\/span>\n                                <\/div>\n                            <\/div>\n                        <\/div>\n                        <div class=\"icon\">\n                            <svg width=\"40\" height=\"40\" viewBox=\"0 0 40 40\" fill=\"none\" xmlns=\"http:\/\/www.w3.org\/2000\/svg\">\n                                <path d=\"M31.25 21.25L6.25 21.25C5.91848 21.25 5.60054 21.1183 5.36612 20.8839C5.1317 20.6495 5 20.3315 5 20C5 19.6685 5.1317 19.3505 5.36612 19.1161C5.60054 18.8817 5.91848 18.75 6.25 18.75L31.25 18.75C31.5815 18.75 31.8995 18.8817 32.1339 19.1161C32.3683 19.3505 32.5 19.6685 32.5 20C32.5 20.3315 32.3683 20.6495 32.1339 20.8839C31.8995 21.1183 31.5815 21.25 31.25 21.25Z\" fill=\"black\" \/>\n                                <path d=\"M30.7303 19.9984L20.3628 9.63342C20.128 9.3987 19.9962 9.08036 19.9962 8.74842C19.9962 8.41648 20.128 8.09813 20.3628 7.86342C20.5975 7.6287 20.9158 7.49684 21.2478 7.49684C21.5797 7.49684 21.898 7.6287 22.1328 7.86342L33.3828 19.1134C33.4992 19.2295 33.5915 19.3675 33.6545 19.5193C33.7176 19.6712 33.75 19.834 33.75 19.9984C33.75 20.1628 33.7176 20.3256 33.6545 20.4775C33.5915 20.6294 33.4992 20.7673 33.3828 20.8834L22.1328 32.1334C21.8981 32.3681 21.5797 32.5 21.2478 32.5C20.9158 32.5 20.5975 32.3681 20.3628 32.1334C20.1281 31.8987 19.9962 31.5804 19.9962 31.2484C19.9962 30.9165 20.1281 30.5981 20.3628 30.3634L30.7303 19.9984Z\" fill=\"black\" \/>\n                            <\/svg>\n                        <\/div>\n                        <a href=\"https:\/\/thailandesim.com\/de\/esim\/dtac\/\"><\/a>\n                    <\/div>\n                <\/div>\n                                                            <div class=\"column-item\">\n                    <div class=\"vnb-cta-show-product-item\">\n                        <div class=\"product-info\">\n                            <div class=\"product-transition\">\n                                                                <img decoding=\"async\" src=\"https:\/\/thailandesim.com\/vnb-data\/media\/flag\/th.png\" alt=\"TRUE eSIM \u2013 unbegrenztes 5G &amp; Telefonnummer\">\n                            <\/div>\n                            <div class=\"product-caption\">\n                                <div class=\"country\">TRUE eSIM \u2013 unbegrenztes 5G & Telefonnummer<\/div>\n                                <div class=\"from-price\">\n                                    <span class=\"title-price\" style=\"text-transform: capitalize;\">\n                                                                            <\/span>\n                                    <span class=\"text-price\">\n                                        &#36;8.90                                    <\/span>\n                                <\/div>\n                            <\/div>\n                        <\/div>\n                        <div class=\"icon\">\n                            <svg width=\"40\" height=\"40\" viewBox=\"0 0 40 40\" fill=\"none\" xmlns=\"http:\/\/www.w3.org\/2000\/svg\">\n                                <path d=\"M31.25 21.25L6.25 21.25C5.91848 21.25 5.60054 21.1183 5.36612 20.8839C5.1317 20.6495 5 20.3315 5 20C5 19.6685 5.1317 19.3505 5.36612 19.1161C5.60054 18.8817 5.91848 18.75 6.25 18.75L31.25 18.75C31.5815 18.75 31.8995 18.8817 32.1339 19.1161C32.3683 19.3505 32.5 19.6685 32.5 20C32.5 20.3315 32.3683 20.6495 32.1339 20.8839C31.8995 21.1183 31.5815 21.25 31.25 21.25Z\" fill=\"black\" \/>\n                                <path d=\"M30.7303 19.9984L20.3628 9.63342C20.128 9.3987 19.9962 9.08036 19.9962 8.74842C19.9962 8.41648 20.128 8.09813 20.3628 7.86342C20.5975 7.6287 20.9158 7.49684 21.2478 7.49684C21.5797 7.49684 21.898 7.6287 22.1328 7.86342L33.3828 19.1134C33.4992 19.2295 33.5915 19.3675 33.6545 19.5193C33.7176 19.6712 33.75 19.834 33.75 19.9984C33.75 20.1628 33.7176 20.3256 33.6545 20.4775C33.5915 20.6294 33.4992 20.7673 33.3828 20.8834L22.1328 32.1334C21.8981 32.3681 21.5797 32.5 21.2478 32.5C20.9158 32.5 20.5975 32.3681 20.3628 32.1334C20.1281 31.8987 19.9962 31.5804 19.9962 31.2484C19.9962 30.9165 20.1281 30.5981 20.3628 30.3634L30.7303 19.9984Z\" fill=\"black\" \/>\n                            <\/svg>\n                        <\/div>\n                        <a href=\"https:\/\/thailandesim.com\/de\/esim\/true\/\"><\/a>\n                    <\/div>\n                <\/div>\n                        <\/div>\n\n<\/div><\/div>\n\n\n<h3 class=\"wp-block-heading\" id=\"2-kaufen-sie-eine-lokale-sim-karte\">2. Kaufen Sie eine lokale SIM-Karte<\/h3>\n\n\n\n<p>Erw\u00e4gen Sie den Kauf einer thail\u00e4ndischen SIM-Karte, um weiterhin mit Ihrer Familie oder Freunden in Ihrem Heimatland in Kontakt zu bleiben. An verschiedenen Orten, wie zum Beispiel an St\u00e4nden von Mobilfunkanbietern oder in Convenience-Stores, werden Touristen-SIM-Karten angeboten, die Besucher problemlos erwerben k\u00f6nnen.<\/p>\n\n\n\n<p><em>Weiterlesen: <\/em><a href=\"https:\/\/thailandesim.com\/de\/sim-cards\/\" data-type=\"link\" data-id=\"https:\/\/thailandesim.com\/de\/sim-cards\/\"><em>Leitfaden zu SIM-Karten in Thailand f\u00fcr Touristen<\/em><\/a><\/p>\n\n\n\n<h3 class=\"wp-block-heading\" id=\"3-wlan-telefonie-aktivieren\">3. WLAN-Telefonie aktivieren<\/h3>\n\n\n\n<p>Wenn Ihr Ger\u00e4t und Ihr Mobilfunkanbieter WLAN-Telefonie unterst\u00fctzen, k\u00f6nnen Sie \u00fcber die bestehenden WLAN-Netzwerke in Thailand wie gewohnt telefonieren und Anrufe empfangen, jedoch ohne Roaming-Geb\u00fchren. Nutzen Sie soziale Plattformen wie WhatsApp oder Viber, um mit Ihrer Familie und Ihren Freunden in Verbindung zu bleiben.<\/p>\n\n\n\n<p><em>Erfahren Sie<\/em><a href=\"https:\/\/thailandesim.com\/de\/use-cell-phone\/\" data-type=\"link\" data-id=\"https:\/\/thailandesim.com\/de\/use-cell-phone\/\"><em>, wie Sie Ihr Mobiltelefon in Thailand nutzen k\u00f6nnen<\/em><\/a><em>!<\/em><\/p>\n\n\n\n<h2 class=\"wp-block-heading\" id=\"iv-haufig-gestellte-fragen\">IV. H\u00e4ufig gestellte Fragen<\/h2>\n\n\n<div id=\"rank-math-faq\" class=\"rank-math-block\">\n<div class=\"rank-math-list \">\n<div id=\"faq-question-1716978588859\" class=\"rank-math-list-item\">\n<h3 class=\"rank-math-question \"><strong><strong>Funktioniert mein Handy in Thailand?<\/strong><\/strong><\/h3>\n<div class=\"rank-math-answer \">\n\n<p>In Thailand werden GSM-Netze genutzt, die mit den meisten internationalen Handys kompatibel sind. \u00dcberpr\u00fcfen Sie, ob Ihr Handy die Frequenzb\u00e4nder 850\/900\/1800\/2100 MHz unterst\u00fctzt.<\/p>\n\n<\/div>\n<\/div>\n<div id=\"faq-question-1716978594007\" class=\"rank-math-list-item\">\n<h3 class=\"rank-math-question \"><strong><strong>Wie kann ich mein Roaming-Guthaben \u00fcberpr\u00fcfen?<\/strong><\/strong><\/h3>\n<div class=\"rank-math-answer \">\n\n<p>Nutzen Sie die App Ihres Mobilfunkanbieters oder besuchen Sie dessen Website, um Ihr Guthaben zu \u00fcberpr\u00fcfen und das Roaming bei Bedarf zu deaktivieren.<\/p>\n\n<\/div>\n<\/div>\n<div id=\"faq-question-1716978601057\" class=\"rank-math-list-item\">\n<h3 class=\"rank-math-question \"><strong><strong>Gibt es eine M\u00f6glichkeit, in Verbindung zu bleiben, ohne Roaming zu nutzen?<\/strong><\/strong><\/h3>\n<div class=\"rank-math-answer \">\n\n<p>Erw\u00e4gen Sie einen eSIM-Tarif bei einem beliebten eSIM-Anbieter wie thailandesim.com, um weiterhin Momente mit Ihrer Familie oder Ihren Freunden zu teilen. Die Nutzung von \u00f6ffentlichem WLAN oder der Kauf einer lokalen SIM-Karte sind ebenfalls Alternativen.<\/p>\n\n<\/div>\n<\/div>\n<\/div>\n<\/div>\n\n\n<h2 class=\"wp-block-heading\" id=\"v-fazit\">V. Fazit<\/h2>\n\n\n\n<p>Der Umgang mit Datenroaming in Thailand kann eine Herausforderung sein, aber mit der richtigen Vorbereitung und den richtigen Strategien, indem Sie sich \u00fcber die Tarife Ihres Mobilfunkanbieters informieren und Optionen wie eSIMs, lokale SIM-Karten und WLAN-Telefonie in Betracht ziehen, k\u00f6nnen Sie Ihre Reise nach Thailand genie\u00dfen und gleichzeitig die Auswirkungen der Roaming-Kosten auf Ihr Budget minimieren.<\/p>\n\n\n\n<p>Mit etwas Vorbereitung in Bezug auf Roaming-Kosten und Netzregeln bleiben Sie in Verbindung, ohne b\u00f6se \u00dcberraschungen auf Ihrer Rechnung zu erleben. Viel Spa\u00df beim Erkunden Thailands! Lassen Sie mich wissen, falls weitere Fragen auftauchen.<\/p>\n","protected":false},"excerpt":{"rendered":"<p>Die Kontrolle Ihrer Mobilfunkkosten ist unerl\u00e4sslich, damit Sie Ihre Reise ins Ausland in vollen Z\u00fcgen genie\u00dfen k\u00f6nnen. Wenn Sie das atemberaubende Thailand besuchen, ist es wichtig, sich mit dem lokalen Roaming in Thailand vertraut zu machen. Dieser Leitfaden befasst sich eingehend mit den Einzelheiten des Roamings in Thailand, vergleicht die Tarife der Mobilfunkanbieter mit anderen [&#8230;]\n","protected":false},"author":6,"featured_media":0,"parent":0,"menu_order":0,"comment_status":"closed","ping_status":"closed","template":"page-right-sidebar.php","meta":{"_acf_changed":false,"inline_featured_image":false,"footnotes":""},"acf":[],"_links":{"self":[{"href":"https:\/\/thailandesim.com\/de\/wp-json\/wp\/v2\/pages\/1260"}],"collection":[{"href":"https:\/\/thailandesim.com\/de\/wp-json\/wp\/v2\/pages"}],"about":[{"href":"https:\/\/thailandesim.com\/de\/wp-json\/wp\/v2\/types\/page"}],"author":[{"embeddable":true,"href":"https:\/\/thailandesim.com\/de\/wp-json\/wp\/v2\/users\/6"}],"replies":[{"embeddable":true,"href":"https:\/\/thailandesim.com\/de\/wp-json\/wp\/v2\/comments?post=1260"}],"version-history":[{"count":3,"href":"https:\/\/thailandesim.com\/de\/wp-json\/wp\/v2\/pages\/1260\/revisions"}],"predecessor-version":[{"id":1305,"href":"https:\/\/thailandesim.com\/de\/wp-json\/wp\/v2\/pages\/1260\/revisions\/1305"}],"wp:attachment":[{"href":"https:\/\/thailandesim.com\/de\/wp-json\/wp\/v2\/media?parent=1260"}],"curies":[{"name":"wp","href":"https:\/\/api.w.org\/{rel}","templated":true}]}}