{"id":1257,"date":"2024-06-04T03:02:52","date_gmt":"2024-06-04T03:02:52","guid":{"rendered":"https:\/\/thailandesim.com\/?page_id=20596"},"modified":"2026-03-25T08:14:36","modified_gmt":"2026-03-25T08:14:36","slug":"use-cell-phone","status":"publish","type":"page","link":"https:\/\/thailandesim.com\/de\/use-cell-phone\/","title":{"rendered":"Die Nutzung eines Mobiltelefons in Thailand \u2013 Wie geht das?"},"content":{"rendered":"\n<p>Sind Sie unsicher, wie Sie in Thailand in Verbindung bleiben k\u00f6nnen? Lassen Sie sich Ihre Reise nicht durch Roaming-Geb\u00fchren verderben! Dieser Leitfaden befasst sich mit den technischen Problemen, mit denen Reisende in Thailand konfrontiert sind, und vergleicht die besten M\u00f6glichkeiten, um in diesem Land in Verbindung zu bleiben \u2013 so k\u00f6nnen Besucher die optimale L\u00f6sung f\u00fcr ihre bevorstehende Thailandreise finden!<\/p>\n\n\n\n<figure class=\"wp-block-image size-large\"><img decoding=\"async\" src=\"https:\/\/thailandesim.com\/wp-content\/uploads\/2024\/06\/Using-A-Cell-Phone-in-Thailand-1024x683.jpg\" alt=\"Using a Cell Phone in Thailand\" class=\"wp-image-20602\"\/><figcaption class=\"wp-element-caption\">Die Nutzung von Mobiltelefonen in Thailand<\/figcaption><\/figure>\n\n\n\n<h2 class=\"wp-block-heading\">I. Kann ich mein Handy in Thailand nutzen?<\/h2>\n\n\n\n<p>Ja, du kannst dein Handy in Thailand nutzen, aber hier sind einige Dinge zu beachten:<\/p>\n\n\n\n<ul>\n<li><strong>Entsperrtes Handy:<\/strong> Stelle sicher, dass dein Handy entsperrt ist, da manche Modelle m\u00f6glicherweise nicht weltweit aktiviert werden k\u00f6nnen.<\/li>\n\n\n\n<li><strong>Frequenzb\u00e4nder:<\/strong> Du musst \u00fcberpr\u00fcfen, ob die Netzwerkfrequenzb\u00e4nder deines Handys mit den in Thailand verwendeten Frequenzen kompatibel sind.<\/li>\n\n\n\n<li><strong>Roaming:<\/strong> Ihr Mobilfunkanbieter in Ihrem Heimatland bietet m\u00f6glicherweise einen Roaming-Dienst in Thailand an, jedoch k\u00f6nnen Roaming-Geb\u00fchren zu extrem hohen Kosten f\u00fchren, wenn Sie nicht wissen, wie Sie Ihren Datenverbrauch verwalten.<\/li>\n\n\n\n<li><strong>Lokale SIM-Karte:<\/strong> Erw\u00e4gen Sie den Kauf einer SIM-Karte, um in Thailand in Verbindung zu bleiben, da Roaming-Dienste f\u00fcr Besucher m\u00f6glicherweise keine kosteng\u00fcnstige Wahl sind. Sie k\u00f6nnen eine lokale SIM-Karte von vielen thail\u00e4ndischen Netzbetreibern wie dtac oder AIS w\u00e4hlen.<\/li>\n<\/ul>\n\n\n\n<p><a href=\"https:\/\/thailandesim.com\/de\/mobile-operators\/dtac\/\" data-type=\"link\" data-id=\"https:\/\/thailandesim.com\/de\/mobile-operators\/dtac\/\"><em>Erfahren Sie mehr \u00fcber dtac-SIM-Karten!<\/em><\/a><\/p>\n\n\n\n<figure class=\"wp-block-image size-large is-resized\"><img decoding=\"async\" src=\"https:\/\/thailandesim.com\/wp-content\/uploads\/2024\/06\/Frequencies-supported-in-Thailand-1024x544.jpg\" alt=\"Frequencies supported in Thailand\" class=\"wp-image-20601\" style=\"width:840px;height:auto\"\/><figcaption class=\"wp-element-caption\">In Thailand unterst\u00fctzte Frequenzen<\/figcaption><\/figure>\n\n\n\n<p><em>Source: <a href=\"https:\/\/www.kimovil.com\/en\/frequency-checker\/TH\" target=\"_blank\" rel=\"noopener\">Kimovil<\/a><\/em><\/p>\n\n\n\n<h2 class=\"wp-block-heading\">II. So bleibst du in Thailand mit deinem Handy verbunden<\/h2>\n\n\n\n<p>Hier findest du eine Tabelle, in der die besten Optionen f\u00fcr eine Internetverbindung in Thailand verglichen werden: kostenloses WLAN, Pocket-WLAN, lokale SIM-Karte, Roaming und eSIM.<\/p>\n\n\n\n<figure class=\"wp-block-table\"><table><thead><tr><td><strong>Verbindungsoption<\/strong><\/td><td><strong>Vorteile (Pros)<\/strong><\/td><td><strong>Nachteile (Cons)<\/strong><\/td><td><strong>Preisspanne<\/strong><\/td><\/tr><\/thead><tbody><tr><td><strong>Kostenloses lokales WLAN<\/strong><\/td><td>Bequem, Kostenlos<\/td><td>Unzuverl\u00e4ssige Geschwindigkeiten; Begrenzte Verf\u00fcgbarkeit; Sicherheitsrisiken<\/td><td>&#8211;<\/td><\/tr><tr><td><strong>Roaming<\/strong><\/td><td>Bekannte Nummer und bekanntes Ger\u00e4t<\/td><td>Sehr teuer pro MB Daten; Schlechte Leistung in fremden Netzen<\/td><td>5\u201315 $ \/ GB Daten<\/td><\/tr><tr><td><strong>Lokale SIM-Karte<\/strong><\/td><td>G\u00fcnstige Anrufe\/Daten; Hohe Geschwindigkeiten; Einfacher Zugang<\/td><td>Erfordert den Kauf einer physischen SIM-Karte<\/td><td>~6 $f\u00fcr das Starter-Paket; 3\u201330$ f\u00fcr Datenpakete<\/td><\/tr><tr><td><strong>eSIM<\/strong><\/td><td>Bequeme Aktivierung; Fernumschaltung c\u1ee7a Profils<\/td><td>Begrenzte Ger\u00e4te-\/Betreiberkompatibilit\u00e4t; Anschaffungskosten t\u01b0\u01a1ng \u0111\u01b0\u01a1ng physischer SIM<\/td><td>5\u201310 $ f\u00fcr Aktivierung; Tarife wie bei lokaler SIM<\/td><\/tr><\/tbody><\/table><\/figure>\n\n\n\n<p><em><em>(Diese Preise k\u00f6nnen sich jederzeit \u00e4ndern)<\/em><\/em><\/p>\n\n\n\n<p><strong>Einige wichtige Punkte<\/strong><\/p>\n\n\n\n<p>Der Kauf einer lokalen SIM-Karte w\u00e4hrend einer Reise in Thailand ist f\u00fcr Besucher in der Regel die beste Option. Hier sind die Gr\u00fcnde daf\u00fcr:<\/p>\n\n\n\n<ul>\n<li>Kosteneffizienz: Lokale SIM-Karten bieten in der Regel die g\u00fcnstigsten Tarife f\u00fcr Daten, Anrufe und SMS im Vergleich zu Roaming- oder Auslandsgeb\u00fchren.<\/li>\n\n\n\n<li>Flexibilit\u00e4t: Der gr\u00f6\u00dfte Vorteil einer lokalen SIM-Karte besteht darin, dass Besucher zu einem g\u00fcnstigen Preis frei zwischen Tarifen w\u00e4hlen k\u00f6nnen, die ihren Bed\u00fcrfnissen entsprechen.<\/li>\n<\/ul>\n\n\n\n<p><em>Weiterlesen: <\/em><a href=\"https:\/\/thailandesim.com\/de\/sim-cards\/\" data-type=\"link\" data-id=\"https:\/\/thailandesim.com\/de\/sim-cards\/\"><em>Leitfaden zu SIM-Karten in Thailand f\u00fcr Touristen<\/em><\/a><\/p>\n\n\n\n<p>Touristen sollten nicht nur physische SIM-Karten von lokalen Mobilfunkanbietern in Thailand nutzen, sondern auch den Kauf eines eSIM-Tarifs in Betracht ziehen, um Komfort zu genie\u00dfen und Mobilfunkkosten zu senken.<\/p>\n\n\n\n<p>In Thailand gibt es viele seri\u00f6se eSIM-Anbieter, von denen <strong>thailandesim.com<\/strong> mehrere gute Bewertungen hat und bei Touristen beliebt ist. Hier sind die Gr\u00fcnde, warum sich thailandesim.com von anderen abhebt:<\/p>\n\n\n\n<ul>\n<li><strong>Vielfalt &amp; Flexibilit\u00e4t:<\/strong> W\u00e4hlen Sie aus einer gro\u00dfen Auswahl an Datentarifen, die Ihren Bed\u00fcrfnissen (Reisen, Arbeiten) am besten entsprechen<\/li>\n\n\n\n<li><strong>Netzabdeckung mehrerer Anbieter:<\/strong> Sie k\u00fcmmern sich um die technischen Aspekte durch die Zusammenarbeit mit gro\u00dfen thail\u00e4ndischen Mobilfunkanbietern, sodass Besucher w\u00e4hrend ihrer Reise eine schnelle und zuverl\u00e4ssige Verbindung erhalten.<\/li>\n\n\n\n<li><strong>Erstklassiger Kundenservice:<\/strong> Sie bieten einen 24\/7-Kundensupport, sodass Sie bei Bedarf Hilfe erhalten.<\/li>\n\n\n\n<li><strong>Erschwinglicher Preis:<\/strong> Ihre eSIMs sind preisg\u00fcnstig, was Besuchern hilft, Geld zu sparen.<\/li>\n<\/ul>\n\n\n\n<p><strong>Finden Sie unten die beste Option f\u00fcr Ihre Reise:<\/strong><\/p>\n\n\n<div class=\"lazyblock-cta-show-product-Z2rHun4 wp-block-lazyblock-cta-show-product\"><div class=\"cta-show-products mb-6\">\n    <div class=\"row vnb-esim-rows\" data-elementor-columns=\"1\" data-elementor-columns-tablet=\"2\" data-elementor-columns-mobile=\"1\">\n                                                <div class=\"column-item\">\n                    <div class=\"vnb-cta-show-product-item\">\n                        <div class=\"product-info\">\n                            <div class=\"product-transition\">\n                                                                <img decoding=\"async\" src=\"https:\/\/thailandesim.com\/vnb-data\/media\/flag\/th.png\" alt=\"Thailand eSIM mit unbegrenztem 5G-Datenvolumen und Telefonnummer\">\n                            <\/div>\n                            <div class=\"product-caption\">\n                                <div class=\"country\">Thailand eSIM mit unbegrenztem 5G-Datenvolumen und Telefonnummer<\/div>\n                                <div class=\"from-price\">\n                                    <span class=\"title-price\" style=\"text-transform: capitalize;\">\n                                                                            <\/span>\n                                    <span class=\"text-price\">\n                                        &#36;15.90                                    <\/span>\n                                <\/div>\n                            <\/div>\n                        <\/div>\n                        <div class=\"icon\">\n                            <svg width=\"40\" height=\"40\" viewBox=\"0 0 40 40\" fill=\"none\" xmlns=\"http:\/\/www.w3.org\/2000\/svg\">\n                                <path d=\"M31.25 21.25L6.25 21.25C5.91848 21.25 5.60054 21.1183 5.36612 20.8839C5.1317 20.6495 5 20.3315 5 20C5 19.6685 5.1317 19.3505 5.36612 19.1161C5.60054 18.8817 5.91848 18.75 6.25 18.75L31.25 18.75C31.5815 18.75 31.8995 18.8817 32.1339 19.1161C32.3683 19.3505 32.5 19.6685 32.5 20C32.5 20.3315 32.3683 20.6495 32.1339 20.8839C31.8995 21.1183 31.5815 21.25 31.25 21.25Z\" fill=\"black\" \/>\n                                <path d=\"M30.7303 19.9984L20.3628 9.63342C20.128 9.3987 19.9962 9.08036 19.9962 8.74842C19.9962 8.41648 20.128 8.09813 20.3628 7.86342C20.5975 7.6287 20.9158 7.49684 21.2478 7.49684C21.5797 7.49684 21.898 7.6287 22.1328 7.86342L33.3828 19.1134C33.4992 19.2295 33.5915 19.3675 33.6545 19.5193C33.7176 19.6712 33.75 19.834 33.75 19.9984C33.75 20.1628 33.7176 20.3256 33.6545 20.4775C33.5915 20.6294 33.4992 20.7673 33.3828 20.8834L22.1328 32.1334C21.8981 32.3681 21.5797 32.5 21.2478 32.5C20.9158 32.5 20.5975 32.3681 20.3628 32.1334C20.1281 31.8987 19.9962 31.5804 19.9962 31.2484C19.9962 30.9165 20.1281 30.5981 20.3628 30.3634L30.7303 19.9984Z\" fill=\"black\" \/>\n                            <\/svg>\n                        <\/div>\n                        <a href=\"https:\/\/thailandesim.com\/de\/esim\/unlimited-data\/\"><\/a>\n                    <\/div>\n                <\/div>\n                                                            <div class=\"column-item\">\n                    <div class=\"vnb-cta-show-product-item\">\n                        <div class=\"product-info\">\n                            <div class=\"product-transition\">\n                                                                <img decoding=\"async\" src=\"https:\/\/thailandesim.com\/vnb-data\/media\/flag\/th.png\" alt=\"Thailand eSIM mit festem Datenvolumen \u2013 verschiedene Optionen\">\n                            <\/div>\n                            <div class=\"product-caption\">\n                                <div class=\"country\">Thailand eSIM mit festem Datenvolumen \u2013 verschiedene Optionen<\/div>\n                                <div class=\"from-price\">\n                                    <span class=\"title-price\" style=\"text-transform: capitalize;\">\n                                                                            <\/span>\n                                    <span class=\"text-price\">\n                                        &#36;2.90                                    <\/span>\n                                <\/div>\n                            <\/div>\n                        <\/div>\n                        <div class=\"icon\">\n                            <svg width=\"40\" height=\"40\" viewBox=\"0 0 40 40\" fill=\"none\" xmlns=\"http:\/\/www.w3.org\/2000\/svg\">\n                                <path d=\"M31.25 21.25L6.25 21.25C5.91848 21.25 5.60054 21.1183 5.36612 20.8839C5.1317 20.6495 5 20.3315 5 20C5 19.6685 5.1317 19.3505 5.36612 19.1161C5.60054 18.8817 5.91848 18.75 6.25 18.75L31.25 18.75C31.5815 18.75 31.8995 18.8817 32.1339 19.1161C32.3683 19.3505 32.5 19.6685 32.5 20C32.5 20.3315 32.3683 20.6495 32.1339 20.8839C31.8995 21.1183 31.5815 21.25 31.25 21.25Z\" fill=\"black\" \/>\n                                <path d=\"M30.7303 19.9984L20.3628 9.63342C20.128 9.3987 19.9962 9.08036 19.9962 8.74842C19.9962 8.41648 20.128 8.09813 20.3628 7.86342C20.5975 7.6287 20.9158 7.49684 21.2478 7.49684C21.5797 7.49684 21.898 7.6287 22.1328 7.86342L33.3828 19.1134C33.4992 19.2295 33.5915 19.3675 33.6545 19.5193C33.7176 19.6712 33.75 19.834 33.75 19.9984C33.75 20.1628 33.7176 20.3256 33.6545 20.4775C33.5915 20.6294 33.4992 20.7673 33.3828 20.8834L22.1328 32.1334C21.8981 32.3681 21.5797 32.5 21.2478 32.5C20.9158 32.5 20.5975 32.3681 20.3628 32.1334C20.1281 31.8987 19.9962 31.5804 19.9962 31.2484C19.9962 30.9165 20.1281 30.5981 20.3628 30.3634L30.7303 19.9984Z\" fill=\"black\" \/>\n                            <\/svg>\n                        <\/div>\n                        <a href=\"https:\/\/thailandesim.com\/de\/esim\/fixed-data\/\"><\/a>\n                    <\/div>\n                <\/div>\n                                                            <div class=\"column-item\">\n                    <div class=\"vnb-cta-show-product-item\">\n                        <div class=\"product-info\">\n                            <div class=\"product-transition\">\n                                                                <img decoding=\"async\" src=\"https:\/\/thailandesim.com\/vnb-data\/media\/flag\/th.png\" alt=\"Thailand eSIM f\u00fcr 1 Tag \u2013 Ideal f\u00fcr den Transit\">\n                            <\/div>\n                            <div class=\"product-caption\">\n                                <div class=\"country\">Thailand eSIM f\u00fcr 1 Tag \u2013 Ideal f\u00fcr den Transit<\/div>\n                                <div class=\"from-price\">\n                                    <span class=\"title-price\" style=\"text-transform: capitalize;\">\n                                                                            <\/span>\n                                    <span class=\"text-price\">\n                                        &#36;1.50                                    <\/span>\n                                <\/div>\n                            <\/div>\n                        <\/div>\n                        <div class=\"icon\">\n                            <svg width=\"40\" height=\"40\" viewBox=\"0 0 40 40\" fill=\"none\" xmlns=\"http:\/\/www.w3.org\/2000\/svg\">\n                                <path d=\"M31.25 21.25L6.25 21.25C5.91848 21.25 5.60054 21.1183 5.36612 20.8839C5.1317 20.6495 5 20.3315 5 20C5 19.6685 5.1317 19.3505 5.36612 19.1161C5.60054 18.8817 5.91848 18.75 6.25 18.75L31.25 18.75C31.5815 18.75 31.8995 18.8817 32.1339 19.1161C32.3683 19.3505 32.5 19.6685 32.5 20C32.5 20.3315 32.3683 20.6495 32.1339 20.8839C31.8995 21.1183 31.5815 21.25 31.25 21.25Z\" fill=\"black\" \/>\n                                <path d=\"M30.7303 19.9984L20.3628 9.63342C20.128 9.3987 19.9962 9.08036 19.9962 8.74842C19.9962 8.41648 20.128 8.09813 20.3628 7.86342C20.5975 7.6287 20.9158 7.49684 21.2478 7.49684C21.5797 7.49684 21.898 7.6287 22.1328 7.86342L33.3828 19.1134C33.4992 19.2295 33.5915 19.3675 33.6545 19.5193C33.7176 19.6712 33.75 19.834 33.75 19.9984C33.75 20.1628 33.7176 20.3256 33.6545 20.4775C33.5915 20.6294 33.4992 20.7673 33.3828 20.8834L22.1328 32.1334C21.8981 32.3681 21.5797 32.5 21.2478 32.5C20.9158 32.5 20.5975 32.3681 20.3628 32.1334C20.1281 31.8987 19.9962 31.5804 19.9962 31.2484C19.9962 30.9165 20.1281 30.5981 20.3628 30.3634L30.7303 19.9984Z\" fill=\"black\" \/>\n                            <\/svg>\n                        <\/div>\n                        <a href=\"https:\/\/thailandesim.com\/de\/esim\/thailand-1-day\/\"><\/a>\n                    <\/div>\n                <\/div>\n                        <\/div>\n\n<\/div><\/div>\n\n\n<h2 class=\"wp-block-heading\">III. So nutzen Sie Ihr Handy auf Reisen optimal<\/h2>\n\n\n\n<p>Hier sind einige Tipps f\u00fcr Reisende, die in Thailand ihr Handy nutzen:<\/p>\n\n\n\n<ul>\n<li>Mobilfunkdaten ausschalten: Legen Sie auf Ihrem Ger\u00e4t ein Datenlimit fest und nutzen Sie ausschlie\u00dflich kostenlose WLAN-Verbindungen, um unerwartete Kosten zu vermeiden.<\/li>\n\n\n\n<li>Kostenloses WLAN optimal nutzen: Besucher k\u00f6nnen das kostenlose WLAN in Hotels, Caf\u00e9s und \u00f6ffentlichen R\u00e4umen nutzen \u2013 eine clevere M\u00f6glichkeit, den Datenverbrauch niedrig zu halten.<\/li>\n\n\n\n<li>Apps statt Datentarife nutzen: Kommunizieren Sie \u00fcber Apps wie WhatsApp oder Viber, um nicht vollst\u00e4ndig von Mobilfunktarifen abh\u00e4ngig zu sein.<\/li>\n\n\n\n<li>Kompatibilit\u00e4t des Ladeger\u00e4ts: Vergewissern Sie sich, dass Ihr Handy-Ladeger\u00e4t \u00fcber einen f\u00fcr Thailand geeigneten Stecker (Typ C oder E) verf\u00fcgt und dass Sie es griffbereit haben, damit Sie Ihr Ger\u00e4t aufladen k\u00f6nnen.<\/li>\n<\/ul>\n\n\n\n<p>Wenn Sie diese Grundprinzipien befolgen, k\u00f6nnen Sie die Nutzung von Mobiltelefonen in Thailand auf ein reines Hilfsmittel reduzieren, das Ihr Reiseerlebnis bereichert, w\u00e4hrend Sie jederzeit verbunden, informiert und f\u00fcr eventuelle Notf\u00e4lle abgesichert sind.<\/p>\n\n\n\n<h2 class=\"wp-block-heading\">IV. FAQs<\/h2>\n\n\n<div id=\"rank-math-faq\" class=\"rank-math-block\">\n<div class=\"rank-math-list \">\n<div id=\"faq-question-1717469249225\" class=\"rank-math-list-item\">\n<h3 class=\"rank-math-question \"><strong><strong>Welche Mobilfunknetze gibt es?<\/strong><\/strong><\/h3>\n<div class=\"rank-math-answer \">\n\n<p>Die wichtigsten Anbieter sind TrueMove, AIS und DTAC, die landesweit eine umfassende Netzabdeckung bieten.<\/p>\n\n<\/div>\n<\/div>\n<div id=\"faq-question-1717469254550\" class=\"rank-math-list-item\">\n<h3 class=\"rank-math-question \"><strong><strong>Welche Mobilfunktechnologien werden verwendet?<\/strong><\/strong><\/h3>\n<div class=\"rank-math-answer \">\n\n<p>In Thailand werden 3G- und 4G-Netze genutzt. In den gr\u00f6\u00dferen St\u00e4dten wird derzeit 5G eingef\u00fchrt. Informieren Sie sich \u00fcber die Netzabdeckungskarten.<\/p>\n\n<\/div>\n<\/div>\n<div id=\"faq-question-1717469264598\" class=\"rank-math-list-item\">\n<h3 class=\"rank-math-question \"><strong><strong>Kann ich mein Handy aus meiner Heimat in Thailand nutzen?<\/strong><\/strong><\/h3>\n<div class=\"rank-math-answer \">\n\n<p>Sie k\u00f6nnen es im internationalen Roaming nutzen, allerdings fallen dabei sehr hohe Geb\u00fchren an. Es ist besser, eine lokale Prepaid-SIM-Karte zu besorgen.<\/p>\n\n<\/div>\n<\/div>\n<div id=\"faq-question-1717469269309\" class=\"rank-math-list-item\">\n<h3 class=\"rank-math-question \"><strong><strong>Wie bekomme ich eine lokale Prepaid-SIM-Karte?<\/strong><\/strong><\/h3>\n<div class=\"rank-math-answer \">\n\n<p>Sie k\u00f6nnen SIM-Karten an Flugh\u00e4fen, in Convenience-Stores und in den Gesch\u00e4ften der Anbieter kaufen. Legen Sie Ihren Reisepass zur Registrierung vor.<\/p>\n\n<\/div>\n<\/div>\n<div id=\"faq-question-1717469276616\" class=\"rank-math-list-item\">\n<h3 class=\"rank-math-question \"><strong><strong>Wie \u00fcberpr\u00fcfe ich mein Gespr\u00e4chs- und Datenvolumen?<\/strong><\/strong><\/h3>\n<div class=\"rank-math-answer \">\n\n<p>W\u00e4hlen Sie *121# f\u00fcr AIS, *101# f\u00fcr DTAC und *111# f\u00fcr TRUE. Es gibt auch Apps und Websites, auf denen Sie Ihr aktuelles Guthaben \u00fcberpr\u00fcfen k\u00f6nnen.<\/p>\n\n<\/div>\n<\/div>\n<\/div>\n<\/div>\n\n\n<h2 class=\"wp-block-heading\">V. Wie kann ich mein Handy in Thailand am effizientesten verbinden?<\/h2>\n\n\n\n<p>Meistern Sie die Netzabdeckung in Thailand! Verabschieden Sie sich vom Stress durch Roaming-Geb\u00fchren und unzuverl\u00e4ssiges WLAN. Lokale SIM-Karten oder eSIMs sind Ihre budgetfreundlichen Verb\u00fcndeten und bieten Flexibilit\u00e4t und Komfort. Stellen Sie sicher, dass Ihr Handy entsperrt und netzwerkkompatibel ist \u2013 dann k\u00f6nnen Sie ganz entspannt auf Entdeckungstour gehen! Thailandesim.com bietet eine Vielzahl an lokalen SIM-Kartenoptionen. Bleiben Sie in Verbindung und entdecken Sie mehr \u2013 Thailand erwartet Sie!<\/p>\n","protected":false},"excerpt":{"rendered":"<p>Sind Sie unsicher, wie Sie in Thailand in Verbindung bleiben k\u00f6nnen? Lassen Sie sich Ihre Reise nicht durch Roaming-Geb\u00fchren verderben! Dieser Leitfaden befasst sich mit den technischen Problemen, mit denen Reisende in Thailand konfrontiert sind, und vergleicht die besten M\u00f6glichkeiten, um in diesem Land in Verbindung zu bleiben \u2013 so k\u00f6nnen Besucher die optimale L\u00f6sung [&#8230;]\n","protected":false},"author":6,"featured_media":1259,"parent":0,"menu_order":0,"comment_status":"closed","ping_status":"closed","template":"page-right-sidebar.php","meta":{"_acf_changed":false,"inline_featured_image":false,"footnotes":""},"acf":[],"_links":{"self":[{"href":"https:\/\/thailandesim.com\/de\/wp-json\/wp\/v2\/pages\/1257"}],"collection":[{"href":"https:\/\/thailandesim.com\/de\/wp-json\/wp\/v2\/pages"}],"about":[{"href":"https:\/\/thailandesim.com\/de\/wp-json\/wp\/v2\/types\/page"}],"author":[{"embeddable":true,"href":"https:\/\/thailandesim.com\/de\/wp-json\/wp\/v2\/users\/6"}],"replies":[{"embeddable":true,"href":"https:\/\/thailandesim.com\/de\/wp-json\/wp\/v2\/comments?post=1257"}],"version-history":[{"count":2,"href":"https:\/\/thailandesim.com\/de\/wp-json\/wp\/v2\/pages\/1257\/revisions"}],"predecessor-version":[{"id":1313,"href":"https:\/\/thailandesim.com\/de\/wp-json\/wp\/v2\/pages\/1257\/revisions\/1313"}],"wp:featuredmedia":[{"embeddable":true,"href":"https:\/\/thailandesim.com\/de\/wp-json\/wp\/v2\/media\/1259"}],"wp:attachment":[{"href":"https:\/\/thailandesim.com\/de\/wp-json\/wp\/v2\/media?parent=1257"}],"curies":[{"name":"wp","href":"https:\/\/api.w.org\/{rel}","templated":true}]}}