{"id":1234,"date":"2025-06-04T11:47:20","date_gmt":"2025-06-04T11:47:20","guid":{"rendered":"https:\/\/thailandesim.com\/?page_id=35895"},"modified":"2026-03-24T10:47:49","modified_gmt":"2026-03-24T10:47:49","slug":"pattaya","status":"publish","type":"page","link":"https:\/\/thailandesim.com\/de\/sim-cards\/pattaya\/","title":{"rendered":"So kaufst du eine SIM-Karte in Pattaya: Tipps von Einheimischen"},"content":{"rendered":"\n<p>Planen Sie einen Besuch in Pattaya? Die Nutzung einer lokalen SIM-Karte ist eine der besten M\u00f6glichkeiten, um in Pattaya in Verbindung zu bleiben. In diesem Leitfaden geben wir Ihnen praktische Tipps, wie Sie eine SIM-Karte besorgen k\u00f6nnen, damit Ihre Reise reibungsloser und angenehmer verl\u00e4uft.<\/p>\n\n\n\n<figure class=\"wp-block-image size-large\"><img decoding=\"async\" src=\"https:\/\/thailandesim.com\/wp-content\/uploads\/2025\/06\/How-to-buy-a-SIM-Card-in-NYC-1024x683.jpg\" alt=\"How to buy a SIM Card in NYCHow to buy a SIM Card in NYC\" class=\"wp-image-35896\"\/><figcaption class=\"wp-element-caption\">So kaufen Sie eine SIM-Karte in NYC<\/figcaption><\/figure>\n\n\n\n<div class=\"wp-block-rank-math-toc-block\" id=\"rank-math-toc\"><h2>Table of Contents<\/h2><nav><div><div><a href=\"#i-sim-karten-in-pattaya-fur-touristen\">I. SIM-Karten in Pattaya f\u00fcr Touristen<\/a><\/div><div><a href=\"#ii-wo-kann-man-eine-thailandische-sim-karte-e-sim-fur-pattaya-kaufen\">II. Wo kann man eine thail\u00e4ndische SIM-Karte\/eSIM f\u00fcr Pattaya kaufen?<\/a><\/div><div><a href=\"#iii-pattaya-e-sim-fur-reisende-eine-clevere-alternative\">III. Pattaya eSIM f\u00fcr Reisende \u2013 eine clevere Alternative<\/a><\/div><div><a href=\"#iv-tipps-und-empfehlungen-zum-kauf-einer-sim-karte-in-pattaya\">IV. Tipps und Empfehlungen zum Kauf einer SIM-Karte in Pattaya<\/a><\/div><div><a href=\"#v-fa-qs\">V. FAQs<\/a><\/div><div><a href=\"#vi-fazit\">VI. Fazit<\/a><\/div><\/div><\/nav><\/div>\n\n\n\n<h2 class=\"wp-block-heading\" id=\"i-sim-karten-in-pattaya-fur-touristen\">I. SIM-Karten in Pattaya f\u00fcr Touristen<\/h2>\n\n\n\n<h3 class=\"wp-block-heading\">1. Arten von SIM-Karten in Pattaya<\/h3>\n\n\n\n<p>Besucher haben die Wahl zwischen verschiedenen Arten von SIM-Karten in Pattaya:<\/p>\n\n\n\n<ul>\n<li><strong>Lokale Prepaid-SIM-Karte<\/strong> \u2013 geeignet f\u00fcr in Thailand lebende Einheimische mit g\u00fcnstigen Sprach- und Datentarifen von lokalen Anbietern: AIS, TrueMove H &amp; dtac. Diese Art von SIM-Karte ist ideal f\u00fcr diejenigen, die sich f\u00fcr einen l\u00e4ngeren Zeitraum in Pattaya aufhalten.<\/li>\n\n\n\n<li><strong>Prepaid-SIM-Karte f\u00fcr Touristen:<\/strong> Diese SIM-Karte wurde speziell f\u00fcr Besucher von Pattaya und ganz Thailand entwickelt und bietet oft unbegrenztes Datenvolumen, kostenlose Auslandsgespr\u00e4che und andere Funktionen, die auf die Bed\u00fcrfnisse von Reisenden zugeschnitten sind.<\/li>\n\n\n\n<li><strong>Reine Daten-SIM-Karte<\/strong>: Wie der Name schon sagt, ist diese SIM-Karte eine gute Wahl f\u00fcr Kurzzeitbesucher in Bangkok, die nur eine Internetverbindung ben\u00f6tigen.<\/li>\n<\/ul>\n\n\n\n<figure class=\"wp-block-image size-large\"><img decoding=\"async\" src=\"https:\/\/thailandesim.com\/wp-content\/uploads\/2025\/06\/2-1024x683.jpg\" alt=\"physical SIM card\" class=\"wp-image-35902\"\/><figcaption class=\"wp-element-caption\">physische SIM-Karte<\/figcaption><\/figure>\n\n\n\n<h3 class=\"wp-block-heading\">2. Was brauche ich, um in Pattaya eine Touristen-SIM-Karte zu kaufen?<\/h3>\n\n\n\n<p>Um in Pattaya eine lokale SIM-Karte zu kaufen, m\u00fcssen Besucher Folgendes mitbringen:<\/p>\n\n\n\n<ul>\n<li>Stellen Sie sicher, dass Ihr Handy entsperrt ist und in Thailand problemlos funktioniert.<\/li>\n\n\n\n<li>Ausweis (Personalausweis\/Reisepass)<\/li>\n\n\n\n<li>Bargeld, falls vorhanden.<\/li>\n<\/ul>\n\n\n\n<h3 class=\"wp-block-heading\">3. Preisspanne f\u00fcr Touristen-SIM-Karten in Pattaya<\/h3>\n\n\n\n<p>Die Preise f\u00fcr Touristen-SIM-Karten in Pattaya k\u00f6nnen zwischen 8,9 und 35 US-Dollar liegen. Der Preis m<\/p>\n\n\n<div class=\"lazyblock-ggg-custom-block-Z1g4i8X wp-block-lazyblock-ggg-custom-block\"><div class=\"ggg-custom-shortcode gigago-block-blue\">\n    <div class=\"ggg-shortcode-content\">\n        <p><!-- wp:paragraph --><\/p>\n<p><strong>\u2728Hinweis<\/strong><\/p>\n<ul>\n<li>Informieren Sie sich vor dem Kauf \u00fcber die aktuellsten Informationen.<\/li>\n<li>Lesen Sie auch: <a href=\"https:\/\/thailandesim.com\/de\/sim-cards\/\">SIM-Karten und eSIMs in Thailand f\u00fcr Touristen: Ausf\u00fchrliche Anleitungen<\/a><\/li>\n<\/ul>\n<p><!-- \/wp:list --><\/p>    <\/div>\n<\/div><\/div>\n\n\n<h2 class=\"wp-block-heading\" id=\"ii-wo-kann-man-eine-thailandische-sim-karte-e-sim-fur-pattaya-kaufen\">II. Wo kann man eine thail\u00e4ndische SIM-Karte\/eSIM f\u00fcr Pattaya kaufen?<\/h2>\n\n\n\n<p>Thail\u00e4ndische SIM-Karten lassen sich ganz einfach online, an den Flugh\u00e4fen oder in Ladengesch\u00e4ften finden und kaufen. Beachten Sie unsere folgenden Empfehlungen:<\/p>\n\n\n\n<ul>\n<li>Thailand International Airport: Die Telekommunikationsgesch\u00e4fte am Flughafen bieten Prepaid-SIM-Karten f\u00fcr Touristen an.<\/li>\n<\/ul>\n\n\n\n<p><em>\u2728 Erfahren Sie mehr \u00fcber <\/em><a href=\"https:\/\/thailandesim.com\/de\/airports-sim-card\/\" data-type=\"link\" data-id=\"https:\/\/thailandesim.com\/de\/airports-sim-card\/\"><em>den Erwerb einer SIM-Karte und eSIM an thail\u00e4ndischen Flugh\u00e4fen\/Grenz\u00fcberg\u00e4ngen nach Provinzen<\/em><\/a><\/p>\n\n\n\n<ul>\n<li>Convenience-Stores: 7-Eleven ist in der ganzen Stadt weit verbreitet und verkauft auch Touristen-SIM-Karten.<\/li>\n\n\n\n<li>Offizielle Filialen der Mobilfunkbetreiber: Sie k\u00f6nnen die lokalen Filialen von Mobilfunkbetreibern wie AIS, True Move H und dtac besuchen, um eine SIM-Karte zu kaufen.<\/li>\n<\/ul>\n\n\n\n<figure class=\"wp-block-image size-large\"><img decoding=\"async\" src=\"https:\/\/thailandesim.com\/wp-content\/uploads\/2024\/12\/true-5g-at-suvarnabhumi-1024x768.jpg\" alt=\"Buy True dtac SIM card at Suvarnabhumi airport\" class=\"wp-image-28984\"\/><figcaption class=\"wp-element-caption\">Kaufen Sie eine echte dtac-SIM-Karte am <a href=\"https:\/\/suvarnabhumi.airportthai.co.th\/\" target=\"_blank\" rel=\"noopener\">Flughafen in Thailand<\/a><\/figcaption><\/figure>\n\n\n\n<h2 class=\"wp-block-heading\" id=\"iii-pattaya-e-sim-fur-reisende-eine-clevere-alternative\">III. Pattaya eSIM f\u00fcr Reisende \u2013 eine clevere Alternative<\/h2>\n\n\n\n<p>Fr\u00fcher nutzten Besucher in Pattaya physische SIM-Karten, um sich mit dem Internet zu verbinden. Die Pattaya eSIM hat jedoch den Internetzugang durch ihre Bequemlichkeit, Flexibilit\u00e4t und benutzerfreundliche Einrichtung revolutioniert. F\u00fcr eine schnelle und zuverl\u00e4ssige Verbindung sollten Besucher die Nutzung der Pattaya eSIM in Betracht ziehen, um Zeit zu sparen und Unannehmlichkeiten zu vermeiden.<\/p>\n\n\n\n<p><a href=\"http:\/\/thailandesim.com\/de\" data-type=\"link\" data-id=\"http:\/\/thailandesim.com\/de\">Thailandesim.com<\/a> bietet verschiedene eSIM-Tarife f\u00fcr Pattaya an, die Ihre Datenl\u00f6sung sein k\u00f6nnten:<\/p>\n\n\n\n<ul>\n<li>Sie kann online gekauft und vor der Ankunft in Thailand installiert werden, sodass Sie sich am Flughafen nicht in der Schlange anstellen m\u00fcssen, um eine SIM-Karte zu kaufen.<\/li>\n\n\n\n<li>F\u00fcr die Registrierung ist kein Reisepass erforderlich.<\/li>\n\n\n\n<li>Es stehen zahlreiche Tarife zur Auswahl.<\/li>\n\n\n\n<li>Unterst\u00fctzt 5G-Netzwerke.<\/li>\n<\/ul>\n\n\n\n<p class=\"has-text-align-center\"><strong>Angebote, die Sie interessieren k\u00f6nnten<\/strong><\/p>\n\n\n<div class=\"lazyblock-cta-show-product-2nL7Av wp-block-lazyblock-cta-show-product\"><div class=\"cta-show-products mb-6\">\n    <div class=\"row vnb-esim-rows\" data-elementor-columns=\"3\" data-elementor-columns-tablet=\"2\" data-elementor-columns-mobile=\"1\">\n                                                <div class=\"column-item\">\n                    <div class=\"vnb-cta-show-product-item\">\n                        <div class=\"product-info\">\n                            <div class=\"product-transition\">\n                                                                <img decoding=\"async\" src=\"https:\/\/thailandesim.com\/vnb-data\/media\/flag\/th.png\" alt=\"eSIM-Tarif f\u00fcr Pattaya (8 Tage)\">\n                            <\/div>\n                            <div class=\"product-caption\">\n                                <div class=\"country\">eSIM-Tarif f\u00fcr Pattaya (8 Tage)<\/div>\n                                <div class=\"from-price\">\n                                    <span class=\"title-price\" style=\"text-transform: capitalize;\">\n                                                                            <\/span>\n                                    <span class=\"text-price\">\n                                        &#36;15.90                                    <\/span>\n                                <\/div>\n                            <\/div>\n                        <\/div>\n                        <div class=\"icon\">\n                            <svg width=\"40\" height=\"40\" viewBox=\"0 0 40 40\" fill=\"none\" xmlns=\"http:\/\/www.w3.org\/2000\/svg\">\n                                <path d=\"M31.25 21.25L6.25 21.25C5.91848 21.25 5.60054 21.1183 5.36612 20.8839C5.1317 20.6495 5 20.3315 5 20C5 19.6685 5.1317 19.3505 5.36612 19.1161C5.60054 18.8817 5.91848 18.75 6.25 18.75L31.25 18.75C31.5815 18.75 31.8995 18.8817 32.1339 19.1161C32.3683 19.3505 32.5 19.6685 32.5 20C32.5 20.3315 32.3683 20.6495 32.1339 20.8839C31.8995 21.1183 31.5815 21.25 31.25 21.25Z\" fill=\"black\" \/>\n                                <path d=\"M30.7303 19.9984L20.3628 9.63342C20.128 9.3987 19.9962 9.08036 19.9962 8.74842C19.9962 8.41648 20.128 8.09813 20.3628 7.86342C20.5975 7.6287 20.9158 7.49684 21.2478 7.49684C21.5797 7.49684 21.898 7.6287 22.1328 7.86342L33.3828 19.1134C33.4992 19.2295 33.5915 19.3675 33.6545 19.5193C33.7176 19.6712 33.75 19.834 33.75 19.9984C33.75 20.1628 33.7176 20.3256 33.6545 20.4775C33.5915 20.6294 33.4992 20.7673 33.3828 20.8834L22.1328 32.1334C21.8981 32.3681 21.5797 32.5 21.2478 32.5C20.9158 32.5 20.5975 32.3681 20.3628 32.1334C20.1281 31.8987 19.9962 31.5804 19.9962 31.2484C19.9962 30.9165 20.1281 30.5981 20.3628 30.3634L30.7303 19.9984Z\" fill=\"black\" \/>\n                            <\/svg>\n                        <\/div>\n                        <a href=\"https:\/\/thailandesim.com\/de\/esim\/pattaya\/?attribute_pa_data-plan=dtac&#038;attribute_pa_validity=8-days\"><\/a>\n                    <\/div>\n                <\/div>\n                                                            <div class=\"column-item\">\n                    <div class=\"vnb-cta-show-product-item\">\n                        <div class=\"product-info\">\n                            <div class=\"product-transition\">\n                                                                <img decoding=\"async\" src=\"https:\/\/thailandesim.com\/vnb-data\/media\/flag\/th.png\" alt=\"eSIM-Tarif f\u00fcr Pattaya (10 Tage)\">\n                            <\/div>\n                            <div class=\"product-caption\">\n                                <div class=\"country\">eSIM-Tarif f\u00fcr Pattaya (10 Tage)<\/div>\n                                <div class=\"from-price\">\n                                    <span class=\"title-price\" style=\"text-transform: capitalize;\">\n                                                                            <\/span>\n                                    <span class=\"text-price\">\n                                        &#36;15.90                                    <\/span>\n                                <\/div>\n                            <\/div>\n                        <\/div>\n                        <div class=\"icon\">\n                            <svg width=\"40\" height=\"40\" viewBox=\"0 0 40 40\" fill=\"none\" xmlns=\"http:\/\/www.w3.org\/2000\/svg\">\n                                <path d=\"M31.25 21.25L6.25 21.25C5.91848 21.25 5.60054 21.1183 5.36612 20.8839C5.1317 20.6495 5 20.3315 5 20C5 19.6685 5.1317 19.3505 5.36612 19.1161C5.60054 18.8817 5.91848 18.75 6.25 18.75L31.25 18.75C31.5815 18.75 31.8995 18.8817 32.1339 19.1161C32.3683 19.3505 32.5 19.6685 32.5 20C32.5 20.3315 32.3683 20.6495 32.1339 20.8839C31.8995 21.1183 31.5815 21.25 31.25 21.25Z\" fill=\"black\" \/>\n                                <path d=\"M30.7303 19.9984L20.3628 9.63342C20.128 9.3987 19.9962 9.08036 19.9962 8.74842C19.9962 8.41648 20.128 8.09813 20.3628 7.86342C20.5975 7.6287 20.9158 7.49684 21.2478 7.49684C21.5797 7.49684 21.898 7.6287 22.1328 7.86342L33.3828 19.1134C33.4992 19.2295 33.5915 19.3675 33.6545 19.5193C33.7176 19.6712 33.75 19.834 33.75 19.9984C33.75 20.1628 33.7176 20.3256 33.6545 20.4775C33.5915 20.6294 33.4992 20.7673 33.3828 20.8834L22.1328 32.1334C21.8981 32.3681 21.5797 32.5 21.2478 32.5C20.9158 32.5 20.5975 32.3681 20.3628 32.1334C20.1281 31.8987 19.9962 31.5804 19.9962 31.2484C19.9962 30.9165 20.1281 30.5981 20.3628 30.3634L30.7303 19.9984Z\" fill=\"black\" \/>\n                            <\/svg>\n                        <\/div>\n                        <a href=\"https:\/\/thailandesim.com\/de\/esim\/pattaya\/?attribute_pa_data-plan=50gb-dtac&#038;attribute_pa_validity=10-days\"><\/a>\n                    <\/div>\n                <\/div>\n                                                            <div class=\"column-item\">\n                    <div class=\"vnb-cta-show-product-item\">\n                        <div class=\"product-info\">\n                            <div class=\"product-transition\">\n                                                                <img decoding=\"async\" src=\"https:\/\/thailandesim.com\/vnb-data\/media\/flag\/th.png\" alt=\"eSIM-Tarif f\u00fcr Pattaya (15 Tage)\">\n                            <\/div>\n                            <div class=\"product-caption\">\n                                <div class=\"country\">eSIM-Tarif f\u00fcr Pattaya (15 Tage)<\/div>\n                                <div class=\"from-price\">\n                                    <span class=\"title-price\" style=\"text-transform: capitalize;\">\n                                                                            <\/span>\n                                    <span class=\"text-price\">\n                                        &#36;24.90                                    <\/span>\n                                <\/div>\n                            <\/div>\n                        <\/div>\n                        <div class=\"icon\">\n                            <svg width=\"40\" height=\"40\" viewBox=\"0 0 40 40\" fill=\"none\" xmlns=\"http:\/\/www.w3.org\/2000\/svg\">\n                                <path d=\"M31.25 21.25L6.25 21.25C5.91848 21.25 5.60054 21.1183 5.36612 20.8839C5.1317 20.6495 5 20.3315 5 20C5 19.6685 5.1317 19.3505 5.36612 19.1161C5.60054 18.8817 5.91848 18.75 6.25 18.75L31.25 18.75C31.5815 18.75 31.8995 18.8817 32.1339 19.1161C32.3683 19.3505 32.5 19.6685 32.5 20C32.5 20.3315 32.3683 20.6495 32.1339 20.8839C31.8995 21.1183 31.5815 21.25 31.25 21.25Z\" fill=\"black\" \/>\n                                <path d=\"M30.7303 19.9984L20.3628 9.63342C20.128 9.3987 19.9962 9.08036 19.9962 8.74842C19.9962 8.41648 20.128 8.09813 20.3628 7.86342C20.5975 7.6287 20.9158 7.49684 21.2478 7.49684C21.5797 7.49684 21.898 7.6287 22.1328 7.86342L33.3828 19.1134C33.4992 19.2295 33.5915 19.3675 33.6545 19.5193C33.7176 19.6712 33.75 19.834 33.75 19.9984C33.75 20.1628 33.7176 20.3256 33.6545 20.4775C33.5915 20.6294 33.4992 20.7673 33.3828 20.8834L22.1328 32.1334C21.8981 32.3681 21.5797 32.5 21.2478 32.5C20.9158 32.5 20.5975 32.3681 20.3628 32.1334C20.1281 31.8987 19.9962 31.5804 19.9962 31.2484C19.9962 30.9165 20.1281 30.5981 20.3628 30.3634L30.7303 19.9984Z\" fill=\"black\" \/>\n                            <\/svg>\n                        <\/div>\n                        <a href=\"https:\/\/thailandesim.com\/de\/esim\/pattaya\/?attribute_pa_data-plan=dtac&#038;attribute_pa_validity=15-days\"><\/a>\n                    <\/div>\n                <\/div>\n                        <\/div>\n\n<\/div><\/div>\n\n\n<h2 class=\"wp-block-heading\" id=\"iv-tipps-und-empfehlungen-zum-kauf-einer-sim-karte-in-pattaya\">IV. Tipps und Empfehlungen zum Kauf einer SIM-Karte in Pattaya<\/h2>\n\n\n\n<ul>\n<li>Besuchen Sie die offiziellen Shops der Mobilfunkanbieter (AIS, DTAC, TRUE) in den Einkaufszentren Central Festival oder Terminal 21<\/li>\n\n\n\n<li>In 7-Eleven-Filialen k\u00f6nnen Sie in ganz Pattaya schnell eine SIM-Karte kaufen<\/li>\n\n\n\n<li>Bringen Sie Ihren Reisepass mit \u2013 er wird f\u00fcr alle SIM-Karten-Registrierungen ben\u00f6tigt<\/li>\n\n\n\n<li>W\u00e4hlen Sie Touristenpakete (200\u2013500 THB) mit einer G\u00fcltigkeitsdauer von 7\u201315 Tagen<\/li>\n\n\n\n<li>Ziehen Sie AIS in Betracht, da dieser Anbieter die beste Netzabdeckung im Raum Pattaya bietet<\/li>\n\n\n\n<li>Entscheiden Sie sich f\u00fcr Pakete mit unbegrenztem Datenvolumen statt f\u00fcr Tarife mit begrenztem Datenvolumen<\/li>\n\n\n\n<li>Pr\u00fcfen Sie vor Ihrer Reise, ob Ihr Handy entsperrt ist<\/li>\n\n\n\n<li>Ziehen Sie f\u00fcr kompatible Handys eSIMs in Betracht, die vor der Ankunft eingerichtet werden k\u00f6nnen<\/li>\n\n\n\n<li>Speichern Sie die Servicenummern der Anbieter (in der Regel *123#), um Ihr verbleibendes Datenvolumen\/Guthaben zu \u00fcberpr\u00fcfen<\/li>\n<\/ul>\n\n\n\n<h2 class=\"wp-block-heading\" id=\"v-fa-qs\">V. FAQs<\/h2>\n\n\n<div id=\"rank-math-faq\" class=\"rank-math-block\">\n<div class=\"rank-math-list \">\n<div id=\"faq-question-1749209734265\" class=\"rank-math-list-item\">\n<h3 class=\"rank-math-question \"><strong>Wo kann ich in Pattaya eine SIM-Karte kaufen?<\/strong><\/h3>\n<div class=\"rank-math-answer \">\n\n<p>Sie k\u00f6nnen SIM-Karten bei Ihrer Ankunft an den Flugh\u00e4fen Suvarnabhumi oder Don Mueang, in offiziellen Filialen der Mobilfunkanbieter (AIS, DTAC, TRUE) in ganz Pattaya, in 7-Eleven-Convenience-Stores oder in Einkaufszentren erwerben.<\/p>\n\n<\/div>\n<\/div>\n<div id=\"faq-question-1749209751411\" class=\"rank-math-list-item\">\n<h3 class=\"rank-math-question \"><strong>Welche Mobilfunkanbieter gibt es in Thailand?<\/strong><\/h3>\n<div class=\"rank-math-answer \">\n\n<p>Die drei wichtigsten Anbieter sind AIS, DTAC und TRUE. Alle bieten eine gute Netzabdeckung in Pattaya und in ganz Thailand sowie vergleichbare Preise und Tarife.<\/p>\n\n<\/div>\n<\/div>\n<div id=\"faq-question-1749209769068\" class=\"rank-math-list-item\">\n<h3 class=\"rank-math-question \"><strong>Ben\u00f6tige ich einen Ausweis, um eine SIM-Karte zu kaufen?<\/strong><\/h3>\n<div class=\"rank-math-answer \">\n\n<p>Ja, aufgrund beh\u00f6rdlicher Vorschriften m\u00fcssen Sie Ihren Reisepass vorlegen, um in Thailand eine SIM-Karte zu kaufen und zu registrieren.<\/p>\n\n<\/div>\n<\/div>\n<div id=\"faq-question-1749209795309\" class=\"rank-math-list-item\">\n<h3 class=\"rank-math-question \"><strong>Funktioniert mein Handy mit thail\u00e4ndischen SIM-Karten?<\/strong><\/h3>\n<div class=\"rank-math-answer \">\n\n<p>Ihr Handy muss entsperrt sein, um eine thail\u00e4ndische SIM-Karte nutzen zu k\u00f6nnen. Die meisten modernen Smartphones sind mit thail\u00e4ndischen Netzen kompatibel, die die Standard-GSM-Technologie verwenden.<\/p>\n\n<\/div>\n<\/div>\n<div id=\"faq-question-1749209809236\" class=\"rank-math-list-item\">\n<h3 class=\"rank-math-question \"><strong>Wie ist die Mobilfunkabdeckung in Pattaya?<\/strong><\/h3>\n<div class=\"rank-math-answer \">\n\n<p>Die Mobilfunkabdeckung in Pattaya ist ausgezeichnet. Alle gro\u00dfen Anbieter bieten eine starke 4G\/5G-Abdeckung in der ganzen Stadt und den umliegenden Gebieten.<\/p>\n\n<\/div>\n<\/div>\n<\/div>\n<\/div>\n\n\n<h2 class=\"wp-block-heading\" id=\"vi-fazit\">VI. Fazit<\/h2>\n\n\n\n<p>Eine lokale SIM-Karte sorgt in Pattaya f\u00fcr unverzichtbare Konnektivit\u00e4t zu erschwinglichen Preisen und bietet zuverl\u00e4ssigen Empfang f\u00fcr Navigation, Kommunikation und das Teilen von Erlebnissen. Alternativ bieten eSIMs eine bequeme digitale Option f\u00fcr kompatible Ger\u00e4te, sodass Sie die Konnektivit\u00e4t bereits vor Ihrer Ankunft organisieren k\u00f6nnen, ohne eine physische Karte besorgen zu m\u00fcssen. Ganz gleich, ob Sie sich f\u00fcr eine herk\u00f6mmliche SIM-Karte oder eine eSIM entscheiden \u2013 in Pattaya in Verbindung zu bleiben ist sowohl erschwinglich als auch unkompliziert und verbessert Ihr Reiseerlebnis erheblich.<\/p>\n","protected":false},"excerpt":{"rendered":"<p>Planen Sie einen Besuch in Pattaya? Die Nutzung einer lokalen SIM-Karte ist eine der besten M\u00f6glichkeiten, um in Pattaya in Verbindung zu bleiben. In diesem Leitfaden geben wir Ihnen praktische Tipps, wie Sie eine SIM-Karte besorgen k\u00f6nnen, damit Ihre Reise reibungsloser und angenehmer verl\u00e4uft. I. SIM-Karten in Pattaya f\u00fcr Touristen 1. Arten von SIM-Karten in [&#8230;]\n","protected":false},"author":15,"featured_media":1236,"parent":1225,"menu_order":0,"comment_status":"closed","ping_status":"closed","template":"page-right-sidebar.php","meta":{"_acf_changed":false,"inline_featured_image":false,"footnotes":""},"acf":[],"_links":{"self":[{"href":"https:\/\/thailandesim.com\/de\/wp-json\/wp\/v2\/pages\/1234"}],"collection":[{"href":"https:\/\/thailandesim.com\/de\/wp-json\/wp\/v2\/pages"}],"about":[{"href":"https:\/\/thailandesim.com\/de\/wp-json\/wp\/v2\/types\/page"}],"author":[{"embeddable":true,"href":"https:\/\/thailandesim.com\/de\/wp-json\/wp\/v2\/users\/15"}],"replies":[{"embeddable":true,"href":"https:\/\/thailandesim.com\/de\/wp-json\/wp\/v2\/comments?post=1234"}],"version-history":[{"count":3,"href":"https:\/\/thailandesim.com\/de\/wp-json\/wp\/v2\/pages\/1234\/revisions"}],"predecessor-version":[{"id":1301,"href":"https:\/\/thailandesim.com\/de\/wp-json\/wp\/v2\/pages\/1234\/revisions\/1301"}],"up":[{"embeddable":true,"href":"https:\/\/thailandesim.com\/de\/wp-json\/wp\/v2\/pages\/1225"}],"wp:featuredmedia":[{"embeddable":true,"href":"https:\/\/thailandesim.com\/de\/wp-json\/wp\/v2\/media\/1236"}],"wp:attachment":[{"href":"https:\/\/thailandesim.com\/de\/wp-json\/wp\/v2\/media?parent=1234"}],"curies":[{"name":"wp","href":"https:\/\/api.w.org\/{rel}","templated":true}]}}