{"id":1231,"date":"2025-06-06T02:13:58","date_gmt":"2025-06-06T02:13:58","guid":{"rendered":"https:\/\/thailandesim.com\/?page_id=35959"},"modified":"2026-03-24T10:30:17","modified_gmt":"2026-03-24T10:30:17","slug":"koh-samui","status":"publish","type":"page","link":"https:\/\/thailandesim.com\/de\/sim-cards\/koh-samui\/","title":{"rendered":"So kauft man eine SIM-Karte auf Koh Samui: Tipps von Einheimischen"},"content":{"rendered":"\n<p>Auf Koh Samui mit einer lokalen SIM-Karte in Verbindung zu bleiben, ist eine der kl\u00fcgsten Entscheidungen f\u00fcr Besucher der Insel. In diesem Leitfaden geben wir Ihnen Insidertipps von Einheimischen, wie Sie auf Koh Samui eine SIM-Karte kaufen k\u00f6nnen: wo Sie die besten Preise finden und welche Tarife Sie w\u00e4hlen sollten, damit Sie sich ganz auf den Genuss der Insel konzentrieren k\u00f6nnen, ohne sich um die Netzverbindung sorgen zu m\u00fcssen!<\/p>\n\n\n\n<figure class=\"wp-block-image size-large\"><img decoding=\"async\" src=\"https:\/\/thailandesim.com\/wp-content\/uploads\/2025\/06\/How-to-buy-a-SIM-Card-in-NYC-1-1024x683.jpg\" alt=\"SIM card in Koh Samui\" class=\"wp-image-35960\"\/><\/figure>\n\n\n\n<div class=\"wp-block-rank-math-toc-block\" id=\"rank-math-toc\"><h2>Table of Contents<\/h2><nav><div><div><a href=\"#i-sim-karten-fur-touristen-auf-koh-samui\">I. SIM-Karten f\u00fcr Touristen auf Koh Samui<\/a><\/div><div><a href=\"#ii-wo-man-eine-thailandische-sim-karte-e-sim-fur-koh-samui-kaufen-kann\">II. Wo man eine thail\u00e4ndische SIM-Karte\/eSIM f\u00fcr Koh Samui kaufen kann<\/a><\/div><div><a href=\"#iii-koh-samui-e-sim-fur-reisende-eine-clevere-alternative\">III. Koh Samui eSIM f\u00fcr Reisende \u2013 eine clevere Alternative<\/a><\/div><div><a href=\"#v-haufig-gestellte-fragen\">V. H\u00e4ufig gestellte Fragen<\/a><\/div><div><a href=\"#vi-fazit\">VI. Fazit<\/a><\/div><\/div><\/nav><\/div>\n\n\n\n<h2 class=\"wp-block-heading\" id=\"i-sim-karten-fur-touristen-auf-koh-samui\">I. SIM-Karten f\u00fcr Touristen auf Koh Samui<\/h2>\n\n\n\n<h3 class=\"wp-block-heading\">1. Arten von thail\u00e4ndischen SIM-Karten auf Koh Samui<\/h3>\n\n\n\n<p>Besucher haben auf Koh Samui mehrere Arten von SIM-Karten zur Auswahl:<\/p>\n\n\n\n<ul>\n<li><strong>Lokale Prepaid-SIM-Karte<\/strong> \u2013 die beste Wahl f\u00fcr Einheimische oder Langzeitbesucher in Thailand. Diese SIM-Karten bieten g\u00fcnstige Sprach- und Datenpakete von beliebten lokalen Mobilfunkanbietern \u2013 AIS, dtac und TrueMove H.<\/li>\n\n\n\n<li><strong>Prepaid-SIM-Karte f\u00fcr Touristen \u2013 <\/strong>speziell f\u00fcr Thailand-Besucher, wie z. B. Besucher von Koh Samui, entwickelt. Diese Art von SIM-Karte bietet in der Regel unbegrenztes Datenvolumen, kostenlose Auslandsgespr\u00e4che oder zus\u00e4tzliche Vorteile, die auf die Bed\u00fcrfnisse der Besucher zugeschnitten sind.<\/li>\n\n\n\n<li><strong>Reine Daten-SIM-Karte<\/strong>: Perfekt f\u00fcr Kurzzeitreisende, die nur Internetzugang ben\u00f6tigen. Diese Art von SIM-Karte ist ideal f\u00fcr diejenigen, die Koh Samui erkunden und keine Sprach- oder SMS-Dienste ben\u00f6tigen.<\/li>\n<\/ul>\n\n\n\n<figure class=\"wp-block-image size-large\"><img decoding=\"async\" src=\"https:\/\/thailandesim.com\/wp-content\/uploads\/2025\/06\/2-1024x683.jpg\" alt=\"physical SIM card\" class=\"wp-image-35902\"\/><figcaption class=\"wp-element-caption\">physische SIM-Karte<\/figcaption><\/figure>\n\n\n\n<h3 class=\"wp-block-heading\">2. Was brauche ich, um auf Koh Samui eine Touristen-SIM-Karte zu kaufen?<\/h3>\n\n\n\n<p>Um auf Koh Samui eine lokale SIM-Karte zu kaufen, m\u00fcssen Besucher Folgendes mitbringen:<\/p>\n\n\n\n<ul>\n<li>Stellen Sie sicher, dass Ihr Handy entsperrt ist und in Thailand problemlos funktioniert.<\/li>\n\n\n\n<li>Ausweis (Personalausweis\/Reisepass)<\/li>\n\n\n\n<li>Bargeld, falls vorhanden.<\/li>\n<\/ul>\n\n\n\n<h3 class=\"wp-block-heading\">3. Preisspanne f\u00fcr Touristen-SIM-Karten auf Koh Samui<\/h3>\n\n\n\n<p>Auf Koh Samui (und in ganz Thailand) bieten die gro\u00dfen Anbieter Prepaid-<strong>Touristen-SIM-Karten<\/strong> mit <em>unbegrenztem 5G\/4G-Datenvolumen<\/em>, kostenlosen Ortsgespr\u00e4chen und einigen Auslandsgespr\u00e4chen sowie zus\u00e4tzlichen Vorteilen wie WLAN-Zugang und Bonusguthaben an. Die Preise<\/p>\n\n\n\n<figure class=\"wp-block-table\"><table><tbody><tr><td><strong>SIM card plan<\/strong><\/td><td><strong>Data &amp; Benefits<\/strong><\/td><td><strong>Validity<\/strong><\/td><td><strong>Price (USD)<\/strong><\/td><\/tr><tr><td>AIS Lucky Tourist SIM \u2013 5\u2011Day<\/td><td>Unlimited 5G\/4G data, free AIS calls, \u0e3f100 bonus credit, unlimited AIS Wi\u2011Fi<\/td><td>5 days<\/td><td>$9.97 (<a href=\"https:\/\/www.ais.th\/en\/consumers\/package\/international\/tourist-plan?utm_source=chatgpt.com\" target=\"_blank\" rel=\"noopener\">ais.th<\/a>)<\/td><\/tr><tr><td>AIS Lucky Tourist SIM \u2013 8\u2011Day&nbsp;<\/td><td>Unlimited 5G\/4G data, free AIS calls, \u0e3f100 bonus credit, unlimited AIS Wi\u2011Fi<\/td><td>8 days<\/td><td>$12.83<\/td><\/tr><tr><td>AIS Lucky Tourist SIM \u2013 15\u2011Day&nbsp;<\/td><td>Unlimited 5G\/4G data, free AIS calls, \u0e3f100 bonus credit, unlimited AIS Wi\u2011Fi<\/td><td>15 days<\/td><td>$19.97<\/td><\/tr><tr><td>AIS Lucky Tourist SIM \u2013 30\u2011Day<\/td><td>Unlimited 5G\/4G data, free AIS calls, \u0e3f100 bonus credit, unlimited AIS Wi\u2011Fi<\/td><td>30 days<\/td><td>$34.25<\/td><\/tr><tr><td>True dtac Tourist Infinite SIM \u2013 8\u2011Day<\/td><td>Unlimited 5G\/4G data, unlimited Wi\u2011Fi, free local calls (up to 15 min\/call)<\/td><td>8 days<\/td><td>$12.83<\/td><\/tr><tr><td>True dtac Tourist Infinite SIM \u2013 15\u2011Day<\/td><td>Unlimited 5G\/4G data, unlimited Wi\u2011Fi, free local calls (up to 15 min\/call)<\/td><td>15 days<\/td><td>$19.97<\/td><\/tr><tr><td>True dtac Tourist Infinite SIM \u2013 30\u2011Day<\/td><td>Unlimited 5G\/4G data, unlimited Wi\u2011Fi, free local calls (up to 15 min\/call)<\/td><td>30 days<\/td><td>$34.25<\/td><\/tr><tr><td>True \u201cThailand Tourist Infinite SIM\u201d \u2013 10\u2011Day<\/td><td>Unlimited 5G\/4G data, unlimited Wi\u2011Fi, free local calls (24\/7)<\/td><td>10 days<\/td><td>$9.97<\/td><\/tr><\/tbody><\/table><\/figure>\n\n\n<div class=\"lazyblock-ggg-custom-block-Z1g4i8X wp-block-lazyblock-ggg-custom-block\"><div class=\"ggg-custom-shortcode gigago-block-blue\">\n    <div class=\"ggg-shortcode-content\">\n        <p>\u2728 Der Preis kann je nach Anbieter variieren. Informiere dich vor dem Kauf auf der Website des Anbieters \u00fcber die aktuellen Preise.<\/p>    <\/div>\n<\/div><\/div>\n\n\n<h2 class=\"wp-block-heading\" id=\"ii-wo-man-eine-thailandische-sim-karte-e-sim-fur-koh-samui-kaufen-kann\">II. Wo man eine thail\u00e4ndische SIM-Karte\/eSIM f\u00fcr Koh Samui kaufen kann<\/h2>\n\n\n\n<p>Thail\u00e4ndische SIM-Karten lassen sich ganz einfach online, an Flugh\u00e4fen oder in Ladengesch\u00e4ften finden und kaufen. Beachten Sie unsere folgenden Empfehlungen:<\/p>\n\n\n\n<ul>\n<li>Thailand International Airport: Die Telekommunikationsgesch\u00e4fte am Flughafen bieten Prepaid-SIM-Karten f\u00fcr Touristen an.<\/li>\n<\/ul>\n\n\n\n<p><em>\u2728 Erfahren Sie mehr \u00fcber <\/em><a href=\"https:\/\/thailandesim.com\/airports-sim-card\/\"><em>den Erwerb einer SIM-Karte und eSIM an thail\u00e4ndischen Flugh\u00e4fen\/Grenz\u00fcberg\u00e4ngen nach Provinzen<\/em><\/a><\/p>\n\n\n\n<ul>\n<li>Convenience-Stores: 7-Eleven ist in der ganzen Stadt weit verbreitet und verkauft auch SIM-Karten f\u00fcr Touristen.<\/li>\n\n\n\n<li>Offizielle Filialen der Mobilfunkbetreiber: Sie k\u00f6nnen die lokalen Filialen von Mobilfunkbetreibern wie AIS, True Move H und dtac besuchen, um eine SIM-Karte zu kaufen.<\/li>\n<\/ul>\n\n\n\n<figure class=\"wp-block-image size-large\"><img decoding=\"async\" src=\"https:\/\/thailandesim.com\/wp-content\/uploads\/2024\/09\/Mobile-operators-kios-at-the-airport-1024x768.jpg\" alt=\"You can purchase a tourist SIM card at mobile operators' kiosk at the airport\" class=\"wp-image-25229\"\/><figcaption class=\"wp-element-caption\">Sie k\u00f6nnen eine Touristen-SIM-Karte an den St\u00e4nden der Mobilfunkanbieter am Flughafen kaufen<\/figcaption><\/figure>\n\n\n\n<h2 class=\"wp-block-heading\" id=\"iii-koh-samui-e-sim-fur-reisende-eine-clevere-alternative\">III. Koh Samui eSIM f\u00fcr Reisende \u2013 eine clevere Alternative<\/h2>\n\n\n\n<p>Fr\u00fcher nutzten Besucher von Koh Samui physische SIM-Karten, um sich mit dem Internet zu verbinden. Die Koh Samui eSIM hat jedoch den Internetzugang durch ihre Bequemlichkeit, Flexibilit\u00e4t und benutzerfreundliche Einrichtung revolutioniert. F\u00fcr eine schnelle und zuverl\u00e4ssige Verbindung sollten Besucher die Nutzung der Koh Samui eSIM in Betracht ziehen, um Zeit zu sparen und Unannehmlichkeiten zu vermeiden.<\/p>\n\n\n\n<p><a href=\"http:\/\/thailandesim.com\/\">Thailandesim.com<\/a> bietet verschiedene eSIM-Tarife f\u00fcr Koh Samui an, die Ihre Datenl\u00f6sung sein k\u00f6nnten:<\/p>\n\n\n\n<ul>\n<li>Sie kann online gekauft und vor der Ankunft in Thailand installiert werden, sodass Sie sich am Flughafen nicht in der Schlange anstellen m\u00fcssen, um eine SIM-Karte zu kaufen.<\/li>\n\n\n\n<li>F\u00fcr die Registrierung ist kein Reisepass erforderlich.<\/li>\n\n\n\n<li>Es stehen zahlreiche Tarife zur Auswahl.<\/li>\n\n\n\n<li>Unterst\u00fctzt das 5G-Netz.<\/li>\n<\/ul>\n\n\n\n<p class=\"has-text-align-center\"><strong>Angebote, die Sie interessieren k\u00f6nnten<\/strong><\/p>\n\n\n<div class=\"lazyblock-cta-show-product-2nL7Av wp-block-lazyblock-cta-show-product\"><div class=\"cta-show-products mb-6\">\n    <div class=\"row vnb-esim-rows\" data-elementor-columns=\"3\" data-elementor-columns-tablet=\"2\" data-elementor-columns-mobile=\"1\">\n                                                <div class=\"column-item\">\n                    <div class=\"vnb-cta-show-product-item\">\n                        <div class=\"product-info\">\n                            <div class=\"product-transition\">\n                                                                <img decoding=\"async\" src=\"https:\/\/thailandesim.com\/vnb-data\/media\/flag\/th.png\" alt=\"eSIM-Tarif f\u00fcr Koh Samui (8 Tage)\">\n                            <\/div>\n                            <div class=\"product-caption\">\n                                <div class=\"country\">eSIM-Tarif f\u00fcr Koh Samui (8 Tage)<\/div>\n                                <div class=\"from-price\">\n                                    <span class=\"title-price\" style=\"text-transform: capitalize;\">\n                                                                            <\/span>\n                                    <span class=\"text-price\">\n                                        &#36;15.90                                    <\/span>\n                                <\/div>\n                            <\/div>\n                        <\/div>\n                        <div class=\"icon\">\n                            <svg width=\"40\" height=\"40\" viewBox=\"0 0 40 40\" fill=\"none\" xmlns=\"http:\/\/www.w3.org\/2000\/svg\">\n                                <path d=\"M31.25 21.25L6.25 21.25C5.91848 21.25 5.60054 21.1183 5.36612 20.8839C5.1317 20.6495 5 20.3315 5 20C5 19.6685 5.1317 19.3505 5.36612 19.1161C5.60054 18.8817 5.91848 18.75 6.25 18.75L31.25 18.75C31.5815 18.75 31.8995 18.8817 32.1339 19.1161C32.3683 19.3505 32.5 19.6685 32.5 20C32.5 20.3315 32.3683 20.6495 32.1339 20.8839C31.8995 21.1183 31.5815 21.25 31.25 21.25Z\" fill=\"black\" \/>\n                                <path d=\"M30.7303 19.9984L20.3628 9.63342C20.128 9.3987 19.9962 9.08036 19.9962 8.74842C19.9962 8.41648 20.128 8.09813 20.3628 7.86342C20.5975 7.6287 20.9158 7.49684 21.2478 7.49684C21.5797 7.49684 21.898 7.6287 22.1328 7.86342L33.3828 19.1134C33.4992 19.2295 33.5915 19.3675 33.6545 19.5193C33.7176 19.6712 33.75 19.834 33.75 19.9984C33.75 20.1628 33.7176 20.3256 33.6545 20.4775C33.5915 20.6294 33.4992 20.7673 33.3828 20.8834L22.1328 32.1334C21.8981 32.3681 21.5797 32.5 21.2478 32.5C20.9158 32.5 20.5975 32.3681 20.3628 32.1334C20.1281 31.8987 19.9962 31.5804 19.9962 31.2484C19.9962 30.9165 20.1281 30.5981 20.3628 30.3634L30.7303 19.9984Z\" fill=\"black\" \/>\n                            <\/svg>\n                        <\/div>\n                        <a href=\"https:\/\/thailandesim.com\/de\/esim\/koh-samui\/?attribute_pa_data-plan=dtac&#038;attribute_pa_validity=8-days\"><\/a>\n                    <\/div>\n                <\/div>\n                                                            <div class=\"column-item\">\n                    <div class=\"vnb-cta-show-product-item\">\n                        <div class=\"product-info\">\n                            <div class=\"product-transition\">\n                                                                <img decoding=\"async\" src=\"https:\/\/thailandesim.com\/vnb-data\/media\/flag\/th.png\" alt=\"eSIM-Tarif f\u00fcr Koh Samui (10 Tage)\">\n                            <\/div>\n                            <div class=\"product-caption\">\n                                <div class=\"country\">eSIM-Tarif f\u00fcr Koh Samui (10 Tage)<\/div>\n                                <div class=\"from-price\">\n                                    <span class=\"title-price\" style=\"text-transform: capitalize;\">\n                                                                            <\/span>\n                                    <span class=\"text-price\">\n                                        &#36;15.90                                    <\/span>\n                                <\/div>\n                            <\/div>\n                        <\/div>\n                        <div class=\"icon\">\n                            <svg width=\"40\" height=\"40\" viewBox=\"0 0 40 40\" fill=\"none\" xmlns=\"http:\/\/www.w3.org\/2000\/svg\">\n                                <path d=\"M31.25 21.25L6.25 21.25C5.91848 21.25 5.60054 21.1183 5.36612 20.8839C5.1317 20.6495 5 20.3315 5 20C5 19.6685 5.1317 19.3505 5.36612 19.1161C5.60054 18.8817 5.91848 18.75 6.25 18.75L31.25 18.75C31.5815 18.75 31.8995 18.8817 32.1339 19.1161C32.3683 19.3505 32.5 19.6685 32.5 20C32.5 20.3315 32.3683 20.6495 32.1339 20.8839C31.8995 21.1183 31.5815 21.25 31.25 21.25Z\" fill=\"black\" \/>\n                                <path d=\"M30.7303 19.9984L20.3628 9.63342C20.128 9.3987 19.9962 9.08036 19.9962 8.74842C19.9962 8.41648 20.128 8.09813 20.3628 7.86342C20.5975 7.6287 20.9158 7.49684 21.2478 7.49684C21.5797 7.49684 21.898 7.6287 22.1328 7.86342L33.3828 19.1134C33.4992 19.2295 33.5915 19.3675 33.6545 19.5193C33.7176 19.6712 33.75 19.834 33.75 19.9984C33.75 20.1628 33.7176 20.3256 33.6545 20.4775C33.5915 20.6294 33.4992 20.7673 33.3828 20.8834L22.1328 32.1334C21.8981 32.3681 21.5797 32.5 21.2478 32.5C20.9158 32.5 20.5975 32.3681 20.3628 32.1334C20.1281 31.8987 19.9962 31.5804 19.9962 31.2484C19.9962 30.9165 20.1281 30.5981 20.3628 30.3634L30.7303 19.9984Z\" fill=\"black\" \/>\n                            <\/svg>\n                        <\/div>\n                        <a href=\"https:\/\/thailandesim.com\/de\/esim\/koh-samui\/?attribute_pa_data-plan=50gb-dtac&#038;attribute_pa_validity=10-days\"><\/a>\n                    <\/div>\n                <\/div>\n                                                            <div class=\"column-item\">\n                    <div class=\"vnb-cta-show-product-item\">\n                        <div class=\"product-info\">\n                            <div class=\"product-transition\">\n                                                                <img decoding=\"async\" src=\"https:\/\/thailandesim.com\/vnb-data\/media\/flag\/th.png\" alt=\"eSIM-Tarif f\u00fcr Koh Samui (15 Tage)\">\n                            <\/div>\n                            <div class=\"product-caption\">\n                                <div class=\"country\">eSIM-Tarif f\u00fcr Koh Samui (15 Tage)<\/div>\n                                <div class=\"from-price\">\n                                    <span class=\"title-price\" style=\"text-transform: capitalize;\">\n                                                                            <\/span>\n                                    <span class=\"text-price\">\n                                        &#36;24.90                                    <\/span>\n                                <\/div>\n                            <\/div>\n                        <\/div>\n                        <div class=\"icon\">\n                            <svg width=\"40\" height=\"40\" viewBox=\"0 0 40 40\" fill=\"none\" xmlns=\"http:\/\/www.w3.org\/2000\/svg\">\n                                <path d=\"M31.25 21.25L6.25 21.25C5.91848 21.25 5.60054 21.1183 5.36612 20.8839C5.1317 20.6495 5 20.3315 5 20C5 19.6685 5.1317 19.3505 5.36612 19.1161C5.60054 18.8817 5.91848 18.75 6.25 18.75L31.25 18.75C31.5815 18.75 31.8995 18.8817 32.1339 19.1161C32.3683 19.3505 32.5 19.6685 32.5 20C32.5 20.3315 32.3683 20.6495 32.1339 20.8839C31.8995 21.1183 31.5815 21.25 31.25 21.25Z\" fill=\"black\" \/>\n                                <path d=\"M30.7303 19.9984L20.3628 9.63342C20.128 9.3987 19.9962 9.08036 19.9962 8.74842C19.9962 8.41648 20.128 8.09813 20.3628 7.86342C20.5975 7.6287 20.9158 7.49684 21.2478 7.49684C21.5797 7.49684 21.898 7.6287 22.1328 7.86342L33.3828 19.1134C33.4992 19.2295 33.5915 19.3675 33.6545 19.5193C33.7176 19.6712 33.75 19.834 33.75 19.9984C33.75 20.1628 33.7176 20.3256 33.6545 20.4775C33.5915 20.6294 33.4992 20.7673 33.3828 20.8834L22.1328 32.1334C21.8981 32.3681 21.5797 32.5 21.2478 32.5C20.9158 32.5 20.5975 32.3681 20.3628 32.1334C20.1281 31.8987 19.9962 31.5804 19.9962 31.2484C19.9962 30.9165 20.1281 30.5981 20.3628 30.3634L30.7303 19.9984Z\" fill=\"black\" \/>\n                            <\/svg>\n                        <\/div>\n                        <a href=\"https:\/\/thailandesim.com\/de\/esim\/koh-samui\/?attribute_pa_data-plan=dtac&#038;attribute_pa_validity=15-days\"><\/a>\n                    <\/div>\n                <\/div>\n                        <\/div>\n\n<\/div><\/div>\n\n\n<h2 class=\"wp-block-heading\" id=\"iv-tipps-und-empfehlungen-zum-kauf-einer-sim-karte-auf-koh-samui\">IV. Tipps und Empfehlungen zum Kauf einer SIM-Karte auf Koh Samui<\/h2>\n\n\n\n<p>Hier sind einige hilfreiche Tipps und Empfehlungen, damit Sie die beste SIM-Karte oder eSIM f\u00fcr Ihren Aufenthalt ausw\u00e4hlen:<\/p>\n\n\n\n<ul>\n<li><strong>Vergleichen Sie Anbieter und Tarife<\/strong>: AIS, TrueMove H und dtac bieten alle zuverl\u00e4ssige SIM-Pakete f\u00fcr Touristen mit unbegrenztem Datenvolumen und Zusatzleistungen an. Schauen Sie sich vor dem Kauf die Websites an oder besuchen Sie lokale Gesch\u00e4fte, um die Angebote zu vergleichen.<\/li>\n\n\n\n<li><strong>Reisepass erforderlich<\/strong>: In Thailand ist bei jedem SIM-Kartenkauf eine Registrierung mit dem Reisepass erforderlich, halten Sie also Ihren Ausweis bereit.<\/li>\n\n\n\n<li><strong>Ziehen Sie eSIM-Optionen in Betracht<\/strong>: Wenn Ihr Smartphone eSIM unterst\u00fctzt, ist dies eine bequeme, papierlose Wahl. Anbieter wie AIS und dtac bieten mittlerweile Touristen-eSIMs an, die sofort aktiviert werden k\u00f6nnen.<\/li>\n\n\n\n<li><strong>Achten Sie auf Tarife mit unbegrenztem Datenvolumen<\/strong>: Die meisten Touristen-SIM-Karten beinhalten unbegrenztes 4G\/5G-Datenvolumen, was perfekt f\u00fcr Navigation, soziale Medien und den Kontakt zu Freunden und Familie ist.<\/li>\n\n\n\n<li><strong>Pr\u00fcfen Sie die G\u00fcltigkeitsdauer<\/strong>: W\u00e4hlen Sie den Tarif entsprechend Ihrer Aufenthaltsdauer \u2013 5\u20138 Tage, 15 Tage oder 30 Tage \u2013, um das beste Preis-Leistungs-Verh\u00e4ltnis zu erhalten.<\/li>\n\n\n\n<li><strong>Fragen Sie nach Aufladem\u00f6glichkeiten<\/strong>: Stellen Sie bei l\u00e4ngeren Aufenthalten sicher, dass Ihr Tarif problemlos bei 7-Eleven oder FamilyMart aufgeladen werden kann.<\/li>\n\n\n\n<li><strong>Kaufen Sie bei seri\u00f6sen Anbietern<\/strong>: Halten Sie sich an offizielle Filialen der Netzbetreiber, gro\u00dfe Convenience-Ketten oder lizenzierte Gesch\u00e4fte, um gef\u00e4lschte oder abgelaufene SIM-Karten zu vermeiden.<\/li>\n\n\n\n<li><strong>Sichern Sie sich mit einem Backup ab<\/strong>: Halten Sie eine digitale Kopie Ihrer SIM-\/eSIM-Daten und der Kundendienstkontakte griffbereit, falls es zu Verlust oder Aktivierungsproblemen kommt.<\/li>\n<\/ul>\n\n\n\n<h2 class=\"wp-block-heading\" id=\"v-haufig-gestellte-fragen\">V. H\u00e4ufig gestellte Fragen<\/h2>\n\n\n<div id=\"rank-math-faq\" class=\"rank-math-block\">\n<div class=\"rank-math-list \">\n<div id=\"faq-question-1749209734265\" class=\"rank-math-list-item\">\n<h3 class=\"rank-math-question \"><strong>Wo kann ich auf Koh Samui eine SIM-Karte kaufen?<\/strong><\/h3>\n<div class=\"rank-math-answer \">\n\n<p>SIM-Karten sind erh\u00e4ltlich bei:<br \/>Offiziellen Mobilfunkshops: AIS, dtac und TrueMove H<br \/>Convenience-Stores: 7-Eleven, Family Mart<br \/>Kiosken am Flughafen<br \/>Kauf einer eSIM \u00fcber <a href=\"http:\/\/thailandesim.com\/de\" data-type=\"link\" data-id=\"http:\/\/thailandesim.com\/de\">thailandesim.com<\/a> anstelle einer physischen SIM-Karte<\/p>\n\n<\/div>\n<\/div>\n<div id=\"faq-question-1749209751411\" class=\"rank-math-list-item\">\n<h3 class=\"rank-math-question \"><strong>Welcher Anbieter ist der beste auf Koh Samui?<\/strong><\/h3>\n<div class=\"rank-math-answer \">\n\n<p>Alle drei gro\u00dfen Anbieter \u2013 AIS, TrueMove H und dtac \u2013 bieten in den meisten Touristengebieten eine zuverl\u00e4ssige Netzabdeckung. AIS wird oft f\u00fcr sein umfangreiches 4G\/5G-Netz auf der Insel gelobt, aber auch TrueMove H und dtac verf\u00fcgen \u00fcber eine solide Netzabdeckung.<\/p>\n\n<\/div>\n<\/div>\n<div id=\"faq-question-1749209769068\" class=\"rank-math-list-item\">\n<h3 class=\"rank-math-question \"><strong>Muss ich meinen Ausweis vorzeigen, um eine SIM-Karte zu kaufen?<\/strong><\/h3>\n<div class=\"rank-math-answer \">\n\n<p>Ja, nach thail\u00e4ndischem Recht m\u00fcssen Sie Ihre SIM-Karte mit einem g\u00fcltigen Reisepass registrieren. Halten Sie diesen beim Kauf bereit<\/p>\n\n<\/div>\n<\/div>\n<div id=\"faq-question-1749209795309\" class=\"rank-math-list-item\">\n<h3 class=\"rank-math-question \"><strong>Funktioniert mein Handy mit thail\u00e4ndischen SIM-Karten?<\/strong><\/h3>\n<div class=\"rank-math-answer \">\n\n<p>Ihr Handy muss entsperrt sein, um eine thail\u00e4ndische SIM-Karte nutzen zu k\u00f6nnen. Die meisten modernen Smartphones sind mit thail\u00e4ndischen Netzen kompatibel, die die Standard-GSM-Technologie verwenden.<\/p>\n\n<\/div>\n<\/div>\n<div id=\"faq-question-1749209809236\" class=\"rank-math-list-item\">\n<h3 class=\"rank-math-question \"><strong>Kann ich eine eSIM anstelle einer SIM-Karte verwenden?<\/strong><\/h3>\n<div class=\"rank-math-answer \">\n\n<p>Ja, Besucher k\u00f6nnen eine eSIM nutzen, um auf Koh Samui in Verbindung zu bleiben. Ziehen Sie die eSIM von <a href=\"http:\/\/thailandesim.com\/de\" data-type=\"link\" data-id=\"http:\/\/thailandesim.com\/de\">thailandesim.com<\/a> in Betracht, die g\u00fcnstige Preise und vielf\u00e4ltige eSIM-Tarife bietet.<\/p>\n\n<\/div>\n<\/div>\n<\/div>\n<\/div>\n\n\n<h2 class=\"wp-block-heading\" id=\"vi-fazit\">VI. Fazit<\/h2>\n\n\n\n<p>Der Kauf einer SIM-Karte auf Koh Samui ist einfach und erschwinglich: Touristen-SIM-Karten kosten je nach Aufenthaltsdauer zwischen 10 und 34 US-Dollar f\u00fcr unbegrenztes Datenvolumen. AIS, TrueMove H und dtac bieten eine zuverl\u00e4ssige Netzabdeckung. Denken Sie daran, die Karte in seri\u00f6sen Gesch\u00e4ften zu kaufen, Ihren Reisepass zur Registrierung mitzubringen und eine eSIM in Betracht zu ziehen, falls Ihr Smartphone diese unterst\u00fctzt. Genie\u00dfen Sie nahtlose Konnektivit\u00e4t w\u00e4hrend Ihrer Inselabenteuer!<\/p>\n","protected":false},"excerpt":{"rendered":"<p>Auf Koh Samui mit einer lokalen SIM-Karte in Verbindung zu bleiben, ist eine der kl\u00fcgsten Entscheidungen f\u00fcr Besucher der Insel. In diesem Leitfaden geben wir Ihnen Insidertipps von Einheimischen, wie Sie auf Koh Samui eine SIM-Karte kaufen k\u00f6nnen: wo Sie die besten Preise finden und welche Tarife Sie w\u00e4hlen sollten, damit Sie sich ganz auf [&#8230;]\n","protected":false},"author":15,"featured_media":1233,"parent":1225,"menu_order":0,"comment_status":"closed","ping_status":"closed","template":"page-right-sidebar.php","meta":{"_acf_changed":false,"inline_featured_image":false,"footnotes":""},"acf":[],"_links":{"self":[{"href":"https:\/\/thailandesim.com\/de\/wp-json\/wp\/v2\/pages\/1231"}],"collection":[{"href":"https:\/\/thailandesim.com\/de\/wp-json\/wp\/v2\/pages"}],"about":[{"href":"https:\/\/thailandesim.com\/de\/wp-json\/wp\/v2\/types\/page"}],"author":[{"embeddable":true,"href":"https:\/\/thailandesim.com\/de\/wp-json\/wp\/v2\/users\/15"}],"replies":[{"embeddable":true,"href":"https:\/\/thailandesim.com\/de\/wp-json\/wp\/v2\/comments?post=1231"}],"version-history":[{"count":3,"href":"https:\/\/thailandesim.com\/de\/wp-json\/wp\/v2\/pages\/1231\/revisions"}],"predecessor-version":[{"id":1299,"href":"https:\/\/thailandesim.com\/de\/wp-json\/wp\/v2\/pages\/1231\/revisions\/1299"}],"up":[{"embeddable":true,"href":"https:\/\/thailandesim.com\/de\/wp-json\/wp\/v2\/pages\/1225"}],"wp:featuredmedia":[{"embeddable":true,"href":"https:\/\/thailandesim.com\/de\/wp-json\/wp\/v2\/media\/1233"}],"wp:attachment":[{"href":"https:\/\/thailandesim.com\/de\/wp-json\/wp\/v2\/media?parent=1231"}],"curies":[{"name":"wp","href":"https:\/\/api.w.org\/{rel}","templated":true}]}}