{"id":1228,"date":"2025-06-08T02:45:09","date_gmt":"2025-06-08T02:45:09","guid":{"rendered":"https:\/\/thailandesim.com\/?page_id=35987"},"modified":"2026-03-24T10:11:42","modified_gmt":"2026-03-24T10:11:42","slug":"ayutthaya","status":"publish","type":"page","link":"https:\/\/thailandesim.com\/de\/sim-cards\/ayutthaya\/","title":{"rendered":"So kauft man eine SIM-Karte in Ayutthaya: Tipps von Einheimischen"},"content":{"rendered":"\n<p>Sie besuchen Ayutthaya und m\u00f6chten mobil bleiben? In Ayutthaya eine SIM-Karte zu kaufen ist ganz einfach, denn es gibt zahlreiche Angebote von Thailands f\u00fchrenden Anbietern. Ganz gleich, ob Sie antike Tempel erkunden oder die lokalen M\u00e4rkte genie\u00dfen m\u00f6chten \u2013 mit einer SIM-Karte mit Datenpaket k\u00f6nnen Sie sich orientieren, Fotos teilen und in Kontakt bleiben. Hier erfahren Sie, wie Sie in Ayutthaya eine SIM-Karte kaufen, und erhalten Tipps von Einheimischen, die Ihnen helfen, die besten Angebote zu finden.<\/p>\n\n\n\n<figure class=\"wp-block-image size-large\"><img decoding=\"async\" src=\"https:\/\/thailandesim.com\/wp-content\/uploads\/2025\/06\/How-to-buy-a-SIM-Card-in-NYC-3-1024x683.jpg\" alt=\"SIM card in Ayutthaya\" class=\"wp-image-35989\"\/><\/figure>\n\n\n\n<div class=\"wp-block-rank-math-toc-block\" id=\"rank-math-toc\"><h2>Table of Contents<\/h2><nav><div><div><a href=\"#i-sim-karten-fur-touristen-in-ayutthaya\">I. SIM-Karten f\u00fcr Touristen in Ayutthaya<\/a><\/div><div><a href=\"#ii-wo-kann-man-in-ayutthaya-eine-thailandische-sim-karte-e-sim-kaufen\">II. Wo kann man in Ayutthaya eine thail\u00e4ndische SIM-Karte\/eSIM kaufen?<\/a><\/div><div><a href=\"#iii-ayutthaya-e-sim-fur-reisende-eine-clevere-alternative\">III. Ayutthaya eSIM f\u00fcr Reisende \u2013 eine clevere Alternative<\/a><\/div><div><a href=\"#v-fa-qs\">V. FAQs<\/a><\/div><div><a href=\"#vi-fazit\">VI. Fazit<\/a><\/div><\/div><\/nav><\/div>\n\n\n\n<h2 class=\"wp-block-heading\" id=\"i-sim-karten-fur-touristen-in-ayutthaya\">I. SIM-Karten f\u00fcr Touristen in Ayutthaya<\/h2>\n\n\n\n<h3 class=\"wp-block-heading\">1. Arten von thail\u00e4ndischen SIM-Karten in Ayutthaya<\/h3>\n\n\n\n<p>Besucher haben in Ayutthaya die Wahl zwischen verschiedenen Arten von SIM-Karten:<\/p>\n\n\n\n<ul>\n<li><strong>Lokale Prepaid-SIM-Karte<\/strong> \u2013 Ideal f\u00fcr Einheimische und Langzeitreisende in Thailand. Diese SIM-Karten sind preiswert und bieten Sprach- und Datentarife von f\u00fchrenden Anbietern wie AIS, dtac und TrueMove H.<\/li>\n\n\n\n<li><strong>Prepaid-SIM-Karte f\u00fcr Touristen<\/strong> \u2013 Diese SIM-Karten wurden speziell f\u00fcr Besucher Thailands entwickelt, darunter auch f\u00fcr diejenigen, die nach Ayutthaya reisen. Sie bieten in der Regel unbegrenztes Datenvolumen, kostenlose Auslandsgespr\u00e4che und weitere Vorteile, um den Bed\u00fcrfnissen von Reisenden gerecht zu werden.<\/li>\n\n\n\n<li><strong>Reine Daten-SIM-Karte<\/strong> \u2013 Eine hervorragende Option f\u00fcr Kurzzeit-Touristen, die lediglich Internetzugang ben\u00f6tigen. Diese SIM-Karten eignen sich perfekt, um Ayutthaya zu erkunden, ohne Anrufe oder SMS zu t\u00e4tigen.<\/li>\n<\/ul>\n\n\n\n<figure class=\"wp-block-image size-large\"><img decoding=\"async\" src=\"https:\/\/thailandesim.com\/wp-content\/uploads\/2025\/06\/2-1024x683.jpg\" alt=\"physical SIM card\" class=\"wp-image-35902\"\/><figcaption class=\"wp-element-caption\">Physische SIM-Karte<\/figcaption><\/figure>\n\n\n\n<h3 class=\"wp-block-heading\">2. Was ben\u00f6tige ich, um in Ayutthaya eine Touristen-SIM-Karte zu kaufen?<\/h3>\n\n\n\n<p>Um in Ayutthaya eine lokale SIM-Karte zu kaufen, m\u00fcssen Besucher Folgendes mitbringen:<\/p>\n\n\n\n<ul>\n<li>Stellen Sie sicher, dass Ihr Handy entsperrt ist und in Thailand problemlos funktioniert.<\/li>\n\n\n\n<li>Ausweis (Personalausweis\/Reisepass)<\/li>\n\n\n\n<li>Bargeld, falls vorhanden.<\/li>\n<\/ul>\n\n\n\n<h3 class=\"wp-block-heading\">3. Preisspanne f\u00fcr Touristen-SIM-Karten in Ayutthaya<\/h3>\n\n\n\n<p>Thailands f\u00fchrende Mobilfunkanbieter bieten Prepaid-Touristen-SIM-Karten mit unbegrenztem 5G\/4G-Datenvolumen, kostenlosen Ortsgespr\u00e4chen und einigen Auslandsgespr\u00e4chen sowie zus\u00e4tzlichen Vorteilen wie WLAN und Bonusguthaben an. Ab Mitte 2025 gilt die folgende Preisspanne:<\/p>\n\n\n\n<figure class=\"wp-block-table\"><table><thead><tr><td><strong>Faktoren<\/strong><\/td><td><strong>Thailand eSIM<\/strong><\/td><td><strong>Thailand SIM-Karten<\/strong><\/td><\/tr><\/thead><tbody><tr><td><strong>\u00c4hnlichkeiten<\/strong><\/td><td>Beides sind SIM-Funktionen \u2013 F\u00e4higkeit, sich mit dem Mobilfunknetz in Thailand zu verbinden und \u00fcberall in Thailand online zu bleiben.<\/td><td>Beides sind SIM-Funktionen \u2013 F\u00e4higkeit, sich mit dem Mobilfunknetz in Thailand zu verbinden und \u00fcberall in Thailand online zu bleiben.<\/td><\/tr><tr><td><strong>Form<\/strong><\/td><td>Eingebettete SIM im Ger\u00e4t, die es Benutzern erm\u00f6glicht, einen Datentarif zu aktivieren, ohne eine physische Karte zu ben\u00f6tigen.<\/td><td>Abholung im Gesch\u00e4ft oder Versand zu Ihnen nach Hause.<\/td><\/tr><tr><td><strong>Wo zu kaufen<\/strong><\/td><td>Online<\/td><td>Abholung im Gesch\u00e4ft ho\u1eb7c Versand zu Ihnen nach Hause.<\/td><\/tr><tr><td><strong>Vorteile (Pros)<\/strong><\/td><td>\u2022 <strong>Bequemlichkeit:<\/strong> eSIM ist fest verbaut. Kauf und Download \u00dcBERALL m\u00f6glich (mit Internet). Aktivierung direkt nach der Landung.<br>\u2022 <strong>Sicherheit:<\/strong> Keine physische Besch\u00e4digung ho\u1eb7c Verlust m\u00f6glich.<br>\u2022 <strong>Mehr Optionen:<\/strong> Vielf\u00e4ltige Daten- und G\u00fcltigkeitsoptionen, inklusive unbegrenzter Tarife.<br>\u2022 <strong>Einfacher Support:<\/strong> Bei Problemen reicht die Bestell-ID zur \u00dcberpr\u00fcfung aus.<\/td><td>\u2022 <strong>Austauschbarkeit:<\/strong> Wenn der Akku leer ist, kann die SIM in ein anderes entsperrtes Ger\u00e4t eingesetzt werden.<br>\u2022 <strong>Ohne Internet kaufbar:<\/strong> In lokalen M\u00e4rkten oder Convenience-Stores erh\u00e4ltlich. Manchmal g\u00fcnstiger als eSIMs.<\/td><\/tr><tr><td><strong>Nachteile (Cons)<\/strong><\/td><td>\u2022 <strong>Erfordert neuere Modelle:<\/strong> Kompatibilit\u00e4t des Ger\u00e4ts muss vor dem Kauf gepr\u00fcft werden.<\/td><td>\u2022 <strong>Verlustrisiko:<\/strong> Die Karte kann verloren gehen ho\u1eb7c besch\u00e4digt werden, wenn sie aus dem Ger\u00e4t genommen wird.<\/td><\/tr><\/tbody><\/table><\/figure>\n\n\n<div class=\"lazyblock-ggg-custom-block-Z1g4i8X wp-block-lazyblock-ggg-custom-block\"><div class=\"ggg-custom-shortcode gigago-block-blue\">\n    <div class=\"ggg-shortcode-content\">\n        <p>\u2728Der Preis kann je nach Anbieter variieren; bitte informiere dich vor dem Kauf auf der Website des Anbieters \u00fcber die aktuellen Preise.<\/p>    <\/div>\n<\/div><\/div>\n\n\n<h2 class=\"wp-block-heading\" id=\"ii-wo-kann-man-in-ayutthaya-eine-thailandische-sim-karte-e-sim-kaufen\">II. Wo kann man in Ayutthaya eine thail\u00e4ndische SIM-Karte\/eSIM kaufen?<\/h2>\n\n\n\n<p>Um in Ayutthaya eine SIM-Karte zu kaufen, k\u00f6nnen Besucher diese an den Flugh\u00e4fen oder in Ladengesch\u00e4ften erwerben. Beachten Sie unsere folgenden Empfehlungen:<\/p>\n\n\n\n<ul>\n<li><strong>Thailand International Airport: <\/strong>Die Telekommunikationsgesch\u00e4fte am Flughafen bieten Prepaid-SIM-Karten f\u00fcr Touristen an.<\/li>\n<\/ul>\n\n\n\n<p><em>\u2728 Erfahren Sie mehr \u00fcber <\/em><a href=\"https:\/\/thailandesim.com\/de\/airports-sim-card\/\" data-type=\"link\" data-id=\"https:\/\/thailandesim.com\/de\/airports-sim-card\/\"><em>den Erwerb einer SIM-Karte und eSIM an thail\u00e4ndischen Flugh\u00e4fen\/Grenz\u00fcberg\u00e4ngen nach Provinzen<\/em><\/a><\/p>\n\n\n\n<ul>\n<li><strong>Convenience-Stores<\/strong>: 7-Eleven ist in der ganzen Stadt weit verbreitet und verkauft auch Touristen-SIM-Karten.<\/li>\n\n\n\n<li><strong>Offizielle Filialen der Mobilfunkbetreiber:<\/strong> Sie k\u00f6nnen die lokalen Filialen von Mobilfunkbetreibern wie AIS, True Move H und dtac besuchen, um eine SIM-Karte zu kaufen.<\/li>\n<\/ul>\n\n\n\n<figure class=\"wp-block-image size-large\"><img decoding=\"async\" src=\"https:\/\/thailandesim.com\/wp-content\/uploads\/2024\/09\/Mobile-operators-kios-at-the-airport-1024x768.jpg\" alt=\"You can purchase a tourist SIM card at mobile operators' kiosk at the airport\" class=\"wp-image-25229\"\/><figcaption class=\"wp-element-caption\">Sie k\u00f6nnen eine Touristen-SIM-Karte an den St\u00e4nden der Mobilfunkanbieter am Flughafen kaufen<\/figcaption><\/figure>\n\n\n\n<h2 class=\"wp-block-heading\" id=\"iii-ayutthaya-e-sim-fur-reisende-eine-clevere-alternative\">III. Ayutthaya eSIM f\u00fcr Reisende \u2013 eine clevere Alternative<\/h2>\n\n\n\n<p>Fr\u00fcher nutzten Besucher von Ayutthaya physische SIM-Karten, um sich mit dem Internet zu verbinden. Die Ayutthaya eSIM hat jedoch den Internetzugang durch ihre Bequemlichkeit, Flexibilit\u00e4t und benutzerfreundliche Einrichtung revolutioniert. F\u00fcr eine schnelle und zuverl\u00e4ssige Verbindung sollten Besucher die Nutzung der Ayutthaya eSIM in Betracht ziehen, um Zeit zu sparen und Unannehmlichkeiten zu vermeiden.<\/p>\n\n\n\n<p><a href=\"http:\/\/thailandesim.com\/\">Thailandesim.com<\/a> bietet verschiedene eSIM-Tarife f\u00fcr Ayutthaya an, die Ihre Datenl\u00f6sung sein k\u00f6nnten:<\/p>\n\n\n\n<ul>\n<li>Sie kann online gekauft und vor der Ankunft in Thailand installiert werden, sodass Sie sich am Flughafen nicht in der Schlange anstellen m\u00fcssen, um eine SIM-Karte zu kaufen.<\/li>\n\n\n\n<li>F\u00fcr die Registrierung ist kein Reisepass erforderlich.<\/li>\n\n\n\n<li>Es stehen zahlreiche Tarife zur Auswahl.<\/li>\n\n\n\n<li>Unterst\u00fctzt 5G-Netzwerke.<\/li>\n<\/ul>\n\n\n\n<p><strong>Tarife, die Sie interessieren k\u00f6nnten<\/strong>:<\/p>\n\n\n<div class=\"lazyblock-cta-show-product-2nL7Av wp-block-lazyblock-cta-show-product\"><div class=\"cta-show-products mb-6\">\n    <div class=\"row vnb-esim-rows\" data-elementor-columns=\"3\" data-elementor-columns-tablet=\"2\" data-elementor-columns-mobile=\"1\">\n                                                <div class=\"column-item\">\n                    <div class=\"vnb-cta-show-product-item\">\n                        <div class=\"product-info\">\n                            <div class=\"product-transition\">\n                                                                <img decoding=\"async\" src=\"https:\/\/thailandesim.com\/vnb-data\/media\/flag\/th.png\" alt=\"eSIM-Tarif f\u00fcr Ayutthaya (8 Tage)\">\n                            <\/div>\n                            <div class=\"product-caption\">\n                                <div class=\"country\">eSIM-Tarif f\u00fcr Ayutthaya (8 Tage)<\/div>\n                                <div class=\"from-price\">\n                                    <span class=\"title-price\" style=\"text-transform: capitalize;\">\n                                                                            <\/span>\n                                    <span class=\"text-price\">\n                                        &#36;15.90                                    <\/span>\n                                <\/div>\n                            <\/div>\n                        <\/div>\n                        <div class=\"icon\">\n                            <svg width=\"40\" height=\"40\" viewBox=\"0 0 40 40\" fill=\"none\" xmlns=\"http:\/\/www.w3.org\/2000\/svg\">\n                                <path d=\"M31.25 21.25L6.25 21.25C5.91848 21.25 5.60054 21.1183 5.36612 20.8839C5.1317 20.6495 5 20.3315 5 20C5 19.6685 5.1317 19.3505 5.36612 19.1161C5.60054 18.8817 5.91848 18.75 6.25 18.75L31.25 18.75C31.5815 18.75 31.8995 18.8817 32.1339 19.1161C32.3683 19.3505 32.5 19.6685 32.5 20C32.5 20.3315 32.3683 20.6495 32.1339 20.8839C31.8995 21.1183 31.5815 21.25 31.25 21.25Z\" fill=\"black\" \/>\n                                <path d=\"M30.7303 19.9984L20.3628 9.63342C20.128 9.3987 19.9962 9.08036 19.9962 8.74842C19.9962 8.41648 20.128 8.09813 20.3628 7.86342C20.5975 7.6287 20.9158 7.49684 21.2478 7.49684C21.5797 7.49684 21.898 7.6287 22.1328 7.86342L33.3828 19.1134C33.4992 19.2295 33.5915 19.3675 33.6545 19.5193C33.7176 19.6712 33.75 19.834 33.75 19.9984C33.75 20.1628 33.7176 20.3256 33.6545 20.4775C33.5915 20.6294 33.4992 20.7673 33.3828 20.8834L22.1328 32.1334C21.8981 32.3681 21.5797 32.5 21.2478 32.5C20.9158 32.5 20.5975 32.3681 20.3628 32.1334C20.1281 31.8987 19.9962 31.5804 19.9962 31.2484C19.9962 30.9165 20.1281 30.5981 20.3628 30.3634L30.7303 19.9984Z\" fill=\"black\" \/>\n                            <\/svg>\n                        <\/div>\n                        <a href=\"https:\/\/thailandesim.com\/de\/esim\/ayutthaya\/?attribute_pa_data-plan=dtac&#038;attribute_pa_validity=8-days\"><\/a>\n                    <\/div>\n                <\/div>\n                                                            <div class=\"column-item\">\n                    <div class=\"vnb-cta-show-product-item\">\n                        <div class=\"product-info\">\n                            <div class=\"product-transition\">\n                                                                <img decoding=\"async\" src=\"https:\/\/thailandesim.com\/vnb-data\/media\/flag\/th.png\" alt=\"eSIM-Tarif f\u00fcr Ayutthaya (10 Tage)\">\n                            <\/div>\n                            <div class=\"product-caption\">\n                                <div class=\"country\">eSIM-Tarif f\u00fcr Ayutthaya (10 Tage)<\/div>\n                                <div class=\"from-price\">\n                                    <span class=\"title-price\" style=\"text-transform: capitalize;\">\n                                                                            <\/span>\n                                    <span class=\"text-price\">\n                                        &#36;15.90                                    <\/span>\n                                <\/div>\n                            <\/div>\n                        <\/div>\n                        <div class=\"icon\">\n                            <svg width=\"40\" height=\"40\" viewBox=\"0 0 40 40\" fill=\"none\" xmlns=\"http:\/\/www.w3.org\/2000\/svg\">\n                                <path d=\"M31.25 21.25L6.25 21.25C5.91848 21.25 5.60054 21.1183 5.36612 20.8839C5.1317 20.6495 5 20.3315 5 20C5 19.6685 5.1317 19.3505 5.36612 19.1161C5.60054 18.8817 5.91848 18.75 6.25 18.75L31.25 18.75C31.5815 18.75 31.8995 18.8817 32.1339 19.1161C32.3683 19.3505 32.5 19.6685 32.5 20C32.5 20.3315 32.3683 20.6495 32.1339 20.8839C31.8995 21.1183 31.5815 21.25 31.25 21.25Z\" fill=\"black\" \/>\n                                <path d=\"M30.7303 19.9984L20.3628 9.63342C20.128 9.3987 19.9962 9.08036 19.9962 8.74842C19.9962 8.41648 20.128 8.09813 20.3628 7.86342C20.5975 7.6287 20.9158 7.49684 21.2478 7.49684C21.5797 7.49684 21.898 7.6287 22.1328 7.86342L33.3828 19.1134C33.4992 19.2295 33.5915 19.3675 33.6545 19.5193C33.7176 19.6712 33.75 19.834 33.75 19.9984C33.75 20.1628 33.7176 20.3256 33.6545 20.4775C33.5915 20.6294 33.4992 20.7673 33.3828 20.8834L22.1328 32.1334C21.8981 32.3681 21.5797 32.5 21.2478 32.5C20.9158 32.5 20.5975 32.3681 20.3628 32.1334C20.1281 31.8987 19.9962 31.5804 19.9962 31.2484C19.9962 30.9165 20.1281 30.5981 20.3628 30.3634L30.7303 19.9984Z\" fill=\"black\" \/>\n                            <\/svg>\n                        <\/div>\n                        <a href=\"https:\/\/thailandesim.com\/de\/esim\/ayutthaya\/?attribute_pa_data-plan=50gb-true&#038;attribute_pa_validity=10-days\"><\/a>\n                    <\/div>\n                <\/div>\n                                                            <div class=\"column-item\">\n                    <div class=\"vnb-cta-show-product-item\">\n                        <div class=\"product-info\">\n                            <div class=\"product-transition\">\n                                                                <img decoding=\"async\" src=\"https:\/\/thailandesim.com\/vnb-data\/media\/flag\/th.png\" alt=\"eSIM-Tarif f\u00fcr Ayutthaya (15 Tage)\">\n                            <\/div>\n                            <div class=\"product-caption\">\n                                <div class=\"country\">eSIM-Tarif f\u00fcr Ayutthaya (15 Tage)<\/div>\n                                <div class=\"from-price\">\n                                    <span class=\"title-price\" style=\"text-transform: capitalize;\">\n                                                                            <\/span>\n                                    <span class=\"text-price\">\n                                        &#36;24.90                                    <\/span>\n                                <\/div>\n                            <\/div>\n                        <\/div>\n                        <div class=\"icon\">\n                            <svg width=\"40\" height=\"40\" viewBox=\"0 0 40 40\" fill=\"none\" xmlns=\"http:\/\/www.w3.org\/2000\/svg\">\n                                <path d=\"M31.25 21.25L6.25 21.25C5.91848 21.25 5.60054 21.1183 5.36612 20.8839C5.1317 20.6495 5 20.3315 5 20C5 19.6685 5.1317 19.3505 5.36612 19.1161C5.60054 18.8817 5.91848 18.75 6.25 18.75L31.25 18.75C31.5815 18.75 31.8995 18.8817 32.1339 19.1161C32.3683 19.3505 32.5 19.6685 32.5 20C32.5 20.3315 32.3683 20.6495 32.1339 20.8839C31.8995 21.1183 31.5815 21.25 31.25 21.25Z\" fill=\"black\" \/>\n                                <path d=\"M30.7303 19.9984L20.3628 9.63342C20.128 9.3987 19.9962 9.08036 19.9962 8.74842C19.9962 8.41648 20.128 8.09813 20.3628 7.86342C20.5975 7.6287 20.9158 7.49684 21.2478 7.49684C21.5797 7.49684 21.898 7.6287 22.1328 7.86342L33.3828 19.1134C33.4992 19.2295 33.5915 19.3675 33.6545 19.5193C33.7176 19.6712 33.75 19.834 33.75 19.9984C33.75 20.1628 33.7176 20.3256 33.6545 20.4775C33.5915 20.6294 33.4992 20.7673 33.3828 20.8834L22.1328 32.1334C21.8981 32.3681 21.5797 32.5 21.2478 32.5C20.9158 32.5 20.5975 32.3681 20.3628 32.1334C20.1281 31.8987 19.9962 31.5804 19.9962 31.2484C19.9962 30.9165 20.1281 30.5981 20.3628 30.3634L30.7303 19.9984Z\" fill=\"black\" \/>\n                            <\/svg>\n                        <\/div>\n                        <a href=\"https:\/\/thailandesim.com\/de\/esim\/ayutthaya\/?attribute_pa_data-plan=dtac&#038;attribute_pa_validity=15-days\"><\/a>\n                    <\/div>\n                <\/div>\n                        <\/div>\n\n<\/div><\/div>\n\n\n<h2 class=\"wp-block-heading\" id=\"iv-tipps-und-empfehlungen-zum-kauf-einer-sim-karte-in-ayutthaya\">IV. Tipps und Empfehlungen zum Kauf einer SIM-Karte in Ayutthaya<\/h2>\n\n\n\n<p>Hier sind einige hilfreiche Tipps und Empfehlungen, damit Sie die beste SIM-Karte oder eSIM f\u00fcr Ihren Aufenthalt in Ayutthaya finden:<\/p>\n\n\n\n<p><strong>Bezugsquellen<\/strong>:<\/p>\n\n\n\n<ul>\n<li>Lokale Gesch\u00e4fte und Convenience-Stores (wie 7-Eleven) bieten oft SIM-Karten zu erschwinglichen Preisen an.<\/li>\n\n\n\n<li>In den Filialen der Mobilfunkanbieter erhalten Sie umfassende Unterst\u00fctzung und Hilfe bei der Einrichtung.<\/li>\n<\/ul>\n\n\n\n<p><strong>Bringen Sie Ihren Reisepass mit<\/strong>: Nach thail\u00e4ndischem Recht f\u00fcr die Registrierung der SIM-Karte erforderlich.<\/p>\n\n\n\n<p><strong>Ziehen Sie eSIMs in Betracht<\/strong>: Schnelle, digitale Aktivierung per QR-Code, kein Besuch in einem Gesch\u00e4ft erforderlich und ideal f\u00fcr Reisende mit kompatiblen Handys.<\/p>\n\n\n\n<p><strong>Pr\u00fcfen Sie Ihr Ger\u00e4t und Ihre Anforderungen<\/strong>:<\/p>\n\n\n\n<ul>\n<li>Stellen Sie sicher, dass Ihr Handy entsperrt ist und thail\u00e4ndische SIM-Karten\/eSIMs unterst\u00fctzt.<\/li>\n\n\n\n<li>Entscheiden Sie, ob Sie Sprachanrufe oder nur Daten ben\u00f6tigen \u2013 viele eSIMs sind rein datenbasiert.<\/li>\n<\/ul>\n\n\n\n<h2 class=\"wp-block-heading\" id=\"v-fa-qs\">V. FAQs<\/h2>\n\n\n<div id=\"rank-math-faq\" class=\"rank-math-block\">\n<div class=\"rank-math-list \">\n<div id=\"faq-question-1749209734265\" class=\"rank-math-list-item\">\n<h3 class=\"rank-math-question \">Wo kann ich in Ayutthaya eine SIM-Karte kaufen?<\/h3>\n<div class=\"rank-math-answer \">\n\n<p>Lokale SIM-Karten sind an folgenden Orten erh\u00e4ltlich:<br \/>Offizielle Mobilfunkgesch\u00e4fte: AIS, dtac, u0026amp; TrueMove H<br \/>Convenience-Stores: 7-Eleven, Family Mart<br \/>Kioske am Flughafen<br \/>Kauf einer eSIM \u00fcber <a href=\"http:\/\/thailandesim.com\/de\" data-type=\"link\" data-id=\"http:\/\/thailandesim.com\/de\">thailandesim.com<\/a> anstelle einer physischen SIM-Karte<\/p>\n\n<\/div>\n<\/div>\n<div id=\"faq-question-1749209751411\" class=\"rank-math-list-item\">\n<h3 class=\"rank-math-question \"><strong>Welcher Anbieter ist der beste in Ayutthaya?<\/strong><\/h3>\n<div class=\"rank-math-answer \">\n\n<p>Alle drei gro\u00dfen Anbieter \u2013 AIS, TrueMove H und dtac \u2013 bieten in den meisten Touristengebieten eine zuverl\u00e4ssige Netzabdeckung. AIS wird oft f\u00fcr sein fl\u00e4chendeckendes 4G\/5G-Netz auf der Insel gelobt, aber auch TrueMove H und dtac verf\u00fcgen \u00fcber eine solide Netzabdeckung.<\/p>\n\n<\/div>\n<\/div>\n<div id=\"faq-question-1749209769068\" class=\"rank-math-list-item\">\n<h3 class=\"rank-math-question \"><strong>Muss ich meinen Ausweis vorlegen, um eine SIM-Karte zu kaufen?<\/strong><\/h3>\n<div class=\"rank-math-answer \">\n\n<p>Ja, nach thail\u00e4ndischem Recht m\u00fcssen Sie Ihre SIM-Karte mit einem g\u00fcltigen Reisepass registrieren. Halten Sie diesen beim Kauf bereit<\/p>\n\n<\/div>\n<\/div>\n<div id=\"faq-question-1749209795309\" class=\"rank-math-list-item\">\n<h3 class=\"rank-math-question \"><strong>Funktioniert mein Handy mit thail\u00e4ndischen SIM-Karten?<\/strong><\/h3>\n<div class=\"rank-math-answer \">\n\n<p>Ihr Handy muss entsperrt sein, um eine thail\u00e4ndische SIM-Karte nutzen zu k\u00f6nnen. Die meisten modernen Smartphones sind mit thail\u00e4ndischen Netzen kompatibel, die die Standard-GSM-Technologie verwenden.<\/p>\n\n<\/div>\n<\/div>\n<div id=\"faq-question-1749209809236\" class=\"rank-math-list-item\">\n<h3 class=\"rank-math-question \"><strong>Kann ich eine eSIM anstelle einer SIM-Karte verwenden?<\/strong><\/h3>\n<div class=\"rank-math-answer \">\n\n<p>Ja, Besucher k\u00f6nnen eine eSIM nutzen, um in Ayutthaya in Verbindung zu bleiben. Ziehen Sie die eSIM von thailandesim.com in Betracht, die g\u00fcnstige Preise und vielf\u00e4ltige eSIM-Tarife bietet.<\/p>\n\n<\/div>\n<\/div>\n<\/div>\n<\/div>\n\n\n<h2 class=\"wp-block-heading\" id=\"vi-fazit\">VI. Fazit<\/h2>\n\n\n\n<p>Eine SIM-Karte in Ayutthaya zu besorgen ist einfach und g\u00fcnstig, egal ob Sie sich f\u00fcr eine physische SIM-Karte aus einem lokalen Gesch\u00e4ft oder eine praktische eSIM entscheiden. F\u00fchrende Anbieter wie AIS, TrueMove H und dtac bieten eine zuverl\u00e4ssige Netzabdeckung, verschiedene Datenpakete und einfache Aufladem\u00f6glichkeiten. Vergessen Sie nicht, Ihren Reisepass f\u00fcr die Registrierung bereitzuhalten. F\u00fcr eine schnelle und unkomplizierte Einrichtung sollten Sie den Kauf einer eSIM bei thailandesim.com in Betracht ziehen, wo flexible Tarife und sofortige Aktivierung angeboten werden. In Ayutthaya in Verbindung zu bleiben war noch nie so einfach!<\/p>\n","protected":false},"excerpt":{"rendered":"<p>Sie besuchen Ayutthaya und m\u00f6chten mobil bleiben? In Ayutthaya eine SIM-Karte zu kaufen ist ganz einfach, denn es gibt zahlreiche Angebote von Thailands f\u00fchrenden Anbietern. Ganz gleich, ob Sie antike Tempel erkunden oder die lokalen M\u00e4rkte genie\u00dfen m\u00f6chten \u2013 mit einer SIM-Karte mit Datenpaket k\u00f6nnen Sie sich orientieren, Fotos teilen und in Kontakt bleiben. Hier [&#8230;]\n","protected":false},"author":15,"featured_media":1230,"parent":1225,"menu_order":0,"comment_status":"closed","ping_status":"closed","template":"page-right-sidebar.php","meta":{"_acf_changed":false,"inline_featured_image":false,"footnotes":""},"acf":[],"_links":{"self":[{"href":"https:\/\/thailandesim.com\/de\/wp-json\/wp\/v2\/pages\/1228"}],"collection":[{"href":"https:\/\/thailandesim.com\/de\/wp-json\/wp\/v2\/pages"}],"about":[{"href":"https:\/\/thailandesim.com\/de\/wp-json\/wp\/v2\/types\/page"}],"author":[{"embeddable":true,"href":"https:\/\/thailandesim.com\/de\/wp-json\/wp\/v2\/users\/15"}],"replies":[{"embeddable":true,"href":"https:\/\/thailandesim.com\/de\/wp-json\/wp\/v2\/comments?post=1228"}],"version-history":[{"count":3,"href":"https:\/\/thailandesim.com\/de\/wp-json\/wp\/v2\/pages\/1228\/revisions"}],"predecessor-version":[{"id":1297,"href":"https:\/\/thailandesim.com\/de\/wp-json\/wp\/v2\/pages\/1228\/revisions\/1297"}],"up":[{"embeddable":true,"href":"https:\/\/thailandesim.com\/de\/wp-json\/wp\/v2\/pages\/1225"}],"wp:featuredmedia":[{"embeddable":true,"href":"https:\/\/thailandesim.com\/de\/wp-json\/wp\/v2\/media\/1230"}],"wp:attachment":[{"href":"https:\/\/thailandesim.com\/de\/wp-json\/wp\/v2\/media?parent=1228"}],"curies":[{"name":"wp","href":"https:\/\/api.w.org\/{rel}","templated":true}]}}