{"id":1210,"date":"2023-03-08T06:50:47","date_gmt":"2023-03-07T23:50:47","guid":{"rendered":"https:\/\/thailandesim.com\/?page_id=1388"},"modified":"2026-03-24T08:22:02","modified_gmt":"2026-03-24T08:22:02","slug":"chiang-mai-cnx","status":"publish","type":"page","link":"https:\/\/thailandesim.com\/de\/airports-sim-card\/chiang-mai-cnx\/","title":{"rendered":"[F\u00fcr Reisende] Eine SIM-Karte am Flughafen Chiang Mai (CNX) besorgen"},"content":{"rendered":"\n<p><strong><em>Der Erwerb einer SIM-Karte oder eSIM am Flughafen Chiang Mai (CNX) ist f\u00fcr Reisende einfach und bequem, da sich dort Gesch\u00e4fte verschiedener SIM-Kartenanbieter wie AIS, DTAC und TrueMove H befinden.<\/em><\/strong> <strong><em>Aber gibt es noch eine bessere M\u00f6glichkeit, w\u00e4hrend einer Reise in Thailand in Verbindung zu bleiben? Ja, lesen Sie weiter unten!<\/em><\/strong><\/p>\n\n\n\n<p>Der Erwerb einer SIM-Karte f\u00fcr Touristen am Flughafen Chiang Mai ist unkompliziert.<\/p>\n\n\n\n<p>Sie k\u00f6nnen ganz einfach eine SIM-Karte am internationalen Flughafen Chiang Mai erwerben, der f\u00fcr die meisten Touristen das Haupttor zur Stadt darstellt.<\/p>\n\n\n\n<p>Reisenden stehen mehrere Optionen zur Verf\u00fcgung, beispielsweise die Schalter der Mobilfunkbetreiber wie DTAC, TrueMove H und AIS.<\/p>\n\n\n\n<p>In diesem Artikel f\u00fchren wir Sie Schritt f\u00fcr Schritt durch den Erwerb einer SIM-Karte am Flughafen Chiang Mai f\u00fcr Touristen und schlagen Ihnen zudem eine bessere Alternative zu physischen Reise-SIM-Karten vor. Sie erfahren:<\/p>\n\n\n\n<ul>\n<li>Wo k\u00f6nnen Reisende am Flughafen Chiang Mai eine SIM-Karte kaufen?<\/li>\n\n\n\n<li>Wie viel kostet eine SIM-Karte am Flughafen CNX?<\/li>\n\n\n\n<li>Welche Art von SIM-Karte sollten Sie w\u00e4hlen, um nach der Ankunft am Flughafen CNX in Thailand in Verbindung zu bleiben?<\/li>\n\n\n\n<li>Wo k\u00f6nnen Sie Geld wechseln, wenn Sie SIM-Karten bar bezahlen?<\/li>\n<\/ul>\n\n\n\n<p>Zun\u00e4chst sollten Sie einige Fakten kennen:<\/p>\n\n\n\n<div class=\"wp-block-group gigago-block-background\"><div class=\"wp-block-group__inner-container is-layout-constrained wp-block-group-is-layout-constrained\">\n<p><em><strong>Anmerkungen der Redaktion:<\/strong><\/em><\/p>\n\n\n\n<ul>\n<li><em>Um eine Prepaid-SIM-Karte (sowohl internationale SIM-Karte als auch eSIM) nutzen zu k\u00f6nnen, die in Thailand funktioniert, muss Ihr Handy entsperrt sein. Handys, die in Europa, Asien und Australien gekauft wurden, sind in der Regel entsperrt, w\u00e4hrend Handys aus den USA m\u00f6glicherweise gesperrt sind.<\/em><\/li>\n\n\n\n<li><em>Die meisten Datentarife der thail\u00e4ndischen Mobilfunkanbieter sind hinsichtlich Datenvolumen und G\u00fcltigkeitsdauer relativ \u00e4hnlich. Sie sollten sich jedoch f\u00fcr den Tarif entscheiden, der die h\u00f6chste Daten\u00fcbertragungsgeschwindigkeit bietet.<\/em><\/li>\n\n\n\n<li><em>Wir empfehlen die DTAC-SIM-Karte f\u00fcr Chiang Mai aufgrund ihres g\u00fcnstigen Preises, der hohen Geschwindigkeit und der vielf\u00e4ltigen Funktionen.<\/em><\/li>\n\n\n\n<li><em>Wenn Chiang Mai eine der Stationen auf Ihrer Reise durch mehrere L\u00e4nder ist, sollten Sie sich f\u00fcr eine internationale Reise-SIM-Karte entscheiden, mit der Sie in vielen L\u00e4ndern, die im Paket enthalten sind, in Verbindung bleiben k\u00f6nnen.<\/em><\/li>\n<\/ul>\n<\/div><\/div>\n\n\n\n<h2 class=\"wp-block-heading\">I. Wo kann man nach der Ankunft am Flughafen Chiang Mai eine Reise-SIM-Karte kaufen?<\/h2>\n\n\n\n<p>Der Schalter f\u00fcr <strong>SIM-Karten am Flughafen Chiang Mai<\/strong> befindet sich in der N\u00e4he der Ankunftshalle f\u00fcr internationale Fl\u00fcge.<\/p>\n\n\n\n<p>Nachdem Sie gelandet sind und die Zollkontrolle passiert haben, begeben Sie sich in die Ankunftshalle f\u00fcr internationale Fl\u00fcge. Dort finden Sie St\u00e4nde von TrueMove H, AIS und DTAC; True Shop befindet sich zu Ihrer Rechten und AIS gegen\u00fcber von Ihnen.<\/p>\n\n\n\n<p><em><strong>Siehe untenstehenden Lageplan des Flughafens Chiang Mai:<\/strong><\/em><\/p>\n\n\n<div class=\"wp-block-image\">\n<figure class=\"aligncenter size-full\"><img decoding=\"async\" src=\"https:\/\/thailandesim.com\/wp-content\/uploads\/2024\/02\/20240215103600-65cde91012b86.jpg\" alt=\"Chiang Mai airport map\" class=\"wp-image-1398\"\/><figcaption class=\"wp-element-caption\">Lageplan des Flughafens Chiang Mai<\/figcaption><\/figure><\/div>\n\n\n<p>Am Flughafen Chiang Mai stehen Ihnen zahlreiche Angebote zur Auswahl. Kommen wir nun zu den Einzelheiten:<\/p>\n\n\n\n<h3 class=\"wp-block-heading\">1. Wo kann man am Flughafen Chiang Mai eine AIS-SIM-Karte kaufen?<\/h3>\n\n\n\n<p><strong>Standort<\/strong>: Abflughalle<\/p>\n\n\n\n<p><strong>\u00d6ffnungszeiten:<\/strong> t\u00e4glich von 08:00 bis 20:00 Uhr<\/p>\n\n\n\n<figure class=\"wp-block-image size-full\"><img decoding=\"async\" src=\"https:\/\/thailandesim.com\/wp-content\/uploads\/2024\/02\/20240215103600-65cde9104baab.jpg\" alt=\"Location of AIS booth at Chiang Mai airport CNX\" class=\"wp-image-1397\"\/><\/figure>\n\n\n\n<p><strong><strong>Beliebte AIS-Pakete f\u00fcr Reisende am Flughafen CNX:<\/strong><\/strong><\/p>\n\n\n\n<p><strong>219-Baht-Tarif f\u00fcr 5 Tage<\/strong><\/p>\n\n\n\n<ul>\n<li>Datenvolumen 2,5 GB (maximale Geschwindigkeit 4 Mbit\/s)<\/li>\n\n\n\n<li>Ununterbrochene Internetgeschwindigkeit von 128 Kbit\/s nach Verbrauch von 2,5 GB<\/li>\n<\/ul>\n\n\n\n<p><strong>599-Baht-Tarif f\u00fcr 15 Tage<\/strong><\/p>\n\n\n\n<ul>\n<li>Datenvolumen 32 GB (maximale Geschwindigkeit 4 Mbit\/s)<\/li>\n\n\n\n<li>Ununterbrochene Internetgeschwindigkeit von 128 Kbit\/s nach Verbrauch von 32 GB<\/li>\n\n\n\n<li>Kostenloses Guthaben von 50 Baht (Telefon \/ SMS \/ MMS)<\/li>\n<\/ul>\n\n\n\n<p><strong>299-Baht-Tarif f\u00fcr 8 Tage<\/strong><\/p>\n\n\n\n<ul>\n<li>Datenvolumen 8 GB (maximale Geschwindigkeit 4 GB)<\/li>\n\n\n\n<li>Ununterbrochene Internetgeschwindigkeit von 128 Kbit\/s nach Verbrauch von 8 GB<\/li>\n\n\n\n<li>Kostenloses Guthaben von 30 Baht (Telefon \/ SMS \/ MMS)<\/li>\n<\/ul>\n\n\n\n<p><strong>30-Tage-Tarif f\u00fcr 899 Baht<\/strong><\/p>\n\n\n\n<ul>\n<li>110 GB Datenvolumen (maximale Geschwindigkeit 4 Mbit\/s)<\/li>\n\n\n\n<li>Ununterbrochene Internetgeschwindigkeit von 128 Kbit\/s nach Verbrauch von 110 GB<\/li>\n\n\n\n<li>Kostenloses Guthaben von 50 Baht (Telefon \/ SMS \/ MMS)<\/li>\n<\/ul>\n\n\n\n<figure class=\"wp-block-image size-full\"><img decoding=\"async\" src=\"https:\/\/thailandesim.com\/wp-content\/uploads\/2024\/02\/20240215103600-65cde91099c53.jpg\" alt=\"Buying tourist sim card at  Chiang Mai airport\" class=\"wp-image-1778\"\/><\/figure>\n\n\n\n<h3 class=\"wp-block-heading\">2. Wo kann man am Flughafen CNX eine TrueMove H-SIM-Karte kaufen?<\/h3>\n\n\n\n<p><strong>Standort:<\/strong> Internationale Halle, Ausgang 2, in der N\u00e4he des Check-in-Schalters<\/p>\n\n\n\n<p><strong>\u00d6ffnungszeiten:<\/strong> t\u00e4glich von 8:00 bis 20:00 Uhr<\/p>\n\n\n\n<figure class=\"wp-block-image size-large\"><img decoding=\"async\" src=\"https:\/\/thailandesim.com\/wp-content\/uploads\/2024\/02\/20240215103600-65cde910d579b.png\" alt=\"Location of True Shop at CNX airport\" class=\"wp-image-1400\"\/><\/figure>\n\n\n\n<p><strong><strong>Beliebte TrueMove-Tarife f\u00fcr Reisende am Flughafen CNX:<\/strong><\/strong><\/p>\n\n\n\n<p><strong>200-Baht-Tarif f\u00fcr 3 Tage<\/strong><\/p>\n\n\n\n<ul>\n<li>Datenvolumen 1 GB (maximale Geschwindigkeit 4 Mbit\/s)<\/li>\n\n\n\n<li>Unbegrenztes 4G-Internet<\/li>\n\n\n\n<li>50 Baht Gespr\u00e4chsguthaben<\/li>\n<\/ul>\n\n\n\n<p><strong>600-Baht-Tarif f\u00fcr 15 Tage<\/strong><\/p>\n\n\n\n<ul>\n<li>Datenvolumen 8 GB<\/li>\n\n\n\n<li>Unbegrenztes 4G-Internet<\/li>\n\n\n\n<li>50 Baht Gespr\u00e4chsguthaben<\/li>\n<\/ul>\n\n\n\n<p><strong>300-Baht-Tarif f\u00fcr 8 Tage<\/strong><\/p>\n\n\n\n<ul>\n<li>Datenvolumen 3 GB<\/li>\n\n\n\n<li>Ununterbrochenes 4G-Internet<\/li>\n\n\n\n<li>100 Baht Gespr\u00e4chsguthaben<\/li>\n<\/ul>\n\n\n\n<p><strong>30-Tage-Tarif f\u00fcr 700 Baht<\/strong><\/p>\n\n\n\n<ul>\n<li>Datenvolumen 16 GB<\/li>\n\n\n\n<li>Ununterbrochenes 4G-Internet<\/li>\n\n\n\n<li>50 Baht Gespr\u00e4chsguthaben<\/li>\n<\/ul>\n\n\n\n<p><strong>30-Tage-Tarif f\u00fcr 1650 Baht<\/strong><\/p>\n\n\n\n<ul>\n<li>Datenvolumen 8 GB<\/li>\n\n\n\n<li>Unbegrenztes Internet<\/li>\n\n\n\n<li>45 Baht Gespr\u00e4chsguthaben<\/li>\n<\/ul>\n\n\n\n<figure class=\"wp-block-image size-full\"><img decoding=\"async\" src=\"https:\/\/thailandesim.com\/wp-content\/uploads\/2024\/02\/20240215103601-65cde9111b457.jpg\" alt=\"Popular TrueMove plans for travelers at CNX airport\" class=\"wp-image-1840\"\/><\/figure>\n\n\n\n<h3 class=\"wp-block-heading\">3. Wo kann man am Flughafen CNX eine DTAC-SIM-Karte f\u00fcr Touristen kaufen?<\/h3>\n\n\n\n<p><strong>Standort: <\/strong>Ankunftshalle f\u00fcr internationale Fl\u00fcge, 2. Etage<\/p>\n\n\n\n<p><strong>\u00d6ffnungszeiten:<\/strong> 7:00 \u2013 22:00 Uhr<\/p>\n\n\n\n<p><strong>Beliebte DTAC-Tarife f\u00fcr Touristen am Flughafen CNX:<\/strong><\/p>\n\n\n\n<p><strong>299 Baht f\u00fcr 8 Tage, 15 GB Datenvolumen mit maximaler Geschwindigkeit<\/strong><\/p>\n\n\n\n<ul>\n<li>15 Baht kostenloses Gespr\u00e4chsguthaben<\/li>\n\n\n\n<li>Unbegrenzte Anrufe innerhalb des DTAC-Netzes<\/li>\n\n\n\n<li>Sonderpreis f\u00fcr Auslandsgespr\u00e4che \u00fcber 00400<\/li>\n\n\n\n<li>Kostenlose Nutzung von 5 Chat-Apps f\u00fcr 8 Tage<\/li>\n<\/ul>\n\n\n\n<p><strong>599 Baht f\u00fcr 15 Tage, 30 GB Datenvolumen mit maximaler Geschwindigkeit<\/strong><\/p>\n\n\n\n<ul>\n<li>15 Baht kostenloses Gespr\u00e4chsguthaben<\/li>\n<\/ul>\n\n\n\n<ul>\n<li>Unbegrenzte Anrufe innerhalb des DTAC-Netzes<\/li>\n\n\n\n<li>Sonderpreis f\u00fcr Auslandsgespr\u00e4che \u00fcber 00400<\/li>\n\n\n\n<li>Kostenlose Nutzung von 5 Chat-Apps f\u00fcr 15 Tage<\/li>\n<\/ul>\n\n\n\n<p><strong>149 Baht f\u00fcr 4 Tage, 5 GB Datenvolumen mit maximaler Geschwindigkeit<\/strong><\/p>\n\n\n\n<ul>\n<li>Kostenloses Gespr\u00e4chsguthaben im Wert von 15 Baht<\/li>\n\n\n\n<li>Unbegrenzte Anrufe innerhalb des DTAC-Netzes<\/li>\n\n\n\n<li>Sonderpreis f\u00fcr Auslandsgespr\u00e4che \u00fcber 00400<\/li>\n\n\n\n<li>Kostenlose Nutzung von 5 Chat-Apps f\u00fcr 4 Tage<\/li>\n<\/ul>\n\n\n\n<figure class=\"wp-block-image size-large\"><img decoding=\"async\" src=\"https:\/\/thailandesim.com\/wp-content\/uploads\/2024\/02\/20240215103601-65cde91155751.jpg\" alt=\"DTAC sim plans for tourists at Chiang Mai airport\" class=\"wp-image-1782\"\/><\/figure>\n\n\n\n<h2 class=\"wp-block-heading\">III. Wie viel kostet eine Prepaid-SIM-Karte f\u00fcr Reisende am Flughafen Chiang Mai?<\/h2>\n\n\n\n<p>Eine Prepaid-SIM-Karte kostet am Flughafen Chiang Mai in der Regel etwa 200 Baht. Darin enthalten sind die SIM-Karte und ein Guthaben.<\/p>\n\n\n\n<p>Die Kosten k\u00f6nnen auch von der im Paket enthaltenen Datenmenge, Gespr\u00e4chszeit und G\u00fcltigkeitsdauer abh\u00e4ngen.<\/p>\n\n\n\n<p>Zus\u00e4tzliches Guthaben kann am Schalter oder in Convenience-Stores erworben werden.<\/p>\n\n\n\n<p><strong><em>Hinweis:<\/em><\/strong><em> Die Preise k\u00f6nnen je nach Mobilfunkanbieter variieren, und einige Anbieter bieten m\u00f6glicherweise zeitlich begrenzte Aktionspakete mit zus\u00e4tzlichen Vorteilen an, wie z. B. unbegrenztes Datenvolumen oder kostenlose Anrufe.<\/em><\/p>\n\n\n\n<h2 class=\"wp-block-heading\">IV. Wie registriert man eine SIM-Karte am Flughafen Chiang Mai?<\/h2>\n\n\n\n<p>Um eine SIM-Karte f\u00fcr Touristen am Flughafen Chiang Mai zu registrieren, m\u00fcssen Sie Folgendes bereithalten:<\/p>\n\n\n\n<ul>\n<li><strong>Ihren Reisepass: <\/strong>Dieser wird f\u00fcr die Registrierung ben\u00f6tigt; es kann eine Kopie Ihres Reisepasses angefertigt werden.<\/li>\n\n\n\n<li><strong>Senden Sie eine SMS oder rufen Sie eine Registrierungs-Hotline an<\/strong>, um den Registrierungsprozess abzuschlie\u00dfen (das Personal am Schalter kann dies f\u00fcr Sie erledigen)<\/li>\n\n\n\n<li><strong>Ein entsperrtes Handy:<\/strong> Ihr Handy muss entsperrt sein, damit Sie das thail\u00e4ndische Mobilfunknetz nutzen k\u00f6nnen<\/li>\n<\/ul>\n\n\n\n<p>Beachten Sie, dass der Registrierungsprozess bei den <strong>Mobilfunkanbietern in Thailand<\/strong> unterschiedlich sein kann; einige verlangen m\u00f6glicherweise zus\u00e4tzliche Informationen wie eine lokale Adresse oder sogar eine Arbeitserlaubnis.<\/p>\n\n\n\n<p><em><strong>Profi-Tipp:<\/strong><\/em><\/p>\n\n\n\n<ul>\n<li><em>Befolgen Sie die Richtlinien des von Ihnen gew\u00e4hlten Mobilfunkanbieters und bewahren Sie die Registrierungsdaten Ihrer SIM-Karte zur sp\u00e4teren Verwendung auf.<\/em><\/li>\n<\/ul>\n\n\n\n<ul>\n<li><strong><em>B Bessere Option:<\/em><\/strong><em>B<\/em> <em>Wenn Sie diese Registrierungsverfahren vermeiden m\u00f6chten, sollten Sie in Erw\u00e4gung ziehen, eine internationale SIM-Karte online zu kaufen und am Flughafen CNX abzuholen oder eine <\/em><a href=\"https:\/\/thailandesim.com\/de\" data-type=\"link\" data-id=\"https:\/\/thailandesim.com\/de\"><strong>B Thailand eSIM<\/strong>B<\/a> f\u00fcr Touristen zu erwerben.<\/li>\n<\/ul>\n\n\n\n<p>Hier sind einige beliebte eSIM-Datentarife f\u00fcr Touristen in Thailand<\/p>\n\n\n<div class=\"lazyblock-cta-show-product-rKOHC wp-block-lazyblock-cta-show-product\"><div class=\"cta-show-products mb-6\">\n    <div class=\"row vnb-esim-rows\" data-elementor-columns=\"1\" data-elementor-columns-tablet=\"2\" data-elementor-columns-mobile=\"1\">\n                                                <div class=\"column-item\">\n                    <div class=\"vnb-cta-show-product-item\">\n                        <div class=\"product-info\">\n                            <div class=\"product-transition\">\n                                                                <img decoding=\"async\" src=\"https:\/\/thailandesim.com\/vnb-data\/media\/flag\/th.png\" alt=\"Thailand eSIM f\u00fcr 1 Tag \u2013 Ideal f\u00fcr den Transit\">\n                            <\/div>\n                            <div class=\"product-caption\">\n                                <div class=\"country\">Thailand eSIM f\u00fcr 1 Tag \u2013 Ideal f\u00fcr den Transit<\/div>\n                                <div class=\"from-price\">\n                                    <span class=\"title-price\" style=\"text-transform: capitalize;\">\n                                                                            <\/span>\n                                    <span class=\"text-price\">\n                                        &#36;1.50                                    <\/span>\n                                <\/div>\n                            <\/div>\n                        <\/div>\n                        <div class=\"icon\">\n                            <svg width=\"40\" height=\"40\" viewBox=\"0 0 40 40\" fill=\"none\" xmlns=\"http:\/\/www.w3.org\/2000\/svg\">\n                                <path d=\"M31.25 21.25L6.25 21.25C5.91848 21.25 5.60054 21.1183 5.36612 20.8839C5.1317 20.6495 5 20.3315 5 20C5 19.6685 5.1317 19.3505 5.36612 19.1161C5.60054 18.8817 5.91848 18.75 6.25 18.75L31.25 18.75C31.5815 18.75 31.8995 18.8817 32.1339 19.1161C32.3683 19.3505 32.5 19.6685 32.5 20C32.5 20.3315 32.3683 20.6495 32.1339 20.8839C31.8995 21.1183 31.5815 21.25 31.25 21.25Z\" fill=\"black\" \/>\n                                <path d=\"M30.7303 19.9984L20.3628 9.63342C20.128 9.3987 19.9962 9.08036 19.9962 8.74842C19.9962 8.41648 20.128 8.09813 20.3628 7.86342C20.5975 7.6287 20.9158 7.49684 21.2478 7.49684C21.5797 7.49684 21.898 7.6287 22.1328 7.86342L33.3828 19.1134C33.4992 19.2295 33.5915 19.3675 33.6545 19.5193C33.7176 19.6712 33.75 19.834 33.75 19.9984C33.75 20.1628 33.7176 20.3256 33.6545 20.4775C33.5915 20.6294 33.4992 20.7673 33.3828 20.8834L22.1328 32.1334C21.8981 32.3681 21.5797 32.5 21.2478 32.5C20.9158 32.5 20.5975 32.3681 20.3628 32.1334C20.1281 31.8987 19.9962 31.5804 19.9962 31.2484C19.9962 30.9165 20.1281 30.5981 20.3628 30.3634L30.7303 19.9984Z\" fill=\"black\" \/>\n                            <\/svg>\n                        <\/div>\n                        <a href=\"https:\/\/thailandesim.com\/de\/esim\/thailand-1-day\/\"><\/a>\n                    <\/div>\n                <\/div>\n                                                            <div class=\"column-item\">\n                    <div class=\"vnb-cta-show-product-item\">\n                        <div class=\"product-info\">\n                            <div class=\"product-transition\">\n                                                                <img decoding=\"async\" src=\"https:\/\/thailandesim.com\/vnb-data\/media\/flag\/th.png\" alt=\"Thailand eSIM mit unbegrenztem Datenvolumen\">\n                            <\/div>\n                            <div class=\"product-caption\">\n                                <div class=\"country\">Thailand eSIM mit unbegrenztem Datenvolumen<\/div>\n                                <div class=\"from-price\">\n                                    <span class=\"title-price\" style=\"text-transform: capitalize;\">\n                                                                            <\/span>\n                                    <span class=\"text-price\">\n                                        &#36;15.90                                    <\/span>\n                                <\/div>\n                            <\/div>\n                        <\/div>\n                        <div class=\"icon\">\n                            <svg width=\"40\" height=\"40\" viewBox=\"0 0 40 40\" fill=\"none\" xmlns=\"http:\/\/www.w3.org\/2000\/svg\">\n                                <path d=\"M31.25 21.25L6.25 21.25C5.91848 21.25 5.60054 21.1183 5.36612 20.8839C5.1317 20.6495 5 20.3315 5 20C5 19.6685 5.1317 19.3505 5.36612 19.1161C5.60054 18.8817 5.91848 18.75 6.25 18.75L31.25 18.75C31.5815 18.75 31.8995 18.8817 32.1339 19.1161C32.3683 19.3505 32.5 19.6685 32.5 20C32.5 20.3315 32.3683 20.6495 32.1339 20.8839C31.8995 21.1183 31.5815 21.25 31.25 21.25Z\" fill=\"black\" \/>\n                                <path d=\"M30.7303 19.9984L20.3628 9.63342C20.128 9.3987 19.9962 9.08036 19.9962 8.74842C19.9962 8.41648 20.128 8.09813 20.3628 7.86342C20.5975 7.6287 20.9158 7.49684 21.2478 7.49684C21.5797 7.49684 21.898 7.6287 22.1328 7.86342L33.3828 19.1134C33.4992 19.2295 33.5915 19.3675 33.6545 19.5193C33.7176 19.6712 33.75 19.834 33.75 19.9984C33.75 20.1628 33.7176 20.3256 33.6545 20.4775C33.5915 20.6294 33.4992 20.7673 33.3828 20.8834L22.1328 32.1334C21.8981 32.3681 21.5797 32.5 21.2478 32.5C20.9158 32.5 20.5975 32.3681 20.3628 32.1334C20.1281 31.8987 19.9962 31.5804 19.9962 31.2484C19.9962 30.9165 20.1281 30.5981 20.3628 30.3634L30.7303 19.9984Z\" fill=\"black\" \/>\n                            <\/svg>\n                        <\/div>\n                        <a href=\"https:\/\/thailandesim.com\/de\/esim\/unlimited-data\/\"><\/a>\n                    <\/div>\n                <\/div>\n                        <\/div>\n\n<\/div><\/div>\n\n\n<h2 class=\"wp-block-heading\">V. Geldwechsel \u2013 nur Barzahlung<\/h2>\n\n\n\n<p>Reisende, die Touristen-SIM-Karten f\u00fcr Thailand bar bezahlen, haben zahlreiche M\u00f6glichkeiten zum Geldwechsel. Sie k\u00f6nnen Geld wechseln, nachdem Sie die Zollkontrolle passiert haben. Viele SIM-Karten-Gesch\u00e4fte im Gep\u00e4ckausgabebereich und vor der Zollkontrolle akzeptieren jedoch nur Bargeld, was unpraktisch sein kann, wenn Sie noch keine thail\u00e4ndischen Baht haben.<\/p>\n\n\n\n<p>Am Flughafen Chiang Mai gibt es Wechselstuben, die sich im Bereich der Inlandsabfl\u00fcge, der internationalen Abfl\u00fcge und der internationalen Ank\u00fcnfte befinden. Zu den Optionen geh\u00f6ren unter anderem:<\/p>\n\n\n\n<ul>\n<li><strong>Wechselstuben: <\/strong>Vor Ort stehen mehrere Wechselstuben zur Verf\u00fcgung, unter anderem in der Ankunfts- und Abflughalle. Sie bieten wettbewerbsf\u00e4hige Kurse, erheben jedoch m\u00f6glicherweise Provisionen.<\/li>\n\n\n\n<li><strong>Geldautomaten: <\/strong>verf\u00fcgbar sowohl im Inlandsterminal als auch im internationalen Terminal. Beachten Sie, dass Geldautomaten in Chiang Mai m\u00f6glicherweise eine geringe Geb\u00fchr pro Transaktion erheben. Informieren Sie sich unbedingt \u00fcber die Geb\u00fchrenordnung Ihrer Bank und die Begrenzung Ihres t\u00e4glichen Abhebungslimits, wenn Sie eine Auslandsreise planen.<\/li>\n<\/ul>\n\n\n\n<p>Konkrete Standorte sind Super Rich, Siam Exchange, Vasu Exchange sowie Geldautomaten verschiedener Banken wie der Bangkok Bank, der Siam Commercial Bank und der Kasikorn Bank.<\/p>\n\n\n\n<p>Um mit Karte zu bezahlen, m\u00fcssen Sie warten, bis Sie die Ankunftshalle erreichen, wo alle Mobilfunkgesch\u00e4fte Kreditkartenzahlungen akzeptieren.<\/p>\n\n\n\n<h2 class=\"wp-block-heading\">VI. Kostenloses WLAN<\/h2>\n\n\n\n<p>Am Flughafen Chiang Mai k\u00f6nnen Reisende 2 Stunden lang kostenlosen WLAN-Zugang nutzen.<\/p>\n\n\n\n<p>Um sich mit dem Netzwerk zu verbinden, m\u00fcssen Passagiere lediglich das Netzwerk \u201e@AirportTrueFreeWiFi\u201c ausw\u00e4hlen.<\/p>\n\n\n\n<p><em><strong>Profi-Tipp:<\/strong><\/em><\/p>\n\n\n\n<p><em>Um den kostenlosen WLAN-Zugang \u00fcber die anf\u00e4nglichen zwei Stunden hinaus zu verl\u00e4ngern, k\u00f6nnen Reisende sich alle 2 Stunden mit neuen Daten neu registrieren. So k\u00f6nnen sie w\u00e4hrend ihres gesamten Aufenthalts am Flughafen weiterhin die Annehmlichkeiten des WLAN-Netzwerks nutzen, ohne dass zus\u00e4tzliche Kosten anfallen.<\/em><\/p>\n\n\n\n<p><em>\u25ba Wenn Sie an anderen thail\u00e4ndischen Flugh\u00e4fen landen, haben wir auch eine Liste mit <\/em><a href=\"https:\/\/thailandesim.com\/de\/airports-sim-card\/\" data-type=\"link\" data-id=\"https:\/\/thailandesim.com\/de\/airports-sim-card\/\"><em>Leitf\u00e4den zum Kauf von SIM-Karten an anderen Flugh\u00e4fen in Thailand<\/em><\/a>.<\/p>\n","protected":false},"excerpt":{"rendered":"<p>Der Erwerb einer SIM-Karte oder eSIM am Flughafen Chiang Mai (CNX) ist f\u00fcr Reisende einfach und bequem, da sich dort Gesch\u00e4fte verschiedener SIM-Kartenanbieter wie AIS, DTAC und TrueMove H befinden. Aber gibt es noch eine bessere M\u00f6glichkeit, w\u00e4hrend einer Reise in Thailand in Verbindung zu bleiben? Ja, lesen Sie weiter unten! Der Erwerb einer SIM-Karte [&#8230;]\n","protected":false},"author":1,"featured_media":1212,"parent":1207,"menu_order":0,"comment_status":"closed","ping_status":"closed","template":"page-right-sidebar.php","meta":{"_acf_changed":false,"inline_featured_image":false,"footnotes":""},"acf":[],"_links":{"self":[{"href":"https:\/\/thailandesim.com\/de\/wp-json\/wp\/v2\/pages\/1210"}],"collection":[{"href":"https:\/\/thailandesim.com\/de\/wp-json\/wp\/v2\/pages"}],"about":[{"href":"https:\/\/thailandesim.com\/de\/wp-json\/wp\/v2\/types\/page"}],"author":[{"embeddable":true,"href":"https:\/\/thailandesim.com\/de\/wp-json\/wp\/v2\/users\/1"}],"replies":[{"embeddable":true,"href":"https:\/\/thailandesim.com\/de\/wp-json\/wp\/v2\/comments?post=1210"}],"version-history":[{"count":2,"href":"https:\/\/thailandesim.com\/de\/wp-json\/wp\/v2\/pages\/1210\/revisions"}],"predecessor-version":[{"id":1288,"href":"https:\/\/thailandesim.com\/de\/wp-json\/wp\/v2\/pages\/1210\/revisions\/1288"}],"up":[{"embeddable":true,"href":"https:\/\/thailandesim.com\/de\/wp-json\/wp\/v2\/pages\/1207"}],"wp:featuredmedia":[{"embeddable":true,"href":"https:\/\/thailandesim.com\/de\/wp-json\/wp\/v2\/media\/1212"}],"wp:attachment":[{"href":"https:\/\/thailandesim.com\/de\/wp-json\/wp\/v2\/media?parent=1210"}],"curies":[{"name":"wp","href":"https:\/\/api.w.org\/{rel}","templated":true}]}}