{"id":104,"date":"2023-02-14T13:28:16","date_gmt":"2023-02-14T06:28:16","guid":{"rendered":"https:\/\/thailandesim.com\/?page_id=105"},"modified":"2026-04-02T02:39:00","modified_gmt":"2026-04-02T02:39:00","slug":"installation-guide","status":"publish","type":"page","link":"https:\/\/thailandesim.com\/de\/installation-guide\/","title":{"rendered":"So installieren Sie die Thailand-eSIM: Vollst\u00e4ndige Anleitung"},"content":{"rendered":"\n<div class=\"row\"  id=\"row-347763984\">\n\n\n\t<div id=\"col-838368707\" class=\"col small-12 large-12\"  >\n\t\t\t\t<div class=\"col-inner\"  >\n\t\t\t\n\t\t\t\n\n\t<div id=\"text-1146001141\" class=\"text hidden\">\n\t\t\n\n[row_ier]\n[col_ier span__sm=&#8221;12&#8243;]\n[row_ier_1]\n[col_ier_1 span__sm=&#8221;12&#8243;]\n<p>Please check the following points to make sure that you are able to successfully install and activate your Thailand eSIM:<\/p>\n<ul>\n<li>Your device is eSIM compatible and carrier unlocked.<\/li>\n<li>You have a stable Internet coection, preferably WiFi. To use eSIM, you need to download eSIM profile\/data plan to your device, so a stable internet coection is a MUST).<\/li>\n<\/ul>\n[\/col_ier_1]\n[\/row_ier_1]\n[row_ier_1]\n[col_ier_1 span__sm=&#8221;12&#8243;]\n<p>Now, after checking if your phone can use eSIM or not, you can be sure that you can use it. It&#8217;s time to take steps to start installing an eSIM for your Thailand trip.&nbsp;<\/p>\n[\/col_ier_1]\n[\/row_ier_1]\n[row_ier_1 col_bg_radius=&#8221;20&#8243; padding=&#8221;0px 20px 20px 20px&#8221;]\n[col_ier_1 span__sm=&#8221;12&#8243; padding=&#8221;20px 0px 20px 0px&#8221; bg_color=&#8221;rgb(242, 246, 255)&#8221; bg_radius=&#8221;20&#8243; border=&#8221;0px 0px 0px 0px&#8221;]\n\t<div id=\"text-1259763036\" class=\"text\">\n\t\t\t\t\n<style type=\"text\/css\">\n#text-1259763036 {\n  margin: 30px 30px 30px 30px;\n}\n<\/style>\n\t<\/div>\n\t\n<p><b>Steps to take:<\/b><\/p>\n<ol>\n<li><span style=\"font-weight: 400\"><strong>Install<\/strong> your eSIM the day before you leave for travel&nbsp;<\/span><b>and activate<\/b><span style=\"font-weight: 400\"> during your flight or when you arrive at your destination. Because an eSIM plan has a limited number of days to use, so if you set up too early, the plan will not last for your whole trip.&nbsp;<\/span><\/li>\n<li><span style=\"font-weight: 400\"> Select <\/span><b>the type of device<\/b><span style=\"font-weight: 400\"> on which you are going to install an eSIM on (iPhone, Samsung, Google Pixel)<\/span><\/li>\n<\/ol>\n<p>\n\t\t\t<\/div>\n\t\n<p>Bitte \u00fcberpr\u00fcfen Sie die folgenden Punkte, um sicherzustellen, dass Sie Ihre Thailand-eSIM erfolgreich installieren und aktivieren k\u00f6nnen:<\/p>\n<ul>\n<li>Ihr Ger\u00e4t ist eSIM-kompatibel und netzbetreiberunabh\u00e4ngig.<\/li>\n<li>Sie verf\u00fcgen \u00fcber eine stabile Internetverbindung, vorzugsweise WLAN. Um die eSIM nutzen zu k\u00f6nnen, m\u00fcssen Sie das eSIM-Profil bzw. den Datentarif auf Ihr Ger\u00e4t herunterladen; daher ist eine stabile Internetverbindung UNERL\u00c4SSLICH.<\/li>\n<\/ul>\n<p>Nachdem Sie nun \u00fcberpr\u00fcft haben, ob Ihr Smartphone eSIM-f\u00e4hig ist, k\u00f6nnen Sie sicher sein, dass Sie diese Funktion nutzen k\u00f6nnen. Es ist an der Zeit, die notwendigen Schritte zu unternehmen, um eine eSIM f\u00fcr Ihre Thailandreise zu installieren.&nbsp;<\/p>\n\n<div class=\"row\"  id=\"row-840767349\">\n\n\n\t<div id=\"col-1770797205\" class=\"col small-12 large-12\"  >\n\t\t\t\t<div class=\"col-inner\" style=\"background-color:rgb(242, 246, 255);\" >\n\t\t\t\n\t\t\t\n\n\t<div id=\"text-4105405261\" class=\"text\">\n\t\t\n\n<p><b>Zu ergreifende Ma\u00dfnahmen:<\/b><\/p>\n<ol>\n<li><span style=\"font-weight: 400\"><strong>Installieren Sie<\/strong> Ihre eSIM am Tag vor Ihrer Abreise&nbsp;<\/span><b>und aktivieren Sie sie<\/b><span style=\"font-weight: 400\"> w\u00e4hrend Ihres Fluges oder bei Ihrer Ankunft am Zielort. Da ein eSIM-Tarif nur f\u00fcr eine begrenzte Anzahl von Tagen g\u00fcltig ist, reicht der Tarif m\u00f6glicherweise nicht f\u00fcr Ihre gesamte Reise, wenn Sie ihn zu fr\u00fch einrichten.&nbsp;<\/span><\/li>\n<li><span style=\"font-weight: 400\"> W\u00e4hlen Sie <\/span><b>den Ger\u00e4tetyp<\/b><span style=\"font-weight: 400\">, auf dem Sie eine eSIM installieren m\u00f6chten (iPhone, Samsung, Google Pixel)<\/span><\/li>\n<\/ol>\n\t\t\n<style type=\"text\/css\">\n#text-4105405261 {\n  margin: 30px 30px 30px 30px;\n}\n<\/style>\n\t<\/div>\n\t\n\n\t\t<\/div>\n\t\t\t\t\n<style type=\"text\/css\">\n#col-1770797205 > .col-inner {\n  padding: 20px 0px 20px 0px;\n  border-radius: 20px;\n}\n<\/style>\n\t<\/div>\n\n\t\n\n<\/div>\n<h2><span style=\"font-size: 80%\">Wie installiere ich die Thailand-eSIM auf verschiedenen Ger\u00e4ten?<\/span><\/h2>\n<p>Die Schritte zur Installation und Aktivierung der eSIM unterscheiden sich je nach Ger\u00e4t geringf\u00fcgig. W\u00e4hlen Sie unten das Ger\u00e4t aus, auf dem Sie eine Thailand-Touristen-eSIM installieren m\u00f6chten, um eine Schritt-f\u00fcr-Schritt-Anleitung und einen hilfreichen Video-Leitfaden anzuzeigen:<\/p>\n<h3 style=\"text-align: center\"><span style=\"font-size: 80%\">W\u00e4hlen Sie das Ger\u00e4t aus, auf dem Sie eine eSIM installieren m\u00f6chten<\/span><\/h3>\n<div class=\"row\"  id=\"row-996767959\">\n\n\n\t<div id=\"col-689829864\" class=\"col small-12 large-12\"  >\n\t\t\t\t<div class=\"col-inner text-center\"  >\n\t\t\t\n\t\t\t\n\n<a href=\"https:\/\/thailandesim.com\/de\/installation-guide\/iphone\/\" target=\"_self\" class=\"button primary is-outline lowercase\"  style=\"border-radius:99px;\">\n    <span>iPhone<\/span>\n  <\/a>\n\n\n<a href=\"https:\/\/thailandesim.com\/de\/installation-guide\/samsung\/\" target=\"_self\" class=\"button primary is-outline lowercase\"  style=\"border-radius:99px;\">\n    <span>Samsung<\/span>\n  <\/a>\n\n\n<a href=\"https:\/\/thailandesim.com\/de\/installation-guide\/google-pixel\/\" target=\"_self\" class=\"button primary is-outline lowercase\"  style=\"border-radius:99px;\">\n    <span>Google Pixel<\/span>\n  <\/a>\n\n\n\n\t\t<\/div>\n\t\t\t\t\n<style type=\"text\/css\">\n#col-689829864 > .col-inner {\n  margin: 10px 0px 0px 0px;\n}\n<\/style>\n\t<\/div>\n\n\t\n\n<\/div>\n<h2><span style=\"font-size: 80%\">Was m\u00fcssen Sie \u00fcber die Installation einer eSIM wissen?<\/span><\/h2>\n<ul>\n<li>Es gibt zwei M\u00f6glichkeiten, eine eSIM auf Ihrem Ger\u00e4t zu installieren:<\/li>\n<li style=\"list-style-type: none\">\n<ul>\n<li>QR-Code-Methode<\/li>\n<li>Manuelle Methode<\/li>\n<\/ul>\n<\/li>\n<li>Wir f\u00fchren Sie zwar durch beide Methoden, empfehlen jedoch dringend die QR-Code-Methode.&nbsp;<\/li>\n<li>Die Einrichtung sollte nur etwa 2\u20133 Minuten dauern.&nbsp;<\/li>\n<\/ul>\n<div class=\"row\"  id=\"row-1771872757\">\n\n\n\t<div id=\"col-1264855245\" class=\"col small-12 large-12\"  >\n\t\t\t\t<div class=\"col-inner\"  >\n\t\t\t\n\t\t\t\n\n<h3 class=\"accordion_title\">H\u00e4ufig gestellte Fragen<\/h3><div class=\"accordion\">\n\n<div id=\"accordion-2600236609\" class=\"accordion-item\"><a id=\"accordion-2600236609-label\" href=\"#\" class=\"accordion-title plain\" aria-expanded=\"false\" aria-controls=\"accordion-2600236609-content\"><button class=\"toggle\" aria-label=\"Toggle\"><i class=\"icon-angle-down\"><\/i><\/button><span>Wann sollte ich Thailand eSIM installieren?<\/span><\/a><div id=\"accordion-2600236609-content\" class=\"accordion-inner\" aria-labelledby=\"accordion-2600236609-label\">\n\n<p>Die G\u00fcltigkeit beginnt unmittelbar nach der Installation, daher wird empfohlen, die eSIM einen Tag vor der Abreise zu installieren.<\/p>\n\n<\/div><\/div>\n<div id=\"accordion-3564482259\" class=\"accordion-item\"><a id=\"accordion-3564482259-label\" href=\"#\" class=\"accordion-title plain\" aria-expanded=\"false\" aria-controls=\"accordion-3564482259-content\"><button class=\"toggle\" aria-label=\"Toggle\"><i class=\"icon-angle-down\"><\/i><\/button><span>Was muss bei der Installation einer thail\u00e4ndischen eSIM vorbereitet werden?<\/span><\/a><div id=\"accordion-3564482259-content\" class=\"accordion-inner\" aria-labelledby=\"accordion-3564482259-label\">\n\n<p>Um eSIM erfolgreich zu installieren, m\u00fcssen Sie Folgendes sicherstellen:<br \/>&#8211;&nbsp; Ein eSIM-kompatibles Ger\u00e4t, das entsperrt ist<br \/>&#8211; Eine Datenverbindung<br \/>&#8211; Einen eSIM-Aktivierungscode, der Ihnen von Ihrem eSIM-Anbieter zugesandt wurde<\/p>\n\n<\/div><\/div>\n<div id=\"accordion-3125227678\" class=\"accordion-item\"><a id=\"accordion-3125227678-label\" href=\"#\" class=\"accordion-title plain\" aria-expanded=\"false\" aria-controls=\"accordion-3125227678-content\"><button class=\"toggle\" aria-label=\"Toggle\"><i class=\"icon-angle-down\"><\/i><\/button><span>Was kann ich tun, wenn ich die eSIM trotz Befolgen der Anweisungen nicht installieren kann?<\/span><\/a><div id=\"accordion-3125227678-content\" class=\"accordion-inner\" aria-labelledby=\"accordion-3125227678-label\">\n\n<p>Keine Sorge. ThailandeSIM bietet Support rund um die Uhr. Sie k\u00f6nnen sich an Thailand eSIM wenden, um sofortige Unterst\u00fctzung zu erhalten.<\/p>\n\n<\/div><\/div>\n\n<\/div>\n\n\t\t<\/div>\n\t\t\t\t\t<\/div>\n\n\t\n\n\n<style type=\"text\/css\">\n#row-1771872757 > .col {\n  padding: 40px 0px 0px 0px;\n}\n<\/style>\n<\/div>\n\n\t\t<\/div>\n\t\t\t\t\t<\/div>\n\n\t\n\n<\/div>\n\n","protected":false},"excerpt":{"rendered":"","protected":false},"author":1,"featured_media":106,"parent":0,"menu_order":0,"comment_status":"closed","ping_status":"closed","template":"","meta":{"_acf_changed":false,"inline_featured_image":false,"footnotes":""},"acf":[],"_links":{"self":[{"href":"https:\/\/thailandesim.com\/de\/wp-json\/wp\/v2\/pages\/104"}],"collection":[{"href":"https:\/\/thailandesim.com\/de\/wp-json\/wp\/v2\/pages"}],"about":[{"href":"https:\/\/thailandesim.com\/de\/wp-json\/wp\/v2\/types\/page"}],"author":[{"embeddable":true,"href":"https:\/\/thailandesim.com\/de\/wp-json\/wp\/v2\/users\/1"}],"replies":[{"embeddable":true,"href":"https:\/\/thailandesim.com\/de\/wp-json\/wp\/v2\/comments?post=104"}],"version-history":[{"count":6,"href":"https:\/\/thailandesim.com\/de\/wp-json\/wp\/v2\/pages\/104\/revisions"}],"predecessor-version":[{"id":1416,"href":"https:\/\/thailandesim.com\/de\/wp-json\/wp\/v2\/pages\/104\/revisions\/1416"}],"wp:featuredmedia":[{"embeddable":true,"href":"https:\/\/thailandesim.com\/de\/wp-json\/wp\/v2\/media\/106"}],"wp:attachment":[{"href":"https:\/\/thailandesim.com\/de\/wp-json\/wp\/v2\/media?parent=104"}],"curies":[{"name":"wp","href":"https:\/\/api.w.org\/{rel}","templated":true}]}}